{"id":1974,"date":"2020-04-23T12:28:15","date_gmt":"2020-04-23T10:28:15","guid":{"rendered":"http:\/\/dhr.se\/stockholmslan\/?page_id=1974"},"modified":"2025-09-30T16:54:28","modified_gmt":"2025-09-30T14:54:28","slug":"varvningsbroschyr","status":"publish","type":"page","link":"https:\/\/dhr.se\/stockholmslan\/om-dhr-stockholms-lans-distrikt\/varvningsbroschyr\/","title":{"rendered":"V\u00e4rvningsbroschyr"},"content":{"rendered":"<section class=\"block-simple-text\">\n    <div class=\"main\">\n        <div class=\"main-inner\">\n            <div class=\"ingress text-darker\"><p><strong>Vi beh\u00f6ver bli fler &#8211; tillsammans \u00e4r vi starkare och kan l\u00e4ttare p\u00e5verka f\u00f6r ett tillg\u00e4ngligt samh\u00e4lle.<\/strong><\/p>\n<p>Sprid g\u00e4rna DHR Region Stockholms broschyr d\u00e4r du k\u00e4nner att den syns och till folk du k\u00e4nner.<\/p>\n<\/div>\n            <div class=\"content\"><ul>\n<li>H\u00e4r kan du ladda ned Distriktsbroschyren och en talong d\u00e4r personen kan fylla i sina uppgifter.<\/li>\n<li>Du eller personen du v\u00e4rvar kan annars fylla i direkt p\u00e5 <a href=\"https:\/\/dhr.se\/medlem\/bli-medlem\/\">www.dhr.se\/blimedlem<\/a>.<\/li>\n<li>Om du inte har m\u00f6jlighet till att skriva ut den sj\u00e4lv kan du sj\u00e4lvklart h\u00f6ra av dig till oss p\u00e5 DHR-regionens kansli s\u00e5 s\u00e4nder vi dig det antal du \u00f6nskar.<\/li>\n<\/ul>\n<p><a href=\"https:\/\/dhr.se\/stockholmslan\/wp-content\/uploads\/sites\/5\/2025\/09\/Brochyr-DHR_Region_STHLM_2024-2.pdf\">V\u00e4rvningsbroschyr<\/a><\/p>\n<\/div>\n        <\/div>\n    <\/div>\n<\/section>","protected":false},"excerpt":{"rendered":"","protected":false},"author":9,"featured_media":0,"parent":936,"menu_order":0,"comment_status":"closed","ping_status":"closed","template":"template-side-menu.php","meta":{"_acf_changed":false,"_monsterinsights_skip_tracking":false,"_monsterinsights_sitenote_active":false,"_monsterinsights_sitenote_note":"","_monsterinsights_sitenote_category":0,"footnotes":""},"class_list":["post-1974","page","type-page","status-publish","hentry"],"acf":[],"yoast_head":"<!-- This site is optimized with the Yoast SEO plugin v27.2 - https:\/\/yoast.com\/product\/yoast-seo-wordpress\/ -->\n<title>V\u00e4rvningsbroschyr - DHR - Region Stockholm<\/title>\n<meta name=\"robots\" content=\"index, follow, max-snippet:-1, max-image-preview:large, max-video-preview:-1\" \/>\n<link rel=\"canonical\" href=\"https:\/\/dhr.se\/stockholmslan\/om-dhr-stockholms-lans-distrikt\/varvningsbroschyr\/\" \/>\n<meta property=\"og:locale\" content=\"sv_SE\" \/>\n<meta property=\"og:type\" content=\"article\" \/>\n<meta property=\"og:title\" content=\"V\u00e4rvningsbroschyr - DHR - Region Stockholm\" \/>\n<meta property=\"og:url\" content=\"https:\/\/dhr.se\/stockholmslan\/om-dhr-stockholms-lans-distrikt\/varvningsbroschyr\/\" \/>\n<meta property=\"og:site_name\" content=\"DHR - Region Stockholm\" \/>\n<meta property=\"article:publisher\" content=\"https:\/\/www.facebook.com\/DHRStockholmsLan\" \/>\n<meta property=\"article:modified_time\" content=\"2025-09-30T14:54:28+00:00\" \/>\n<meta name=\"twitter:card\" content=\"summary_large_image\" \/>\n<script type=\"application\/ld+json\" class=\"yoast-schema-graph\">{\"@context\":\"https:\/\/schema.org\",\"@graph\":[{\"@type\":\"WebPage\",\"@id\":\"https:\/\/dhr.se\/stockholmslan\/om-dhr-stockholms-lans-distrikt\/varvningsbroschyr\/\",\"url\":\"https:\/\/dhr.se\/stockholmslan\/om-dhr-stockholms-lans-distrikt\/varvningsbroschyr\/\",\"name\":\"V\u00e4rvningsbroschyr - DHR - Region Stockholm\",\"isPartOf\":{\"@id\":\"https:\/\/dhr.se\/stockholmslan\/#website\"},\"datePublished\":\"2020-04-23T10:28:15+00:00\",\"dateModified\":\"2025-09-30T14:54:28+00:00\",\"breadcrumb\":{\"@id\":\"https:\/\/dhr.se\/stockholmslan\/om-dhr-stockholms-lans-distrikt\/varvningsbroschyr\/#breadcrumb\"},\"inLanguage\":\"sv-SE\",\"potentialAction\":[{\"@type\":\"ReadAction\",\"target\":[\"https:\/\/dhr.se\/stockholmslan\/om-dhr-stockholms-lans-distrikt\/varvningsbroschyr\/\"]}]},{\"@type\":\"BreadcrumbList\",\"@id\":\"https:\/\/dhr.se\/stockholmslan\/om-dhr-stockholms-lans-distrikt\/varvningsbroschyr\/#breadcrumb\",\"itemListElement\":[{\"@type\":\"ListItem\",\"position\":1,\"name\":\"Hem\",\"item\":\"https:\/\/dhr.se\/stockholmslan\/\"},{\"@type\":\"ListItem\",\"position\":2,\"name\":\"Om oss\",\"item\":\"https:\/\/dhr.se\/stockholmslan\/om-dhr-stockholms-lans-distrikt\/\"},{\"@type\":\"ListItem\",\"position\":3,\"name\":\"V\u00e4rvningsbroschyr\"}]},{\"@type\":\"WebSite\",\"@id\":\"https:\/\/dhr.se\/stockholmslan\/#website\",\"url\":\"https:\/\/dhr.se\/stockholmslan\/\",\"name\":\"DHR - Region Stockholm\",\"description\":\"Delaktighet - Handlingskraft - R\u00f6relsefrihet\",\"publisher\":{\"@id\":\"https:\/\/dhr.se\/stockholmslan\/#organization\"},\"potentialAction\":[{\"@type\":\"SearchAction\",\"target\":{\"@type\":\"EntryPoint\",\"urlTemplate\":\"https:\/\/dhr.se\/stockholmslan\/?s={search_term_string}\"},\"query-input\":{\"@type\":\"PropertyValueSpecification\",\"valueRequired\":true,\"valueName\":\"search_term_string\"}}],\"inLanguage\":\"sv-SE\"},{\"@type\":\"Organization\",\"@id\":\"https:\/\/dhr.se\/stockholmslan\/#organization\",\"name\":\"DHR Region Stockholm\",\"url\":\"https:\/\/dhr.se\/stockholmslan\/\",\"logo\":{\"@type\":\"ImageObject\",\"inLanguage\":\"sv-SE\",\"@id\":\"https:\/\/dhr.se\/stockholmslan\/#\/schema\/logo\/image\/\",\"url\":\"https:\/\/dhr.se\/stockholmslan\/wp-content\/uploads\/sites\/5\/2021\/12\/REGION-STOCKHOLM-orange-48-p.jpg\",\"contentUrl\":\"https:\/\/dhr.se\/stockholmslan\/wp-content\/uploads\/sites\/5\/2021\/12\/REGION-STOCKHOLM-orange-48-p.jpg\",\"width\":891,\"height\":694,\"caption\":\"DHR Region Stockholm\"},\"image\":{\"@id\":\"https:\/\/dhr.se\/stockholmslan\/#\/schema\/logo\/image\/\"},\"sameAs\":[\"https:\/\/www.facebook.com\/DHRStockholmsLan\",\"https:\/\/www.instagram.com\/dhr_sld\/\"]}]}<\/script>\n<!-- \/ Yoast SEO plugin. -->","yoast_head_json":{"title":"V\u00e4rvningsbroschyr - DHR - Region Stockholm","robots":{"index":"index","follow":"follow","max-snippet":"max-snippet:-1","max-image-preview":"max-image-preview:large","max-video-preview":"max-video-preview:-1"},"canonical":"https:\/\/dhr.se\/stockholmslan\/om-dhr-stockholms-lans-distrikt\/varvningsbroschyr\/","og_locale":"sv_SE","og_type":"article","og_title":"V\u00e4rvningsbroschyr - DHR - Region Stockholm","og_url":"https:\/\/dhr.se\/stockholmslan\/om-dhr-stockholms-lans-distrikt\/varvningsbroschyr\/","og_site_name":"DHR - Region Stockholm","article_publisher":"https:\/\/www.facebook.com\/DHRStockholmsLan","article_modified_time":"2025-09-30T14:54:28+00:00","twitter_card":"summary_large_image","schema":{"@context":"https:\/\/schema.org","@graph":[{"@type":"WebPage","@id":"https:\/\/dhr.se\/stockholmslan\/om-dhr-stockholms-lans-distrikt\/varvningsbroschyr\/","url":"https:\/\/dhr.se\/stockholmslan\/om-dhr-stockholms-lans-distrikt\/varvningsbroschyr\/","name":"V\u00e4rvningsbroschyr - DHR - Region Stockholm","isPartOf":{"@id":"https:\/\/dhr.se\/stockholmslan\/#website"},"datePublished":"2020-04-23T10:28:15+00:00","dateModified":"2025-09-30T14:54:28+00:00","breadcrumb":{"@id":"https:\/\/dhr.se\/stockholmslan\/om-dhr-stockholms-lans-distrikt\/varvningsbroschyr\/#breadcrumb"},"inLanguage":"sv-SE","potentialAction":[{"@type":"ReadAction","target":["https:\/\/dhr.se\/stockholmslan\/om-dhr-stockholms-lans-distrikt\/varvningsbroschyr\/"]}]},{"@type":"BreadcrumbList","@id":"https:\/\/dhr.se\/stockholmslan\/om-dhr-stockholms-lans-distrikt\/varvningsbroschyr\/#breadcrumb","itemListElement":[{"@type":"ListItem","position":1,"name":"Hem","item":"https:\/\/dhr.se\/stockholmslan\/"},{"@type":"ListItem","position":2,"name":"Om oss","item":"https:\/\/dhr.se\/stockholmslan\/om-dhr-stockholms-lans-distrikt\/"},{"@type":"ListItem","position":3,"name":"V\u00e4rvningsbroschyr"}]},{"@type":"WebSite","@id":"https:\/\/dhr.se\/stockholmslan\/#website","url":"https:\/\/dhr.se\/stockholmslan\/","name":"DHR - Region Stockholm","description":"Delaktighet - Handlingskraft - R\u00f6relsefrihet","publisher":{"@id":"https:\/\/dhr.se\/stockholmslan\/#organization"},"potentialAction":[{"@type":"SearchAction","target":{"@type":"EntryPoint","urlTemplate":"https:\/\/dhr.se\/stockholmslan\/?s={search_term_string}"},"query-input":{"@type":"PropertyValueSpecification","valueRequired":true,"valueName":"search_term_string"}}],"inLanguage":"sv-SE"},{"@type":"Organization","@id":"https:\/\/dhr.se\/stockholmslan\/#organization","name":"DHR Region Stockholm","url":"https:\/\/dhr.se\/stockholmslan\/","logo":{"@type":"ImageObject","inLanguage":"sv-SE","@id":"https:\/\/dhr.se\/stockholmslan\/#\/schema\/logo\/image\/","url":"https:\/\/dhr.se\/stockholmslan\/wp-content\/uploads\/sites\/5\/2021\/12\/REGION-STOCKHOLM-orange-48-p.jpg","contentUrl":"https:\/\/dhr.se\/stockholmslan\/wp-content\/uploads\/sites\/5\/2021\/12\/REGION-STOCKHOLM-orange-48-p.jpg","width":891,"height":694,"caption":"DHR Region Stockholm"},"image":{"@id":"https:\/\/dhr.se\/stockholmslan\/#\/schema\/logo\/image\/"},"sameAs":["https:\/\/www.facebook.com\/DHRStockholmsLan","https:\/\/www.instagram.com\/dhr_sld\/"]}]}},"publishpress_future_action":{"enabled":false,"date":"2026-04-23 22:53:30","action":"change-status","newStatus":"draft","terms":[],"taxonomy":"translation_priority","extraData":[]},"publishpress_future_workflow_manual_trigger":{"enabledWorkflows":[]},"_links":{"self":[{"href":"https:\/\/dhr.se\/stockholmslan\/wp-json\/wp\/v2\/pages\/1974","targetHints":{"allow":["GET"]}}],"collection":[{"href":"https:\/\/dhr.se\/stockholmslan\/wp-json\/wp\/v2\/pages"}],"about":[{"href":"https:\/\/dhr.se\/stockholmslan\/wp-json\/wp\/v2\/types\/page"}],"author":[{"embeddable":true,"href":"https:\/\/dhr.se\/stockholmslan\/wp-json\/wp\/v2\/users\/9"}],"replies":[{"embeddable":true,"href":"https:\/\/dhr.se\/stockholmslan\/wp-json\/wp\/v2\/comments?post=1974"}],"version-history":[{"count":0,"href":"https:\/\/dhr.se\/stockholmslan\/wp-json\/wp\/v2\/pages\/1974\/revisions"}],"up":[{"embeddable":true,"href":"https:\/\/dhr.se\/stockholmslan\/wp-json\/wp\/v2\/pages\/936"}],"wp:attachment":[{"href":"https:\/\/dhr.se\/stockholmslan\/wp-json\/wp\/v2\/media?parent=1974"}],"curies":[{"name":"wp","href":"https:\/\/api.w.org\/{rel}","templated":true}]}}