{"id":2047,"date":"2020-05-11T15:50:18","date_gmt":"2020-05-11T13:50:18","guid":{"rendered":"http:\/\/dhr.se\/stockholmslan\/?page_id=2047"},"modified":"2021-08-18T13:52:37","modified_gmt":"2021-08-18T11:52:37","slug":"dhr-i-din-kommun","status":"publish","type":"page","link":"https:\/\/dhr.se\/stockholmslan\/dhr-i-din-kommun\/","title":{"rendered":"DHR i din kommun"},"content":{"rendered":"<section class=\"block-image-and-text left white\">\n    <div class=\"main\">\n        <div class=\"main-inner\">\n            <div class=\"left-col\" style=\"background-image: url(https:\/\/dhr.se\/stockholmslan\/wp-content\/uploads\/sites\/5\/2021\/04\/lanskarta-e1629275961325.jpg);\"><\/div>\n\n            <div class=\"right-col\">\n                <h2>DHR i din kommun<\/h2>\n                <p class=\"text\">DHR Stockholms l\u00e4ns distrikt omfattar hela l\u00e4net. I Stockholms l\u00e4n finns f\u00f6r n\u00e4rvarande 26 kommuner och tio DHR-avdelningar fr\u00e5n Nyn\u00e4shamn i s\u00f6der till Norrt\u00e4lje i norr, med 967 medlemmar i december 2019. V\u00e5ra avdelningar bevakar de prim\u00e4rkommunala fr\u00e5gorna som personlig service (hemtj\u00e4nst), skola, tillg\u00e4nglig milj\u00f6 och liknande.<br \/>\r\n<br \/>\r\nN\u00e4r du som medlem st\u00f6ter p\u00e5 problem och beh\u00f6ver hj\u00e4lp \u00e4r det i de flesta fall den avdelning som verkar i den kommun som du bor i som du ska kontakta. I en del fall kan det verka oklart vilken avdelning som bevakar fr\u00e5gorna i en viss kommun.<\/p>\n\n                            <\/div>\n\n        <\/div>\n    <\/div>\n<\/section>\n\n\n<h2 class=\"has-text-align-center wp-block-heading\"><strong>H\u00e4r under kan du se vilken avdelning som verkar i respektive kommun.<\/strong><br>(Tryck p\u00e5 avdelningen f\u00f6r kontaktuppgifter).<\/h2>\n\n\n<section class=\"block-contact-info\">\n    <div class=\"main\">\n        <div class=\"main-inner\">\n            <h2>Hittar du inte oss i din kommun? Kontakta distriktet s\u00e5 s\u00e4tter vi dig i kontakt med r\u00e4tt person.<\/h2>\n\n            <div class=\"flex-container\">\n                <div class=\"col\">\n                    <h3><a href=\"https:\/\/dhr.se\/stockholmslan\/dhr-i-din-kommun\/dhr-botkyrka-salemavdelningen\/\">Botkyrka-Salem-avdelningen<\/a><\/h3>\n<p>(Botkyrka och Salems kommun)<\/p>\n<p><a href=\"https:\/\/dhr.se\/stockholmslan\/dhr-i-din-kommun\/dhr-botkyrka-salemavdelningen\/\">L\u00e4s mer<\/a><\/p>\n<p style=\"text-align: center\">* * *<\/p>\n<h3><a href=\"https:\/\/dhr.se\/stockholmslan\/dhr-i-din-kommun\/dhr-huddingeavdelningen\/\">Huddinge-avdelningen<\/a><\/h3>\n<p>(Huddinge kommun)<\/p>\n<p><a href=\"https:\/\/dhr.se\/stockholmslan\/dhr-i-din-kommun\/dhr-huddingeavdelningen\/\">L\u00e4s mer<\/a><\/p>\n<p style=\"text-align: center\">* * *<\/p>\n<h3><a href=\"https:\/\/dhr.se\/stockholmslan\/dhr-i-din-kommun\/dhr-nacka-varmdoavdelningen\/\">Nacka-V\u00e4rmd\u00f6-avdelningen<\/a><\/h3>\n<p>(Nacka och V\u00e4rmd\u00f6 kommun)<\/p>\n<p><a href=\"https:\/\/dhr.se\/stockholmslan\/dhr-i-din-kommun\/dhr-nacka-varmdoavdelningen\/\">L\u00e4s mer<\/a><\/p>\n<p style=\"text-align: center\">* * *<\/p>\n                <\/div>\n                <div class=\"col\">\n                    <h3><a href=\"https:\/\/dhr.se\/stockholmslan\/dhr-i-din-kommun\/dhr-norrtaljeavdelningen\/\">Norrt\u00e4lje-avdelningen<\/a><\/h3>\n<p>(Norrt\u00e4lje kommun)<\/p>\n<p><a href=\"https:\/\/dhr.se\/stockholmslan\/dhr-i-din-kommun\/dhr-norrtaljeavdelningen\/\">L\u00e4s mer<\/a><\/p>\n<p style=\"text-align: center\">* * *<\/p>\n<h3><a href=\"https:\/\/dhr.se\/stockholmslan\/dhr-i-din-kommun\/dhr-nynashamn-haningeavdelningen\/\">Nyn\u00e4shamn-Haninge-avdelningen<\/a><\/h3>\n<p>(Nyn\u00e4shamns och Haninge\u00a0kommuner)<\/p>\n<p><a href=\"https:\/\/dhr.se\/stockholmslan\/dhr-i-din-kommun\/dhr-nynashamn-haningeavdelningen\/\">L\u00e4s mer<\/a><\/p>\n<p style=\"text-align: center\">* * *<\/p>\n<h3><a href=\"http:\/\/www.dhrs.se\">Stockholms-avdelningen<\/a><\/h3>\n<p>(Eker\u00f6 kommun, Liding\u00f6 kommun, Solna stad och Stockholms stad)<\/p>\n<p><a href=\"https:\/\/dhr.se\/stockholmslan\/dhr-i-din-kommun\/dhr-stockholmsavdelningen\/\">L\u00e4s mer<\/a><\/p>\n<p style=\"text-align: center\">* * *<\/p>\n<p style=\"text-align: center\">\n                <\/div>\n                <div class=\"col\">\n                    <h3><a href=\"https:\/\/dhr.se\/stockholmslan\/dhr-i-din-kommun\/dhr-sundbybergsavdelningen\/\">Sundbybergs-avdelningen<\/a><\/h3>\n<p>(Sundbybergs kommun)<\/p>\n<p><a href=\"https:\/\/dhr.se\/stockholmslan\/dhr-i-din-kommun\/dhr-sundbybergsavdelningen\/\">L\u00e4s mer<\/a><\/p>\n<p style=\"text-align: center\">* * *<\/p>\n<h3><a href=\"https:\/\/dhr.se\/stockholmslan\/dhr-i-din-kommun\/dhr-sodertaljeavdelningen\/\">S\u00f6dert\u00e4lje-avdelningen<\/a><\/h3>\n<p>(Nykvarns och S\u00f6dert\u00e4lje kommun)<\/p>\n<p><a href=\"https:\/\/dhr.se\/stockholmslan\/dhr-i-din-kommun\/dhr-sodertaljeavdelningen\/\">L\u00e4s mer<\/a><\/p>\n<p style=\"text-align: center\">* * *<\/p>\n                <\/div>\n                <div class=\"col\">\n                    <h3><a href=\"https:\/\/dhr.se\/stockholmslan\/dhr-i-din-kommun\/dhr-tyresoavdelningen\/\">Tyres\u00f6-avdelningen<\/a><\/h3>\n<p>(Tyres\u00f6 kommun)<\/p>\n<p><a href=\"https:\/\/dhr.se\/stockholmslan\/dhr-i-din-kommun\/dhr-tyresoavdelningen\/\">L\u00e4s mer<\/a><\/p>\n<p style=\"text-align: center\">* * *<\/p>\n<h3><a href=\"https:\/\/dhr.se\/stockholmslan\/dhr-i-din-kommun\/dhr-tabyavdelningen\/\">T\u00e4by-avdelningen<\/a><\/h3>\n<p>(Danderyds, T\u00e4by, Upplands-V\u00e4sby, Vallentuna, Vaxholms och \u00d6ster\u00e5kers kommun)<\/p>\n<p><a href=\"https:\/\/dhr.se\/stockholmslan\/dhr-i-din-kommun\/dhr-tabyavdelningen\/\">L\u00e4s mer<\/a><\/p>\n<p style=\"text-align: center\">* * *<\/p>\n                <\/div>\n            <\/div>\n        <\/div>\n    <\/div>\n<\/section>","protected":false},"excerpt":{"rendered":"<p>H\u00e4r under kan du se vilken avdelning som verkar i respektive kommun.(Tryck p\u00e5 avdelningen f\u00f6r kontaktuppgifter).<\/p>\n","protected":false},"author":9,"featured_media":0,"parent":0,"menu_order":0,"comment_status":"closed","ping_status":"closed","template":"","meta":{"_acf_changed":false,"_monsterinsights_skip_tracking":false,"_monsterinsights_sitenote_active":false,"_monsterinsights_sitenote_note":"","_monsterinsights_sitenote_category":0,"footnotes":""},"class_list":["post-2047","page","type-page","status-publish","hentry"],"acf":[],"yoast_head":"<!-- This site is optimized with the Yoast SEO plugin v27.2 - https:\/\/yoast.com\/product\/yoast-seo-wordpress\/ -->\n<title>DHR i din kommun - DHR - Region Stockholm<\/title>\n<meta name=\"robots\" content=\"index, follow, max-snippet:-1, max-image-preview:large, max-video-preview:-1\" \/>\n<link rel=\"canonical\" href=\"https:\/\/dhr.se\/stockholmslan\/dhr-i-din-kommun\/\" \/>\n<meta property=\"og:locale\" content=\"sv_SE\" \/>\n<meta property=\"og:type\" content=\"article\" \/>\n<meta property=\"og:title\" content=\"DHR i din kommun - DHR - Region Stockholm\" \/>\n<meta property=\"og:description\" content=\"H\u00e4r under kan du se vilken avdelning som verkar i respektive kommun.(Tryck p\u00e5 avdelningen f\u00f6r kontaktuppgifter).\" \/>\n<meta property=\"og:url\" content=\"https:\/\/dhr.se\/stockholmslan\/dhr-i-din-kommun\/\" \/>\n<meta property=\"og:site_name\" content=\"DHR - Region Stockholm\" \/>\n<meta property=\"article:publisher\" content=\"https:\/\/www.facebook.com\/DHRStockholmsLan\" \/>\n<meta property=\"article:modified_time\" content=\"2021-08-18T11:52:37+00:00\" \/>\n<meta name=\"twitter:card\" content=\"summary_large_image\" \/>\n<meta name=\"twitter:label1\" content=\"Ber\u00e4knad l\u00e4stid\" \/>\n\t<meta name=\"twitter:data1\" content=\"1 minut\" \/>\n<script type=\"application\/ld+json\" class=\"yoast-schema-graph\">{\"@context\":\"https:\/\/schema.org\",\"@graph\":[{\"@type\":\"WebPage\",\"@id\":\"https:\/\/dhr.se\/stockholmslan\/dhr-i-din-kommun\/\",\"url\":\"https:\/\/dhr.se\/stockholmslan\/dhr-i-din-kommun\/\",\"name\":\"DHR i din kommun - DHR - Region Stockholm\",\"isPartOf\":{\"@id\":\"https:\/\/dhr.se\/stockholmslan\/#website\"},\"datePublished\":\"2020-05-11T13:50:18+00:00\",\"dateModified\":\"2021-08-18T11:52:37+00:00\",\"breadcrumb\":{\"@id\":\"https:\/\/dhr.se\/stockholmslan\/dhr-i-din-kommun\/#breadcrumb\"},\"inLanguage\":\"sv-SE\",\"potentialAction\":[{\"@type\":\"ReadAction\",\"target\":[\"https:\/\/dhr.se\/stockholmslan\/dhr-i-din-kommun\/\"]}]},{\"@type\":\"BreadcrumbList\",\"@id\":\"https:\/\/dhr.se\/stockholmslan\/dhr-i-din-kommun\/#breadcrumb\",\"itemListElement\":[{\"@type\":\"ListItem\",\"position\":1,\"name\":\"Hem\",\"item\":\"https:\/\/dhr.se\/stockholmslan\/\"},{\"@type\":\"ListItem\",\"position\":2,\"name\":\"DHR i din kommun\"}]},{\"@type\":\"WebSite\",\"@id\":\"https:\/\/dhr.se\/stockholmslan\/#website\",\"url\":\"https:\/\/dhr.se\/stockholmslan\/\",\"name\":\"DHR - Region Stockholm\",\"description\":\"Delaktighet - Handlingskraft - R\u00f6relsefrihet\",\"publisher\":{\"@id\":\"https:\/\/dhr.se\/stockholmslan\/#organization\"},\"potentialAction\":[{\"@type\":\"SearchAction\",\"target\":{\"@type\":\"EntryPoint\",\"urlTemplate\":\"https:\/\/dhr.se\/stockholmslan\/?s={search_term_string}\"},\"query-input\":{\"@type\":\"PropertyValueSpecification\",\"valueRequired\":true,\"valueName\":\"search_term_string\"}}],\"inLanguage\":\"sv-SE\"},{\"@type\":\"Organization\",\"@id\":\"https:\/\/dhr.se\/stockholmslan\/#organization\",\"name\":\"DHR Region Stockholm\",\"url\":\"https:\/\/dhr.se\/stockholmslan\/\",\"logo\":{\"@type\":\"ImageObject\",\"inLanguage\":\"sv-SE\",\"@id\":\"https:\/\/dhr.se\/stockholmslan\/#\/schema\/logo\/image\/\",\"url\":\"https:\/\/dhr.se\/stockholmslan\/wp-content\/uploads\/sites\/5\/2021\/12\/REGION-STOCKHOLM-orange-48-p.jpg\",\"contentUrl\":\"https:\/\/dhr.se\/stockholmslan\/wp-content\/uploads\/sites\/5\/2021\/12\/REGION-STOCKHOLM-orange-48-p.jpg\",\"width\":891,\"height\":694,\"caption\":\"DHR Region Stockholm\"},\"image\":{\"@id\":\"https:\/\/dhr.se\/stockholmslan\/#\/schema\/logo\/image\/\"},\"sameAs\":[\"https:\/\/www.facebook.com\/DHRStockholmsLan\",\"https:\/\/www.instagram.com\/dhr_sld\/\"]}]}<\/script>\n<!-- \/ Yoast SEO plugin. -->","yoast_head_json":{"title":"DHR i din kommun - DHR - Region Stockholm","robots":{"index":"index","follow":"follow","max-snippet":"max-snippet:-1","max-image-preview":"max-image-preview:large","max-video-preview":"max-video-preview:-1"},"canonical":"https:\/\/dhr.se\/stockholmslan\/dhr-i-din-kommun\/","og_locale":"sv_SE","og_type":"article","og_title":"DHR i din kommun - DHR - Region Stockholm","og_description":"H\u00e4r under kan du se vilken avdelning som verkar i respektive kommun.(Tryck p\u00e5 avdelningen f\u00f6r kontaktuppgifter).","og_url":"https:\/\/dhr.se\/stockholmslan\/dhr-i-din-kommun\/","og_site_name":"DHR - Region Stockholm","article_publisher":"https:\/\/www.facebook.com\/DHRStockholmsLan","article_modified_time":"2021-08-18T11:52:37+00:00","twitter_card":"summary_large_image","twitter_misc":{"Ber\u00e4knad l\u00e4stid":"1 minut"},"schema":{"@context":"https:\/\/schema.org","@graph":[{"@type":"WebPage","@id":"https:\/\/dhr.se\/stockholmslan\/dhr-i-din-kommun\/","url":"https:\/\/dhr.se\/stockholmslan\/dhr-i-din-kommun\/","name":"DHR i din kommun - DHR - Region Stockholm","isPartOf":{"@id":"https:\/\/dhr.se\/stockholmslan\/#website"},"datePublished":"2020-05-11T13:50:18+00:00","dateModified":"2021-08-18T11:52:37+00:00","breadcrumb":{"@id":"https:\/\/dhr.se\/stockholmslan\/dhr-i-din-kommun\/#breadcrumb"},"inLanguage":"sv-SE","potentialAction":[{"@type":"ReadAction","target":["https:\/\/dhr.se\/stockholmslan\/dhr-i-din-kommun\/"]}]},{"@type":"BreadcrumbList","@id":"https:\/\/dhr.se\/stockholmslan\/dhr-i-din-kommun\/#breadcrumb","itemListElement":[{"@type":"ListItem","position":1,"name":"Hem","item":"https:\/\/dhr.se\/stockholmslan\/"},{"@type":"ListItem","position":2,"name":"DHR i din kommun"}]},{"@type":"WebSite","@id":"https:\/\/dhr.se\/stockholmslan\/#website","url":"https:\/\/dhr.se\/stockholmslan\/","name":"DHR - Region Stockholm","description":"Delaktighet - Handlingskraft - R\u00f6relsefrihet","publisher":{"@id":"https:\/\/dhr.se\/stockholmslan\/#organization"},"potentialAction":[{"@type":"SearchAction","target":{"@type":"EntryPoint","urlTemplate":"https:\/\/dhr.se\/stockholmslan\/?s={search_term_string}"},"query-input":{"@type":"PropertyValueSpecification","valueRequired":true,"valueName":"search_term_string"}}],"inLanguage":"sv-SE"},{"@type":"Organization","@id":"https:\/\/dhr.se\/stockholmslan\/#organization","name":"DHR Region Stockholm","url":"https:\/\/dhr.se\/stockholmslan\/","logo":{"@type":"ImageObject","inLanguage":"sv-SE","@id":"https:\/\/dhr.se\/stockholmslan\/#\/schema\/logo\/image\/","url":"https:\/\/dhr.se\/stockholmslan\/wp-content\/uploads\/sites\/5\/2021\/12\/REGION-STOCKHOLM-orange-48-p.jpg","contentUrl":"https:\/\/dhr.se\/stockholmslan\/wp-content\/uploads\/sites\/5\/2021\/12\/REGION-STOCKHOLM-orange-48-p.jpg","width":891,"height":694,"caption":"DHR Region Stockholm"},"image":{"@id":"https:\/\/dhr.se\/stockholmslan\/#\/schema\/logo\/image\/"},"sameAs":["https:\/\/www.facebook.com\/DHRStockholmsLan","https:\/\/www.instagram.com\/dhr_sld\/"]}]}},"publishpress_future_action":{"enabled":false,"date":"2026-04-24 12:51:18","action":"change-status","newStatus":"draft","terms":[],"taxonomy":"translation_priority","extraData":[]},"publishpress_future_workflow_manual_trigger":{"enabledWorkflows":[]},"_links":{"self":[{"href":"https:\/\/dhr.se\/stockholmslan\/wp-json\/wp\/v2\/pages\/2047","targetHints":{"allow":["GET"]}}],"collection":[{"href":"https:\/\/dhr.se\/stockholmslan\/wp-json\/wp\/v2\/pages"}],"about":[{"href":"https:\/\/dhr.se\/stockholmslan\/wp-json\/wp\/v2\/types\/page"}],"author":[{"embeddable":true,"href":"https:\/\/dhr.se\/stockholmslan\/wp-json\/wp\/v2\/users\/9"}],"replies":[{"embeddable":true,"href":"https:\/\/dhr.se\/stockholmslan\/wp-json\/wp\/v2\/comments?post=2047"}],"version-history":[{"count":0,"href":"https:\/\/dhr.se\/stockholmslan\/wp-json\/wp\/v2\/pages\/2047\/revisions"}],"wp:attachment":[{"href":"https:\/\/dhr.se\/stockholmslan\/wp-json\/wp\/v2\/media?parent=2047"}],"curies":[{"name":"wp","href":"https:\/\/api.w.org\/{rel}","templated":true}]}}