{"id":2079,"date":"2020-05-11T16:33:09","date_gmt":"2020-05-11T14:33:09","guid":{"rendered":"http:\/\/dhr.se\/stockholmslan\/?page_id=2079"},"modified":"2024-11-21T14:34:17","modified_gmt":"2024-11-21T13:34:17","slug":"dhr-stockholmsavdelningen","status":"publish","type":"page","link":"https:\/\/dhr.se\/stockholmslan\/dhr-i-din-kommun\/dhr-stockholmsavdelningen\/","title":{"rendered":"DHR Stockholmsavdelningen"},"content":{"rendered":"<section class=\"block-simple-text\">\n    <div class=\"main\">\n        <div class=\"main-inner\">\n            <div class=\"ingress text-darker\"><p>(Eker\u00f6 kommun, Liding\u00f6 kommun, Solna stad och Stockholms stad)<\/p>\n<p><strong>Bes\u00f6ksadress:<\/strong> M\u00e4ster Samuelsgatan 70, 111 20 Stockholm<br \/>\n<strong>Postadress:<\/strong> DHR Stockholmsavdelningen, Vasagatan 28, 111 20 Stockholm<strong><br \/>\n<\/strong><strong>Tel<\/strong>: 08-564 826 50, exp<br \/>\n<strong>E-post<\/strong>: info@dhrs.se<br \/>\n<strong>Webbplats<\/strong>: <a title=\"DHR Stockholmsavdelningen p\u00e5 webben\" href=\"http:\/\/www.dhrs.se\" target=\"_blank\" rel=\"noopener\">www.dhrs.se<\/a><\/p>\n<p><strong>Representanter i Stockholms Funktionshinderr\u00e5d \u00e5terfinns p\u00e5 avdelningens webbplats: <a href=\"https:\/\/www.dhrs.se\/stockholms-funktionshinderrad\">www.dhrs.se<\/a><\/strong><\/p>\n<\/div>\n            <div class=\"content\"><\/div>\n        <\/div>\n    <\/div>\n<\/section>","protected":false},"excerpt":{"rendered":"","protected":false},"author":9,"featured_media":0,"parent":2047,"menu_order":0,"comment_status":"closed","ping_status":"closed","template":"template-side-menu.php","meta":{"_acf_changed":false,"_monsterinsights_skip_tracking":false,"_monsterinsights_sitenote_active":false,"_monsterinsights_sitenote_note":"","_monsterinsights_sitenote_category":0,"footnotes":""},"class_list":["post-2079","page","type-page","status-publish","hentry"],"acf":[],"yoast_head":"<!-- This site is optimized with the Yoast SEO plugin v27.5 - https:\/\/yoast.com\/product\/yoast-seo-wordpress\/ -->\n<title>DHR Stockholmsavdelningen - DHR - Region Stockholm<\/title>\n<meta name=\"robots\" content=\"index, follow, max-snippet:-1, max-image-preview:large, max-video-preview:-1\" \/>\n<link rel=\"canonical\" href=\"https:\/\/dhr.se\/stockholmslan\/dhr-i-din-kommun\/dhr-stockholmsavdelningen\/\" \/>\n<meta property=\"og:locale\" content=\"sv_SE\" \/>\n<meta property=\"og:type\" content=\"article\" \/>\n<meta property=\"og:title\" content=\"DHR Stockholmsavdelningen - DHR - Region Stockholm\" \/>\n<meta property=\"og:url\" content=\"https:\/\/dhr.se\/stockholmslan\/dhr-i-din-kommun\/dhr-stockholmsavdelningen\/\" \/>\n<meta property=\"og:site_name\" content=\"DHR - Region Stockholm\" \/>\n<meta property=\"article:publisher\" content=\"https:\/\/www.facebook.com\/DHRStockholmsLan\" \/>\n<meta property=\"article:modified_time\" content=\"2024-11-21T13:34:17+00:00\" \/>\n<meta name=\"twitter:card\" content=\"summary_large_image\" \/>\n<script type=\"application\/ld+json\" class=\"yoast-schema-graph\">{\"@context\":\"https:\\\/\\\/schema.org\",\"@graph\":[{\"@type\":\"WebPage\",\"@id\":\"https:\\\/\\\/dhr.se\\\/stockholmslan\\\/dhr-i-din-kommun\\\/dhr-stockholmsavdelningen\\\/\",\"url\":\"https:\\\/\\\/dhr.se\\\/stockholmslan\\\/dhr-i-din-kommun\\\/dhr-stockholmsavdelningen\\\/\",\"name\":\"DHR Stockholmsavdelningen - DHR - Region Stockholm\",\"isPartOf\":{\"@id\":\"https:\\\/\\\/dhr.se\\\/stockholmslan\\\/#website\"},\"datePublished\":\"2020-05-11T14:33:09+00:00\",\"dateModified\":\"2024-11-21T13:34:17+00:00\",\"breadcrumb\":{\"@id\":\"https:\\\/\\\/dhr.se\\\/stockholmslan\\\/dhr-i-din-kommun\\\/dhr-stockholmsavdelningen\\\/#breadcrumb\"},\"inLanguage\":\"sv-SE\",\"potentialAction\":[{\"@type\":\"ReadAction\",\"target\":[\"https:\\\/\\\/dhr.se\\\/stockholmslan\\\/dhr-i-din-kommun\\\/dhr-stockholmsavdelningen\\\/\"]}]},{\"@type\":\"BreadcrumbList\",\"@id\":\"https:\\\/\\\/dhr.se\\\/stockholmslan\\\/dhr-i-din-kommun\\\/dhr-stockholmsavdelningen\\\/#breadcrumb\",\"itemListElement\":[{\"@type\":\"ListItem\",\"position\":1,\"name\":\"Hem\",\"item\":\"https:\\\/\\\/dhr.se\\\/stockholmslan\\\/\"},{\"@type\":\"ListItem\",\"position\":2,\"name\":\"DHR i din kommun\",\"item\":\"https:\\\/\\\/dhr.se\\\/stockholmslan\\\/dhr-i-din-kommun\\\/\"},{\"@type\":\"ListItem\",\"position\":3,\"name\":\"DHR Stockholmsavdelningen\"}]},{\"@type\":\"WebSite\",\"@id\":\"https:\\\/\\\/dhr.se\\\/stockholmslan\\\/#website\",\"url\":\"https:\\\/\\\/dhr.se\\\/stockholmslan\\\/\",\"name\":\"DHR - Region Stockholm\",\"description\":\"Delaktighet - Handlingskraft - R\u00f6relsefrihet\",\"publisher\":{\"@id\":\"https:\\\/\\\/dhr.se\\\/stockholmslan\\\/#organization\"},\"potentialAction\":[{\"@type\":\"SearchAction\",\"target\":{\"@type\":\"EntryPoint\",\"urlTemplate\":\"https:\\\/\\\/dhr.se\\\/stockholmslan\\\/?s={search_term_string}\"},\"query-input\":{\"@type\":\"PropertyValueSpecification\",\"valueRequired\":true,\"valueName\":\"search_term_string\"}}],\"inLanguage\":\"sv-SE\"},{\"@type\":\"Organization\",\"@id\":\"https:\\\/\\\/dhr.se\\\/stockholmslan\\\/#organization\",\"name\":\"DHR Region Stockholm\",\"url\":\"https:\\\/\\\/dhr.se\\\/stockholmslan\\\/\",\"logo\":{\"@type\":\"ImageObject\",\"inLanguage\":\"sv-SE\",\"@id\":\"https:\\\/\\\/dhr.se\\\/stockholmslan\\\/#\\\/schema\\\/logo\\\/image\\\/\",\"url\":\"https:\\\/\\\/dhr.se\\\/stockholmslan\\\/wp-content\\\/uploads\\\/sites\\\/5\\\/2021\\\/12\\\/REGION-STOCKHOLM-orange-48-p.jpg\",\"contentUrl\":\"https:\\\/\\\/dhr.se\\\/stockholmslan\\\/wp-content\\\/uploads\\\/sites\\\/5\\\/2021\\\/12\\\/REGION-STOCKHOLM-orange-48-p.jpg\",\"width\":891,\"height\":694,\"caption\":\"DHR Region Stockholm\"},\"image\":{\"@id\":\"https:\\\/\\\/dhr.se\\\/stockholmslan\\\/#\\\/schema\\\/logo\\\/image\\\/\"},\"sameAs\":[\"https:\\\/\\\/www.facebook.com\\\/DHRStockholmsLan\",\"https:\\\/\\\/www.instagram.com\\\/dhr_sld\\\/\"]}]}<\/script>\n<!-- \/ Yoast SEO plugin. -->","yoast_head_json":{"title":"DHR Stockholmsavdelningen - DHR - Region Stockholm","robots":{"index":"index","follow":"follow","max-snippet":"max-snippet:-1","max-image-preview":"max-image-preview:large","max-video-preview":"max-video-preview:-1"},"canonical":"https:\/\/dhr.se\/stockholmslan\/dhr-i-din-kommun\/dhr-stockholmsavdelningen\/","og_locale":"sv_SE","og_type":"article","og_title":"DHR Stockholmsavdelningen - DHR - Region Stockholm","og_url":"https:\/\/dhr.se\/stockholmslan\/dhr-i-din-kommun\/dhr-stockholmsavdelningen\/","og_site_name":"DHR - Region Stockholm","article_publisher":"https:\/\/www.facebook.com\/DHRStockholmsLan","article_modified_time":"2024-11-21T13:34:17+00:00","twitter_card":"summary_large_image","schema":{"@context":"https:\/\/schema.org","@graph":[{"@type":"WebPage","@id":"https:\/\/dhr.se\/stockholmslan\/dhr-i-din-kommun\/dhr-stockholmsavdelningen\/","url":"https:\/\/dhr.se\/stockholmslan\/dhr-i-din-kommun\/dhr-stockholmsavdelningen\/","name":"DHR Stockholmsavdelningen - DHR - Region Stockholm","isPartOf":{"@id":"https:\/\/dhr.se\/stockholmslan\/#website"},"datePublished":"2020-05-11T14:33:09+00:00","dateModified":"2024-11-21T13:34:17+00:00","breadcrumb":{"@id":"https:\/\/dhr.se\/stockholmslan\/dhr-i-din-kommun\/dhr-stockholmsavdelningen\/#breadcrumb"},"inLanguage":"sv-SE","potentialAction":[{"@type":"ReadAction","target":["https:\/\/dhr.se\/stockholmslan\/dhr-i-din-kommun\/dhr-stockholmsavdelningen\/"]}]},{"@type":"BreadcrumbList","@id":"https:\/\/dhr.se\/stockholmslan\/dhr-i-din-kommun\/dhr-stockholmsavdelningen\/#breadcrumb","itemListElement":[{"@type":"ListItem","position":1,"name":"Hem","item":"https:\/\/dhr.se\/stockholmslan\/"},{"@type":"ListItem","position":2,"name":"DHR i din kommun","item":"https:\/\/dhr.se\/stockholmslan\/dhr-i-din-kommun\/"},{"@type":"ListItem","position":3,"name":"DHR Stockholmsavdelningen"}]},{"@type":"WebSite","@id":"https:\/\/dhr.se\/stockholmslan\/#website","url":"https:\/\/dhr.se\/stockholmslan\/","name":"DHR - Region Stockholm","description":"Delaktighet - Handlingskraft - R\u00f6relsefrihet","publisher":{"@id":"https:\/\/dhr.se\/stockholmslan\/#organization"},"potentialAction":[{"@type":"SearchAction","target":{"@type":"EntryPoint","urlTemplate":"https:\/\/dhr.se\/stockholmslan\/?s={search_term_string}"},"query-input":{"@type":"PropertyValueSpecification","valueRequired":true,"valueName":"search_term_string"}}],"inLanguage":"sv-SE"},{"@type":"Organization","@id":"https:\/\/dhr.se\/stockholmslan\/#organization","name":"DHR Region Stockholm","url":"https:\/\/dhr.se\/stockholmslan\/","logo":{"@type":"ImageObject","inLanguage":"sv-SE","@id":"https:\/\/dhr.se\/stockholmslan\/#\/schema\/logo\/image\/","url":"https:\/\/dhr.se\/stockholmslan\/wp-content\/uploads\/sites\/5\/2021\/12\/REGION-STOCKHOLM-orange-48-p.jpg","contentUrl":"https:\/\/dhr.se\/stockholmslan\/wp-content\/uploads\/sites\/5\/2021\/12\/REGION-STOCKHOLM-orange-48-p.jpg","width":891,"height":694,"caption":"DHR Region Stockholm"},"image":{"@id":"https:\/\/dhr.se\/stockholmslan\/#\/schema\/logo\/image\/"},"sameAs":["https:\/\/www.facebook.com\/DHRStockholmsLan","https:\/\/www.instagram.com\/dhr_sld\/"]}]}},"publishpress_future_action":{"enabled":false,"date":"2026-05-09 16:11:57","action":"change-status","newStatus":"draft","terms":[],"taxonomy":"translation_priority","extraData":[]},"publishpress_future_workflow_manual_trigger":{"enabledWorkflows":[]},"_links":{"self":[{"href":"https:\/\/dhr.se\/stockholmslan\/wp-json\/wp\/v2\/pages\/2079","targetHints":{"allow":["GET"]}}],"collection":[{"href":"https:\/\/dhr.se\/stockholmslan\/wp-json\/wp\/v2\/pages"}],"about":[{"href":"https:\/\/dhr.se\/stockholmslan\/wp-json\/wp\/v2\/types\/page"}],"author":[{"embeddable":true,"href":"https:\/\/dhr.se\/stockholmslan\/wp-json\/wp\/v2\/users\/9"}],"replies":[{"embeddable":true,"href":"https:\/\/dhr.se\/stockholmslan\/wp-json\/wp\/v2\/comments?post=2079"}],"version-history":[{"count":0,"href":"https:\/\/dhr.se\/stockholmslan\/wp-json\/wp\/v2\/pages\/2079\/revisions"}],"up":[{"embeddable":true,"href":"https:\/\/dhr.se\/stockholmslan\/wp-json\/wp\/v2\/pages\/2047"}],"wp:attachment":[{"href":"https:\/\/dhr.se\/stockholmslan\/wp-json\/wp\/v2\/media?parent=2079"}],"curies":[{"name":"wp","href":"https:\/\/api.w.org\/{rel}","templated":true}]}}