{"id":2089,"date":"2020-05-11T16:40:52","date_gmt":"2020-05-11T14:40:52","guid":{"rendered":"http:\/\/dhr.se\/stockholmslan\/?page_id=2089"},"modified":"2024-05-28T11:19:38","modified_gmt":"2024-05-28T09:19:38","slug":"dhr-sodertaljeavdelningen","status":"publish","type":"page","link":"https:\/\/dhr.se\/stockholmslan\/dhr-i-din-kommun\/dhr-sodertaljeavdelningen\/","title":{"rendered":"DHR S\u00f6dert\u00e4ljeavdelningen"},"content":{"rendered":"<section class=\"block-simple-text\">\n    <div class=\"main\">\n        <div class=\"main-inner\">\n            <div class=\"ingress text-darker\"><p>(Nykvarns och S\u00f6dert\u00e4ljes kommun)<\/p>\n<p>Barrtorpsv\u00e4gen 1 A, 151 48\u00a0 S\u00d6DERT\u00c4LJE<br \/>\n<strong>Tel<\/strong>: 073-042 05 32 (Kristian Hjertkvist)<br \/>\n<strong>E-post<\/strong>: sodertalje@dhr.se<br \/>\n<strong>Webbplats<\/strong>: <a href=\"https:\/\/dhr.se\/sodertalje\/\">www.dhr.se\/sodertalje<\/a><\/p>\n<p><strong>Ordf\u00f6rande:<\/strong> <!--StartFragment --><span class=\"cf0\">Christer Habibolin<\/span><\/p>\n<p>Representant i<strong>\u00a0<a href=\"https:\/\/www.sodertalje.se\/kommun-och-politik\/moten-handlingar-och-protokoll\/kommunala-funktionshinderradet\/\">Kommunala funktionshinderr\u00e5det (KHR) S\u00f6dert\u00e4lje<\/a><\/strong>: Kristian Hjertkvist<\/p>\n<p>Representant i <a href=\"https:\/\/nykvarn.se\/omsorg-och-socialt-stod\/samverkan-aldre--och-handikappforeningar\"><strong>Nykvarn kommuns Samverkansr\u00e5d med \u00e4ldre- och handikappf\u00f6reningar<\/strong><\/a>: &#8211;<\/p>\n<p>* * *<\/p>\n<p><!--EndFragment --><\/p>\n<\/div>\n            <div class=\"content\"><p>Den 2\/2 2022 fick avdelningen in denna inbjudan till tr\u00e4ff i S\u00f6dert\u00e4lje l\u00e4nstidning:<\/p>\n<p><img loading=\"lazy\" decoding=\"async\" class=\"alignnone size-full wp-image-4121\" src=\"https:\/\/dhr.se\/stockholmslan\/wp-content\/uploads\/sites\/5\/2022\/02\/272260163_648016383315313_4101126488889572298_n-rotated.jpg\" alt=\"\" width=\"756\" height=\"352\" srcset=\"https:\/\/dhr.se\/stockholmslan\/wp-content\/uploads\/sites\/5\/2022\/02\/272260163_648016383315313_4101126488889572298_n-rotated.jpg 756w, https:\/\/dhr.se\/stockholmslan\/wp-content\/uploads\/sites\/5\/2022\/02\/272260163_648016383315313_4101126488889572298_n-300x140.jpg 300w\" sizes=\"auto, (max-width: 756px) 100vw, 756px\" \/><\/p>\n<p>Den 29\/6 2021 fick avdelningen in f\u00f6ljande ins\u00e4ndare i S\u00f6dert\u00e4lje l\u00e4nstidning:<\/p>\n<p><img loading=\"lazy\" decoding=\"async\" class=\"alignnone size-full wp-image-3626\" src=\"https:\/\/dhr.se\/stockholmslan\/wp-content\/uploads\/sites\/5\/2021\/08\/Artikel-Tagvardar-scaled.jpg\" alt=\"\" width=\"2560\" height=\"1859\" srcset=\"https:\/\/dhr.se\/stockholmslan\/wp-content\/uploads\/sites\/5\/2021\/08\/Artikel-Tagvardar-scaled.jpg 2560w, https:\/\/dhr.se\/stockholmslan\/wp-content\/uploads\/sites\/5\/2021\/08\/Artikel-Tagvardar-300x218.jpg 300w, https:\/\/dhr.se\/stockholmslan\/wp-content\/uploads\/sites\/5\/2021\/08\/Artikel-Tagvardar-1024x744.jpg 1024w, https:\/\/dhr.se\/stockholmslan\/wp-content\/uploads\/sites\/5\/2021\/08\/Artikel-Tagvardar-768x558.jpg 768w, https:\/\/dhr.se\/stockholmslan\/wp-content\/uploads\/sites\/5\/2021\/08\/Artikel-Tagvardar-1536x1116.jpg 1536w, https:\/\/dhr.se\/stockholmslan\/wp-content\/uploads\/sites\/5\/2021\/08\/Artikel-Tagvardar-2048x1487.jpg 2048w, https:\/\/dhr.se\/stockholmslan\/wp-content\/uploads\/sites\/5\/2021\/08\/Artikel-Tagvardar-1600x1162.jpg 1600w\" sizes=\"auto, (max-width: 2560px) 100vw, 2560px\" \/><\/p>\n<\/div>\n        <\/div>\n    <\/div>\n<\/section>","protected":false},"excerpt":{"rendered":"","protected":false},"author":9,"featured_media":0,"parent":2047,"menu_order":0,"comment_status":"closed","ping_status":"closed","template":"template-side-menu.php","meta":{"_acf_changed":false,"_monsterinsights_skip_tracking":false,"_monsterinsights_sitenote_active":false,"_monsterinsights_sitenote_note":"","_monsterinsights_sitenote_category":0,"footnotes":""},"class_list":["post-2089","page","type-page","status-publish","hentry"],"acf":[],"yoast_head":"<!-- This site is optimized with the Yoast SEO plugin v27.2 - https:\/\/yoast.com\/product\/yoast-seo-wordpress\/ -->\n<title>DHR S\u00f6dert\u00e4ljeavdelningen - DHR - Region Stockholm<\/title>\n<meta name=\"robots\" content=\"index, follow, max-snippet:-1, max-image-preview:large, max-video-preview:-1\" \/>\n<link rel=\"canonical\" href=\"https:\/\/dhr.se\/stockholmslan\/dhr-i-din-kommun\/dhr-sodertaljeavdelningen\/\" \/>\n<meta property=\"og:locale\" content=\"sv_SE\" \/>\n<meta property=\"og:type\" content=\"article\" \/>\n<meta property=\"og:title\" content=\"DHR S\u00f6dert\u00e4ljeavdelningen - DHR - Region Stockholm\" \/>\n<meta property=\"og:url\" content=\"https:\/\/dhr.se\/stockholmslan\/dhr-i-din-kommun\/dhr-sodertaljeavdelningen\/\" \/>\n<meta property=\"og:site_name\" content=\"DHR - Region Stockholm\" \/>\n<meta property=\"article:publisher\" content=\"https:\/\/www.facebook.com\/DHRStockholmsLan\" \/>\n<meta property=\"article:modified_time\" content=\"2024-05-28T09:19:38+00:00\" \/>\n<meta name=\"twitter:card\" content=\"summary_large_image\" \/>\n<script type=\"application\/ld+json\" class=\"yoast-schema-graph\">{\"@context\":\"https:\/\/schema.org\",\"@graph\":[{\"@type\":\"WebPage\",\"@id\":\"https:\/\/dhr.se\/stockholmslan\/dhr-i-din-kommun\/dhr-sodertaljeavdelningen\/\",\"url\":\"https:\/\/dhr.se\/stockholmslan\/dhr-i-din-kommun\/dhr-sodertaljeavdelningen\/\",\"name\":\"DHR S\u00f6dert\u00e4ljeavdelningen - DHR - Region Stockholm\",\"isPartOf\":{\"@id\":\"https:\/\/dhr.se\/stockholmslan\/#website\"},\"datePublished\":\"2020-05-11T14:40:52+00:00\",\"dateModified\":\"2024-05-28T09:19:38+00:00\",\"breadcrumb\":{\"@id\":\"https:\/\/dhr.se\/stockholmslan\/dhr-i-din-kommun\/dhr-sodertaljeavdelningen\/#breadcrumb\"},\"inLanguage\":\"sv-SE\",\"potentialAction\":[{\"@type\":\"ReadAction\",\"target\":[\"https:\/\/dhr.se\/stockholmslan\/dhr-i-din-kommun\/dhr-sodertaljeavdelningen\/\"]}]},{\"@type\":\"BreadcrumbList\",\"@id\":\"https:\/\/dhr.se\/stockholmslan\/dhr-i-din-kommun\/dhr-sodertaljeavdelningen\/#breadcrumb\",\"itemListElement\":[{\"@type\":\"ListItem\",\"position\":1,\"name\":\"Hem\",\"item\":\"https:\/\/dhr.se\/stockholmslan\/\"},{\"@type\":\"ListItem\",\"position\":2,\"name\":\"DHR i din kommun\",\"item\":\"https:\/\/dhr.se\/stockholmslan\/dhr-i-din-kommun\/\"},{\"@type\":\"ListItem\",\"position\":3,\"name\":\"DHR S\u00f6dert\u00e4ljeavdelningen\"}]},{\"@type\":\"WebSite\",\"@id\":\"https:\/\/dhr.se\/stockholmslan\/#website\",\"url\":\"https:\/\/dhr.se\/stockholmslan\/\",\"name\":\"DHR - Region Stockholm\",\"description\":\"Delaktighet - Handlingskraft - R\u00f6relsefrihet\",\"publisher\":{\"@id\":\"https:\/\/dhr.se\/stockholmslan\/#organization\"},\"potentialAction\":[{\"@type\":\"SearchAction\",\"target\":{\"@type\":\"EntryPoint\",\"urlTemplate\":\"https:\/\/dhr.se\/stockholmslan\/?s={search_term_string}\"},\"query-input\":{\"@type\":\"PropertyValueSpecification\",\"valueRequired\":true,\"valueName\":\"search_term_string\"}}],\"inLanguage\":\"sv-SE\"},{\"@type\":\"Organization\",\"@id\":\"https:\/\/dhr.se\/stockholmslan\/#organization\",\"name\":\"DHR Region Stockholm\",\"url\":\"https:\/\/dhr.se\/stockholmslan\/\",\"logo\":{\"@type\":\"ImageObject\",\"inLanguage\":\"sv-SE\",\"@id\":\"https:\/\/dhr.se\/stockholmslan\/#\/schema\/logo\/image\/\",\"url\":\"https:\/\/dhr.se\/stockholmslan\/wp-content\/uploads\/sites\/5\/2021\/12\/REGION-STOCKHOLM-orange-48-p.jpg\",\"contentUrl\":\"https:\/\/dhr.se\/stockholmslan\/wp-content\/uploads\/sites\/5\/2021\/12\/REGION-STOCKHOLM-orange-48-p.jpg\",\"width\":891,\"height\":694,\"caption\":\"DHR Region Stockholm\"},\"image\":{\"@id\":\"https:\/\/dhr.se\/stockholmslan\/#\/schema\/logo\/image\/\"},\"sameAs\":[\"https:\/\/www.facebook.com\/DHRStockholmsLan\",\"https:\/\/www.instagram.com\/dhr_sld\/\"]}]}<\/script>\n<!-- \/ Yoast SEO plugin. -->","yoast_head_json":{"title":"DHR S\u00f6dert\u00e4ljeavdelningen - DHR - Region Stockholm","robots":{"index":"index","follow":"follow","max-snippet":"max-snippet:-1","max-image-preview":"max-image-preview:large","max-video-preview":"max-video-preview:-1"},"canonical":"https:\/\/dhr.se\/stockholmslan\/dhr-i-din-kommun\/dhr-sodertaljeavdelningen\/","og_locale":"sv_SE","og_type":"article","og_title":"DHR S\u00f6dert\u00e4ljeavdelningen - DHR - Region Stockholm","og_url":"https:\/\/dhr.se\/stockholmslan\/dhr-i-din-kommun\/dhr-sodertaljeavdelningen\/","og_site_name":"DHR - Region Stockholm","article_publisher":"https:\/\/www.facebook.com\/DHRStockholmsLan","article_modified_time":"2024-05-28T09:19:38+00:00","twitter_card":"summary_large_image","schema":{"@context":"https:\/\/schema.org","@graph":[{"@type":"WebPage","@id":"https:\/\/dhr.se\/stockholmslan\/dhr-i-din-kommun\/dhr-sodertaljeavdelningen\/","url":"https:\/\/dhr.se\/stockholmslan\/dhr-i-din-kommun\/dhr-sodertaljeavdelningen\/","name":"DHR S\u00f6dert\u00e4ljeavdelningen - DHR - Region Stockholm","isPartOf":{"@id":"https:\/\/dhr.se\/stockholmslan\/#website"},"datePublished":"2020-05-11T14:40:52+00:00","dateModified":"2024-05-28T09:19:38+00:00","breadcrumb":{"@id":"https:\/\/dhr.se\/stockholmslan\/dhr-i-din-kommun\/dhr-sodertaljeavdelningen\/#breadcrumb"},"inLanguage":"sv-SE","potentialAction":[{"@type":"ReadAction","target":["https:\/\/dhr.se\/stockholmslan\/dhr-i-din-kommun\/dhr-sodertaljeavdelningen\/"]}]},{"@type":"BreadcrumbList","@id":"https:\/\/dhr.se\/stockholmslan\/dhr-i-din-kommun\/dhr-sodertaljeavdelningen\/#breadcrumb","itemListElement":[{"@type":"ListItem","position":1,"name":"Hem","item":"https:\/\/dhr.se\/stockholmslan\/"},{"@type":"ListItem","position":2,"name":"DHR i din kommun","item":"https:\/\/dhr.se\/stockholmslan\/dhr-i-din-kommun\/"},{"@type":"ListItem","position":3,"name":"DHR S\u00f6dert\u00e4ljeavdelningen"}]},{"@type":"WebSite","@id":"https:\/\/dhr.se\/stockholmslan\/#website","url":"https:\/\/dhr.se\/stockholmslan\/","name":"DHR - Region Stockholm","description":"Delaktighet - Handlingskraft - R\u00f6relsefrihet","publisher":{"@id":"https:\/\/dhr.se\/stockholmslan\/#organization"},"potentialAction":[{"@type":"SearchAction","target":{"@type":"EntryPoint","urlTemplate":"https:\/\/dhr.se\/stockholmslan\/?s={search_term_string}"},"query-input":{"@type":"PropertyValueSpecification","valueRequired":true,"valueName":"search_term_string"}}],"inLanguage":"sv-SE"},{"@type":"Organization","@id":"https:\/\/dhr.se\/stockholmslan\/#organization","name":"DHR Region Stockholm","url":"https:\/\/dhr.se\/stockholmslan\/","logo":{"@type":"ImageObject","inLanguage":"sv-SE","@id":"https:\/\/dhr.se\/stockholmslan\/#\/schema\/logo\/image\/","url":"https:\/\/dhr.se\/stockholmslan\/wp-content\/uploads\/sites\/5\/2021\/12\/REGION-STOCKHOLM-orange-48-p.jpg","contentUrl":"https:\/\/dhr.se\/stockholmslan\/wp-content\/uploads\/sites\/5\/2021\/12\/REGION-STOCKHOLM-orange-48-p.jpg","width":891,"height":694,"caption":"DHR Region Stockholm"},"image":{"@id":"https:\/\/dhr.se\/stockholmslan\/#\/schema\/logo\/image\/"},"sameAs":["https:\/\/www.facebook.com\/DHRStockholmsLan","https:\/\/www.instagram.com\/dhr_sld\/"]}]}},"publishpress_future_action":{"enabled":false,"date":"2026-04-24 08:40:57","action":"change-status","newStatus":"draft","terms":[],"taxonomy":"translation_priority","extraData":[]},"publishpress_future_workflow_manual_trigger":{"enabledWorkflows":[]},"_links":{"self":[{"href":"https:\/\/dhr.se\/stockholmslan\/wp-json\/wp\/v2\/pages\/2089","targetHints":{"allow":["GET"]}}],"collection":[{"href":"https:\/\/dhr.se\/stockholmslan\/wp-json\/wp\/v2\/pages"}],"about":[{"href":"https:\/\/dhr.se\/stockholmslan\/wp-json\/wp\/v2\/types\/page"}],"author":[{"embeddable":true,"href":"https:\/\/dhr.se\/stockholmslan\/wp-json\/wp\/v2\/users\/9"}],"replies":[{"embeddable":true,"href":"https:\/\/dhr.se\/stockholmslan\/wp-json\/wp\/v2\/comments?post=2089"}],"version-history":[{"count":0,"href":"https:\/\/dhr.se\/stockholmslan\/wp-json\/wp\/v2\/pages\/2089\/revisions"}],"up":[{"embeddable":true,"href":"https:\/\/dhr.se\/stockholmslan\/wp-json\/wp\/v2\/pages\/2047"}],"wp:attachment":[{"href":"https:\/\/dhr.se\/stockholmslan\/wp-json\/wp\/v2\/media?parent=2089"}],"curies":[{"name":"wp","href":"https:\/\/api.w.org\/{rel}","templated":true}]}}