{"id":2170,"date":"2020-05-13T10:50:33","date_gmt":"2020-05-13T08:50:33","guid":{"rendered":"http:\/\/dhr.se\/stockholmslan\/?page_id=2170"},"modified":"2025-09-05T15:50:13","modified_gmt":"2025-09-05T13:50:13","slug":"valberedningens-arbete","status":"publish","type":"page","link":"https:\/\/dhr.se\/stockholmslan\/om-dhr-stockholms-lans-distrikt\/kontakt\/valberedningens-arbete\/","title":{"rendered":"Valberedningens arbete"},"content":{"rendered":"<section class=\"block-simple-text\">\n    <div class=\"main\">\n        <div class=\"main-inner\">\n            <div class=\"ingress text-darker\"><p>Valberedningen har en viktig uppgift. Valberedningens fr\u00e4msta arbetsuppgift \u00e4r att ta in synpunkter ifr\u00e5n medlemmarna i regionen och \u00e4ven att ge egna f\u00f6rslag till nya f\u00f6rtroendevalda.<\/p>\n<p><strong>Vid DHR Region Stockholms \u00e5rsm\u00f6te 2025 valdes f\u00f6ljande personer till valberedning (f\u00f6r en tid av ett \u00e5r)<\/strong>:<br \/>\nMary Hagman (sammankallande)<br \/>\nEmelie Utas<br \/>\nLudwig Hellstr\u00f6m<\/p>\n<p><strong>F\u00f6r att kontakta Valberedningen, mejla till: <a href=\"mailto:valberedning.regionstockholm@dhr.se\" data-linkindex=\"9\">valberedning.regionstockholm@dhr.se<\/a><\/strong><\/p>\n<p><strong><img loading=\"lazy\" decoding=\"async\" class=\"size-full wp-image-2409 aligncenter\" src=\"http:\/\/dhr.se\/stockholmslan\/wp-content\/uploads\/sites\/5\/2021\/04\/Rundabordet.jpg\" alt=\"\" width=\"306\" height=\"262\" srcset=\"https:\/\/dhr.se\/stockholmslan\/wp-content\/uploads\/sites\/5\/2021\/04\/Rundabordet.jpg 306w, https:\/\/dhr.se\/stockholmslan\/wp-content\/uploads\/sites\/5\/2021\/04\/Rundabordet-300x257.jpg 300w\" sizes=\"auto, (max-width: 306px) 100vw, 306px\" \/><\/strong><\/p>\n<\/div>\n            <div class=\"content\"><\/div>\n        <\/div>\n    <\/div>\n<\/section>","protected":false},"excerpt":{"rendered":"","protected":false},"author":9,"featured_media":2153,"parent":1444,"menu_order":0,"comment_status":"closed","ping_status":"closed","template":"template-side-menu.php","meta":{"_acf_changed":false,"_monsterinsights_skip_tracking":false,"_monsterinsights_sitenote_active":false,"_monsterinsights_sitenote_note":"","_monsterinsights_sitenote_category":0,"footnotes":""},"class_list":["post-2170","page","type-page","status-publish","has-post-thumbnail","hentry"],"acf":[],"yoast_head":"<!-- This site is optimized with the Yoast SEO plugin v27.2 - https:\/\/yoast.com\/product\/yoast-seo-wordpress\/ -->\n<title>Valberedningens arbete - DHR - Region Stockholm<\/title>\n<meta name=\"robots\" content=\"index, follow, max-snippet:-1, max-image-preview:large, max-video-preview:-1\" \/>\n<link rel=\"canonical\" href=\"https:\/\/dhr.se\/stockholmslan\/om-dhr-stockholms-lans-distrikt\/kontakt\/valberedningens-arbete\/\" \/>\n<meta property=\"og:locale\" content=\"sv_SE\" \/>\n<meta property=\"og:type\" content=\"article\" \/>\n<meta property=\"og:title\" content=\"Valberedningens arbete - DHR - Region Stockholm\" \/>\n<meta property=\"og:url\" content=\"https:\/\/dhr.se\/stockholmslan\/om-dhr-stockholms-lans-distrikt\/kontakt\/valberedningens-arbete\/\" \/>\n<meta property=\"og:site_name\" content=\"DHR - Region Stockholm\" \/>\n<meta property=\"article:publisher\" content=\"https:\/\/www.facebook.com\/DHRStockholmsLan\" \/>\n<meta property=\"article:modified_time\" content=\"2025-09-05T13:50:13+00:00\" \/>\n<meta property=\"og:image\" content=\"https:\/\/dhr.se\/stockholmslan\/wp-content\/uploads\/sites\/5\/2020\/05\/family-law-329569_1920.jpg\" \/>\n\t<meta property=\"og:image:width\" content=\"1920\" \/>\n\t<meta property=\"og:image:height\" content=\"1357\" \/>\n\t<meta property=\"og:image:type\" content=\"image\/jpeg\" \/>\n<meta name=\"twitter:card\" content=\"summary_large_image\" \/>\n<meta name=\"twitter:label1\" content=\"Ber\u00e4knad l\u00e4stid\" \/>\n\t<meta name=\"twitter:data1\" content=\"1 minut\" \/>\n<script type=\"application\/ld+json\" class=\"yoast-schema-graph\">{\"@context\":\"https:\/\/schema.org\",\"@graph\":[{\"@type\":\"WebPage\",\"@id\":\"https:\/\/dhr.se\/stockholmslan\/om-dhr-stockholms-lans-distrikt\/kontakt\/valberedningens-arbete\/\",\"url\":\"https:\/\/dhr.se\/stockholmslan\/om-dhr-stockholms-lans-distrikt\/kontakt\/valberedningens-arbete\/\",\"name\":\"Valberedningens arbete - DHR - Region Stockholm\",\"isPartOf\":{\"@id\":\"https:\/\/dhr.se\/stockholmslan\/#website\"},\"primaryImageOfPage\":{\"@id\":\"https:\/\/dhr.se\/stockholmslan\/om-dhr-stockholms-lans-distrikt\/kontakt\/valberedningens-arbete\/#primaryimage\"},\"image\":{\"@id\":\"https:\/\/dhr.se\/stockholmslan\/om-dhr-stockholms-lans-distrikt\/kontakt\/valberedningens-arbete\/#primaryimage\"},\"thumbnailUrl\":\"https:\/\/dhr.se\/stockholmslan\/wp-content\/uploads\/sites\/5\/2020\/05\/family-law-329569_1920.jpg\",\"datePublished\":\"2020-05-13T08:50:33+00:00\",\"dateModified\":\"2025-09-05T13:50:13+00:00\",\"breadcrumb\":{\"@id\":\"https:\/\/dhr.se\/stockholmslan\/om-dhr-stockholms-lans-distrikt\/kontakt\/valberedningens-arbete\/#breadcrumb\"},\"inLanguage\":\"sv-SE\",\"potentialAction\":[{\"@type\":\"ReadAction\",\"target\":[\"https:\/\/dhr.se\/stockholmslan\/om-dhr-stockholms-lans-distrikt\/kontakt\/valberedningens-arbete\/\"]}]},{\"@type\":\"ImageObject\",\"inLanguage\":\"sv-SE\",\"@id\":\"https:\/\/dhr.se\/stockholmslan\/om-dhr-stockholms-lans-distrikt\/kontakt\/valberedningens-arbete\/#primaryimage\",\"url\":\"https:\/\/dhr.se\/stockholmslan\/wp-content\/uploads\/sites\/5\/2020\/05\/family-law-329569_1920.jpg\",\"contentUrl\":\"https:\/\/dhr.se\/stockholmslan\/wp-content\/uploads\/sites\/5\/2020\/05\/family-law-329569_1920.jpg\",\"width\":1920,\"height\":1357},{\"@type\":\"BreadcrumbList\",\"@id\":\"https:\/\/dhr.se\/stockholmslan\/om-dhr-stockholms-lans-distrikt\/kontakt\/valberedningens-arbete\/#breadcrumb\",\"itemListElement\":[{\"@type\":\"ListItem\",\"position\":1,\"name\":\"Hem\",\"item\":\"https:\/\/dhr.se\/stockholmslan\/\"},{\"@type\":\"ListItem\",\"position\":2,\"name\":\"Om oss\",\"item\":\"https:\/\/dhr.se\/stockholmslan\/om-dhr-stockholms-lans-distrikt\/\"},{\"@type\":\"ListItem\",\"position\":3,\"name\":\"Kontakt\",\"item\":\"https:\/\/dhr.se\/stockholmslan\/om-dhr-stockholms-lans-distrikt\/kontakt\/\"},{\"@type\":\"ListItem\",\"position\":4,\"name\":\"Valberedningens arbete\"}]},{\"@type\":\"WebSite\",\"@id\":\"https:\/\/dhr.se\/stockholmslan\/#website\",\"url\":\"https:\/\/dhr.se\/stockholmslan\/\",\"name\":\"DHR - Region Stockholm\",\"description\":\"Delaktighet - Handlingskraft - R\u00f6relsefrihet\",\"publisher\":{\"@id\":\"https:\/\/dhr.se\/stockholmslan\/#organization\"},\"potentialAction\":[{\"@type\":\"SearchAction\",\"target\":{\"@type\":\"EntryPoint\",\"urlTemplate\":\"https:\/\/dhr.se\/stockholmslan\/?s={search_term_string}\"},\"query-input\":{\"@type\":\"PropertyValueSpecification\",\"valueRequired\":true,\"valueName\":\"search_term_string\"}}],\"inLanguage\":\"sv-SE\"},{\"@type\":\"Organization\",\"@id\":\"https:\/\/dhr.se\/stockholmslan\/#organization\",\"name\":\"DHR Region Stockholm\",\"url\":\"https:\/\/dhr.se\/stockholmslan\/\",\"logo\":{\"@type\":\"ImageObject\",\"inLanguage\":\"sv-SE\",\"@id\":\"https:\/\/dhr.se\/stockholmslan\/#\/schema\/logo\/image\/\",\"url\":\"https:\/\/dhr.se\/stockholmslan\/wp-content\/uploads\/sites\/5\/2021\/12\/REGION-STOCKHOLM-orange-48-p.jpg\",\"contentUrl\":\"https:\/\/dhr.se\/stockholmslan\/wp-content\/uploads\/sites\/5\/2021\/12\/REGION-STOCKHOLM-orange-48-p.jpg\",\"width\":891,\"height\":694,\"caption\":\"DHR Region Stockholm\"},\"image\":{\"@id\":\"https:\/\/dhr.se\/stockholmslan\/#\/schema\/logo\/image\/\"},\"sameAs\":[\"https:\/\/www.facebook.com\/DHRStockholmsLan\",\"https:\/\/www.instagram.com\/dhr_sld\/\"]}]}<\/script>\n<!-- \/ Yoast SEO plugin. -->","yoast_head_json":{"title":"Valberedningens arbete - DHR - Region Stockholm","robots":{"index":"index","follow":"follow","max-snippet":"max-snippet:-1","max-image-preview":"max-image-preview:large","max-video-preview":"max-video-preview:-1"},"canonical":"https:\/\/dhr.se\/stockholmslan\/om-dhr-stockholms-lans-distrikt\/kontakt\/valberedningens-arbete\/","og_locale":"sv_SE","og_type":"article","og_title":"Valberedningens arbete - DHR - Region Stockholm","og_url":"https:\/\/dhr.se\/stockholmslan\/om-dhr-stockholms-lans-distrikt\/kontakt\/valberedningens-arbete\/","og_site_name":"DHR - Region Stockholm","article_publisher":"https:\/\/www.facebook.com\/DHRStockholmsLan","article_modified_time":"2025-09-05T13:50:13+00:00","og_image":[{"width":1920,"height":1357,"url":"https:\/\/dhr.se\/stockholmslan\/wp-content\/uploads\/sites\/5\/2020\/05\/family-law-329569_1920.jpg","type":"image\/jpeg"}],"twitter_card":"summary_large_image","twitter_misc":{"Ber\u00e4knad l\u00e4stid":"1 minut"},"schema":{"@context":"https:\/\/schema.org","@graph":[{"@type":"WebPage","@id":"https:\/\/dhr.se\/stockholmslan\/om-dhr-stockholms-lans-distrikt\/kontakt\/valberedningens-arbete\/","url":"https:\/\/dhr.se\/stockholmslan\/om-dhr-stockholms-lans-distrikt\/kontakt\/valberedningens-arbete\/","name":"Valberedningens arbete - DHR - Region Stockholm","isPartOf":{"@id":"https:\/\/dhr.se\/stockholmslan\/#website"},"primaryImageOfPage":{"@id":"https:\/\/dhr.se\/stockholmslan\/om-dhr-stockholms-lans-distrikt\/kontakt\/valberedningens-arbete\/#primaryimage"},"image":{"@id":"https:\/\/dhr.se\/stockholmslan\/om-dhr-stockholms-lans-distrikt\/kontakt\/valberedningens-arbete\/#primaryimage"},"thumbnailUrl":"https:\/\/dhr.se\/stockholmslan\/wp-content\/uploads\/sites\/5\/2020\/05\/family-law-329569_1920.jpg","datePublished":"2020-05-13T08:50:33+00:00","dateModified":"2025-09-05T13:50:13+00:00","breadcrumb":{"@id":"https:\/\/dhr.se\/stockholmslan\/om-dhr-stockholms-lans-distrikt\/kontakt\/valberedningens-arbete\/#breadcrumb"},"inLanguage":"sv-SE","potentialAction":[{"@type":"ReadAction","target":["https:\/\/dhr.se\/stockholmslan\/om-dhr-stockholms-lans-distrikt\/kontakt\/valberedningens-arbete\/"]}]},{"@type":"ImageObject","inLanguage":"sv-SE","@id":"https:\/\/dhr.se\/stockholmslan\/om-dhr-stockholms-lans-distrikt\/kontakt\/valberedningens-arbete\/#primaryimage","url":"https:\/\/dhr.se\/stockholmslan\/wp-content\/uploads\/sites\/5\/2020\/05\/family-law-329569_1920.jpg","contentUrl":"https:\/\/dhr.se\/stockholmslan\/wp-content\/uploads\/sites\/5\/2020\/05\/family-law-329569_1920.jpg","width":1920,"height":1357},{"@type":"BreadcrumbList","@id":"https:\/\/dhr.se\/stockholmslan\/om-dhr-stockholms-lans-distrikt\/kontakt\/valberedningens-arbete\/#breadcrumb","itemListElement":[{"@type":"ListItem","position":1,"name":"Hem","item":"https:\/\/dhr.se\/stockholmslan\/"},{"@type":"ListItem","position":2,"name":"Om oss","item":"https:\/\/dhr.se\/stockholmslan\/om-dhr-stockholms-lans-distrikt\/"},{"@type":"ListItem","position":3,"name":"Kontakt","item":"https:\/\/dhr.se\/stockholmslan\/om-dhr-stockholms-lans-distrikt\/kontakt\/"},{"@type":"ListItem","position":4,"name":"Valberedningens arbete"}]},{"@type":"WebSite","@id":"https:\/\/dhr.se\/stockholmslan\/#website","url":"https:\/\/dhr.se\/stockholmslan\/","name":"DHR - Region Stockholm","description":"Delaktighet - Handlingskraft - R\u00f6relsefrihet","publisher":{"@id":"https:\/\/dhr.se\/stockholmslan\/#organization"},"potentialAction":[{"@type":"SearchAction","target":{"@type":"EntryPoint","urlTemplate":"https:\/\/dhr.se\/stockholmslan\/?s={search_term_string}"},"query-input":{"@type":"PropertyValueSpecification","valueRequired":true,"valueName":"search_term_string"}}],"inLanguage":"sv-SE"},{"@type":"Organization","@id":"https:\/\/dhr.se\/stockholmslan\/#organization","name":"DHR Region Stockholm","url":"https:\/\/dhr.se\/stockholmslan\/","logo":{"@type":"ImageObject","inLanguage":"sv-SE","@id":"https:\/\/dhr.se\/stockholmslan\/#\/schema\/logo\/image\/","url":"https:\/\/dhr.se\/stockholmslan\/wp-content\/uploads\/sites\/5\/2021\/12\/REGION-STOCKHOLM-orange-48-p.jpg","contentUrl":"https:\/\/dhr.se\/stockholmslan\/wp-content\/uploads\/sites\/5\/2021\/12\/REGION-STOCKHOLM-orange-48-p.jpg","width":891,"height":694,"caption":"DHR Region Stockholm"},"image":{"@id":"https:\/\/dhr.se\/stockholmslan\/#\/schema\/logo\/image\/"},"sameAs":["https:\/\/www.facebook.com\/DHRStockholmsLan","https:\/\/www.instagram.com\/dhr_sld\/"]}]}},"publishpress_future_action":{"enabled":false,"date":"2026-04-30 22:13:18","action":"change-status","newStatus":"draft","terms":[],"taxonomy":"translation_priority","extraData":[]},"publishpress_future_workflow_manual_trigger":{"enabledWorkflows":[]},"_links":{"self":[{"href":"https:\/\/dhr.se\/stockholmslan\/wp-json\/wp\/v2\/pages\/2170","targetHints":{"allow":["GET"]}}],"collection":[{"href":"https:\/\/dhr.se\/stockholmslan\/wp-json\/wp\/v2\/pages"}],"about":[{"href":"https:\/\/dhr.se\/stockholmslan\/wp-json\/wp\/v2\/types\/page"}],"author":[{"embeddable":true,"href":"https:\/\/dhr.se\/stockholmslan\/wp-json\/wp\/v2\/users\/9"}],"replies":[{"embeddable":true,"href":"https:\/\/dhr.se\/stockholmslan\/wp-json\/wp\/v2\/comments?post=2170"}],"version-history":[{"count":0,"href":"https:\/\/dhr.se\/stockholmslan\/wp-json\/wp\/v2\/pages\/2170\/revisions"}],"up":[{"embeddable":true,"href":"https:\/\/dhr.se\/stockholmslan\/wp-json\/wp\/v2\/pages\/1444"}],"wp:featuredmedia":[{"embeddable":true,"href":"https:\/\/dhr.se\/stockholmslan\/wp-json\/wp\/v2\/media\/2153"}],"wp:attachment":[{"href":"https:\/\/dhr.se\/stockholmslan\/wp-json\/wp\/v2\/media?parent=2170"}],"curies":[{"name":"wp","href":"https:\/\/api.w.org\/{rel}","templated":true}]}}