{"id":2413,"date":"2021-04-02T15:30:45","date_gmt":"2021-04-02T13:30:45","guid":{"rendered":"http:\/\/dhr.se\/stockholmslan\/?page_id=2413"},"modified":"2022-08-16T10:51:18","modified_gmt":"2022-08-16T08:51:18","slug":"dhr-regionens-historik","status":"publish","type":"page","link":"https:\/\/dhr.se\/stockholmslan\/om-dhr-stockholms-lans-distrikt\/dhr-regionens-historik\/","title":{"rendered":"DHR-regionens historik"},"content":{"rendered":"\n<div class=\"wp-block-media-text alignwide has-media-on-the-right is-stacked-on-mobile is-vertically-aligned-top\"><figure class=\"wp-block-media-text__media\"><img decoding=\"async\" src=\"https:\/\/dhr.se\/stockholmslan\/wp-content\/uploads\/sites\/5\/2021\/04\/lanskarta.jpg\" alt=\"\" class=\"wp-image-2417 size-full\" \/><\/figure><div class=\"wp-block-media-text__content\">\n<p>Den 5 augusti 1962 bildades en <strong>samarbetskommitt\u00e9<\/strong> f\u00f6r DHR-avdelningarna i Stockholms stad och l\u00e4n. Det \u00e4r dock f\u00f6rst fr o m 1964 som det finns en del handlingar bevarade. Stockholm, S\u00f6dert\u00e4lje och \u00d6sthammar var de avdelningar som fanns i l\u00e4net vid denna tid.<\/p>\n\n\n\n<p>Den <strong>f\u00f6rsta ordf\u00f6randen<\/strong> i DHRs l\u00e4nskommitt\u00e9 i Stockholms stad och l\u00e4n, som samarbetskommitt\u00e9n kallades, var Stockholmsavdelningens ordf\u00f6rande Olof Nilsson, och den f\u00f6rsta sekreteraren var \u00d6sthammarsavdelningens ordf\u00f6rande Karin Holmberg.<\/p>\n<\/div><\/div>\n\n\n\n<p>1966 leddes kommitt\u00e9n av ett arbetsutskott, som sammantr\u00e4dde ungef\u00e4r en g\u00e5ng i kvartalet. En g\u00e5ng per \u00e5r samlades representanter f\u00f6r avdelningarna till s k representantskapsm\u00f6te \u2013 en form av \u00e5rsm\u00f6te \u2013 d\u00e4r man tog upp gemensamma angel\u00e4genheter, valde arbetsutskott och f\u00f6rdelade ett mindre anslag fr\u00e5n landstinget mellan befintliga avdelningar inom Stockholms stad och l\u00e4n, ca 7.000 kr.<\/p>\n\n\n\n<p>I slutet av 1960-talet omfattade Stockholms l\u00e4n 48 kommuner. Stockholms stad ingick inte i l\u00e4net. Det var f\u00f6rst 1970, d\u00e5 det s k storlandstinget kom till, som Stockholms stad inf\u00f6rlivades med Stockholms l\u00e4n. Samtidigt f\u00f6rsvann \u00d6sthammar fr\u00e5n l\u00e4net och inf\u00f6rlivades med Uppsala l\u00e4n. L\u00e4nskommitt\u00e9n \u00e4ndrade 1970 namn till Stockholms l\u00e4nskommitt\u00e9 av DHR.<\/p>\n\n\n\n<p><strong>Den 29 oktober 2021<\/strong> bytte vi namn till <strong>DHR Region Stockholm<\/strong>. Namnbytet f\u00f6ll sig naturligt eftersom vi har v\u00e5rt r\u00e4ttighetspolitiska fokus kring regionfr\u00e5gor s\u00e5som exempelvis sjukv\u00e5rd och hj\u00e4lpmedel.<br>Vi har samverkat med regionens olika n\u00e4mnder och f\u00f6rvaltningar i flera \u00e5r och kommer att forts\u00e4tta med det.<\/p>\n","protected":false},"excerpt":{"rendered":"<p>Den 5 augusti 1962 bildades en samarbetskommitt\u00e9 f\u00f6r DHR-avdelningarna i Stockholms stad och l\u00e4n. Det \u00e4r dock f\u00f6rst fr o m 1964 som det finns en del handlingar bevarade. Stockholm, S\u00f6dert\u00e4lje och \u00d6sthammar var de avdelningar som fanns i l\u00e4net[&hellip;]<\/p>\n","protected":false},"author":9,"featured_media":0,"parent":936,"menu_order":0,"comment_status":"open","ping_status":"closed","template":"template-side-menu.php","meta":{"_acf_changed":false,"_monsterinsights_skip_tracking":false,"_monsterinsights_sitenote_active":false,"_monsterinsights_sitenote_note":"","_monsterinsights_sitenote_category":0,"footnotes":""},"class_list":["post-2413","page","type-page","status-publish","hentry"],"acf":[],"yoast_head":"<!-- This site is optimized with the Yoast SEO plugin v27.2 - https:\/\/yoast.com\/product\/yoast-seo-wordpress\/ -->\n<title>DHR-regionens historik - DHR - Region Stockholm<\/title>\n<meta name=\"robots\" content=\"index, follow, max-snippet:-1, max-image-preview:large, max-video-preview:-1\" \/>\n<link rel=\"canonical\" href=\"https:\/\/dhr.se\/stockholmslan\/om-dhr-stockholms-lans-distrikt\/dhr-regionens-historik\/\" \/>\n<meta property=\"og:locale\" content=\"sv_SE\" \/>\n<meta property=\"og:type\" content=\"article\" \/>\n<meta property=\"og:title\" content=\"DHR-regionens historik - DHR - Region Stockholm\" \/>\n<meta property=\"og:description\" content=\"Den 5 augusti 1962 bildades en samarbetskommitt\u00e9 f\u00f6r DHR-avdelningarna i Stockholms stad och l\u00e4n. Det \u00e4r dock f\u00f6rst fr o m 1964 som det finns en del handlingar bevarade. Stockholm, S\u00f6dert\u00e4lje och \u00d6sthammar var de avdelningar som fanns i l\u00e4net[&hellip;]\" \/>\n<meta property=\"og:url\" content=\"https:\/\/dhr.se\/stockholmslan\/om-dhr-stockholms-lans-distrikt\/dhr-regionens-historik\/\" \/>\n<meta property=\"og:site_name\" content=\"DHR - Region Stockholm\" \/>\n<meta property=\"article:publisher\" content=\"https:\/\/www.facebook.com\/DHRStockholmsLan\" \/>\n<meta property=\"article:modified_time\" content=\"2022-08-16T08:51:18+00:00\" \/>\n<meta property=\"og:image\" content=\"https:\/\/dhr.se\/stockholmslan\/wp-content\/uploads\/sites\/5\/2021\/04\/lanskarta.jpg\" \/>\n<meta name=\"twitter:card\" content=\"summary_large_image\" \/>\n<meta name=\"twitter:label1\" content=\"Ber\u00e4knad l\u00e4stid\" \/>\n\t<meta name=\"twitter:data1\" content=\"2 minuter\" \/>\n<script type=\"application\/ld+json\" class=\"yoast-schema-graph\">{\"@context\":\"https:\/\/schema.org\",\"@graph\":[{\"@type\":\"WebPage\",\"@id\":\"https:\/\/dhr.se\/stockholmslan\/om-dhr-stockholms-lans-distrikt\/dhr-regionens-historik\/\",\"url\":\"https:\/\/dhr.se\/stockholmslan\/om-dhr-stockholms-lans-distrikt\/dhr-regionens-historik\/\",\"name\":\"DHR-regionens historik - DHR - Region Stockholm\",\"isPartOf\":{\"@id\":\"https:\/\/dhr.se\/stockholmslan\/#website\"},\"primaryImageOfPage\":{\"@id\":\"https:\/\/dhr.se\/stockholmslan\/om-dhr-stockholms-lans-distrikt\/dhr-regionens-historik\/#primaryimage\"},\"image\":{\"@id\":\"https:\/\/dhr.se\/stockholmslan\/om-dhr-stockholms-lans-distrikt\/dhr-regionens-historik\/#primaryimage\"},\"thumbnailUrl\":\"https:\/\/dhr.se\/stockholmslan\/wp-content\/uploads\/sites\/5\/2021\/04\/lanskarta.jpg\",\"datePublished\":\"2021-04-02T13:30:45+00:00\",\"dateModified\":\"2022-08-16T08:51:18+00:00\",\"breadcrumb\":{\"@id\":\"https:\/\/dhr.se\/stockholmslan\/om-dhr-stockholms-lans-distrikt\/dhr-regionens-historik\/#breadcrumb\"},\"inLanguage\":\"sv-SE\",\"potentialAction\":[{\"@type\":\"ReadAction\",\"target\":[\"https:\/\/dhr.se\/stockholmslan\/om-dhr-stockholms-lans-distrikt\/dhr-regionens-historik\/\"]}]},{\"@type\":\"ImageObject\",\"inLanguage\":\"sv-SE\",\"@id\":\"https:\/\/dhr.se\/stockholmslan\/om-dhr-stockholms-lans-distrikt\/dhr-regionens-historik\/#primaryimage\",\"url\":\"https:\/\/dhr.se\/stockholmslan\/wp-content\/uploads\/sites\/5\/2021\/04\/lanskarta-e1629275961325.jpg\",\"contentUrl\":\"https:\/\/dhr.se\/stockholmslan\/wp-content\/uploads\/sites\/5\/2021\/04\/lanskarta-e1629275961325.jpg\",\"width\":500,\"height\":675},{\"@type\":\"BreadcrumbList\",\"@id\":\"https:\/\/dhr.se\/stockholmslan\/om-dhr-stockholms-lans-distrikt\/dhr-regionens-historik\/#breadcrumb\",\"itemListElement\":[{\"@type\":\"ListItem\",\"position\":1,\"name\":\"Hem\",\"item\":\"https:\/\/dhr.se\/stockholmslan\/\"},{\"@type\":\"ListItem\",\"position\":2,\"name\":\"Om oss\",\"item\":\"https:\/\/dhr.se\/stockholmslan\/om-dhr-stockholms-lans-distrikt\/\"},{\"@type\":\"ListItem\",\"position\":3,\"name\":\"DHR-regionens historik\"}]},{\"@type\":\"WebSite\",\"@id\":\"https:\/\/dhr.se\/stockholmslan\/#website\",\"url\":\"https:\/\/dhr.se\/stockholmslan\/\",\"name\":\"DHR - Region Stockholm\",\"description\":\"Delaktighet - Handlingskraft - R\u00f6relsefrihet\",\"publisher\":{\"@id\":\"https:\/\/dhr.se\/stockholmslan\/#organization\"},\"potentialAction\":[{\"@type\":\"SearchAction\",\"target\":{\"@type\":\"EntryPoint\",\"urlTemplate\":\"https:\/\/dhr.se\/stockholmslan\/?s={search_term_string}\"},\"query-input\":{\"@type\":\"PropertyValueSpecification\",\"valueRequired\":true,\"valueName\":\"search_term_string\"}}],\"inLanguage\":\"sv-SE\"},{\"@type\":\"Organization\",\"@id\":\"https:\/\/dhr.se\/stockholmslan\/#organization\",\"name\":\"DHR Region Stockholm\",\"url\":\"https:\/\/dhr.se\/stockholmslan\/\",\"logo\":{\"@type\":\"ImageObject\",\"inLanguage\":\"sv-SE\",\"@id\":\"https:\/\/dhr.se\/stockholmslan\/#\/schema\/logo\/image\/\",\"url\":\"https:\/\/dhr.se\/stockholmslan\/wp-content\/uploads\/sites\/5\/2021\/12\/REGION-STOCKHOLM-orange-48-p.jpg\",\"contentUrl\":\"https:\/\/dhr.se\/stockholmslan\/wp-content\/uploads\/sites\/5\/2021\/12\/REGION-STOCKHOLM-orange-48-p.jpg\",\"width\":891,\"height\":694,\"caption\":\"DHR Region Stockholm\"},\"image\":{\"@id\":\"https:\/\/dhr.se\/stockholmslan\/#\/schema\/logo\/image\/\"},\"sameAs\":[\"https:\/\/www.facebook.com\/DHRStockholmsLan\",\"https:\/\/www.instagram.com\/dhr_sld\/\"]}]}<\/script>\n<!-- \/ Yoast SEO plugin. -->","yoast_head_json":{"title":"DHR-regionens historik - DHR - Region Stockholm","robots":{"index":"index","follow":"follow","max-snippet":"max-snippet:-1","max-image-preview":"max-image-preview:large","max-video-preview":"max-video-preview:-1"},"canonical":"https:\/\/dhr.se\/stockholmslan\/om-dhr-stockholms-lans-distrikt\/dhr-regionens-historik\/","og_locale":"sv_SE","og_type":"article","og_title":"DHR-regionens historik - DHR - Region Stockholm","og_description":"Den 5 augusti 1962 bildades en samarbetskommitt\u00e9 f\u00f6r DHR-avdelningarna i Stockholms stad och l\u00e4n. Det \u00e4r dock f\u00f6rst fr o m 1964 som det finns en del handlingar bevarade. Stockholm, S\u00f6dert\u00e4lje och \u00d6sthammar var de avdelningar som fanns i l\u00e4net[&hellip;]","og_url":"https:\/\/dhr.se\/stockholmslan\/om-dhr-stockholms-lans-distrikt\/dhr-regionens-historik\/","og_site_name":"DHR - Region Stockholm","article_publisher":"https:\/\/www.facebook.com\/DHRStockholmsLan","article_modified_time":"2022-08-16T08:51:18+00:00","og_image":[{"url":"https:\/\/dhr.se\/stockholmslan\/wp-content\/uploads\/sites\/5\/2021\/04\/lanskarta.jpg","type":"","width":"","height":""}],"twitter_card":"summary_large_image","twitter_misc":{"Ber\u00e4knad l\u00e4stid":"2 minuter"},"schema":{"@context":"https:\/\/schema.org","@graph":[{"@type":"WebPage","@id":"https:\/\/dhr.se\/stockholmslan\/om-dhr-stockholms-lans-distrikt\/dhr-regionens-historik\/","url":"https:\/\/dhr.se\/stockholmslan\/om-dhr-stockholms-lans-distrikt\/dhr-regionens-historik\/","name":"DHR-regionens historik - DHR - Region Stockholm","isPartOf":{"@id":"https:\/\/dhr.se\/stockholmslan\/#website"},"primaryImageOfPage":{"@id":"https:\/\/dhr.se\/stockholmslan\/om-dhr-stockholms-lans-distrikt\/dhr-regionens-historik\/#primaryimage"},"image":{"@id":"https:\/\/dhr.se\/stockholmslan\/om-dhr-stockholms-lans-distrikt\/dhr-regionens-historik\/#primaryimage"},"thumbnailUrl":"https:\/\/dhr.se\/stockholmslan\/wp-content\/uploads\/sites\/5\/2021\/04\/lanskarta.jpg","datePublished":"2021-04-02T13:30:45+00:00","dateModified":"2022-08-16T08:51:18+00:00","breadcrumb":{"@id":"https:\/\/dhr.se\/stockholmslan\/om-dhr-stockholms-lans-distrikt\/dhr-regionens-historik\/#breadcrumb"},"inLanguage":"sv-SE","potentialAction":[{"@type":"ReadAction","target":["https:\/\/dhr.se\/stockholmslan\/om-dhr-stockholms-lans-distrikt\/dhr-regionens-historik\/"]}]},{"@type":"ImageObject","inLanguage":"sv-SE","@id":"https:\/\/dhr.se\/stockholmslan\/om-dhr-stockholms-lans-distrikt\/dhr-regionens-historik\/#primaryimage","url":"https:\/\/dhr.se\/stockholmslan\/wp-content\/uploads\/sites\/5\/2021\/04\/lanskarta-e1629275961325.jpg","contentUrl":"https:\/\/dhr.se\/stockholmslan\/wp-content\/uploads\/sites\/5\/2021\/04\/lanskarta-e1629275961325.jpg","width":500,"height":675},{"@type":"BreadcrumbList","@id":"https:\/\/dhr.se\/stockholmslan\/om-dhr-stockholms-lans-distrikt\/dhr-regionens-historik\/#breadcrumb","itemListElement":[{"@type":"ListItem","position":1,"name":"Hem","item":"https:\/\/dhr.se\/stockholmslan\/"},{"@type":"ListItem","position":2,"name":"Om oss","item":"https:\/\/dhr.se\/stockholmslan\/om-dhr-stockholms-lans-distrikt\/"},{"@type":"ListItem","position":3,"name":"DHR-regionens historik"}]},{"@type":"WebSite","@id":"https:\/\/dhr.se\/stockholmslan\/#website","url":"https:\/\/dhr.se\/stockholmslan\/","name":"DHR - Region Stockholm","description":"Delaktighet - Handlingskraft - R\u00f6relsefrihet","publisher":{"@id":"https:\/\/dhr.se\/stockholmslan\/#organization"},"potentialAction":[{"@type":"SearchAction","target":{"@type":"EntryPoint","urlTemplate":"https:\/\/dhr.se\/stockholmslan\/?s={search_term_string}"},"query-input":{"@type":"PropertyValueSpecification","valueRequired":true,"valueName":"search_term_string"}}],"inLanguage":"sv-SE"},{"@type":"Organization","@id":"https:\/\/dhr.se\/stockholmslan\/#organization","name":"DHR Region Stockholm","url":"https:\/\/dhr.se\/stockholmslan\/","logo":{"@type":"ImageObject","inLanguage":"sv-SE","@id":"https:\/\/dhr.se\/stockholmslan\/#\/schema\/logo\/image\/","url":"https:\/\/dhr.se\/stockholmslan\/wp-content\/uploads\/sites\/5\/2021\/12\/REGION-STOCKHOLM-orange-48-p.jpg","contentUrl":"https:\/\/dhr.se\/stockholmslan\/wp-content\/uploads\/sites\/5\/2021\/12\/REGION-STOCKHOLM-orange-48-p.jpg","width":891,"height":694,"caption":"DHR Region Stockholm"},"image":{"@id":"https:\/\/dhr.se\/stockholmslan\/#\/schema\/logo\/image\/"},"sameAs":["https:\/\/www.facebook.com\/DHRStockholmsLan","https:\/\/www.instagram.com\/dhr_sld\/"]}]}},"publishpress_future_action":{"enabled":false,"date":"2026-04-30 22:15:04","action":"change-status","newStatus":"draft","terms":[],"taxonomy":"translation_priority","extraData":[]},"publishpress_future_workflow_manual_trigger":{"enabledWorkflows":[]},"_links":{"self":[{"href":"https:\/\/dhr.se\/stockholmslan\/wp-json\/wp\/v2\/pages\/2413","targetHints":{"allow":["GET"]}}],"collection":[{"href":"https:\/\/dhr.se\/stockholmslan\/wp-json\/wp\/v2\/pages"}],"about":[{"href":"https:\/\/dhr.se\/stockholmslan\/wp-json\/wp\/v2\/types\/page"}],"author":[{"embeddable":true,"href":"https:\/\/dhr.se\/stockholmslan\/wp-json\/wp\/v2\/users\/9"}],"replies":[{"embeddable":true,"href":"https:\/\/dhr.se\/stockholmslan\/wp-json\/wp\/v2\/comments?post=2413"}],"version-history":[{"count":0,"href":"https:\/\/dhr.se\/stockholmslan\/wp-json\/wp\/v2\/pages\/2413\/revisions"}],"up":[{"embeddable":true,"href":"https:\/\/dhr.se\/stockholmslan\/wp-json\/wp\/v2\/pages\/936"}],"wp:attachment":[{"href":"https:\/\/dhr.se\/stockholmslan\/wp-json\/wp\/v2\/media?parent=2413"}],"curies":[{"name":"wp","href":"https:\/\/api.w.org\/{rel}","templated":true}]}}