{"id":2571,"date":"2021-04-15T13:13:42","date_gmt":"2021-04-15T11:13:42","guid":{"rendered":"http:\/\/dhr.se\/stockholmslan\/?page_id=2571"},"modified":"2025-10-15T11:23:24","modified_gmt":"2025-10-15T09:23:24","slug":"arsmotesprotokoll","status":"publish","type":"page","link":"https:\/\/dhr.se\/stockholmslan\/genomfort\/arsmotesprotokoll\/","title":{"rendered":"\u00c5rsm\u00f6tes-\/styrelseprotokoll"},"content":{"rendered":"<section class=\"block-simple-text\">\n    <div class=\"main\">\n        <div class=\"main-inner\">\n            <div class=\"ingress text-darker\"><ul>\n<li>\u00c5rsm\u00f6tet \u00e4r DHR-regionens h\u00f6gsta beslutande organ.<\/li>\n<\/ul>\n<\/div>\n            <div class=\"content\"><p><img loading=\"lazy\" decoding=\"async\" class=\"size-medium wp-image-5495 alignleft\" src=\"https:\/\/dhr.se\/stockholmslan\/wp-content\/uploads\/sites\/5\/2023\/06\/hands-1768845_1280-300x207.jpg\" alt=\"\" width=\"300\" height=\"207\" srcset=\"https:\/\/dhr.se\/stockholmslan\/wp-content\/uploads\/sites\/5\/2023\/06\/hands-1768845_1280-300x207.jpg 300w, https:\/\/dhr.se\/stockholmslan\/wp-content\/uploads\/sites\/5\/2023\/06\/hands-1768845_1280-1024x706.jpg 1024w, https:\/\/dhr.se\/stockholmslan\/wp-content\/uploads\/sites\/5\/2023\/06\/hands-1768845_1280-768x530.jpg 768w, https:\/\/dhr.se\/stockholmslan\/wp-content\/uploads\/sites\/5\/2023\/06\/hands-1768845_1280.jpg 1280w\" sizes=\"auto, (max-width: 300px) 100vw, 300px\" \/><\/p>\n<p>Det \u00e4r vid \u00e5rsm\u00f6tet ramarna f\u00f6r n\u00e4stkommande \u00e5r s\u00e4tts och bland annat motioner diskuteras med ombuden f\u00f6r avdelningarna.<\/p>\n<p>Avdelningarnas ombud utses vid avdelningarnas \u00e5rsm\u00f6ten s\u00e5 f\u00f6r att f\u00e5 chansen att bli ombud f\u00f6r din avdelning vid DHR-regionens \u00e5rsm\u00f6te \u00e4r det viktigt att g\u00e5 p\u00e5 din avdelnings \u00e5rsm\u00f6te.<\/p>\n<p>Nedan \u00e5terfinns de senaste \u00e5rsm\u00f6tesprotokollen.<\/p>\n<p>&nbsp;<\/p>\n<p><strong><span class=\"TextRun SCXO153598903 BCX8\" lang=\"SV-SE\" xml:lang=\"SV-SE\" data-contrast=\"auto\"><span class=\"NormalTextRun SCXO153598903 BCX8\">Styrelseprotokoll<\/span><\/span><\/strong><\/p>\n<p><span class=\"TextRun SCXO153598903 BCX8\" lang=\"SV-SE\" xml:lang=\"SV-SE\" data-contrast=\"auto\"><span class=\"NormalTextRun SCXO153598903 BCX8\">Styrelsens protokoll finns inte h\u00e4r p\u00e5 webbplatsen. Om du som medlem vill ta del av n\u00e5got av DHR-regionens styrelseprotokoll f\u00e5r du g\u00e4rna ta kontakt med n\u00e5gon i styrelsen eller p\u00e5 kansliet s\u00e5 ser vi till att du f\u00e5r det.<\/span><\/span><span class=\"EOP SCXO153598903 BCX8\">\u00a0<\/span><\/p>\n<\/div>\n        <\/div>\n    <\/div>\n<\/section>\n\n\n<h2 class=\"wp-block-heading has-text-align-center\">\u00c5rsm\u00f6te<\/h2>\n\n\n<section class=\"block-simple-text\">\n    <div class=\"main\">\n        <div class=\"main-inner\">\n            <div class=\"ingress text-darker\"><p><strong>2025<\/strong><\/p>\n<p><a href=\"https:\/\/dhr.se\/stockholmslan\/wp-content\/uploads\/sites\/5\/2025\/10\/Arsmotesprotokoll-2025-signerat.pdf\">\u00c5rsm\u00f6tesprotokoll 2025 &#8211; signerat<\/a><\/p>\n<p><strong>2024<\/strong><\/p>\n<p><a href=\"https:\/\/dhr.se\/stockholmslan\/wp-content\/uploads\/sites\/5\/2025\/10\/Arsmotesprotokoll-2024-signerat-webben-1.pdf\">\u00c5rsmotesprotokoll-2024-signerat<\/a><\/p>\n<p><a href=\"https:\/\/dhr.se\/stockholmslan\/wp-content\/uploads\/sites\/5\/2025\/10\/Bilaga-1-Inledningsanforande-2024.pdf\">Bilaga-1-Inledningsanforande 2024<\/a><\/p>\n<p><a href=\"https:\/\/dhr.se\/stockholmslan\/wp-content\/uploads\/sites\/5\/2025\/10\/Bilaga-2-Deltagarforteckning-2024.pdf\">Bilaga-2-Deltagarforteckning-2024<\/a><\/p>\n<p><a href=\"https:\/\/dhr.se\/stockholmslan\/wp-content\/uploads\/sites\/5\/2025\/10\/Bilaga-3-Uttalanden.pdf\">Bilaga-3-Uttalanden<\/a><\/p>\n<p><strong>2023<\/strong><\/p>\n<p><a href=\"https:\/\/dhr.se\/stockholmslan\/wp-content\/uploads\/sites\/5\/2025\/10\/Arsmotesprotokoll-2023-signerat-1.pdf\">\u00c5rsmotesprotokoll-2023-signerat\u00a0<\/a><\/p>\n<p><a href=\"https:\/\/dhr.se\/stockholmslan\/wp-content\/uploads\/sites\/5\/2025\/10\/Bilaga-1-Deltagarforteckning-2023.pdf\">Bilaga-1-Deltagarforteckning-2023<\/a><\/p>\n<p><a href=\"https:\/\/dhr.se\/stockholmslan\/wp-content\/uploads\/sites\/5\/2025\/10\/Bilaga-2-Inledningsanforande-2023-1.pdf\">Bilaga-2-Inledningsanforande-2023<\/a><\/p>\n<\/div>\n            <div class=\"content\"><\/div>\n        <\/div>\n    <\/div>\n<\/section>\n\n<section class=\"block-image-and-text left white\">\n    <div class=\"main\">\n        <div class=\"main-inner\">\n            <div class=\"left-col\" style=\"background-image: url();\"><\/div>\n\n            <div class=\"right-col\">\n                <h2><\/h2>\n                <p class=\"text\"><\/p>\n\n                            <\/div>\n\n        <\/div>\n    <\/div>\n<\/section>\n\n<section class=\"block-simple-text\">\n    <div class=\"main\">\n        <div class=\"main-inner\">\n            <div class=\"ingress text-darker\"><\/div>\n            <div class=\"content\"><\/div>\n        <\/div>\n    <\/div>\n<\/section>\n\n\n<p><\/p>\n","protected":false},"excerpt":{"rendered":"<p>\u00c5rsm\u00f6te<\/p>\n","protected":false},"author":9,"featured_media":0,"parent":2536,"menu_order":0,"comment_status":"closed","ping_status":"closed","template":"template-side-menu.php","meta":{"_acf_changed":false,"_monsterinsights_skip_tracking":false,"_monsterinsights_sitenote_active":false,"_monsterinsights_sitenote_note":"","_monsterinsights_sitenote_category":0,"footnotes":""},"class_list":["post-2571","page","type-page","status-publish","hentry"],"acf":[],"yoast_head":"<!-- This site is optimized with the Yoast SEO plugin v27.2 - https:\/\/yoast.com\/product\/yoast-seo-wordpress\/ -->\n<title>\u00c5rsm\u00f6tes-\/styrelseprotokoll - DHR - Region Stockholm<\/title>\n<meta name=\"robots\" content=\"index, follow, max-snippet:-1, max-image-preview:large, max-video-preview:-1\" \/>\n<link rel=\"canonical\" href=\"https:\/\/dhr.se\/stockholmslan\/genomfort\/arsmotesprotokoll\/\" \/>\n<meta property=\"og:locale\" content=\"sv_SE\" \/>\n<meta property=\"og:type\" content=\"article\" \/>\n<meta property=\"og:title\" content=\"\u00c5rsm\u00f6tes-\/styrelseprotokoll - DHR - Region Stockholm\" \/>\n<meta property=\"og:description\" content=\"\u00c5rsm\u00f6te\" \/>\n<meta property=\"og:url\" content=\"https:\/\/dhr.se\/stockholmslan\/genomfort\/arsmotesprotokoll\/\" \/>\n<meta property=\"og:site_name\" content=\"DHR - Region Stockholm\" \/>\n<meta property=\"article:publisher\" content=\"https:\/\/www.facebook.com\/DHRStockholmsLan\" \/>\n<meta property=\"article:modified_time\" content=\"2025-10-15T09:23:24+00:00\" \/>\n<meta name=\"twitter:card\" content=\"summary_large_image\" \/>\n<meta name=\"twitter:label1\" content=\"Ber\u00e4knad l\u00e4stid\" \/>\n\t<meta name=\"twitter:data1\" content=\"1 minut\" \/>\n<script type=\"application\/ld+json\" class=\"yoast-schema-graph\">{\"@context\":\"https:\/\/schema.org\",\"@graph\":[{\"@type\":\"WebPage\",\"@id\":\"https:\/\/dhr.se\/stockholmslan\/genomfort\/arsmotesprotokoll\/\",\"url\":\"https:\/\/dhr.se\/stockholmslan\/genomfort\/arsmotesprotokoll\/\",\"name\":\"\u00c5rsm\u00f6tes-\/styrelseprotokoll - DHR - Region Stockholm\",\"isPartOf\":{\"@id\":\"https:\/\/dhr.se\/stockholmslan\/#website\"},\"datePublished\":\"2021-04-15T11:13:42+00:00\",\"dateModified\":\"2025-10-15T09:23:24+00:00\",\"breadcrumb\":{\"@id\":\"https:\/\/dhr.se\/stockholmslan\/genomfort\/arsmotesprotokoll\/#breadcrumb\"},\"inLanguage\":\"sv-SE\",\"potentialAction\":[{\"@type\":\"ReadAction\",\"target\":[\"https:\/\/dhr.se\/stockholmslan\/genomfort\/arsmotesprotokoll\/\"]}]},{\"@type\":\"BreadcrumbList\",\"@id\":\"https:\/\/dhr.se\/stockholmslan\/genomfort\/arsmotesprotokoll\/#breadcrumb\",\"itemListElement\":[{\"@type\":\"ListItem\",\"position\":1,\"name\":\"Hem\",\"item\":\"https:\/\/dhr.se\/stockholmslan\/\"},{\"@type\":\"ListItem\",\"position\":2,\"name\":\"Genomf\u00f6rt\",\"item\":\"https:\/\/dhr.se\/stockholmslan\/genomfort\/\"},{\"@type\":\"ListItem\",\"position\":3,\"name\":\"\u00c5rsm\u00f6tes-\/styrelseprotokoll\"}]},{\"@type\":\"WebSite\",\"@id\":\"https:\/\/dhr.se\/stockholmslan\/#website\",\"url\":\"https:\/\/dhr.se\/stockholmslan\/\",\"name\":\"DHR - Region Stockholm\",\"description\":\"Delaktighet - Handlingskraft - R\u00f6relsefrihet\",\"publisher\":{\"@id\":\"https:\/\/dhr.se\/stockholmslan\/#organization\"},\"potentialAction\":[{\"@type\":\"SearchAction\",\"target\":{\"@type\":\"EntryPoint\",\"urlTemplate\":\"https:\/\/dhr.se\/stockholmslan\/?s={search_term_string}\"},\"query-input\":{\"@type\":\"PropertyValueSpecification\",\"valueRequired\":true,\"valueName\":\"search_term_string\"}}],\"inLanguage\":\"sv-SE\"},{\"@type\":\"Organization\",\"@id\":\"https:\/\/dhr.se\/stockholmslan\/#organization\",\"name\":\"DHR Region Stockholm\",\"url\":\"https:\/\/dhr.se\/stockholmslan\/\",\"logo\":{\"@type\":\"ImageObject\",\"inLanguage\":\"sv-SE\",\"@id\":\"https:\/\/dhr.se\/stockholmslan\/#\/schema\/logo\/image\/\",\"url\":\"https:\/\/dhr.se\/stockholmslan\/wp-content\/uploads\/sites\/5\/2021\/12\/REGION-STOCKHOLM-orange-48-p.jpg\",\"contentUrl\":\"https:\/\/dhr.se\/stockholmslan\/wp-content\/uploads\/sites\/5\/2021\/12\/REGION-STOCKHOLM-orange-48-p.jpg\",\"width\":891,\"height\":694,\"caption\":\"DHR Region Stockholm\"},\"image\":{\"@id\":\"https:\/\/dhr.se\/stockholmslan\/#\/schema\/logo\/image\/\"},\"sameAs\":[\"https:\/\/www.facebook.com\/DHRStockholmsLan\",\"https:\/\/www.instagram.com\/dhr_sld\/\"]}]}<\/script>\n<!-- \/ Yoast SEO plugin. -->","yoast_head_json":{"title":"\u00c5rsm\u00f6tes-\/styrelseprotokoll - DHR - Region Stockholm","robots":{"index":"index","follow":"follow","max-snippet":"max-snippet:-1","max-image-preview":"max-image-preview:large","max-video-preview":"max-video-preview:-1"},"canonical":"https:\/\/dhr.se\/stockholmslan\/genomfort\/arsmotesprotokoll\/","og_locale":"sv_SE","og_type":"article","og_title":"\u00c5rsm\u00f6tes-\/styrelseprotokoll - DHR - Region Stockholm","og_description":"\u00c5rsm\u00f6te","og_url":"https:\/\/dhr.se\/stockholmslan\/genomfort\/arsmotesprotokoll\/","og_site_name":"DHR - Region Stockholm","article_publisher":"https:\/\/www.facebook.com\/DHRStockholmsLan","article_modified_time":"2025-10-15T09:23:24+00:00","twitter_card":"summary_large_image","twitter_misc":{"Ber\u00e4knad l\u00e4stid":"1 minut"},"schema":{"@context":"https:\/\/schema.org","@graph":[{"@type":"WebPage","@id":"https:\/\/dhr.se\/stockholmslan\/genomfort\/arsmotesprotokoll\/","url":"https:\/\/dhr.se\/stockholmslan\/genomfort\/arsmotesprotokoll\/","name":"\u00c5rsm\u00f6tes-\/styrelseprotokoll - DHR - Region Stockholm","isPartOf":{"@id":"https:\/\/dhr.se\/stockholmslan\/#website"},"datePublished":"2021-04-15T11:13:42+00:00","dateModified":"2025-10-15T09:23:24+00:00","breadcrumb":{"@id":"https:\/\/dhr.se\/stockholmslan\/genomfort\/arsmotesprotokoll\/#breadcrumb"},"inLanguage":"sv-SE","potentialAction":[{"@type":"ReadAction","target":["https:\/\/dhr.se\/stockholmslan\/genomfort\/arsmotesprotokoll\/"]}]},{"@type":"BreadcrumbList","@id":"https:\/\/dhr.se\/stockholmslan\/genomfort\/arsmotesprotokoll\/#breadcrumb","itemListElement":[{"@type":"ListItem","position":1,"name":"Hem","item":"https:\/\/dhr.se\/stockholmslan\/"},{"@type":"ListItem","position":2,"name":"Genomf\u00f6rt","item":"https:\/\/dhr.se\/stockholmslan\/genomfort\/"},{"@type":"ListItem","position":3,"name":"\u00c5rsm\u00f6tes-\/styrelseprotokoll"}]},{"@type":"WebSite","@id":"https:\/\/dhr.se\/stockholmslan\/#website","url":"https:\/\/dhr.se\/stockholmslan\/","name":"DHR - Region Stockholm","description":"Delaktighet - Handlingskraft - R\u00f6relsefrihet","publisher":{"@id":"https:\/\/dhr.se\/stockholmslan\/#organization"},"potentialAction":[{"@type":"SearchAction","target":{"@type":"EntryPoint","urlTemplate":"https:\/\/dhr.se\/stockholmslan\/?s={search_term_string}"},"query-input":{"@type":"PropertyValueSpecification","valueRequired":true,"valueName":"search_term_string"}}],"inLanguage":"sv-SE"},{"@type":"Organization","@id":"https:\/\/dhr.se\/stockholmslan\/#organization","name":"DHR Region Stockholm","url":"https:\/\/dhr.se\/stockholmslan\/","logo":{"@type":"ImageObject","inLanguage":"sv-SE","@id":"https:\/\/dhr.se\/stockholmslan\/#\/schema\/logo\/image\/","url":"https:\/\/dhr.se\/stockholmslan\/wp-content\/uploads\/sites\/5\/2021\/12\/REGION-STOCKHOLM-orange-48-p.jpg","contentUrl":"https:\/\/dhr.se\/stockholmslan\/wp-content\/uploads\/sites\/5\/2021\/12\/REGION-STOCKHOLM-orange-48-p.jpg","width":891,"height":694,"caption":"DHR Region Stockholm"},"image":{"@id":"https:\/\/dhr.se\/stockholmslan\/#\/schema\/logo\/image\/"},"sameAs":["https:\/\/www.facebook.com\/DHRStockholmsLan","https:\/\/www.instagram.com\/dhr_sld\/"]}]}},"publishpress_future_action":{"enabled":false,"date":"2026-04-30 22:14:55","action":"change-status","newStatus":"draft","terms":[],"taxonomy":"translation_priority","extraData":[]},"publishpress_future_workflow_manual_trigger":{"enabledWorkflows":[]},"_links":{"self":[{"href":"https:\/\/dhr.se\/stockholmslan\/wp-json\/wp\/v2\/pages\/2571","targetHints":{"allow":["GET"]}}],"collection":[{"href":"https:\/\/dhr.se\/stockholmslan\/wp-json\/wp\/v2\/pages"}],"about":[{"href":"https:\/\/dhr.se\/stockholmslan\/wp-json\/wp\/v2\/types\/page"}],"author":[{"embeddable":true,"href":"https:\/\/dhr.se\/stockholmslan\/wp-json\/wp\/v2\/users\/9"}],"replies":[{"embeddable":true,"href":"https:\/\/dhr.se\/stockholmslan\/wp-json\/wp\/v2\/comments?post=2571"}],"version-history":[{"count":0,"href":"https:\/\/dhr.se\/stockholmslan\/wp-json\/wp\/v2\/pages\/2571\/revisions"}],"up":[{"embeddable":true,"href":"https:\/\/dhr.se\/stockholmslan\/wp-json\/wp\/v2\/pages\/2536"}],"wp:attachment":[{"href":"https:\/\/dhr.se\/stockholmslan\/wp-json\/wp\/v2\/media?parent=2571"}],"curies":[{"name":"wp","href":"https:\/\/api.w.org\/{rel}","templated":true}]}}