{"id":2769,"date":"2021-04-15T20:34:31","date_gmt":"2021-04-15T18:34:31","guid":{"rendered":"http:\/\/dhr.se\/stockholmslan\/?page_id=2769"},"modified":"2025-10-14T13:51:16","modified_gmt":"2025-10-14T11:51:16","slug":"hjalpmedel","status":"publish","type":"page","link":"https:\/\/dhr.se\/stockholmslan\/hjalpmedel\/","title":{"rendered":"Hj\u00e4lpmedel"},"content":{"rendered":"\n<figure class=\"wp-block-image alignwide size-large is-style-rounded\"><img loading=\"lazy\" decoding=\"async\" width=\"1024\" height=\"768\" src=\"http:\/\/dhr.se\/stockholmslan\/wp-content\/uploads\/sites\/5\/2021\/04\/scooter-406799_1280-1024x768.jpg\" alt=\"\" class=\"wp-image-2773\" srcset=\"https:\/\/dhr.se\/stockholmslan\/wp-content\/uploads\/sites\/5\/2021\/04\/scooter-406799_1280-1024x768.jpg 1024w, https:\/\/dhr.se\/stockholmslan\/wp-content\/uploads\/sites\/5\/2021\/04\/scooter-406799_1280-300x225.jpg 300w, https:\/\/dhr.se\/stockholmslan\/wp-content\/uploads\/sites\/5\/2021\/04\/scooter-406799_1280-768x576.jpg 768w, https:\/\/dhr.se\/stockholmslan\/wp-content\/uploads\/sites\/5\/2021\/04\/scooter-406799_1280.jpg 1280w\" sizes=\"auto, (max-width: 1024px) 100vw, 1024px\" \/><\/figure>\n\n\n\n<div class=\"wp-block-group\"><div class=\"wp-block-group__inner-container is-layout-flow wp-block-group-is-layout-flow\">\n<h2 class=\"wp-block-heading has-text-color\" style=\"color:#000000;font-size:38px\">Distriktsorganisationerna DHR, SRF och Funktionsr\u00e4tt samverkar med h\u00e4lso- och sjukv\u00e5rdsf\u00f6rvaltningen.<\/h2>\n\n\n\n<p><\/p>\n\n\n\n<p><\/p>\n\n\n\n<div class=\"wp-block-columns is-layout-flex wp-container-core-columns-is-layout-9d6595d7 wp-block-columns-is-layout-flex\">\n<div class=\"wp-block-column is-layout-flow wp-block-column-is-layout-flow\">\n<h4 class=\"wp-block-heading\">Distriktet representeras i<br>Hj\u00e4lpmedelsreferensgruppen av:<\/h4>\n\n\n\n<p>Ordinarie: Yvonne Bj\u00f6rkman. Ers\u00e4ttare: Lisa syeda. <\/p>\n\n\n\n<p><strong>Hj\u00e4lpmedelsreferensgruppens protokoll l\u00e4gger vi upp h\u00e4r vartefter de varit uppe som rapport vid styrelsem\u00f6te<\/strong>:<\/p>\n\n\n\n<p><\/p>\n\n\n\n<h4 class=\"wp-block-heading\">Distriktets representant i<br>brukarr\u00e5d Sodexo \u00e4r:<\/h4>\n\n\n\n<p>Ordinarie: Yvonne Bj\u00f6rkman. Ers\u00e4ttare: Anna Westerberg <\/p>\n\n\n\n<p><strong>Samverkansr\u00e5dets protokoll l\u00e4gger vi upp h\u00e4r vartefter de varit uppe som rapport vid styrelsem\u00f6te<\/strong>:<\/p>\n\n\n\n<p><\/p>\n\n\n\n<h4 class=\"wp-block-heading\">Distriktets representant i<br>brukarr\u00e5d Hj\u00e4lpmedel Syd \u00e4r:<\/h4>\n\n\n\n<p>Ordinarie: Lisa syeda.<\/p>\n\n\n\n<p><strong>Samverkansr\u00e5dets protokoll l\u00e4gger vi upp h\u00e4r vartefter de varit uppe som rapport vid styrelsem\u00f6te<\/strong>:<\/p>\n\n\n\n<p><\/p>\n<\/div>\n\n\n\n<div class=\"wp-block-column is-layout-flow wp-block-column-is-layout-flow\">\n<h4 class=\"wp-block-heading\">Distriktet representeras i<br>L\u00e4kemedelskommitt\u00e9n av:<\/h4>\n\n\n\n<p>Ordinarie: Anna Westerberg.<\/p>\n\n\n\n<p><strong>L\u00e4kemedelskommitt\u00e9ns protokoll l\u00e4gger vi upp h\u00e4r vartefter de varit uppe som rapport vid styrelsem\u00f6te<\/strong>:<\/p>\n\n\n\n<h4 class=\"wp-block-heading\">Distriktets representant i<br>LOCUM:s samverkansr\u00e5d \u00e4r:<\/h4>\n\n\n\n<p>Ordinarie: Anna Westerberg. Ers\u00e4ttare: Patrick Englund<\/p>\n\n\n\n<p><strong>Samverkansr\u00e5dets protokoll l\u00e4gger vi upp h\u00e4r vartefter de varit uppe som rapport vid styrelsem\u00f6te<\/strong>:<\/p>\n\n\n\n<p><\/p>\n<\/div>\n<\/div>\n<\/div><\/div>\n","protected":false},"excerpt":{"rendered":"<p>Distriktsorganisationerna DHR, SRF och Funktionsr\u00e4tt samverkar med h\u00e4lso- och sjukv\u00e5rdsf\u00f6rvaltningen. Distriktet representeras iHj\u00e4lpmedelsreferensgruppen av: Ordinarie: Yvonne Bj\u00f6rkman. Ers\u00e4ttare: Lisa syeda. Hj\u00e4lpmedelsreferensgruppens protokoll l\u00e4gger vi upp h\u00e4r vartefter de varit uppe som rapport vid styrelsem\u00f6te: Distriktets representant ibrukarr\u00e5d Sodexo \u00e4r: Ordinarie:[&hellip;]<\/p>\n","protected":false},"author":9,"featured_media":0,"parent":0,"menu_order":0,"comment_status":"closed","ping_status":"closed","template":"template-side-menu.php","meta":{"_acf_changed":false,"_monsterinsights_skip_tracking":false,"_monsterinsights_sitenote_active":false,"_monsterinsights_sitenote_note":"","_monsterinsights_sitenote_category":0,"footnotes":""},"class_list":["post-2769","page","type-page","status-publish","hentry"],"acf":[],"yoast_head":"<!-- This site is optimized with the Yoast SEO plugin v27.2 - https:\/\/yoast.com\/product\/yoast-seo-wordpress\/ -->\n<title>Hj\u00e4lpmedel - DHR - Region Stockholm<\/title>\n<meta name=\"robots\" content=\"index, follow, max-snippet:-1, max-image-preview:large, max-video-preview:-1\" \/>\n<link rel=\"canonical\" href=\"https:\/\/dhr.se\/stockholmslan\/hjalpmedel\/\" \/>\n<meta property=\"og:locale\" content=\"sv_SE\" \/>\n<meta property=\"og:type\" content=\"article\" \/>\n<meta property=\"og:title\" content=\"Hj\u00e4lpmedel - DHR - Region Stockholm\" \/>\n<meta property=\"og:description\" content=\"Distriktsorganisationerna DHR, SRF och Funktionsr\u00e4tt samverkar med h\u00e4lso- och sjukv\u00e5rdsf\u00f6rvaltningen. Distriktet representeras iHj\u00e4lpmedelsreferensgruppen av: Ordinarie: Yvonne Bj\u00f6rkman. Ers\u00e4ttare: Lisa syeda. Hj\u00e4lpmedelsreferensgruppens protokoll l\u00e4gger vi upp h\u00e4r vartefter de varit uppe som rapport vid styrelsem\u00f6te: Distriktets representant ibrukarr\u00e5d Sodexo \u00e4r: Ordinarie:[&hellip;]\" \/>\n<meta property=\"og:url\" content=\"https:\/\/dhr.se\/stockholmslan\/hjalpmedel\/\" \/>\n<meta property=\"og:site_name\" content=\"DHR - Region Stockholm\" \/>\n<meta property=\"article:publisher\" content=\"https:\/\/www.facebook.com\/DHRStockholmsLan\" \/>\n<meta property=\"article:modified_time\" content=\"2025-10-14T11:51:16+00:00\" \/>\n<meta property=\"og:image\" content=\"https:\/\/dhr.se\/stockholmslan\/wp-content\/uploads\/sites\/5\/2021\/04\/scooter-406799_1280.jpg\" \/>\n\t<meta property=\"og:image:width\" content=\"1280\" \/>\n\t<meta property=\"og:image:height\" content=\"960\" \/>\n\t<meta property=\"og:image:type\" content=\"image\/jpeg\" \/>\n<meta name=\"twitter:card\" content=\"summary_large_image\" \/>\n<meta name=\"twitter:label1\" content=\"Ber\u00e4knad l\u00e4stid\" \/>\n\t<meta name=\"twitter:data1\" content=\"1 minut\" \/>\n<script type=\"application\/ld+json\" class=\"yoast-schema-graph\">{\"@context\":\"https:\/\/schema.org\",\"@graph\":[{\"@type\":\"WebPage\",\"@id\":\"https:\/\/dhr.se\/stockholmslan\/hjalpmedel\/\",\"url\":\"https:\/\/dhr.se\/stockholmslan\/hjalpmedel\/\",\"name\":\"Hj\u00e4lpmedel - DHR - Region Stockholm\",\"isPartOf\":{\"@id\":\"https:\/\/dhr.se\/stockholmslan\/#website\"},\"primaryImageOfPage\":{\"@id\":\"https:\/\/dhr.se\/stockholmslan\/hjalpmedel\/#primaryimage\"},\"image\":{\"@id\":\"https:\/\/dhr.se\/stockholmslan\/hjalpmedel\/#primaryimage\"},\"thumbnailUrl\":\"http:\/\/dhr.se\/stockholmslan\/wp-content\/uploads\/sites\/5\/2021\/04\/scooter-406799_1280-1024x768.jpg\",\"datePublished\":\"2021-04-15T18:34:31+00:00\",\"dateModified\":\"2025-10-14T11:51:16+00:00\",\"breadcrumb\":{\"@id\":\"https:\/\/dhr.se\/stockholmslan\/hjalpmedel\/#breadcrumb\"},\"inLanguage\":\"sv-SE\",\"potentialAction\":[{\"@type\":\"ReadAction\",\"target\":[\"https:\/\/dhr.se\/stockholmslan\/hjalpmedel\/\"]}]},{\"@type\":\"ImageObject\",\"inLanguage\":\"sv-SE\",\"@id\":\"https:\/\/dhr.se\/stockholmslan\/hjalpmedel\/#primaryimage\",\"url\":\"https:\/\/dhr.se\/stockholmslan\/wp-content\/uploads\/sites\/5\/2021\/04\/scooter-406799_1280.jpg\",\"contentUrl\":\"https:\/\/dhr.se\/stockholmslan\/wp-content\/uploads\/sites\/5\/2021\/04\/scooter-406799_1280.jpg\",\"width\":1280,\"height\":960},{\"@type\":\"BreadcrumbList\",\"@id\":\"https:\/\/dhr.se\/stockholmslan\/hjalpmedel\/#breadcrumb\",\"itemListElement\":[{\"@type\":\"ListItem\",\"position\":1,\"name\":\"Hem\",\"item\":\"https:\/\/dhr.se\/stockholmslan\/\"},{\"@type\":\"ListItem\",\"position\":2,\"name\":\"Hj\u00e4lpmedel\"}]},{\"@type\":\"WebSite\",\"@id\":\"https:\/\/dhr.se\/stockholmslan\/#website\",\"url\":\"https:\/\/dhr.se\/stockholmslan\/\",\"name\":\"DHR - Region Stockholm\",\"description\":\"Delaktighet - Handlingskraft - R\u00f6relsefrihet\",\"publisher\":{\"@id\":\"https:\/\/dhr.se\/stockholmslan\/#organization\"},\"potentialAction\":[{\"@type\":\"SearchAction\",\"target\":{\"@type\":\"EntryPoint\",\"urlTemplate\":\"https:\/\/dhr.se\/stockholmslan\/?s={search_term_string}\"},\"query-input\":{\"@type\":\"PropertyValueSpecification\",\"valueRequired\":true,\"valueName\":\"search_term_string\"}}],\"inLanguage\":\"sv-SE\"},{\"@type\":\"Organization\",\"@id\":\"https:\/\/dhr.se\/stockholmslan\/#organization\",\"name\":\"DHR Region Stockholm\",\"url\":\"https:\/\/dhr.se\/stockholmslan\/\",\"logo\":{\"@type\":\"ImageObject\",\"inLanguage\":\"sv-SE\",\"@id\":\"https:\/\/dhr.se\/stockholmslan\/#\/schema\/logo\/image\/\",\"url\":\"https:\/\/dhr.se\/stockholmslan\/wp-content\/uploads\/sites\/5\/2021\/12\/REGION-STOCKHOLM-orange-48-p.jpg\",\"contentUrl\":\"https:\/\/dhr.se\/stockholmslan\/wp-content\/uploads\/sites\/5\/2021\/12\/REGION-STOCKHOLM-orange-48-p.jpg\",\"width\":891,\"height\":694,\"caption\":\"DHR Region Stockholm\"},\"image\":{\"@id\":\"https:\/\/dhr.se\/stockholmslan\/#\/schema\/logo\/image\/\"},\"sameAs\":[\"https:\/\/www.facebook.com\/DHRStockholmsLan\",\"https:\/\/www.instagram.com\/dhr_sld\/\"]}]}<\/script>\n<!-- \/ Yoast SEO plugin. -->","yoast_head_json":{"title":"Hj\u00e4lpmedel - DHR - Region Stockholm","robots":{"index":"index","follow":"follow","max-snippet":"max-snippet:-1","max-image-preview":"max-image-preview:large","max-video-preview":"max-video-preview:-1"},"canonical":"https:\/\/dhr.se\/stockholmslan\/hjalpmedel\/","og_locale":"sv_SE","og_type":"article","og_title":"Hj\u00e4lpmedel - DHR - Region Stockholm","og_description":"Distriktsorganisationerna DHR, SRF och Funktionsr\u00e4tt samverkar med h\u00e4lso- och sjukv\u00e5rdsf\u00f6rvaltningen. Distriktet representeras iHj\u00e4lpmedelsreferensgruppen av: Ordinarie: Yvonne Bj\u00f6rkman. Ers\u00e4ttare: Lisa syeda. Hj\u00e4lpmedelsreferensgruppens protokoll l\u00e4gger vi upp h\u00e4r vartefter de varit uppe som rapport vid styrelsem\u00f6te: Distriktets representant ibrukarr\u00e5d Sodexo \u00e4r: Ordinarie:[&hellip;]","og_url":"https:\/\/dhr.se\/stockholmslan\/hjalpmedel\/","og_site_name":"DHR - Region Stockholm","article_publisher":"https:\/\/www.facebook.com\/DHRStockholmsLan","article_modified_time":"2025-10-14T11:51:16+00:00","og_image":[{"width":1280,"height":960,"url":"https:\/\/dhr.se\/stockholmslan\/wp-content\/uploads\/sites\/5\/2021\/04\/scooter-406799_1280.jpg","type":"image\/jpeg"}],"twitter_card":"summary_large_image","twitter_misc":{"Ber\u00e4knad l\u00e4stid":"1 minut"},"schema":{"@context":"https:\/\/schema.org","@graph":[{"@type":"WebPage","@id":"https:\/\/dhr.se\/stockholmslan\/hjalpmedel\/","url":"https:\/\/dhr.se\/stockholmslan\/hjalpmedel\/","name":"Hj\u00e4lpmedel - DHR - Region Stockholm","isPartOf":{"@id":"https:\/\/dhr.se\/stockholmslan\/#website"},"primaryImageOfPage":{"@id":"https:\/\/dhr.se\/stockholmslan\/hjalpmedel\/#primaryimage"},"image":{"@id":"https:\/\/dhr.se\/stockholmslan\/hjalpmedel\/#primaryimage"},"thumbnailUrl":"http:\/\/dhr.se\/stockholmslan\/wp-content\/uploads\/sites\/5\/2021\/04\/scooter-406799_1280-1024x768.jpg","datePublished":"2021-04-15T18:34:31+00:00","dateModified":"2025-10-14T11:51:16+00:00","breadcrumb":{"@id":"https:\/\/dhr.se\/stockholmslan\/hjalpmedel\/#breadcrumb"},"inLanguage":"sv-SE","potentialAction":[{"@type":"ReadAction","target":["https:\/\/dhr.se\/stockholmslan\/hjalpmedel\/"]}]},{"@type":"ImageObject","inLanguage":"sv-SE","@id":"https:\/\/dhr.se\/stockholmslan\/hjalpmedel\/#primaryimage","url":"https:\/\/dhr.se\/stockholmslan\/wp-content\/uploads\/sites\/5\/2021\/04\/scooter-406799_1280.jpg","contentUrl":"https:\/\/dhr.se\/stockholmslan\/wp-content\/uploads\/sites\/5\/2021\/04\/scooter-406799_1280.jpg","width":1280,"height":960},{"@type":"BreadcrumbList","@id":"https:\/\/dhr.se\/stockholmslan\/hjalpmedel\/#breadcrumb","itemListElement":[{"@type":"ListItem","position":1,"name":"Hem","item":"https:\/\/dhr.se\/stockholmslan\/"},{"@type":"ListItem","position":2,"name":"Hj\u00e4lpmedel"}]},{"@type":"WebSite","@id":"https:\/\/dhr.se\/stockholmslan\/#website","url":"https:\/\/dhr.se\/stockholmslan\/","name":"DHR - Region Stockholm","description":"Delaktighet - Handlingskraft - R\u00f6relsefrihet","publisher":{"@id":"https:\/\/dhr.se\/stockholmslan\/#organization"},"potentialAction":[{"@type":"SearchAction","target":{"@type":"EntryPoint","urlTemplate":"https:\/\/dhr.se\/stockholmslan\/?s={search_term_string}"},"query-input":{"@type":"PropertyValueSpecification","valueRequired":true,"valueName":"search_term_string"}}],"inLanguage":"sv-SE"},{"@type":"Organization","@id":"https:\/\/dhr.se\/stockholmslan\/#organization","name":"DHR Region Stockholm","url":"https:\/\/dhr.se\/stockholmslan\/","logo":{"@type":"ImageObject","inLanguage":"sv-SE","@id":"https:\/\/dhr.se\/stockholmslan\/#\/schema\/logo\/image\/","url":"https:\/\/dhr.se\/stockholmslan\/wp-content\/uploads\/sites\/5\/2021\/12\/REGION-STOCKHOLM-orange-48-p.jpg","contentUrl":"https:\/\/dhr.se\/stockholmslan\/wp-content\/uploads\/sites\/5\/2021\/12\/REGION-STOCKHOLM-orange-48-p.jpg","width":891,"height":694,"caption":"DHR Region Stockholm"},"image":{"@id":"https:\/\/dhr.se\/stockholmslan\/#\/schema\/logo\/image\/"},"sameAs":["https:\/\/www.facebook.com\/DHRStockholmsLan","https:\/\/www.instagram.com\/dhr_sld\/"]}]}},"publishpress_future_action":{"enabled":false,"date":"2026-04-24 10:14:04","action":"change-status","newStatus":"draft","terms":[],"taxonomy":"translation_priority","extraData":[]},"publishpress_future_workflow_manual_trigger":{"enabledWorkflows":[]},"_links":{"self":[{"href":"https:\/\/dhr.se\/stockholmslan\/wp-json\/wp\/v2\/pages\/2769","targetHints":{"allow":["GET"]}}],"collection":[{"href":"https:\/\/dhr.se\/stockholmslan\/wp-json\/wp\/v2\/pages"}],"about":[{"href":"https:\/\/dhr.se\/stockholmslan\/wp-json\/wp\/v2\/types\/page"}],"author":[{"embeddable":true,"href":"https:\/\/dhr.se\/stockholmslan\/wp-json\/wp\/v2\/users\/9"}],"replies":[{"embeddable":true,"href":"https:\/\/dhr.se\/stockholmslan\/wp-json\/wp\/v2\/comments?post=2769"}],"version-history":[{"count":0,"href":"https:\/\/dhr.se\/stockholmslan\/wp-json\/wp\/v2\/pages\/2769\/revisions"}],"wp:attachment":[{"href":"https:\/\/dhr.se\/stockholmslan\/wp-json\/wp\/v2\/media?parent=2769"}],"curies":[{"name":"wp","href":"https:\/\/api.w.org\/{rel}","templated":true}]}}