{"id":3727,"date":"2021-09-14T21:42:24","date_gmt":"2021-09-14T19:42:24","guid":{"rendered":"https:\/\/dhr.se\/stockholmslan\/?page_id=3727"},"modified":"2025-10-15T10:23:34","modified_gmt":"2025-10-15T08:23:34","slug":"distriktsbloggen","status":"publish","type":"page","link":"https:\/\/dhr.se\/stockholmslan\/distriktsbloggen\/","title":{"rendered":"Nyheter"},"content":{"rendered":"<section class=\"block-simple-text\">\n    <div class=\"main\">\n        <div class=\"main-inner\">\n            <div class=\"ingress text-darker\"><h2 class=\"last-child\"><strong>Nyhetsbrev nr 1 Oktober 2025<\/strong><\/h2>\n<p><img decoding=\"async\" class=\"imageDropZone mceLogo aligncenter\" src=\"https:\/\/mcusercontent.com\/f355f0ba8eff146ca278020ba\/images\/1e23c437-0526-74f4-bdf4-08bf5160b93a.jpg\" alt=\"\" width=\"439.92\" height=\"auto\" \/><\/p>\n<p>&nbsp;<\/p>\n<h2>\ud83c\udf3f\u00a0<strong>Hej fr\u00e5n DHR Region Stockholm!<\/strong><\/h2>\n<p>Vi \u00e4r glada att kunna h\u00e4lsa dig v\u00e4lkommen till v\u00e5rt\u00a0<strong>f\u00f6rsta nyhetsbrev<\/strong>!<\/p>\n<p>Vi kommer fram\u00f6ver att skicka ut nyhetsbrev med inspiration, information och nyheter fr\u00e5n v\u00e5ra verksamheter \u2013 om aktiviteter, evenemang och fr\u00e5gor som ber\u00f6r oss alla inom DHR Region Stockholm.<\/p>\n<p>Syftet \u00e4r att du som medlem enkelt ska kunna ta del av vad som h\u00e4nder, f\u00e5 inblick i v\u00e5rt arbete och kanske hitta n\u00e5got du sj\u00e4lv vill delta i eller engagera dig i.<\/p>\n<p>Tack f\u00f6r att du \u00e4r en del av DHR \u2013 tillsammans g\u00f6r vi skillnad! \ud83d\udc9a<\/p>\n<p>V\u00e4nliga h\u00e4lsningar,<br \/>\n<strong>DHR Region Stockholm<\/strong><\/p>\n<p>Under \u00e5ret har vi inom DHR Region Stockholm genomf\u00f6rt flera aktiviteter och tr\u00e4ffar d\u00e4r medlemmar har kunnat m\u00f6tas, utbyta erfarenheter och p\u00e5verka viktiga fr\u00e5gor om delaktighet och tillg\u00e4nglighet. Det har varit b\u00e5de givande och inspirerande att se engagemanget bland v\u00e5ra medlemmar!<\/p>\n<p class=\"last-child\">Nu ser vi fram emot en sp\u00e4nnande h\u00f6st med nya aktiviteter, m\u00f6ten och m\u00f6jligheter att delta. H\u00e4r nedan hittar du lite av det som \u00e4r p\u00e5 g\u00e5ng \u2013 och vi hoppas f\u00f6rst\u00e5s att vi ses! \ud83d\udc9a<\/p>\n<p>\u00a0 \u00a0 \u00a0 \u00a0 \u00a0 \u00a0 \u00a0 \u00a0 \u00a0 \u00a0 \u00a0 \u00a0 \u00a0 \u00a0 \u00a0 \u00a0 \u00a0 \u00a0 \u00a0 \u00a0 \u00a0 \u00a0 \u00a0 \u00a0 \u00a0 \u00a0 \u00a0 \u00a0 \u00a0 \u00a0 \u00a0 \u00a0 <img decoding=\"async\" class=\"imageDropZone mceImage aligncenter\" src=\"https:\/\/mcusercontent.com\/f355f0ba8eff146ca278020ba\/images\/cbed461b-4e45-ccbf-4981-65d7cf0bd776.png\" alt=\"\" width=\"330\" height=\"auto\" data-block-id=\"54\" \/><\/p>\n<h3 class=\"mcePastedContent\">\u00c5ka kollektivtrafik med hj\u00e4lpmedel<\/h3>\n<p class=\"mcePastedContent\"><strong>14 oktober, kl. 11.00\u201315.00<\/strong><br \/>\nF\u00f6lj med n\u00e4r vi tillsammans utforskar Centralstationen och \u00f6var p\u00e5 att resa kollektivt med hj\u00e4lpmedel. En l\u00e4rorik dag fylld av gemenskap, fika och nya erfarenheter!<\/p>\n<p class=\"mcePastedContent\"><a href=\"https:\/\/dhr.se\/stockholmslan\/blog\/event\/aka-kollektivtrafik-med-hjalpmedel\/\" target=\"_blank\" rel=\"noopener\"><strong>L\u00e4s mer och anm\u00e4l dig h\u00e4r<\/strong><\/a><\/p>\n<p><img decoding=\"async\" class=\"imageDropZone mceImage aligncenter\" src=\"https:\/\/mcusercontent.com\/f355f0ba8eff146ca278020ba\/images\/b10812fb-b3f0-7f74-5f20-2c46a70b73e0.png\" alt=\"\" width=\"330\" height=\"auto\" data-block-id=\"57\" \/><\/p>\n<h3 class=\"mcePastedContent\">Tematr\u00e4ff: Region Stockholms folkh\u00e4lsopolicy<\/h3>\n<p class=\"mcePastedContent\"><strong>15 oktober, kl. 18.00\u201320.00<\/strong><br \/>\nVi samtalar med Karin F\u00e4lldin, ordf\u00f6rande f\u00f6r folkh\u00e4lso- och tandv\u00e5rdsberedningen, om hur regionens folkh\u00e4lsopolicy p\u00e5verkar personer med funktionsneds\u00e4ttning.<br \/>\n<a href=\"https:\/\/dhr.se\/stockholmslan\/blog\/event\/inbjudan-till-tematraff-om-region-stockholms-folkhalsopolicy\/\" target=\"_blank\" rel=\"noopener\"><strong>L\u00e4s mer och anm\u00e4l dig h\u00e4r<\/strong><\/a><\/p>\n<h3 class=\"mcePastedContent\">FN:s kritik mot Sveriges uppfyllelse av CRPD<\/h3>\n<p class=\"mcePastedContent\"><strong>3 december 2025, kl. 13.00\u201316.00<\/strong><br \/>\nP\u00e5 Internationella funktionshinderdagen bjuder vi in, tillsammans med Institutet f\u00f6r m\u00e4nskliga r\u00e4ttigheter, till en eftermiddag om FN:s kritik mot Sveriges arbete med funktionsr\u00e4ttskonventionen.<br \/>\n\u2615 Fika ing\u00e5r, och deltagandet \u00e4r kostnadsfritt.<\/p>\n<p class=\"mcePastedContent last-child\"><a href=\"https:\/\/dhr.se\/stockholmslan\/blog\/event\/fns-kritik-mot-sveriges-uppfyllelse-av-crpd\/\" target=\"_blank\" rel=\"noopener\"><strong>L\u00e4s mer och anm\u00e4l dig h\u00e4r<\/strong><\/a><\/p>\n<h3 class=\"mcePastedContent\">\ud83d\udca1 Har du en id\u00e9 som kan g\u00f6ra skillnad?<\/h3>\n<p class=\"mcePastedContent\">Vill du vara med i v\u00e5rt planerade ESF-projekt f\u00f6r social innovation?<\/p>\n<p class=\"mcePastedContent\">DHR Region Stockholm planerar att, tillsammans med Coompanion Stockholm och BOSSE R\u00e5d St\u00f6d &amp; Kunskapscenter, ans\u00f6ka om projektmedel fr\u00e5n Europeiska socialfonden (ESF).<br \/>\nM\u00e5let \u00e4r att st\u00f6dja personer med egna erfarenheter av funktionsneds\u00e4ttning som vill utveckla nya id\u00e9er och l\u00f6sningar som st\u00e4rker delaktighet, egenmakt och livskvalitet.<\/p>\n<p class=\"mcePastedContent\">Vi s\u00f6ker d\u00e4rf\u00f6r medlemmar som vill delta som mikroinnovat\u00f6rer i projektet. Det kan handla om allt fr\u00e5n en vardagsid\u00e9 som underl\u00e4ttar tillg\u00e4nglighet till en modell f\u00f6r gemenskap eller ett nytt s\u00e4tt att fr\u00e4mja arbete och studier.<\/p>\n<p class=\"mcePastedContent last-child\">Om du \u00e4r nyfiken eller vill bidra \u2013 kontakta oss g\u00e4rna p\u00e5\u00a0<a href=\"https:\/\/us16.admin.mailchimp.com\/campaigns\/preview-content-html?id=13390759\">info@dhrstockholm.se<\/a>\u00a0eller ring 08\u2013120 556 80 senast 20 oktober.<\/p>\n<h3 class=\"mcePastedContent\"><strong>Funktionsr\u00e4ttsintervjuaren \u2013 en AI som samlar in ber\u00e4ttelser<\/strong><\/h3>\n<p><img decoding=\"async\" class=\"m_-6077517778546757641mcnImage CToWUd a6T\" src=\"https:\/\/ci3.googleusercontent.com\/meips\/ADKq_NawpvS4f3T7tb8_IlN1gLvO-rtwQvCYqO4n9eXepTW2-r2EGU011bB18ILjUeOoKLBOqC2xTlAxnYXYw7RzvQpvUtILzoM2E5xrHG6eeIl7RWcEzI-CtheppsEDEk8XQ-ks-Z2RXxFHWu7G1Jrvuqk3JXOmWd5pakQ=s0-d-e1-ft#https:\/\/mcusercontent.com\/4e2b6867d8f7f2c4b45490dc0\/images\/61fc031f-fe91-c840-67b0-8705d9140da8.jpg\" alt=\"\" width=\"564\" \/><\/p>\n<p class=\"mcePastedContent\"><strong>Funktionsr\u00e4tt Stockholms stad<\/strong>, har lanserat den f\u00f6rsta versionen av\u00a0<strong>Funktionsr\u00e4ttsintervjuaren<\/strong>. Det \u00e4r en ny AI-tj\u00e4nst som via deras webbplats samlar in ber\u00e4ttelser fr\u00e5n personer med funktionsneds\u00e4ttning och anh\u00f6riga i Stockholms stad.<br \/>\n<em>Vi g\u00f6r nu en insamling av erfarenheter av st\u00f6d och insatser fr\u00e5n Stockholms kommun, till exempel ledsagning, personlig assistans, boendest\u00f6d eller LSS-boende. Vi vet att det har skett neddragningar och att m\u00e5nga inte f\u00e5r det st\u00f6d de beh\u00f6ver \u2013 men vad betyder det i vardagen? Hur p\u00e5verkas frihet och delaktighet?<\/em><\/p>\n<p>Ber\u00e4ttelserna kommer att anv\u00e4ndas i v\u00e5rt p\u00e5verkansarbete f\u00f6r att st\u00e4rka r\u00e4ttigheter och p\u00e5verka beslutsfattare. S\u00e5 h\u00e4r fungerar Funktionsr\u00e4ttsintervjuaren:<\/p>\n<ul>\n<li>\n<p class=\"mcePastedContent\">Du kan skriva eller prata med AI-intervjuaren.<\/p>\n<\/li>\n<li>\n<p class=\"mcePastedContent\">Den kan f\u00f6rklara och anpassa spr\u00e5ket.<\/p>\n<\/li>\n<li>\n<p class=\"mcePastedContent\">En intervju tar cirka 10 minuter.<\/p>\n<\/li>\n<li>\n<p class=\"mcePastedContent\">Efter\u00e5t g\u00f6r AI:n en ber\u00e4ttelse av intervjun, som du sj\u00e4lv f\u00e5r godk\u00e4nna innan den skickas in.<\/p>\n<\/li>\n<\/ul>\n<p class=\"mcePastedContent\"><strong>H\u00e4r finns AI-intervjuaren (och mer information):\u00a0<\/strong><a href=\"https:\/\/neuro.us19.list-manage.com\/track\/click?u=4e2b6867d8f7f2c4b45490dc0&amp;id=6d6ecdb3d6&amp;e=148b975e4b\" target=\"_blank\" rel=\"noopener\"><strong>funktionsrattstockholm.se\/funktionsrattsintervjuaren<\/strong><\/a><\/p>\n<p>&nbsp;<\/p>\n<p><strong>Bli mer digital &#8211; f\u00e5 hj\u00e4lp, inspiration och tips<\/strong><\/p>\n<p><img loading=\"lazy\" decoding=\"async\" class=\"mcnImage aligncenter\" src=\"https:\/\/mcusercontent.com\/f355f0ba8eff146ca278020ba\/images\/f62b8a73-c9c7-b4bb-a97b-cca8151ea5bd.jpg\" alt=\"\" width=\"304\" height=\"115\" data-proportional=\"true\" \/><\/p>\n<p>P\u00e5 PTS, Post och Telestyrelsens webbplats finns\u00a0<a href=\"https:\/\/www.pts.se\/digital-inkludering\/digitalhjalpen-for-dig-som-digital-nyborjare\/\" target=\"_blank\" rel=\"noopener\">Digitalhj\u00e4lpen<\/a>\u00a0som ger dig hj\u00e4lp, inspiration och tips &#8211; d\u00e4r finns b\u00e5de instruktioner i text och instruktionsfilmer &#8211; kolla upp den hj\u00e4lp som finns att f\u00e5 och l\u00e4r dig n\u00e5got nytt!<\/p>\n<h3 class=\"mcePastedContent\">V\u00e5rd som h\u00e4nger ihop \u2013 f\u00f6r vuxna med funktionsneds\u00e4ttning<\/h3>\n<p class=\"mcePastedContent\">Vuxna personer med omfattande funktionsneds\u00e4ttningar har ofta stora och komplexa v\u00e5rdbehov. N\u00e4r barnen blir myndiga f\u00f6rv\u00e4ntas de klara sig inom den ordinarie v\u00e5rden \u2013 n\u00e5got som ofta inneb\u00e4r ett tungt ansvar f\u00f6r f\u00f6r\u00e4ldrar och anh\u00f6riga.<\/p>\n<p class=\"mcePastedContent\"><strong>SMO-mottagningarna (Samordnad Medicinsk Mottagning)<\/strong>\u00a0har skapats f\u00f6r att fylla det h\u00e4r glappet. De erbjuder samordnad, personcentrerad v\u00e5rd f\u00f6r vuxna med omfattande och varaktiga funktionsneds\u00e4ttningar \u2013 bland annat f\u00f6r dem som bor p\u00e5 LSS-boenden.<\/p>\n<p class=\"mcePastedContent\">P\u00e5 mottagningarna arbetar ett fast team av l\u00e4kare, sjuksk\u00f6terskor, dietist och sjukgymnast, och vid behov \u00e4ven kuratorer och andra professioner. Patienten m\u00f6ter samma v\u00e5rdteam vid varje bes\u00f6k, i en lugn milj\u00f6, vilket skapar trygghet, kontinuitet och b\u00e4ttre h\u00e4lsa.<\/p>\n<p class=\"mcePastedContent\">I Region Stockholm finns i dag fyra SMO-mottagningar: Handen, Kista, Tullinge och T\u00e4by.<br \/>\nSatsningen \u00e4r ett f\u00f6rs\u00f6ksprojekt som just nu utv\u00e4rderas f\u00f6r att se om modellen ska inf\u00f6ras permanent.<\/p>\n<p class=\"mcePastedContent last-child\"><a href=\"https:\/\/via.tt.se\/pressmeddelande\/3921408\/samlad-vard-hjalper-funktionsnedsatta?publisherId=3236162&amp;lang=sv\" target=\"_blank\" rel=\"noopener\">L\u00e4s hela artikeln h\u00e4r<\/a><\/p>\n<p>&nbsp;<\/p>\n<p>&nbsp;<\/p>\n<\/div>\n            <div class=\"content\"><\/div>\n        <\/div>\n    <\/div>\n<\/section>\n\n<section class=\"block-textbox\" style=\"background-image:url();\">\n    <div class=\"main\">\n        <div class=\"main-inner\">\n\n                <div class=\"text-container\">\n                    <h2><\/h2>\n                    <p><\/p>\n\n                    \n                <\/div>\n\n        <\/div>\n    <\/div>\n<\/section>","protected":false},"excerpt":{"rendered":"","protected":false},"author":9,"featured_media":0,"parent":0,"menu_order":0,"comment_status":"closed","ping_status":"closed","template":"template-side-menu.php","meta":{"_acf_changed":false,"_monsterinsights_skip_tracking":false,"_monsterinsights_sitenote_active":false,"_monsterinsights_sitenote_note":"","_monsterinsights_sitenote_category":0,"footnotes":""},"class_list":["post-3727","page","type-page","status-publish","hentry"],"acf":[],"yoast_head":"<!-- This site is optimized with the Yoast SEO plugin v27.2 - https:\/\/yoast.com\/product\/yoast-seo-wordpress\/ -->\n<title>Nyheter - DHR - Region Stockholm<\/title>\n<meta name=\"robots\" content=\"index, follow, max-snippet:-1, max-image-preview:large, max-video-preview:-1\" \/>\n<link rel=\"canonical\" href=\"https:\/\/dhr.se\/stockholmslan\/distriktsbloggen\/\" \/>\n<meta property=\"og:locale\" content=\"sv_SE\" \/>\n<meta property=\"og:type\" content=\"article\" \/>\n<meta property=\"og:title\" content=\"Nyheter - DHR - Region Stockholm\" \/>\n<meta property=\"og:url\" content=\"https:\/\/dhr.se\/stockholmslan\/distriktsbloggen\/\" \/>\n<meta property=\"og:site_name\" content=\"DHR - Region Stockholm\" \/>\n<meta property=\"article:publisher\" content=\"https:\/\/www.facebook.com\/DHRStockholmsLan\" \/>\n<meta property=\"article:modified_time\" content=\"2025-10-15T08:23:34+00:00\" \/>\n<meta name=\"twitter:card\" content=\"summary_large_image\" \/>\n<script type=\"application\/ld+json\" class=\"yoast-schema-graph\">{\"@context\":\"https:\/\/schema.org\",\"@graph\":[{\"@type\":\"WebPage\",\"@id\":\"https:\/\/dhr.se\/stockholmslan\/distriktsbloggen\/\",\"url\":\"https:\/\/dhr.se\/stockholmslan\/distriktsbloggen\/\",\"name\":\"Nyheter - DHR - Region Stockholm\",\"isPartOf\":{\"@id\":\"https:\/\/dhr.se\/stockholmslan\/#website\"},\"datePublished\":\"2021-09-14T19:42:24+00:00\",\"dateModified\":\"2025-10-15T08:23:34+00:00\",\"breadcrumb\":{\"@id\":\"https:\/\/dhr.se\/stockholmslan\/distriktsbloggen\/#breadcrumb\"},\"inLanguage\":\"sv-SE\",\"potentialAction\":[{\"@type\":\"ReadAction\",\"target\":[\"https:\/\/dhr.se\/stockholmslan\/distriktsbloggen\/\"]}]},{\"@type\":\"BreadcrumbList\",\"@id\":\"https:\/\/dhr.se\/stockholmslan\/distriktsbloggen\/#breadcrumb\",\"itemListElement\":[{\"@type\":\"ListItem\",\"position\":1,\"name\":\"Hem\",\"item\":\"https:\/\/dhr.se\/stockholmslan\/\"},{\"@type\":\"ListItem\",\"position\":2,\"name\":\"Nyheter\"}]},{\"@type\":\"WebSite\",\"@id\":\"https:\/\/dhr.se\/stockholmslan\/#website\",\"url\":\"https:\/\/dhr.se\/stockholmslan\/\",\"name\":\"DHR - Region Stockholm\",\"description\":\"Delaktighet - Handlingskraft - R\u00f6relsefrihet\",\"publisher\":{\"@id\":\"https:\/\/dhr.se\/stockholmslan\/#organization\"},\"potentialAction\":[{\"@type\":\"SearchAction\",\"target\":{\"@type\":\"EntryPoint\",\"urlTemplate\":\"https:\/\/dhr.se\/stockholmslan\/?s={search_term_string}\"},\"query-input\":{\"@type\":\"PropertyValueSpecification\",\"valueRequired\":true,\"valueName\":\"search_term_string\"}}],\"inLanguage\":\"sv-SE\"},{\"@type\":\"Organization\",\"@id\":\"https:\/\/dhr.se\/stockholmslan\/#organization\",\"name\":\"DHR Region Stockholm\",\"url\":\"https:\/\/dhr.se\/stockholmslan\/\",\"logo\":{\"@type\":\"ImageObject\",\"inLanguage\":\"sv-SE\",\"@id\":\"https:\/\/dhr.se\/stockholmslan\/#\/schema\/logo\/image\/\",\"url\":\"https:\/\/dhr.se\/stockholmslan\/wp-content\/uploads\/sites\/5\/2021\/12\/REGION-STOCKHOLM-orange-48-p.jpg\",\"contentUrl\":\"https:\/\/dhr.se\/stockholmslan\/wp-content\/uploads\/sites\/5\/2021\/12\/REGION-STOCKHOLM-orange-48-p.jpg\",\"width\":891,\"height\":694,\"caption\":\"DHR Region Stockholm\"},\"image\":{\"@id\":\"https:\/\/dhr.se\/stockholmslan\/#\/schema\/logo\/image\/\"},\"sameAs\":[\"https:\/\/www.facebook.com\/DHRStockholmsLan\",\"https:\/\/www.instagram.com\/dhr_sld\/\"]}]}<\/script>\n<!-- \/ Yoast SEO plugin. -->","yoast_head_json":{"title":"Nyheter - DHR - Region Stockholm","robots":{"index":"index","follow":"follow","max-snippet":"max-snippet:-1","max-image-preview":"max-image-preview:large","max-video-preview":"max-video-preview:-1"},"canonical":"https:\/\/dhr.se\/stockholmslan\/distriktsbloggen\/","og_locale":"sv_SE","og_type":"article","og_title":"Nyheter - DHR - Region Stockholm","og_url":"https:\/\/dhr.se\/stockholmslan\/distriktsbloggen\/","og_site_name":"DHR - Region Stockholm","article_publisher":"https:\/\/www.facebook.com\/DHRStockholmsLan","article_modified_time":"2025-10-15T08:23:34+00:00","twitter_card":"summary_large_image","schema":{"@context":"https:\/\/schema.org","@graph":[{"@type":"WebPage","@id":"https:\/\/dhr.se\/stockholmslan\/distriktsbloggen\/","url":"https:\/\/dhr.se\/stockholmslan\/distriktsbloggen\/","name":"Nyheter - DHR - Region Stockholm","isPartOf":{"@id":"https:\/\/dhr.se\/stockholmslan\/#website"},"datePublished":"2021-09-14T19:42:24+00:00","dateModified":"2025-10-15T08:23:34+00:00","breadcrumb":{"@id":"https:\/\/dhr.se\/stockholmslan\/distriktsbloggen\/#breadcrumb"},"inLanguage":"sv-SE","potentialAction":[{"@type":"ReadAction","target":["https:\/\/dhr.se\/stockholmslan\/distriktsbloggen\/"]}]},{"@type":"BreadcrumbList","@id":"https:\/\/dhr.se\/stockholmslan\/distriktsbloggen\/#breadcrumb","itemListElement":[{"@type":"ListItem","position":1,"name":"Hem","item":"https:\/\/dhr.se\/stockholmslan\/"},{"@type":"ListItem","position":2,"name":"Nyheter"}]},{"@type":"WebSite","@id":"https:\/\/dhr.se\/stockholmslan\/#website","url":"https:\/\/dhr.se\/stockholmslan\/","name":"DHR - Region Stockholm","description":"Delaktighet - Handlingskraft - R\u00f6relsefrihet","publisher":{"@id":"https:\/\/dhr.se\/stockholmslan\/#organization"},"potentialAction":[{"@type":"SearchAction","target":{"@type":"EntryPoint","urlTemplate":"https:\/\/dhr.se\/stockholmslan\/?s={search_term_string}"},"query-input":{"@type":"PropertyValueSpecification","valueRequired":true,"valueName":"search_term_string"}}],"inLanguage":"sv-SE"},{"@type":"Organization","@id":"https:\/\/dhr.se\/stockholmslan\/#organization","name":"DHR Region Stockholm","url":"https:\/\/dhr.se\/stockholmslan\/","logo":{"@type":"ImageObject","inLanguage":"sv-SE","@id":"https:\/\/dhr.se\/stockholmslan\/#\/schema\/logo\/image\/","url":"https:\/\/dhr.se\/stockholmslan\/wp-content\/uploads\/sites\/5\/2021\/12\/REGION-STOCKHOLM-orange-48-p.jpg","contentUrl":"https:\/\/dhr.se\/stockholmslan\/wp-content\/uploads\/sites\/5\/2021\/12\/REGION-STOCKHOLM-orange-48-p.jpg","width":891,"height":694,"caption":"DHR Region Stockholm"},"image":{"@id":"https:\/\/dhr.se\/stockholmslan\/#\/schema\/logo\/image\/"},"sameAs":["https:\/\/www.facebook.com\/DHRStockholmsLan","https:\/\/www.instagram.com\/dhr_sld\/"]}]}},"publishpress_future_action":{"enabled":false,"date":"2026-04-24 11:03:41","action":"change-status","newStatus":"draft","terms":[],"taxonomy":"translation_priority","extraData":[]},"publishpress_future_workflow_manual_trigger":{"enabledWorkflows":[]},"_links":{"self":[{"href":"https:\/\/dhr.se\/stockholmslan\/wp-json\/wp\/v2\/pages\/3727","targetHints":{"allow":["GET"]}}],"collection":[{"href":"https:\/\/dhr.se\/stockholmslan\/wp-json\/wp\/v2\/pages"}],"about":[{"href":"https:\/\/dhr.se\/stockholmslan\/wp-json\/wp\/v2\/types\/page"}],"author":[{"embeddable":true,"href":"https:\/\/dhr.se\/stockholmslan\/wp-json\/wp\/v2\/users\/9"}],"replies":[{"embeddable":true,"href":"https:\/\/dhr.se\/stockholmslan\/wp-json\/wp\/v2\/comments?post=3727"}],"version-history":[{"count":0,"href":"https:\/\/dhr.se\/stockholmslan\/wp-json\/wp\/v2\/pages\/3727\/revisions"}],"wp:attachment":[{"href":"https:\/\/dhr.se\/stockholmslan\/wp-json\/wp\/v2\/media?parent=3727"}],"curies":[{"name":"wp","href":"https:\/\/api.w.org\/{rel}","templated":true}]}}