{"id":4056,"date":"2022-01-25T10:45:07","date_gmt":"2022-01-25T09:45:07","guid":{"rendered":"https:\/\/dhr.se\/stockholmslan\/?page_id=4056"},"modified":"2022-06-07T20:05:25","modified_gmt":"2022-06-07T18:05:25","slug":"verksamhetsplan-varen-2022","status":"publish","type":"page","link":"https:\/\/dhr.se\/stockholmslan\/verksamhetsplan-varen-2022\/","title":{"rendered":"Verksamhetsplan 2022"},"content":{"rendered":"\n<h2 class=\"wp-block-heading\">Jubileums-v\u00e5ren 2022<\/h2>\n\n\n\n<figure class=\"wp-block-image alignwide size-full is-style-default\"><img decoding=\"async\" src=\"https:\/\/dhr.se\/stockholmslan\/wp-content\/uploads\/sites\/5\/2022\/01\/Jubileumslogga.jpg\" alt=\"\" class=\"wp-image-4049\" \/><\/figure>\n\n\n\n<p class=\"has-text-align-right\">(<span class=\"has-inline-color\">N\u00e4r aktiviteten \u00e4r m\u00f6rkmarkerad \u00e4r den klickbar och du kommer till inbjudan.)<\/span><\/p>\n\n\n\n<figure class=\"wp-block-table is-style-stripes\"><table><thead><tr><th>Datum<\/th><th>Aktivitet<\/th><th>Plats<\/th><th>Rapport<\/th><\/tr><\/thead><tbody><tr><td><strong>JANUARI<\/strong><\/td><td><\/td><td><\/td><td><\/td><\/tr><tr><td>M\u00e5 10<\/td><td>Kansliet \u00f6ppnar efter julledigheten<\/td><td><\/td><td><\/td><\/tr><tr><td>On 19<\/td><td>Beredningsutskott<\/td><td>Microsoft teams \/ Telefon<\/td><td><\/td><\/tr><tr><td>To 20<\/td><td>Sm\u00e4rtcirkeln<\/td><td>Microsoft team \/ Telefon<\/td><td><\/td><\/tr><tr><td>S\u00f6 23<\/td><td>Styrelsens v\u00e5r kick-off<\/td><td>Microsoft teams \/ Telefon<\/td><td><\/td><\/tr><tr><td>M\u00e5 24<\/td><td>Styrelsem\u00f6te<\/td><td>Microsoft teams \/ Telefon<\/td><td><\/td><\/tr><tr><td><strong>FEBRUARI<\/strong><\/td><td><\/td><td><\/td><td><\/td><\/tr><tr><td>On 2<\/td><td><a href=\"https:\/\/dhr.se\/stockholmslan\/blog\/event\/tematraff-fardtjanst\/\"><span class=\"has-inline-color\"><strong>Tematr\u00e4ff &#8221;F\u00e4rdtj\u00e4nst&#8221;<\/strong><\/span><\/a><\/td><td>Microsoft teams \/ Telefon<\/td><td><a href=\"https:\/\/dhr.se\/stockholmslan\/blog\/2022\/02\/15\/inspelning-tematraff-fardtjanst-den-2-februari\/\"><strong>Video fr\u00e5n tr\u00e4ffen med Andreas Pettersson<\/strong><\/a><\/td><\/tr><tr><td>Ti 8<\/td><td><a href=\"https:\/\/dhr.se\/stockholmslan\/blog\/event\/traff-for-valberedare\/\"><strong>Kurs f\u00f6r valberedare<\/strong><\/a><\/td><td>Microsoft teams \/ Telefon<\/td><td><\/td><\/tr><tr><td>On 9<\/td><td>Beredningsutskott<\/td><td>Microsoft teams \/ Telefon<\/td><td><\/td><\/tr><tr><td>M\u00e5 14<\/td><td>Styrelsem\u00f6te<\/td><td>Microsoft teams \/ Telefon<\/td><td><\/td><\/tr><tr><td>Ti 15<\/td><td><a href=\"https:\/\/dhr.se\/stockholmslan\/blog\/event\/tematraff-fardtjanst-en-riksdagsfraga\/\"><strong>Tematr\u00e4ff &#8221;F\u00e4rdtj\u00e4nst &#8211; en riksdagsfr\u00e5ga!&#8221;<\/strong><\/a><\/td><td>Microsoft teams \/ Telefon<\/td><td><\/td><\/tr><tr><td>To 17<\/td><td>Sm\u00e4rtcirkeln<\/td><td>Microsoft teams \/ Telefon<\/td><td><\/td><\/tr><tr><td>On 23<\/td><td><a href=\"https:\/\/dhr.se\/stockholmslan\/blog\/event\/tjej-kvinnokvall-2\/\"><strong>Tjej-\/Kvinnokv\u00e4ll<\/strong><\/a><\/td><td>Microsoft teams \/ Telefon<\/td><td><\/td><\/tr><tr><td><strong>MARS<\/strong><\/td><td><\/td><td><\/td><td><\/td><\/tr><tr><td>M\u00e5 7<\/td><td>Beredningsutskott<\/td><td>Microsoft teams \/ Telefon<\/td><td><\/td><\/tr><tr><td>To 10<\/td><td><a href=\"https:\/\/dhr.se\/stockholmslan\/blog\/event\/oppet-mote\/\"><strong>\u00d6ppet m\u00f6te! S\u00f6dert\u00e4ljeavdelningen<\/strong><\/a><\/td><td>ABF-huset, S\u00f6dert\u00e4lje<\/td><td><\/td><\/tr><tr><td>M\u00e5 14<\/td><td>Styrelsem\u00f6te<\/td><td>Microsoft teams \/ Telefon<\/td><td><\/td><\/tr><tr><td>Ti 15<\/td><td><strong><a href=\"https:\/\/dhr.se\/stockholmslan\/blog\/event\/oppet-mote-2\/\">\u00d6ppet m\u00f6te!  Nyn\u00e4shamn-Haningeavdelningen<\/a><\/strong><\/td><td>Quality Hotel Winn Haninge<\/td><td><\/td><\/tr><tr><td>M\u00e5 21<\/td><td>Extra styrelsem\u00f6te<\/td><td><\/td><td><\/td><\/tr><tr><td>On 23<\/td><td>Alla kan gympa! Botkyrka-Salem-avdelningen med \u00d6ppna d\u00f6rrar, Friskis&amp;Svettis<\/td><td>Hallunda Folkets Hus<\/td><td><\/td><\/tr><tr><td>To 24<\/td><td>\u00d6ppet m\u00f6te! S\u00f6dert\u00e4ljeavdelningen<\/td><td>ABF-huset, S\u00f6dert\u00e4lje<\/td><td><\/td><\/tr><tr><td>M\u00e5 28<\/td><td><a href=\"https:\/\/dhr.se\/stockholmslan\/blog\/event\/dhr-och-framtiden\/\">Tematr\u00e4ff &#8221;DHR och framtiden&#8221;<\/a><\/td><td>Microsoft teams \/ Telefon<\/td><td><\/td><\/tr><tr><td>On 30<\/td><td><a href=\"https:\/\/dhr.se\/stockholmslan\/blog\/event\/jubileumsseminarium-motivera-ideella\/\">Jubileumsseminarium \u201dMotivera ideella\u201d<\/a><\/td><td>Microsoft teams \/ Telefon<\/td><td><\/td><\/tr><tr><td>To 31<\/td><td><a href=\"https:\/\/dhr.se\/stockholmslan\/blog\/event\/kvinnan-i-fokus\/\">Tr\u00e4ff &#8221;Kvinnan i fokus&#8221; f\u00f6r Botkyrka-Salem-avdelningen med Botkyrka Kvinno- och tjejjour och FQ, Forum \u2013 Kvinnor och Funktionshinder<\/a><\/td><td>Hallunda Folkets Hus<\/td><td><\/td><\/tr><tr><td><strong>APRIL<\/strong><\/td><td><\/td><td><\/td><td><\/td><\/tr><tr><td>M\u00e5 4<\/td><td>Beredningsutskott<\/td><td><\/td><td><\/td><\/tr><tr><td>On 6<\/td><td>Tematr\u00e4ff &#8221;Valmanifestet&#8221;<\/td><td><\/td><td><\/td><\/tr><tr><td>To 7<\/td><td>Tematr\u00e4ff &#8221;Regionens arbete med Agenda 2030&#8221;<\/td><td>Microsoft teams \/ Telefon <\/td><td><\/td><\/tr><tr><td>Fr 8<\/td><td>Lunch och visning av Fotovoice! Botkyrka-Salemavdelningen<\/td><td>M\u00e5ngkulturellt centrum, Fittja<\/td><td><\/td><\/tr><tr><td>M\u00e5 11<\/td><td>Styrelsem\u00f6te<\/td><td><\/td><td><\/td><\/tr><tr><td>Ti 12<\/td><td>Tr\u00e4ff f\u00f6r Botkyrka-Salem-avdelningen \u201dBidragsstiftelsen informerar\u201d<\/td><td><\/td><td><\/td><\/tr><tr><td>L\u00f6 23<\/td><td>\u00c5rsm\u00f6te<\/td><td><\/td><td><\/td><\/tr><tr><td>Ti 28<\/td><td>Tr\u00e4ff f\u00f6r nyanl\u00e4nda! Botkyrka-Salemavdelningen<\/td><td><\/td><td><\/td><\/tr><tr><td><strong>MAJ<\/strong><\/td><td><\/td><td><\/td><td><\/td><\/tr><tr><td>Ti 3<\/td><td>Styrelseutveckling med ABF<\/td><td><\/td><td><\/td><\/tr><tr><td>On 4<\/td><td>Skrivarcirkel med Mika Ihanus<\/td><td><\/td><td><\/td><\/tr><tr><td>To 5<\/td><td>Tr\u00e4ff &#8221;\u00d6ppet m\u00f6te med politiker&#8221; T\u00e4byavdelningen<\/td><td><\/td><td><\/td><\/tr><tr><td>M\u00e5 9<\/td><td>Styrelsem\u00f6te<\/td><td><\/td><td><\/td><\/tr><tr><td>M\u00e5 16<\/td><td>Styrelsem\u00f6te (forts.)<\/td><td><\/td><td><\/td><\/tr><tr><td>On 18<\/td><td>Jubileumsseminarium<br>&#8221;Hj\u00e4lpmedel \u00e4r ett\/mitt livsmedel. Ska det verkligen kosta?&#8221;<\/td><td>Hjultorget, Kista<\/td><td><\/td><\/tr><tr><td>On 18<\/td><td> Skrivarcirkel med Mika Ihanus <\/td><td><\/td><td><\/td><\/tr><tr><td>L\u00f6 21<\/td><td>Tr\u00e4ff Nya medlemmar<\/td><td>Alm\u00e5sa<\/td><td><\/td><\/tr><tr><td>M\u00e5 30<\/td><td>Beredningsutskott<\/td><td><\/td><td><\/td><\/tr><tr><td><strong>JUNI<\/strong><\/td><td><\/td><td><\/td><td><\/td><\/tr><tr><td>On 1<\/td><td>Skrivarcirkel med Mika Ihanus <\/td><td><\/td><td><\/td><\/tr><tr><td>On 8<\/td><td>Styrelsem\u00f6te<\/td><td><\/td><td><\/td><\/tr><tr><td>L\u00f6 11<\/td><td>Tr\u00e4ff Nya medlemmar <\/td><td>Bos\u00f6n<\/td><td><\/td><\/tr><tr><td>On 15<\/td><td>Skrivarcirkel med Mika Ihanus <\/td><td><\/td><td><\/td><\/tr><tr><td>On 29<\/td><td>Skrivarcirkel med Mika Ihanus<\/td><td><\/td><td><\/td><\/tr><tr><td> <strong>JULI<\/strong> <\/td><td><\/td><td><\/td><td><\/td><\/tr><tr><td>On 13<\/td><td>Skrivarcirkel med Mika Ihanus <\/td><td><\/td><td><\/td><\/tr><\/tbody><\/table><\/figure>\n\n\n\n<p class=\"has-text-align-right\"><strong>Verksamhetsplanen \u00e4r prelimin\u00e4r, avvakta inbjudan f\u00f6r respektive tr\u00e4ff.<\/strong><\/p>\n\n\n\n<p class=\"has-text-align-center\"><strong>Tr\u00e4ffarna ovan f\u00f6r Botkyrka-Salem, Haninge, S\u00f6dert\u00e4lje och T\u00e4by \u00e4r \u00e4ven \u00f6ppna f\u00f6r medlem i annan avdelning. <\/strong><\/p>\n","protected":false},"excerpt":{"rendered":"<p>Jubileums-v\u00e5ren 2022 (N\u00e4r aktiviteten \u00e4r m\u00f6rkmarkerad \u00e4r den klickbar och du kommer till inbjudan.) Datum Aktivitet Plats Rapport JANUARI M\u00e5 10 Kansliet \u00f6ppnar efter julledigheten On 19 Beredningsutskott Microsoft teams \/ Telefon To 20 Sm\u00e4rtcirkeln Microsoft team \/ Telefon S\u00f6[&hellip;]<\/p>\n","protected":false},"author":9,"featured_media":0,"parent":0,"menu_order":0,"comment_status":"closed","ping_status":"closed","template":"template-side-menu.php","meta":{"_acf_changed":false,"_monsterinsights_skip_tracking":false,"_monsterinsights_sitenote_active":false,"_monsterinsights_sitenote_note":"","_monsterinsights_sitenote_category":0,"footnotes":""},"class_list":["post-4056","page","type-page","status-publish","hentry"],"acf":[],"yoast_head":"<!-- This site is optimized with the Yoast SEO plugin v27.2 - https:\/\/yoast.com\/product\/yoast-seo-wordpress\/ -->\n<title>Verksamhetsplan 2022 - DHR - Region Stockholm<\/title>\n<meta name=\"robots\" content=\"index, follow, max-snippet:-1, max-image-preview:large, max-video-preview:-1\" \/>\n<link rel=\"canonical\" href=\"https:\/\/dhr.se\/stockholmslan\/verksamhetsplan-varen-2022\/\" \/>\n<meta property=\"og:locale\" content=\"sv_SE\" \/>\n<meta property=\"og:type\" content=\"article\" \/>\n<meta property=\"og:title\" content=\"Verksamhetsplan 2022 - DHR - Region Stockholm\" \/>\n<meta property=\"og:description\" content=\"Jubileums-v\u00e5ren 2022 (N\u00e4r aktiviteten \u00e4r m\u00f6rkmarkerad \u00e4r den klickbar och du kommer till inbjudan.) Datum Aktivitet Plats Rapport JANUARI M\u00e5 10 Kansliet \u00f6ppnar efter julledigheten On 19 Beredningsutskott Microsoft teams \/ Telefon To 20 Sm\u00e4rtcirkeln Microsoft team \/ Telefon S\u00f6[&hellip;]\" \/>\n<meta property=\"og:url\" content=\"https:\/\/dhr.se\/stockholmslan\/verksamhetsplan-varen-2022\/\" \/>\n<meta property=\"og:site_name\" content=\"DHR - Region Stockholm\" \/>\n<meta property=\"article:publisher\" content=\"https:\/\/www.facebook.com\/DHRStockholmsLan\" \/>\n<meta property=\"article:modified_time\" content=\"2022-06-07T18:05:25+00:00\" \/>\n<meta property=\"og:image\" content=\"https:\/\/dhr.se\/stockholmslan\/wp-content\/uploads\/sites\/5\/2022\/01\/Jubileumslogga.jpg\" \/>\n<meta name=\"twitter:card\" content=\"summary_large_image\" \/>\n<meta name=\"twitter:label1\" content=\"Ber\u00e4knad l\u00e4stid\" \/>\n\t<meta name=\"twitter:data1\" content=\"2 minuter\" \/>\n<script type=\"application\/ld+json\" class=\"yoast-schema-graph\">{\"@context\":\"https:\/\/schema.org\",\"@graph\":[{\"@type\":\"WebPage\",\"@id\":\"https:\/\/dhr.se\/stockholmslan\/verksamhetsplan-varen-2022\/\",\"url\":\"https:\/\/dhr.se\/stockholmslan\/verksamhetsplan-varen-2022\/\",\"name\":\"Verksamhetsplan 2022 - DHR - Region Stockholm\",\"isPartOf\":{\"@id\":\"https:\/\/dhr.se\/stockholmslan\/#website\"},\"primaryImageOfPage\":{\"@id\":\"https:\/\/dhr.se\/stockholmslan\/verksamhetsplan-varen-2022\/#primaryimage\"},\"image\":{\"@id\":\"https:\/\/dhr.se\/stockholmslan\/verksamhetsplan-varen-2022\/#primaryimage\"},\"thumbnailUrl\":\"https:\/\/dhr.se\/stockholmslan\/wp-content\/uploads\/sites\/5\/2022\/01\/Jubileumslogga.jpg\",\"datePublished\":\"2022-01-25T09:45:07+00:00\",\"dateModified\":\"2022-06-07T18:05:25+00:00\",\"breadcrumb\":{\"@id\":\"https:\/\/dhr.se\/stockholmslan\/verksamhetsplan-varen-2022\/#breadcrumb\"},\"inLanguage\":\"sv-SE\",\"potentialAction\":[{\"@type\":\"ReadAction\",\"target\":[\"https:\/\/dhr.se\/stockholmslan\/verksamhetsplan-varen-2022\/\"]}]},{\"@type\":\"ImageObject\",\"inLanguage\":\"sv-SE\",\"@id\":\"https:\/\/dhr.se\/stockholmslan\/verksamhetsplan-varen-2022\/#primaryimage\",\"url\":\"https:\/\/dhr.se\/stockholmslan\/wp-content\/uploads\/sites\/5\/2022\/01\/Jubileumslogga.jpg\",\"contentUrl\":\"https:\/\/dhr.se\/stockholmslan\/wp-content\/uploads\/sites\/5\/2022\/01\/Jubileumslogga.jpg\",\"width\":519,\"height\":223},{\"@type\":\"BreadcrumbList\",\"@id\":\"https:\/\/dhr.se\/stockholmslan\/verksamhetsplan-varen-2022\/#breadcrumb\",\"itemListElement\":[{\"@type\":\"ListItem\",\"position\":1,\"name\":\"Hem\",\"item\":\"https:\/\/dhr.se\/stockholmslan\/\"},{\"@type\":\"ListItem\",\"position\":2,\"name\":\"Verksamhetsplan 2022\"}]},{\"@type\":\"WebSite\",\"@id\":\"https:\/\/dhr.se\/stockholmslan\/#website\",\"url\":\"https:\/\/dhr.se\/stockholmslan\/\",\"name\":\"DHR - Region Stockholm\",\"description\":\"Delaktighet - Handlingskraft - R\u00f6relsefrihet\",\"publisher\":{\"@id\":\"https:\/\/dhr.se\/stockholmslan\/#organization\"},\"potentialAction\":[{\"@type\":\"SearchAction\",\"target\":{\"@type\":\"EntryPoint\",\"urlTemplate\":\"https:\/\/dhr.se\/stockholmslan\/?s={search_term_string}\"},\"query-input\":{\"@type\":\"PropertyValueSpecification\",\"valueRequired\":true,\"valueName\":\"search_term_string\"}}],\"inLanguage\":\"sv-SE\"},{\"@type\":\"Organization\",\"@id\":\"https:\/\/dhr.se\/stockholmslan\/#organization\",\"name\":\"DHR Region Stockholm\",\"url\":\"https:\/\/dhr.se\/stockholmslan\/\",\"logo\":{\"@type\":\"ImageObject\",\"inLanguage\":\"sv-SE\",\"@id\":\"https:\/\/dhr.se\/stockholmslan\/#\/schema\/logo\/image\/\",\"url\":\"https:\/\/dhr.se\/stockholmslan\/wp-content\/uploads\/sites\/5\/2021\/12\/REGION-STOCKHOLM-orange-48-p.jpg\",\"contentUrl\":\"https:\/\/dhr.se\/stockholmslan\/wp-content\/uploads\/sites\/5\/2021\/12\/REGION-STOCKHOLM-orange-48-p.jpg\",\"width\":891,\"height\":694,\"caption\":\"DHR Region Stockholm\"},\"image\":{\"@id\":\"https:\/\/dhr.se\/stockholmslan\/#\/schema\/logo\/image\/\"},\"sameAs\":[\"https:\/\/www.facebook.com\/DHRStockholmsLan\",\"https:\/\/www.instagram.com\/dhr_sld\/\"]}]}<\/script>\n<!-- \/ Yoast SEO plugin. -->","yoast_head_json":{"title":"Verksamhetsplan 2022 - DHR - Region Stockholm","robots":{"index":"index","follow":"follow","max-snippet":"max-snippet:-1","max-image-preview":"max-image-preview:large","max-video-preview":"max-video-preview:-1"},"canonical":"https:\/\/dhr.se\/stockholmslan\/verksamhetsplan-varen-2022\/","og_locale":"sv_SE","og_type":"article","og_title":"Verksamhetsplan 2022 - DHR - Region Stockholm","og_description":"Jubileums-v\u00e5ren 2022 (N\u00e4r aktiviteten \u00e4r m\u00f6rkmarkerad \u00e4r den klickbar och du kommer till inbjudan.) Datum Aktivitet Plats Rapport JANUARI M\u00e5 10 Kansliet \u00f6ppnar efter julledigheten On 19 Beredningsutskott Microsoft teams \/ Telefon To 20 Sm\u00e4rtcirkeln Microsoft team \/ Telefon S\u00f6[&hellip;]","og_url":"https:\/\/dhr.se\/stockholmslan\/verksamhetsplan-varen-2022\/","og_site_name":"DHR - Region Stockholm","article_publisher":"https:\/\/www.facebook.com\/DHRStockholmsLan","article_modified_time":"2022-06-07T18:05:25+00:00","og_image":[{"url":"https:\/\/dhr.se\/stockholmslan\/wp-content\/uploads\/sites\/5\/2022\/01\/Jubileumslogga.jpg","type":"","width":"","height":""}],"twitter_card":"summary_large_image","twitter_misc":{"Ber\u00e4knad l\u00e4stid":"2 minuter"},"schema":{"@context":"https:\/\/schema.org","@graph":[{"@type":"WebPage","@id":"https:\/\/dhr.se\/stockholmslan\/verksamhetsplan-varen-2022\/","url":"https:\/\/dhr.se\/stockholmslan\/verksamhetsplan-varen-2022\/","name":"Verksamhetsplan 2022 - DHR - Region Stockholm","isPartOf":{"@id":"https:\/\/dhr.se\/stockholmslan\/#website"},"primaryImageOfPage":{"@id":"https:\/\/dhr.se\/stockholmslan\/verksamhetsplan-varen-2022\/#primaryimage"},"image":{"@id":"https:\/\/dhr.se\/stockholmslan\/verksamhetsplan-varen-2022\/#primaryimage"},"thumbnailUrl":"https:\/\/dhr.se\/stockholmslan\/wp-content\/uploads\/sites\/5\/2022\/01\/Jubileumslogga.jpg","datePublished":"2022-01-25T09:45:07+00:00","dateModified":"2022-06-07T18:05:25+00:00","breadcrumb":{"@id":"https:\/\/dhr.se\/stockholmslan\/verksamhetsplan-varen-2022\/#breadcrumb"},"inLanguage":"sv-SE","potentialAction":[{"@type":"ReadAction","target":["https:\/\/dhr.se\/stockholmslan\/verksamhetsplan-varen-2022\/"]}]},{"@type":"ImageObject","inLanguage":"sv-SE","@id":"https:\/\/dhr.se\/stockholmslan\/verksamhetsplan-varen-2022\/#primaryimage","url":"https:\/\/dhr.se\/stockholmslan\/wp-content\/uploads\/sites\/5\/2022\/01\/Jubileumslogga.jpg","contentUrl":"https:\/\/dhr.se\/stockholmslan\/wp-content\/uploads\/sites\/5\/2022\/01\/Jubileumslogga.jpg","width":519,"height":223},{"@type":"BreadcrumbList","@id":"https:\/\/dhr.se\/stockholmslan\/verksamhetsplan-varen-2022\/#breadcrumb","itemListElement":[{"@type":"ListItem","position":1,"name":"Hem","item":"https:\/\/dhr.se\/stockholmslan\/"},{"@type":"ListItem","position":2,"name":"Verksamhetsplan 2022"}]},{"@type":"WebSite","@id":"https:\/\/dhr.se\/stockholmslan\/#website","url":"https:\/\/dhr.se\/stockholmslan\/","name":"DHR - Region Stockholm","description":"Delaktighet - Handlingskraft - R\u00f6relsefrihet","publisher":{"@id":"https:\/\/dhr.se\/stockholmslan\/#organization"},"potentialAction":[{"@type":"SearchAction","target":{"@type":"EntryPoint","urlTemplate":"https:\/\/dhr.se\/stockholmslan\/?s={search_term_string}"},"query-input":{"@type":"PropertyValueSpecification","valueRequired":true,"valueName":"search_term_string"}}],"inLanguage":"sv-SE"},{"@type":"Organization","@id":"https:\/\/dhr.se\/stockholmslan\/#organization","name":"DHR Region Stockholm","url":"https:\/\/dhr.se\/stockholmslan\/","logo":{"@type":"ImageObject","inLanguage":"sv-SE","@id":"https:\/\/dhr.se\/stockholmslan\/#\/schema\/logo\/image\/","url":"https:\/\/dhr.se\/stockholmslan\/wp-content\/uploads\/sites\/5\/2021\/12\/REGION-STOCKHOLM-orange-48-p.jpg","contentUrl":"https:\/\/dhr.se\/stockholmslan\/wp-content\/uploads\/sites\/5\/2021\/12\/REGION-STOCKHOLM-orange-48-p.jpg","width":891,"height":694,"caption":"DHR Region Stockholm"},"image":{"@id":"https:\/\/dhr.se\/stockholmslan\/#\/schema\/logo\/image\/"},"sameAs":["https:\/\/www.facebook.com\/DHRStockholmsLan","https:\/\/www.instagram.com\/dhr_sld\/"]}]}},"publishpress_future_action":{"enabled":false,"date":"2026-04-30 22:15:03","action":"change-status","newStatus":"draft","terms":[],"taxonomy":"translation_priority","extraData":[]},"publishpress_future_workflow_manual_trigger":{"enabledWorkflows":[]},"_links":{"self":[{"href":"https:\/\/dhr.se\/stockholmslan\/wp-json\/wp\/v2\/pages\/4056","targetHints":{"allow":["GET"]}}],"collection":[{"href":"https:\/\/dhr.se\/stockholmslan\/wp-json\/wp\/v2\/pages"}],"about":[{"href":"https:\/\/dhr.se\/stockholmslan\/wp-json\/wp\/v2\/types\/page"}],"author":[{"embeddable":true,"href":"https:\/\/dhr.se\/stockholmslan\/wp-json\/wp\/v2\/users\/9"}],"replies":[{"embeddable":true,"href":"https:\/\/dhr.se\/stockholmslan\/wp-json\/wp\/v2\/comments?post=4056"}],"version-history":[{"count":0,"href":"https:\/\/dhr.se\/stockholmslan\/wp-json\/wp\/v2\/pages\/4056\/revisions"}],"wp:attachment":[{"href":"https:\/\/dhr.se\/stockholmslan\/wp-json\/wp\/v2\/media?parent=4056"}],"curies":[{"name":"wp","href":"https:\/\/api.w.org\/{rel}","templated":true}]}}