{"id":4913,"date":"2022-06-29T09:12:12","date_gmt":"2022-06-29T07:12:12","guid":{"rendered":"https:\/\/dhr.se\/stockholmslan\/?page_id=4913"},"modified":"2022-06-29T09:24:42","modified_gmt":"2022-06-29T07:24:42","slug":"flygblad-hjalpmedel","status":"publish","type":"page","link":"https:\/\/dhr.se\/stockholmslan\/flygblad-hjalpmedel\/","title":{"rendered":"Flygblad &#8221;Hj\u00e4lpmedel&#8221;"},"content":{"rendered":"\n<figure class=\"wp-block-gallery columns-2 is-cropped wp-block-gallery-1 is-layout-flex wp-block-gallery-is-layout-flex\"><ul class=\"blocks-gallery-grid\"><li class=\"blocks-gallery-item\"><figure><img loading=\"lazy\" decoding=\"async\" width=\"430\" height=\"600\" src=\"https:\/\/dhr.se\/stockholmslan\/wp-content\/uploads\/sites\/5\/2022\/06\/Flygblad-Hjalpmedel.jpg\" alt=\"\" data-id=\"4914\" data-full-url=\"https:\/\/dhr.se\/stockholmslan\/wp-content\/uploads\/sites\/5\/2022\/06\/Flygblad-Hjalpmedel.jpg\" data-link=\"https:\/\/dhr.se\/stockholmslan\/?attachment_id=4914\" class=\"wp-image-4914\" srcset=\"https:\/\/dhr.se\/stockholmslan\/wp-content\/uploads\/sites\/5\/2022\/06\/Flygblad-Hjalpmedel.jpg 430w, https:\/\/dhr.se\/stockholmslan\/wp-content\/uploads\/sites\/5\/2022\/06\/Flygblad-Hjalpmedel-215x300.jpg 215w\" sizes=\"auto, (max-width: 430px) 100vw, 430px\" \/><\/figure><\/li><li class=\"blocks-gallery-item\"><figure><img loading=\"lazy\" decoding=\"async\" width=\"429\" height=\"589\" src=\"https:\/\/dhr.se\/stockholmslan\/wp-content\/uploads\/sites\/5\/2022\/06\/Flygblad-Hjalpmedel2.jpg\" alt=\"\" data-id=\"4916\" data-full-url=\"https:\/\/dhr.se\/stockholmslan\/wp-content\/uploads\/sites\/5\/2022\/06\/Flygblad-Hjalpmedel2.jpg\" data-link=\"https:\/\/dhr.se\/stockholmslan\/?attachment_id=4916\" class=\"wp-image-4916\" srcset=\"https:\/\/dhr.se\/stockholmslan\/wp-content\/uploads\/sites\/5\/2022\/06\/Flygblad-Hjalpmedel2.jpg 429w, https:\/\/dhr.se\/stockholmslan\/wp-content\/uploads\/sites\/5\/2022\/06\/Flygblad-Hjalpmedel2-219x300.jpg 219w\" sizes=\"auto, (max-width: 429px) 100vw, 429px\" \/><\/figure><\/li><\/ul><\/figure>\n\n\n\n<h2 class=\"wp-block-heading\">Vad kostar dina ben?<\/h2>\n\n\n<section class=\"block-simple-text\">\n    <div class=\"main\">\n        <div class=\"main-inner\">\n            <div class=\"ingress text-darker\"><p>Vi som anv\u00e4nder hj\u00e4lpmedel g\u00f6r inte det f\u00f6r n\u00f6jes skull utan f\u00f6r att vi beh\u00f6ver dem. Hj\u00e4lpmedel \u00e4r en n\u00f6dv\u00e4ndig f\u00f6ruts\u00e4ttning f\u00f6r m\u00e5nga av oss f\u00f6r att vi ska kunna delta i samh\u00e4llet, i vardagen, i skolan, i arbetslivet och p\u00e5 fritiden, p\u00e5 lika villkor som andra.<\/p>\n<\/div>\n            <div class=\"content\"><p>Om du \u00e4r beroende av en elrullstol f\u00f6r att kunna f\u00f6rflytta dig s\u00e5 tillkommer en \u00e5rsavgift p\u00e5 500 kronor, som du f\u00e5r betala livet ut.<\/p>\n<p>Det h\u00e4r tycker vi i DHR Region Stockholm \u00e4r fel och det<br \/>\nkr\u00e4ver vi att politikerna, i Region Stockholm \u00e4ndrar p\u00e5.<\/p>\n<p>Avgifter p\u00e5 hj\u00e4lpmedel g\u00e5r stick i st\u00e4v med artiklarna i<br \/>\nKonventionen om r\u00e4ttigheter f\u00f6r personer med funktionsneds\u00e4ttning och i Agenda 2030. Dessutom har Region Stockholm en policy om Folkh\u00e4lsa d\u00e4r man uttrycker en vilja att arbeta med bland annat r\u00e4ttigheter som syftar till delaktighet och inflytande f\u00f6r personer med funktionsneds\u00e4ttning.<\/p>\n<p>M\u00e5nga som anv\u00e4nder hj\u00e4lpmedel lever p\u00e5 sjukers\u00e4ttning.<\/p>\n<p>F\u00f6rutom kostnader f\u00f6r hj\u00e4lpmedel har man oftast \u00e4ven kostnader f\u00f6r hemtj\u00e4nst, sjukv\u00e5rd och l\u00e4kemedel.<\/p>\n<p>Att tvinga m\u00e4nniskor att v\u00e4lja bort hj\u00e4lpmedel f\u00f6r att man inte har r\u00e5d att beh\u00e5lla dem \u00e4r inte acceptabelt.<\/p>\n<p style=\"text-align: center\"><strong>D\u00e4rf\u00f6r s\u00e4ger vi: Inga avgifter p\u00e5 hj\u00e4lpmedel<\/strong><\/p>\n<p>&nbsp;<\/p>\n<p>&nbsp;<\/p>\n<p><a href=\"https:\/\/dhr.se\/stockholmslan\/wp-content\/uploads\/sites\/5\/2022\/06\/Flygblad-Hjalpmedel-1.pdf\">Ladda ner och skriv ut flygbladet!<\/a><\/p>\n<\/div>\n        <\/div>\n    <\/div>\n<\/section>\n\n\n<div class=\"wp-block-buttons is-layout-flex wp-block-buttons-is-layout-flex\"><\/div>\n","protected":false},"excerpt":{"rendered":"<p>Vad kostar dina ben?<\/p>\n","protected":false},"author":9,"featured_media":0,"parent":0,"menu_order":0,"comment_status":"closed","ping_status":"closed","template":"template-side-menu.php","meta":{"_acf_changed":false,"_monsterinsights_skip_tracking":false,"_monsterinsights_sitenote_active":false,"_monsterinsights_sitenote_note":"","_monsterinsights_sitenote_category":0,"footnotes":""},"class_list":["post-4913","page","type-page","status-publish","hentry"],"acf":[],"yoast_head":"<!-- This site is optimized with the Yoast SEO plugin v27.2 - https:\/\/yoast.com\/product\/yoast-seo-wordpress\/ -->\n<title>Flygblad &quot;Hj\u00e4lpmedel&quot; - DHR - Region Stockholm<\/title>\n<meta name=\"robots\" content=\"index, follow, max-snippet:-1, max-image-preview:large, max-video-preview:-1\" \/>\n<link rel=\"canonical\" href=\"https:\/\/dhr.se\/stockholmslan\/flygblad-hjalpmedel\/\" \/>\n<meta property=\"og:locale\" content=\"sv_SE\" \/>\n<meta property=\"og:type\" content=\"article\" \/>\n<meta property=\"og:title\" content=\"Flygblad &quot;Hj\u00e4lpmedel&quot; - DHR - Region Stockholm\" \/>\n<meta property=\"og:description\" content=\"Vad kostar dina ben?\" \/>\n<meta property=\"og:url\" content=\"https:\/\/dhr.se\/stockholmslan\/flygblad-hjalpmedel\/\" \/>\n<meta property=\"og:site_name\" content=\"DHR - Region Stockholm\" \/>\n<meta property=\"article:publisher\" content=\"https:\/\/www.facebook.com\/DHRStockholmsLan\" \/>\n<meta property=\"article:modified_time\" content=\"2022-06-29T07:24:42+00:00\" \/>\n<meta property=\"og:image\" content=\"https:\/\/dhr.se\/stockholmslan\/wp-content\/uploads\/sites\/5\/2022\/06\/Flygblad-Hjalpmedel.jpg\" \/>\n<meta name=\"twitter:card\" content=\"summary_large_image\" \/>\n<meta name=\"twitter:label1\" content=\"Ber\u00e4knad l\u00e4stid\" \/>\n\t<meta name=\"twitter:data1\" content=\"1 minut\" \/>\n<script type=\"application\/ld+json\" class=\"yoast-schema-graph\">{\"@context\":\"https:\/\/schema.org\",\"@graph\":[{\"@type\":\"WebPage\",\"@id\":\"https:\/\/dhr.se\/stockholmslan\/flygblad-hjalpmedel\/\",\"url\":\"https:\/\/dhr.se\/stockholmslan\/flygblad-hjalpmedel\/\",\"name\":\"Flygblad \\\"Hj\u00e4lpmedel\\\" - DHR - Region Stockholm\",\"isPartOf\":{\"@id\":\"https:\/\/dhr.se\/stockholmslan\/#website\"},\"primaryImageOfPage\":{\"@id\":\"https:\/\/dhr.se\/stockholmslan\/flygblad-hjalpmedel\/#primaryimage\"},\"image\":{\"@id\":\"https:\/\/dhr.se\/stockholmslan\/flygblad-hjalpmedel\/#primaryimage\"},\"thumbnailUrl\":\"https:\/\/dhr.se\/stockholmslan\/wp-content\/uploads\/sites\/5\/2022\/06\/Flygblad-Hjalpmedel.jpg\",\"datePublished\":\"2022-06-29T07:12:12+00:00\",\"dateModified\":\"2022-06-29T07:24:42+00:00\",\"breadcrumb\":{\"@id\":\"https:\/\/dhr.se\/stockholmslan\/flygblad-hjalpmedel\/#breadcrumb\"},\"inLanguage\":\"sv-SE\",\"potentialAction\":[{\"@type\":\"ReadAction\",\"target\":[\"https:\/\/dhr.se\/stockholmslan\/flygblad-hjalpmedel\/\"]}]},{\"@type\":\"ImageObject\",\"inLanguage\":\"sv-SE\",\"@id\":\"https:\/\/dhr.se\/stockholmslan\/flygblad-hjalpmedel\/#primaryimage\",\"url\":\"https:\/\/dhr.se\/stockholmslan\/wp-content\/uploads\/sites\/5\/2022\/06\/Flygblad-Hjalpmedel.jpg\",\"contentUrl\":\"https:\/\/dhr.se\/stockholmslan\/wp-content\/uploads\/sites\/5\/2022\/06\/Flygblad-Hjalpmedel.jpg\",\"width\":430,\"height\":600},{\"@type\":\"BreadcrumbList\",\"@id\":\"https:\/\/dhr.se\/stockholmslan\/flygblad-hjalpmedel\/#breadcrumb\",\"itemListElement\":[{\"@type\":\"ListItem\",\"position\":1,\"name\":\"Hem\",\"item\":\"https:\/\/dhr.se\/stockholmslan\/\"},{\"@type\":\"ListItem\",\"position\":2,\"name\":\"Flygblad &#8221;Hj\u00e4lpmedel&#8221;\"}]},{\"@type\":\"WebSite\",\"@id\":\"https:\/\/dhr.se\/stockholmslan\/#website\",\"url\":\"https:\/\/dhr.se\/stockholmslan\/\",\"name\":\"DHR - Region Stockholm\",\"description\":\"Delaktighet - Handlingskraft - R\u00f6relsefrihet\",\"publisher\":{\"@id\":\"https:\/\/dhr.se\/stockholmslan\/#organization\"},\"potentialAction\":[{\"@type\":\"SearchAction\",\"target\":{\"@type\":\"EntryPoint\",\"urlTemplate\":\"https:\/\/dhr.se\/stockholmslan\/?s={search_term_string}\"},\"query-input\":{\"@type\":\"PropertyValueSpecification\",\"valueRequired\":true,\"valueName\":\"search_term_string\"}}],\"inLanguage\":\"sv-SE\"},{\"@type\":\"Organization\",\"@id\":\"https:\/\/dhr.se\/stockholmslan\/#organization\",\"name\":\"DHR Region Stockholm\",\"url\":\"https:\/\/dhr.se\/stockholmslan\/\",\"logo\":{\"@type\":\"ImageObject\",\"inLanguage\":\"sv-SE\",\"@id\":\"https:\/\/dhr.se\/stockholmslan\/#\/schema\/logo\/image\/\",\"url\":\"https:\/\/dhr.se\/stockholmslan\/wp-content\/uploads\/sites\/5\/2021\/12\/REGION-STOCKHOLM-orange-48-p.jpg\",\"contentUrl\":\"https:\/\/dhr.se\/stockholmslan\/wp-content\/uploads\/sites\/5\/2021\/12\/REGION-STOCKHOLM-orange-48-p.jpg\",\"width\":891,\"height\":694,\"caption\":\"DHR Region Stockholm\"},\"image\":{\"@id\":\"https:\/\/dhr.se\/stockholmslan\/#\/schema\/logo\/image\/\"},\"sameAs\":[\"https:\/\/www.facebook.com\/DHRStockholmsLan\",\"https:\/\/www.instagram.com\/dhr_sld\/\"]}]}<\/script>\n<!-- \/ Yoast SEO plugin. -->","yoast_head_json":{"title":"Flygblad \"Hj\u00e4lpmedel\" - DHR - Region Stockholm","robots":{"index":"index","follow":"follow","max-snippet":"max-snippet:-1","max-image-preview":"max-image-preview:large","max-video-preview":"max-video-preview:-1"},"canonical":"https:\/\/dhr.se\/stockholmslan\/flygblad-hjalpmedel\/","og_locale":"sv_SE","og_type":"article","og_title":"Flygblad \"Hj\u00e4lpmedel\" - DHR - Region Stockholm","og_description":"Vad kostar dina ben?","og_url":"https:\/\/dhr.se\/stockholmslan\/flygblad-hjalpmedel\/","og_site_name":"DHR - Region Stockholm","article_publisher":"https:\/\/www.facebook.com\/DHRStockholmsLan","article_modified_time":"2022-06-29T07:24:42+00:00","og_image":[{"url":"https:\/\/dhr.se\/stockholmslan\/wp-content\/uploads\/sites\/5\/2022\/06\/Flygblad-Hjalpmedel.jpg","type":"","width":"","height":""}],"twitter_card":"summary_large_image","twitter_misc":{"Ber\u00e4knad l\u00e4stid":"1 minut"},"schema":{"@context":"https:\/\/schema.org","@graph":[{"@type":"WebPage","@id":"https:\/\/dhr.se\/stockholmslan\/flygblad-hjalpmedel\/","url":"https:\/\/dhr.se\/stockholmslan\/flygblad-hjalpmedel\/","name":"Flygblad \"Hj\u00e4lpmedel\" - DHR - Region Stockholm","isPartOf":{"@id":"https:\/\/dhr.se\/stockholmslan\/#website"},"primaryImageOfPage":{"@id":"https:\/\/dhr.se\/stockholmslan\/flygblad-hjalpmedel\/#primaryimage"},"image":{"@id":"https:\/\/dhr.se\/stockholmslan\/flygblad-hjalpmedel\/#primaryimage"},"thumbnailUrl":"https:\/\/dhr.se\/stockholmslan\/wp-content\/uploads\/sites\/5\/2022\/06\/Flygblad-Hjalpmedel.jpg","datePublished":"2022-06-29T07:12:12+00:00","dateModified":"2022-06-29T07:24:42+00:00","breadcrumb":{"@id":"https:\/\/dhr.se\/stockholmslan\/flygblad-hjalpmedel\/#breadcrumb"},"inLanguage":"sv-SE","potentialAction":[{"@type":"ReadAction","target":["https:\/\/dhr.se\/stockholmslan\/flygblad-hjalpmedel\/"]}]},{"@type":"ImageObject","inLanguage":"sv-SE","@id":"https:\/\/dhr.se\/stockholmslan\/flygblad-hjalpmedel\/#primaryimage","url":"https:\/\/dhr.se\/stockholmslan\/wp-content\/uploads\/sites\/5\/2022\/06\/Flygblad-Hjalpmedel.jpg","contentUrl":"https:\/\/dhr.se\/stockholmslan\/wp-content\/uploads\/sites\/5\/2022\/06\/Flygblad-Hjalpmedel.jpg","width":430,"height":600},{"@type":"BreadcrumbList","@id":"https:\/\/dhr.se\/stockholmslan\/flygblad-hjalpmedel\/#breadcrumb","itemListElement":[{"@type":"ListItem","position":1,"name":"Hem","item":"https:\/\/dhr.se\/stockholmslan\/"},{"@type":"ListItem","position":2,"name":"Flygblad &#8221;Hj\u00e4lpmedel&#8221;"}]},{"@type":"WebSite","@id":"https:\/\/dhr.se\/stockholmslan\/#website","url":"https:\/\/dhr.se\/stockholmslan\/","name":"DHR - Region Stockholm","description":"Delaktighet - Handlingskraft - R\u00f6relsefrihet","publisher":{"@id":"https:\/\/dhr.se\/stockholmslan\/#organization"},"potentialAction":[{"@type":"SearchAction","target":{"@type":"EntryPoint","urlTemplate":"https:\/\/dhr.se\/stockholmslan\/?s={search_term_string}"},"query-input":{"@type":"PropertyValueSpecification","valueRequired":true,"valueName":"search_term_string"}}],"inLanguage":"sv-SE"},{"@type":"Organization","@id":"https:\/\/dhr.se\/stockholmslan\/#organization","name":"DHR Region Stockholm","url":"https:\/\/dhr.se\/stockholmslan\/","logo":{"@type":"ImageObject","inLanguage":"sv-SE","@id":"https:\/\/dhr.se\/stockholmslan\/#\/schema\/logo\/image\/","url":"https:\/\/dhr.se\/stockholmslan\/wp-content\/uploads\/sites\/5\/2021\/12\/REGION-STOCKHOLM-orange-48-p.jpg","contentUrl":"https:\/\/dhr.se\/stockholmslan\/wp-content\/uploads\/sites\/5\/2021\/12\/REGION-STOCKHOLM-orange-48-p.jpg","width":891,"height":694,"caption":"DHR Region Stockholm"},"image":{"@id":"https:\/\/dhr.se\/stockholmslan\/#\/schema\/logo\/image\/"},"sameAs":["https:\/\/www.facebook.com\/DHRStockholmsLan","https:\/\/www.instagram.com\/dhr_sld\/"]}]}},"publishpress_future_action":{"enabled":false,"date":"2026-05-02 05:56:30","action":"change-status","newStatus":"draft","terms":[],"taxonomy":"translation_priority","extraData":[]},"publishpress_future_workflow_manual_trigger":{"enabledWorkflows":[]},"_links":{"self":[{"href":"https:\/\/dhr.se\/stockholmslan\/wp-json\/wp\/v2\/pages\/4913","targetHints":{"allow":["GET"]}}],"collection":[{"href":"https:\/\/dhr.se\/stockholmslan\/wp-json\/wp\/v2\/pages"}],"about":[{"href":"https:\/\/dhr.se\/stockholmslan\/wp-json\/wp\/v2\/types\/page"}],"author":[{"embeddable":true,"href":"https:\/\/dhr.se\/stockholmslan\/wp-json\/wp\/v2\/users\/9"}],"replies":[{"embeddable":true,"href":"https:\/\/dhr.se\/stockholmslan\/wp-json\/wp\/v2\/comments?post=4913"}],"version-history":[{"count":0,"href":"https:\/\/dhr.se\/stockholmslan\/wp-json\/wp\/v2\/pages\/4913\/revisions"}],"wp:attachment":[{"href":"https:\/\/dhr.se\/stockholmslan\/wp-json\/wp\/v2\/media?parent=4913"}],"curies":[{"name":"wp","href":"https:\/\/api.w.org\/{rel}","templated":true}]}}