{"id":4968,"date":"2022-06-30T14:17:57","date_gmt":"2022-06-30T12:17:57","guid":{"rendered":"https:\/\/dhr.se\/stockholmslan\/?page_id=4968"},"modified":"2022-06-30T14:18:03","modified_gmt":"2022-06-30T12:18:03","slug":"flygblad-fardtjanst","status":"publish","type":"page","link":"https:\/\/dhr.se\/stockholmslan\/flygblad-fardtjanst\/","title":{"rendered":"Flygblad &#8221;F\u00e4rdtj\u00e4nst&#8221;"},"content":{"rendered":"\n<figure class=\"wp-block-gallery columns-2 is-cropped wp-block-gallery-1 is-layout-flex wp-block-gallery-is-layout-flex\"><ul class=\"blocks-gallery-grid\"><li class=\"blocks-gallery-item\"><figure><img loading=\"lazy\" decoding=\"async\" width=\"433\" height=\"595\" src=\"https:\/\/dhr.se\/stockholmslan\/wp-content\/uploads\/sites\/5\/2022\/06\/Flygblad-Fardtjanst-1.jpg\" alt=\"\" data-id=\"4972\" data-full-url=\"https:\/\/dhr.se\/stockholmslan\/wp-content\/uploads\/sites\/5\/2022\/06\/Flygblad-Fardtjanst-1.jpg\" data-link=\"https:\/\/dhr.se\/stockholmslan\/?attachment_id=4972\" class=\"wp-image-4972\" srcset=\"https:\/\/dhr.se\/stockholmslan\/wp-content\/uploads\/sites\/5\/2022\/06\/Flygblad-Fardtjanst-1.jpg 433w, https:\/\/dhr.se\/stockholmslan\/wp-content\/uploads\/sites\/5\/2022\/06\/Flygblad-Fardtjanst-1-218x300.jpg 218w\" sizes=\"auto, (max-width: 433px) 100vw, 433px\" \/><\/figure><\/li><li class=\"blocks-gallery-item\"><figure><img loading=\"lazy\" decoding=\"async\" width=\"432\" height=\"595\" src=\"https:\/\/dhr.se\/stockholmslan\/wp-content\/uploads\/sites\/5\/2022\/06\/Flygblad-Fardtjanst2.jpg\" alt=\"\" data-id=\"4974\" data-full-url=\"https:\/\/dhr.se\/stockholmslan\/wp-content\/uploads\/sites\/5\/2022\/06\/Flygblad-Fardtjanst2.jpg\" data-link=\"https:\/\/dhr.se\/stockholmslan\/?attachment_id=4974\" class=\"wp-image-4974\" srcset=\"https:\/\/dhr.se\/stockholmslan\/wp-content\/uploads\/sites\/5\/2022\/06\/Flygblad-Fardtjanst2.jpg 432w, https:\/\/dhr.se\/stockholmslan\/wp-content\/uploads\/sites\/5\/2022\/06\/Flygblad-Fardtjanst2-218x300.jpg 218w\" sizes=\"auto, (max-width: 432px) 100vw, 432px\" \/><\/figure><\/li><\/ul><\/figure>\n\n\n\n<h2 class=\"wp-block-heading\">F\u00e4rdtj\u00e4nst var god dr\u00f6j!<\/h2>\n\n\n<section class=\"block-simple-text\">\n    <div class=\"main\">\n        <div class=\"main-inner\">\n            <div class=\"ingress text-darker\"><p>Vi F\u00e4rdtj\u00e4nstresen\u00e4rer utrycker ofta missn\u00f6je med F\u00e4rdtj\u00e4nsten och d\u00e5 s\u00e4rskilt f\u00f6rsenade taxibilar. Vi som \u00e4r beroende av F\u00e4rdtj\u00e4nst vill precis som du, komma i tid till jobbet. Vi har ocks\u00e5 barn att h\u00e4mta och l\u00e4mna p\u00e5 f\u00f6rskola, skola och aktiviteter. Att inte veta n\u00e4r F\u00e4rdtj\u00e4nsten kommer skapar en stress som \u00e4r jobbig att leva med.<\/p>\n<p>2008 undertecknade Sverige FN:s Funktionsr\u00e4ttskonvention. Det inneb\u00e4r att staten har lovat att g\u00f6ra allt i dess makt f\u00f6r att personer med funktionsneds\u00e4ttning ska kunna f\u00e5 fri r\u00f6rlighet n\u00e4r, hur och p\u00e5 vilket s\u00e4tt man sj\u00e4lv \u00f6nskar.<\/p>\n<\/div>\n            <div class=\"content\"><p><strong>Har du n\u00e5gon g\u00e5ng funderat p\u00e5 hur m\u00e5nga resor du g\u00f6r per \u00e5r? H\u00e4nder det att du, p\u00e5 v\u00e4g hem fr\u00e5n jobbet, hoppar av i stan f\u00f6r att utr\u00e4tta n\u00e5gra \u00e4renden?<\/strong><\/p>\n<p>F\u00f6rmodligen \u00e4r svaret nej p\u00e5 f\u00f6rsta fr\u00e5gan och ja p\u00e5 andra.<br \/>\nF\u00f6r oss borde svaren p\u00e5 fr\u00e5gorna vara lika, men s\u00e5 \u00e4r det inte.<\/p>\n<p>\u00c4r du F\u00e4rdtj\u00e4nstresen\u00e4r med tillst\u00e5nd f\u00f6r taxi s\u00e5 har du<br \/>\nendast r\u00e4tt till 114 tur och retur-resor med F\u00e4rdtj\u00e4nst. \u00c4r du F\u00e4rdtj\u00e4nstresen\u00e4r med tillst\u00e5nd f\u00f6r buss s\u00e5 \u00e4r det 256 tur och retur-resor med F\u00e4rdtj\u00e4nst.<\/p>\n<p>Vi kan inte g\u00f6ra \u00e4renden p\u00e5 v\u00e4gen hem fr\u00e5n jobbet med samma F\u00e4rdtj\u00e4nstbil utan vi m\u00e5ste best\u00e4lla en ny resa, vilket inneb\u00e4r att vi f\u00f6rbrukar en resa och att vi beh\u00f6ver v\u00e4nta p\u00e5 en ny bil.<\/p>\n<p style=\"text-align: center\"><strong>DHR Region Stockholm kr\u00e4ver att alla<\/strong><br \/>\n<strong>F\u00e4rdtj\u00e4nstresen\u00e4rer f\u00e5r resor efter behov.<\/strong><\/p>\n<p>&nbsp;<\/p>\n<p>&nbsp;<\/p>\n<p><a href=\"https:\/\/dhr.se\/stockholmslan\/wp-content\/uploads\/sites\/5\/2022\/06\/Flygblad-Fardtjanst.pdf\">Ladda ner och skriv ut flygbladet<\/a><\/p>\n<\/div>\n        <\/div>\n    <\/div>\n<\/section>","protected":false},"excerpt":{"rendered":"<p>F\u00e4rdtj\u00e4nst var god dr\u00f6j!<\/p>\n","protected":false},"author":9,"featured_media":0,"parent":0,"menu_order":0,"comment_status":"closed","ping_status":"closed","template":"template-side-menu.php","meta":{"_acf_changed":false,"_monsterinsights_skip_tracking":false,"_monsterinsights_sitenote_active":false,"_monsterinsights_sitenote_note":"","_monsterinsights_sitenote_category":0,"footnotes":""},"class_list":["post-4968","page","type-page","status-publish","hentry"],"acf":[],"yoast_head":"<!-- This site is optimized with the Yoast SEO plugin v27.2 - https:\/\/yoast.com\/product\/yoast-seo-wordpress\/ -->\n<title>Flygblad &quot;F\u00e4rdtj\u00e4nst&quot; - DHR - Region Stockholm<\/title>\n<meta name=\"robots\" content=\"index, follow, max-snippet:-1, max-image-preview:large, max-video-preview:-1\" \/>\n<link rel=\"canonical\" href=\"https:\/\/dhr.se\/stockholmslan\/flygblad-fardtjanst\/\" \/>\n<meta property=\"og:locale\" content=\"sv_SE\" \/>\n<meta property=\"og:type\" content=\"article\" \/>\n<meta property=\"og:title\" content=\"Flygblad &quot;F\u00e4rdtj\u00e4nst&quot; - DHR - Region Stockholm\" \/>\n<meta property=\"og:description\" content=\"F\u00e4rdtj\u00e4nst var god dr\u00f6j!\" \/>\n<meta property=\"og:url\" content=\"https:\/\/dhr.se\/stockholmslan\/flygblad-fardtjanst\/\" \/>\n<meta property=\"og:site_name\" content=\"DHR - Region Stockholm\" \/>\n<meta property=\"article:publisher\" content=\"https:\/\/www.facebook.com\/DHRStockholmsLan\" \/>\n<meta property=\"article:modified_time\" content=\"2022-06-30T12:18:03+00:00\" \/>\n<meta property=\"og:image\" content=\"https:\/\/dhr.se\/stockholmslan\/wp-content\/uploads\/sites\/5\/2022\/06\/Flygblad-Fardtjanst-1.jpg\" \/>\n<meta name=\"twitter:card\" content=\"summary_large_image\" \/>\n<meta name=\"twitter:label1\" content=\"Ber\u00e4knad l\u00e4stid\" \/>\n\t<meta name=\"twitter:data1\" content=\"1 minut\" \/>\n<script type=\"application\/ld+json\" class=\"yoast-schema-graph\">{\"@context\":\"https:\/\/schema.org\",\"@graph\":[{\"@type\":\"WebPage\",\"@id\":\"https:\/\/dhr.se\/stockholmslan\/flygblad-fardtjanst\/\",\"url\":\"https:\/\/dhr.se\/stockholmslan\/flygblad-fardtjanst\/\",\"name\":\"Flygblad \\\"F\u00e4rdtj\u00e4nst\\\" - DHR - Region Stockholm\",\"isPartOf\":{\"@id\":\"https:\/\/dhr.se\/stockholmslan\/#website\"},\"primaryImageOfPage\":{\"@id\":\"https:\/\/dhr.se\/stockholmslan\/flygblad-fardtjanst\/#primaryimage\"},\"image\":{\"@id\":\"https:\/\/dhr.se\/stockholmslan\/flygblad-fardtjanst\/#primaryimage\"},\"thumbnailUrl\":\"https:\/\/dhr.se\/stockholmslan\/wp-content\/uploads\/sites\/5\/2022\/06\/Flygblad-Fardtjanst-1.jpg\",\"datePublished\":\"2022-06-30T12:17:57+00:00\",\"dateModified\":\"2022-06-30T12:18:03+00:00\",\"breadcrumb\":{\"@id\":\"https:\/\/dhr.se\/stockholmslan\/flygblad-fardtjanst\/#breadcrumb\"},\"inLanguage\":\"sv-SE\",\"potentialAction\":[{\"@type\":\"ReadAction\",\"target\":[\"https:\/\/dhr.se\/stockholmslan\/flygblad-fardtjanst\/\"]}]},{\"@type\":\"ImageObject\",\"inLanguage\":\"sv-SE\",\"@id\":\"https:\/\/dhr.se\/stockholmslan\/flygblad-fardtjanst\/#primaryimage\",\"url\":\"https:\/\/dhr.se\/stockholmslan\/wp-content\/uploads\/sites\/5\/2022\/06\/Flygblad-Fardtjanst-1.jpg\",\"contentUrl\":\"https:\/\/dhr.se\/stockholmslan\/wp-content\/uploads\/sites\/5\/2022\/06\/Flygblad-Fardtjanst-1.jpg\",\"width\":433,\"height\":595},{\"@type\":\"BreadcrumbList\",\"@id\":\"https:\/\/dhr.se\/stockholmslan\/flygblad-fardtjanst\/#breadcrumb\",\"itemListElement\":[{\"@type\":\"ListItem\",\"position\":1,\"name\":\"Hem\",\"item\":\"https:\/\/dhr.se\/stockholmslan\/\"},{\"@type\":\"ListItem\",\"position\":2,\"name\":\"Flygblad &#8221;F\u00e4rdtj\u00e4nst&#8221;\"}]},{\"@type\":\"WebSite\",\"@id\":\"https:\/\/dhr.se\/stockholmslan\/#website\",\"url\":\"https:\/\/dhr.se\/stockholmslan\/\",\"name\":\"DHR - Region Stockholm\",\"description\":\"Delaktighet - Handlingskraft - R\u00f6relsefrihet\",\"publisher\":{\"@id\":\"https:\/\/dhr.se\/stockholmslan\/#organization\"},\"potentialAction\":[{\"@type\":\"SearchAction\",\"target\":{\"@type\":\"EntryPoint\",\"urlTemplate\":\"https:\/\/dhr.se\/stockholmslan\/?s={search_term_string}\"},\"query-input\":{\"@type\":\"PropertyValueSpecification\",\"valueRequired\":true,\"valueName\":\"search_term_string\"}}],\"inLanguage\":\"sv-SE\"},{\"@type\":\"Organization\",\"@id\":\"https:\/\/dhr.se\/stockholmslan\/#organization\",\"name\":\"DHR Region Stockholm\",\"url\":\"https:\/\/dhr.se\/stockholmslan\/\",\"logo\":{\"@type\":\"ImageObject\",\"inLanguage\":\"sv-SE\",\"@id\":\"https:\/\/dhr.se\/stockholmslan\/#\/schema\/logo\/image\/\",\"url\":\"https:\/\/dhr.se\/stockholmslan\/wp-content\/uploads\/sites\/5\/2021\/12\/REGION-STOCKHOLM-orange-48-p.jpg\",\"contentUrl\":\"https:\/\/dhr.se\/stockholmslan\/wp-content\/uploads\/sites\/5\/2021\/12\/REGION-STOCKHOLM-orange-48-p.jpg\",\"width\":891,\"height\":694,\"caption\":\"DHR Region Stockholm\"},\"image\":{\"@id\":\"https:\/\/dhr.se\/stockholmslan\/#\/schema\/logo\/image\/\"},\"sameAs\":[\"https:\/\/www.facebook.com\/DHRStockholmsLan\",\"https:\/\/www.instagram.com\/dhr_sld\/\"]}]}<\/script>\n<!-- \/ Yoast SEO plugin. -->","yoast_head_json":{"title":"Flygblad \"F\u00e4rdtj\u00e4nst\" - DHR - Region Stockholm","robots":{"index":"index","follow":"follow","max-snippet":"max-snippet:-1","max-image-preview":"max-image-preview:large","max-video-preview":"max-video-preview:-1"},"canonical":"https:\/\/dhr.se\/stockholmslan\/flygblad-fardtjanst\/","og_locale":"sv_SE","og_type":"article","og_title":"Flygblad \"F\u00e4rdtj\u00e4nst\" - DHR - Region Stockholm","og_description":"F\u00e4rdtj\u00e4nst var god dr\u00f6j!","og_url":"https:\/\/dhr.se\/stockholmslan\/flygblad-fardtjanst\/","og_site_name":"DHR - Region Stockholm","article_publisher":"https:\/\/www.facebook.com\/DHRStockholmsLan","article_modified_time":"2022-06-30T12:18:03+00:00","og_image":[{"url":"https:\/\/dhr.se\/stockholmslan\/wp-content\/uploads\/sites\/5\/2022\/06\/Flygblad-Fardtjanst-1.jpg","type":"","width":"","height":""}],"twitter_card":"summary_large_image","twitter_misc":{"Ber\u00e4knad l\u00e4stid":"1 minut"},"schema":{"@context":"https:\/\/schema.org","@graph":[{"@type":"WebPage","@id":"https:\/\/dhr.se\/stockholmslan\/flygblad-fardtjanst\/","url":"https:\/\/dhr.se\/stockholmslan\/flygblad-fardtjanst\/","name":"Flygblad \"F\u00e4rdtj\u00e4nst\" - DHR - Region Stockholm","isPartOf":{"@id":"https:\/\/dhr.se\/stockholmslan\/#website"},"primaryImageOfPage":{"@id":"https:\/\/dhr.se\/stockholmslan\/flygblad-fardtjanst\/#primaryimage"},"image":{"@id":"https:\/\/dhr.se\/stockholmslan\/flygblad-fardtjanst\/#primaryimage"},"thumbnailUrl":"https:\/\/dhr.se\/stockholmslan\/wp-content\/uploads\/sites\/5\/2022\/06\/Flygblad-Fardtjanst-1.jpg","datePublished":"2022-06-30T12:17:57+00:00","dateModified":"2022-06-30T12:18:03+00:00","breadcrumb":{"@id":"https:\/\/dhr.se\/stockholmslan\/flygblad-fardtjanst\/#breadcrumb"},"inLanguage":"sv-SE","potentialAction":[{"@type":"ReadAction","target":["https:\/\/dhr.se\/stockholmslan\/flygblad-fardtjanst\/"]}]},{"@type":"ImageObject","inLanguage":"sv-SE","@id":"https:\/\/dhr.se\/stockholmslan\/flygblad-fardtjanst\/#primaryimage","url":"https:\/\/dhr.se\/stockholmslan\/wp-content\/uploads\/sites\/5\/2022\/06\/Flygblad-Fardtjanst-1.jpg","contentUrl":"https:\/\/dhr.se\/stockholmslan\/wp-content\/uploads\/sites\/5\/2022\/06\/Flygblad-Fardtjanst-1.jpg","width":433,"height":595},{"@type":"BreadcrumbList","@id":"https:\/\/dhr.se\/stockholmslan\/flygblad-fardtjanst\/#breadcrumb","itemListElement":[{"@type":"ListItem","position":1,"name":"Hem","item":"https:\/\/dhr.se\/stockholmslan\/"},{"@type":"ListItem","position":2,"name":"Flygblad &#8221;F\u00e4rdtj\u00e4nst&#8221;"}]},{"@type":"WebSite","@id":"https:\/\/dhr.se\/stockholmslan\/#website","url":"https:\/\/dhr.se\/stockholmslan\/","name":"DHR - Region Stockholm","description":"Delaktighet - Handlingskraft - R\u00f6relsefrihet","publisher":{"@id":"https:\/\/dhr.se\/stockholmslan\/#organization"},"potentialAction":[{"@type":"SearchAction","target":{"@type":"EntryPoint","urlTemplate":"https:\/\/dhr.se\/stockholmslan\/?s={search_term_string}"},"query-input":{"@type":"PropertyValueSpecification","valueRequired":true,"valueName":"search_term_string"}}],"inLanguage":"sv-SE"},{"@type":"Organization","@id":"https:\/\/dhr.se\/stockholmslan\/#organization","name":"DHR Region Stockholm","url":"https:\/\/dhr.se\/stockholmslan\/","logo":{"@type":"ImageObject","inLanguage":"sv-SE","@id":"https:\/\/dhr.se\/stockholmslan\/#\/schema\/logo\/image\/","url":"https:\/\/dhr.se\/stockholmslan\/wp-content\/uploads\/sites\/5\/2021\/12\/REGION-STOCKHOLM-orange-48-p.jpg","contentUrl":"https:\/\/dhr.se\/stockholmslan\/wp-content\/uploads\/sites\/5\/2021\/12\/REGION-STOCKHOLM-orange-48-p.jpg","width":891,"height":694,"caption":"DHR Region Stockholm"},"image":{"@id":"https:\/\/dhr.se\/stockholmslan\/#\/schema\/logo\/image\/"},"sameAs":["https:\/\/www.facebook.com\/DHRStockholmsLan","https:\/\/www.instagram.com\/dhr_sld\/"]}]}},"publishpress_future_action":{"enabled":false,"date":"2026-05-02 05:56:09","action":"change-status","newStatus":"draft","terms":[],"taxonomy":"translation_priority","extraData":[]},"publishpress_future_workflow_manual_trigger":{"enabledWorkflows":[]},"_links":{"self":[{"href":"https:\/\/dhr.se\/stockholmslan\/wp-json\/wp\/v2\/pages\/4968","targetHints":{"allow":["GET"]}}],"collection":[{"href":"https:\/\/dhr.se\/stockholmslan\/wp-json\/wp\/v2\/pages"}],"about":[{"href":"https:\/\/dhr.se\/stockholmslan\/wp-json\/wp\/v2\/types\/page"}],"author":[{"embeddable":true,"href":"https:\/\/dhr.se\/stockholmslan\/wp-json\/wp\/v2\/users\/9"}],"replies":[{"embeddable":true,"href":"https:\/\/dhr.se\/stockholmslan\/wp-json\/wp\/v2\/comments?post=4968"}],"version-history":[{"count":0,"href":"https:\/\/dhr.se\/stockholmslan\/wp-json\/wp\/v2\/pages\/4968\/revisions"}],"wp:attachment":[{"href":"https:\/\/dhr.se\/stockholmslan\/wp-json\/wp\/v2\/media?parent=4968"}],"curies":[{"name":"wp","href":"https:\/\/api.w.org\/{rel}","templated":true}]}}