{"id":5384,"date":"2022-12-12T15:51:59","date_gmt":"2022-12-12T14:51:59","guid":{"rendered":"https:\/\/dhr.se\/stockholmslan\/?page_id=5384"},"modified":"2022-12-19T08:52:42","modified_gmt":"2022-12-19T07:52:42","slug":"befattningsbeskrivning-kansliansvarig-ekonom","status":"publish","type":"page","link":"https:\/\/dhr.se\/stockholmslan\/befattningsbeskrivning-kansliansvarig-ekonom\/","title":{"rendered":"BEFATTNINGSBESKRIVNING &#8211; Kansliansvarig ekonom"},"content":{"rendered":"<section class=\"block-simple-text\">\n    <div class=\"main\">\n        <div class=\"main-inner\">\n            <div class=\"ingress text-darker\"><p>DHR Region Stockholm<br \/>\nOrganisationsnummer: 80 20 06-5259<\/p>\n<p><strong>BEFATTNINGSBESKRIVNING<br \/>\n<\/strong>Befattning: Kansliansvarig ekonom<br \/>\nTj\u00e4nstg\u00f6ringsgrad: 100 %<\/p>\n<p>Tj\u00e4nsten \u00e4r underst\u00e4lld DHR Region Stockholms styrelse<\/p>\n<p><strong>Allm\u00e4nt<\/strong><\/p>\n<ul>\n<li>Att vara en aktiv del i regionens r\u00e4ttighetspolitiska arbete.<\/li>\n<li>Att p\u00e5 uppdrag av styrelsen representera DHR-regionen.<\/li>\n<li>Ansvarig f\u00f6r att bygga och uppr\u00e4tth\u00e5lla n\u00e4tverk med nyckelpersoner inom sina ansvarsomr\u00e5den.<\/li>\n<li>Inom de egna ansvarsomr\u00e5dena initiera uppdatering av dhrregionstockholm.se och bidra med redaktionellt material till DHR i Region Stockholm<\/li>\n<li>I \u00f6vrigt fullg\u00f6ra de arbetsuppgifter som ing\u00e5r i kansliets ansvarsomr\u00e5den i enlighet med de verksamhetsplaner och m\u00e5ldokument som styrelsen beslutar eller beordras av styrelsens ordf\u00f6rande eller personalansvarige.<\/li>\n<\/ul>\n<\/div>\n            <div class=\"content\"><p><strong>Kansliansvarig<\/strong><\/p>\n<ul>\n<li>Ansvarig f\u00f6r att leda och f\u00f6rdela arbetet p\u00e5 kansliet inklusive att hantera ledighet och fr\u00e5nvaro. Mottaga sjukanm\u00e4lningar och kontakt med F\u00f6rs\u00e4kringskassan.<\/li>\n<li>Ansvarig f\u00f6r kansliets arbetsmilj\u00f6 och att lagar och avtal f\u00f6ljs.<\/li>\n<li>Ansvarig f\u00f6r MBL-f\u00f6rhandlingar.<\/li>\n<li>Att vara kontaktperson gentemot arbetsgivarorganisation samt fackliga organisationer.<\/li>\n<li>Ansvarig f\u00f6r att \u00e5rligen h\u00e5lla medarbetarsamtal med \u00f6vriga anst\u00e4llda p\u00e5 kansliet.<\/li>\n<li>Att tillsammans med styrelsen genomf\u00f6ra l\u00f6nef\u00f6rhandlingar.<\/li>\n<li>Sj\u00e4lvst\u00e4ndigt fattar beslut om ink\u00f6p av kontors- och f\u00f6rbrukningsmaterial upp till det belopp styrelsen beslutar.<\/li>\n<li>Att handha handkassan enligt styrelsens beslut.<\/li>\n<li>Att delta p\u00e5 styrelsens sammantr\u00e4den och skriva dess protokoll.<\/li>\n<li>Att vara kontaktperson mellan styrelsen och kansliet.<\/li>\n<\/ul>\n<p>&nbsp;<\/p>\n<p><strong>Ekonomi och redovisning<\/strong><\/p>\n<ul>\n<li>Ansvara f\u00f6r och att initiera en rationell och s\u00e4ker utveckling av ekonomihanteringen, viket bl.a. omfattar likviditetsplanering, budgetuppf\u00f6ljningar, internkontroll.<\/li>\n<li>Ansvarig f\u00f6r ekonomiadministration: bl.a. leverant\u00f6rs- och kundreskontra, betalningar, v\u00e4rdepappersreskontra, bokf\u00f6ring och kvartalsavst\u00e4mningar av balanskonton samt resultatuppf\u00f6ljning.<\/li>\n<li>Ansvarig f\u00f6r ekonomisk redovisning av externa projekt.<\/li>\n<li>Ansvarig f\u00f6r uppr\u00e4ttande av bokslut, \u00e5rsredovisning och kvartalsuppf\u00f6ljningar.<\/li>\n<li>Ansvarig f\u00f6r kontakter med DHR-regionens revisorer.<\/li>\n<li>Ansvarig f\u00f6r kontakter med kapitalf\u00f6rvaltare enligt fullmakt.<\/li>\n<li>Ansvarig f\u00f6r l\u00f6neadministration omfattande insamling av underlag samt kontroll d\u00e4rav. Tj\u00e4nstepensionsanm\u00e4lan till KP &amp; Collectum samt uppgiftsl\u00e4mnare till PRI, statistik till SCB, KP och arbetsgivarorganisation.<\/li>\n<li>Ansvarig f\u00f6r m\u00e5natliga skattedeklarationer samt \u00e5rlig inkomstskattedeklaration<\/li>\n<li>Ansvarig f\u00f6r att, tillsammans med styrelsen, vid behov g\u00f6ra specifika utredningar och analyser av strategiska \u00f6verv\u00e4ganden f\u00f6r en l\u00e5ngsiktigt god ekonomi, liksom att ta fram en \u00e5rlig budget f\u00f6r kommande verksamhets\u00e5r.<\/li>\n<li>Ansvarig f\u00f6r arkivering av bokf\u00f6ringsmaterial.<\/li>\n<li>Ansvara f\u00f6r posthantering.<\/li>\n<li>Ansvara f\u00f6r bevakning av lagstiftning, regelverk och normering avseende redovisning, skatter, bidrag m.m. samt bedriva omv\u00e4rldsbevakning inom ansvarsomr\u00e5det.<\/li>\n<\/ul>\n<p>&nbsp;<\/p>\n<p>&nbsp;<\/p>\n<p>Stockholm 2022-12-12<\/p>\n<\/div>\n        <\/div>\n    <\/div>\n<\/section>","protected":false},"excerpt":{"rendered":"","protected":false},"author":9,"featured_media":0,"parent":0,"menu_order":0,"comment_status":"closed","ping_status":"closed","template":"","meta":{"_acf_changed":false,"_monsterinsights_skip_tracking":false,"_monsterinsights_sitenote_active":false,"_monsterinsights_sitenote_note":"","_monsterinsights_sitenote_category":0,"footnotes":""},"class_list":["post-5384","page","type-page","status-publish","hentry"],"acf":[],"yoast_head":"<!-- This site is optimized with the Yoast SEO plugin v27.2 - https:\/\/yoast.com\/product\/yoast-seo-wordpress\/ -->\n<title>BEFATTNINGSBESKRIVNING - Kansliansvarig ekonom - DHR - Region Stockholm<\/title>\n<meta name=\"robots\" content=\"index, follow, max-snippet:-1, max-image-preview:large, max-video-preview:-1\" \/>\n<link rel=\"canonical\" href=\"https:\/\/dhr.se\/stockholmslan\/befattningsbeskrivning-kansliansvarig-ekonom\/\" \/>\n<meta property=\"og:locale\" content=\"sv_SE\" \/>\n<meta property=\"og:type\" content=\"article\" \/>\n<meta property=\"og:title\" content=\"BEFATTNINGSBESKRIVNING - Kansliansvarig ekonom - DHR - Region Stockholm\" \/>\n<meta property=\"og:url\" content=\"https:\/\/dhr.se\/stockholmslan\/befattningsbeskrivning-kansliansvarig-ekonom\/\" \/>\n<meta property=\"og:site_name\" content=\"DHR - Region Stockholm\" \/>\n<meta property=\"article:publisher\" content=\"https:\/\/www.facebook.com\/DHRStockholmsLan\" \/>\n<meta property=\"article:modified_time\" content=\"2022-12-19T07:52:42+00:00\" \/>\n<meta name=\"twitter:card\" content=\"summary_large_image\" \/>\n<script type=\"application\/ld+json\" class=\"yoast-schema-graph\">{\"@context\":\"https:\/\/schema.org\",\"@graph\":[{\"@type\":\"WebPage\",\"@id\":\"https:\/\/dhr.se\/stockholmslan\/befattningsbeskrivning-kansliansvarig-ekonom\/\",\"url\":\"https:\/\/dhr.se\/stockholmslan\/befattningsbeskrivning-kansliansvarig-ekonom\/\",\"name\":\"BEFATTNINGSBESKRIVNING - Kansliansvarig ekonom - DHR - Region Stockholm\",\"isPartOf\":{\"@id\":\"https:\/\/dhr.se\/stockholmslan\/#website\"},\"datePublished\":\"2022-12-12T14:51:59+00:00\",\"dateModified\":\"2022-12-19T07:52:42+00:00\",\"breadcrumb\":{\"@id\":\"https:\/\/dhr.se\/stockholmslan\/befattningsbeskrivning-kansliansvarig-ekonom\/#breadcrumb\"},\"inLanguage\":\"sv-SE\",\"potentialAction\":[{\"@type\":\"ReadAction\",\"target\":[\"https:\/\/dhr.se\/stockholmslan\/befattningsbeskrivning-kansliansvarig-ekonom\/\"]}]},{\"@type\":\"BreadcrumbList\",\"@id\":\"https:\/\/dhr.se\/stockholmslan\/befattningsbeskrivning-kansliansvarig-ekonom\/#breadcrumb\",\"itemListElement\":[{\"@type\":\"ListItem\",\"position\":1,\"name\":\"Hem\",\"item\":\"https:\/\/dhr.se\/stockholmslan\/\"},{\"@type\":\"ListItem\",\"position\":2,\"name\":\"BEFATTNINGSBESKRIVNING &#8211; Kansliansvarig ekonom\"}]},{\"@type\":\"WebSite\",\"@id\":\"https:\/\/dhr.se\/stockholmslan\/#website\",\"url\":\"https:\/\/dhr.se\/stockholmslan\/\",\"name\":\"DHR - Region Stockholm\",\"description\":\"Delaktighet - Handlingskraft - R\u00f6relsefrihet\",\"publisher\":{\"@id\":\"https:\/\/dhr.se\/stockholmslan\/#organization\"},\"potentialAction\":[{\"@type\":\"SearchAction\",\"target\":{\"@type\":\"EntryPoint\",\"urlTemplate\":\"https:\/\/dhr.se\/stockholmslan\/?s={search_term_string}\"},\"query-input\":{\"@type\":\"PropertyValueSpecification\",\"valueRequired\":true,\"valueName\":\"search_term_string\"}}],\"inLanguage\":\"sv-SE\"},{\"@type\":\"Organization\",\"@id\":\"https:\/\/dhr.se\/stockholmslan\/#organization\",\"name\":\"DHR Region Stockholm\",\"url\":\"https:\/\/dhr.se\/stockholmslan\/\",\"logo\":{\"@type\":\"ImageObject\",\"inLanguage\":\"sv-SE\",\"@id\":\"https:\/\/dhr.se\/stockholmslan\/#\/schema\/logo\/image\/\",\"url\":\"https:\/\/dhr.se\/stockholmslan\/wp-content\/uploads\/sites\/5\/2021\/12\/REGION-STOCKHOLM-orange-48-p.jpg\",\"contentUrl\":\"https:\/\/dhr.se\/stockholmslan\/wp-content\/uploads\/sites\/5\/2021\/12\/REGION-STOCKHOLM-orange-48-p.jpg\",\"width\":891,\"height\":694,\"caption\":\"DHR Region Stockholm\"},\"image\":{\"@id\":\"https:\/\/dhr.se\/stockholmslan\/#\/schema\/logo\/image\/\"},\"sameAs\":[\"https:\/\/www.facebook.com\/DHRStockholmsLan\",\"https:\/\/www.instagram.com\/dhr_sld\/\"]}]}<\/script>\n<!-- \/ Yoast SEO plugin. -->","yoast_head_json":{"title":"BEFATTNINGSBESKRIVNING - Kansliansvarig ekonom - DHR - Region Stockholm","robots":{"index":"index","follow":"follow","max-snippet":"max-snippet:-1","max-image-preview":"max-image-preview:large","max-video-preview":"max-video-preview:-1"},"canonical":"https:\/\/dhr.se\/stockholmslan\/befattningsbeskrivning-kansliansvarig-ekonom\/","og_locale":"sv_SE","og_type":"article","og_title":"BEFATTNINGSBESKRIVNING - Kansliansvarig ekonom - DHR - Region Stockholm","og_url":"https:\/\/dhr.se\/stockholmslan\/befattningsbeskrivning-kansliansvarig-ekonom\/","og_site_name":"DHR - Region Stockholm","article_publisher":"https:\/\/www.facebook.com\/DHRStockholmsLan","article_modified_time":"2022-12-19T07:52:42+00:00","twitter_card":"summary_large_image","schema":{"@context":"https:\/\/schema.org","@graph":[{"@type":"WebPage","@id":"https:\/\/dhr.se\/stockholmslan\/befattningsbeskrivning-kansliansvarig-ekonom\/","url":"https:\/\/dhr.se\/stockholmslan\/befattningsbeskrivning-kansliansvarig-ekonom\/","name":"BEFATTNINGSBESKRIVNING - Kansliansvarig ekonom - DHR - Region Stockholm","isPartOf":{"@id":"https:\/\/dhr.se\/stockholmslan\/#website"},"datePublished":"2022-12-12T14:51:59+00:00","dateModified":"2022-12-19T07:52:42+00:00","breadcrumb":{"@id":"https:\/\/dhr.se\/stockholmslan\/befattningsbeskrivning-kansliansvarig-ekonom\/#breadcrumb"},"inLanguage":"sv-SE","potentialAction":[{"@type":"ReadAction","target":["https:\/\/dhr.se\/stockholmslan\/befattningsbeskrivning-kansliansvarig-ekonom\/"]}]},{"@type":"BreadcrumbList","@id":"https:\/\/dhr.se\/stockholmslan\/befattningsbeskrivning-kansliansvarig-ekonom\/#breadcrumb","itemListElement":[{"@type":"ListItem","position":1,"name":"Hem","item":"https:\/\/dhr.se\/stockholmslan\/"},{"@type":"ListItem","position":2,"name":"BEFATTNINGSBESKRIVNING &#8211; Kansliansvarig ekonom"}]},{"@type":"WebSite","@id":"https:\/\/dhr.se\/stockholmslan\/#website","url":"https:\/\/dhr.se\/stockholmslan\/","name":"DHR - Region Stockholm","description":"Delaktighet - Handlingskraft - R\u00f6relsefrihet","publisher":{"@id":"https:\/\/dhr.se\/stockholmslan\/#organization"},"potentialAction":[{"@type":"SearchAction","target":{"@type":"EntryPoint","urlTemplate":"https:\/\/dhr.se\/stockholmslan\/?s={search_term_string}"},"query-input":{"@type":"PropertyValueSpecification","valueRequired":true,"valueName":"search_term_string"}}],"inLanguage":"sv-SE"},{"@type":"Organization","@id":"https:\/\/dhr.se\/stockholmslan\/#organization","name":"DHR Region Stockholm","url":"https:\/\/dhr.se\/stockholmslan\/","logo":{"@type":"ImageObject","inLanguage":"sv-SE","@id":"https:\/\/dhr.se\/stockholmslan\/#\/schema\/logo\/image\/","url":"https:\/\/dhr.se\/stockholmslan\/wp-content\/uploads\/sites\/5\/2021\/12\/REGION-STOCKHOLM-orange-48-p.jpg","contentUrl":"https:\/\/dhr.se\/stockholmslan\/wp-content\/uploads\/sites\/5\/2021\/12\/REGION-STOCKHOLM-orange-48-p.jpg","width":891,"height":694,"caption":"DHR Region Stockholm"},"image":{"@id":"https:\/\/dhr.se\/stockholmslan\/#\/schema\/logo\/image\/"},"sameAs":["https:\/\/www.facebook.com\/DHRStockholmsLan","https:\/\/www.instagram.com\/dhr_sld\/"]}]}},"publishpress_future_action":{"enabled":false,"date":"2026-04-28 07:41:16","action":"change-status","newStatus":"draft","terms":[],"taxonomy":"translation_priority","extraData":[]},"publishpress_future_workflow_manual_trigger":{"enabledWorkflows":[]},"_links":{"self":[{"href":"https:\/\/dhr.se\/stockholmslan\/wp-json\/wp\/v2\/pages\/5384","targetHints":{"allow":["GET"]}}],"collection":[{"href":"https:\/\/dhr.se\/stockholmslan\/wp-json\/wp\/v2\/pages"}],"about":[{"href":"https:\/\/dhr.se\/stockholmslan\/wp-json\/wp\/v2\/types\/page"}],"author":[{"embeddable":true,"href":"https:\/\/dhr.se\/stockholmslan\/wp-json\/wp\/v2\/users\/9"}],"replies":[{"embeddable":true,"href":"https:\/\/dhr.se\/stockholmslan\/wp-json\/wp\/v2\/comments?post=5384"}],"version-history":[{"count":0,"href":"https:\/\/dhr.se\/stockholmslan\/wp-json\/wp\/v2\/pages\/5384\/revisions"}],"wp:attachment":[{"href":"https:\/\/dhr.se\/stockholmslan\/wp-json\/wp\/v2\/media?parent=5384"}],"curies":[{"name":"wp","href":"https:\/\/api.w.org\/{rel}","templated":true}]}}