{"id":754,"date":"2019-08-15T20:18:44","date_gmt":"2019-08-15T18:18:44","guid":{"rendered":"http:\/\/dhr.se\/stockholmslan\/?page_id=754"},"modified":"2026-05-11T17:21:06","modified_gmt":"2026-05-11T15:21:06","slug":"dhr-stockholms-lan","status":"publish","type":"page","link":"https:\/\/dhr.se\/stockholmslan\/","title":{"rendered":"V\u00e4lkommen till DHR Region Stockholm"},"content":{"rendered":"\r\n<section class=\"rippler-hero\"\r\n    style=\"background-image: url(https:\/\/dhr.se\/stockholmslan\/wp-content\/uploads\/sites\/5\/2026\/05\/IMG_3863.jpg);\"\r\n    data-bg-desktop=\"https:\/\/dhr.se\/stockholmslan\/wp-content\/uploads\/sites\/5\/2026\/05\/IMG_3863.jpg\"\r\n    data-bg-mobil=\"https:\/\/dhr.se\/stockholmslan\/wp-content\/uploads\/sites\/5\/2026\/05\/IMG_3863.jpg\"\r\n    data-shadow-desktop=\"0.4\"\r\n    data-shadow-mobil=\"0.4\">\r\n\r\n            <div class=\"ikon-titel\">\r\n            \r\n                            <h1>V\u00e4lkommen till DHR Region Stockholm<\/h1>\r\n                    <\/div>\r\n    \r\n    <div class=\"knapp-container\"\r\n         data-shadow-desktop=\"0.4\"\r\n         data-shadow-mobil=\"0.4\">\r\n\r\n                        <a class=\"cta-link\"\r\n                   href=\"https:\/\/dhr.se\/stockholmslan\/om-dhr-stockholms-lans-distrikt\/\"\r\n                   target=\"\">\r\n            \r\n            <div class=\"cta cta-1\">\r\n\r\n                <div class=\"cta-top\">\r\n                                            <h2>Om oss <\/h2>\r\n                    \r\n                                    <\/div>\r\n\r\n                <div class=\"cta-bottom\">\r\n                                            <p>L\u00e4r k\u00e4nna oss b\u00e4ttre p\u00e5 DHR Region Stockholm<\/p>\r\n                    \r\n                                            <img decoding=\"async\" src=\"https:\/\/dhr.se\/stockholmslan\/wp-content\/uploads\/sites\/5\/2026\/05\/Namnlos-design-1.png\"\r\n                             alt=\"alt=\u201d\u201d\">\r\n                                    <\/div>\r\n\r\n            <\/div>\r\n\r\n                            <\/a>\r\n            \r\n                        <a class=\"cta-link\"\r\n                   href=\"https:\/\/dhr.se\/stockholmslan\/distriktsbloggen\/\"\r\n                   target=\"\">\r\n            \r\n            <div class=\"cta cta-2\">\r\n\r\n                <div class=\"cta-top\">\r\n                                            <h2>Nyheter <\/h2>\r\n                    \r\n                                    <\/div>\r\n\r\n                <div class=\"cta-bottom\">\r\n                                            <p>L\u00e4s mer om v\u00e5ra aktiviteter och tips <\/p>\r\n                    \r\n                                            <img decoding=\"async\" src=\"https:\/\/dhr.se\/stockholmslan\/wp-content\/uploads\/sites\/5\/2026\/05\/Namnlos-design-1.png\"\r\n                             alt=\"alt=\u201d\u201d\">\r\n                                    <\/div>\r\n\r\n            <\/div>\r\n\r\n                            <\/a>\r\n            \r\n                        <a class=\"cta-link\"\r\n                   href=\"https:\/\/dhr.se\/stockholmslan\/om-dhr-stockholms-lans-distrikt\/kontakt\/\"\r\n                   target=\"\">\r\n            \r\n            <div class=\"cta cta-3\">\r\n\r\n                <div class=\"cta-top\">\r\n                                            <h2>Kontakta oss<\/h2>\r\n                    \r\n                                    <\/div>\r\n\r\n                <div class=\"cta-bottom\">\r\n                                            <p>Vi svarar g\u00e4rna p\u00e5 dina fr\u00e5gor och funderingar<\/p>\r\n                    \r\n                                            <img decoding=\"async\" src=\"https:\/\/dhr.se\/stockholmslan\/wp-content\/uploads\/sites\/5\/2026\/05\/Namnlos-design-1.png\"\r\n                             alt=\"alt=\u201d\u201d\">\r\n                                    <\/div>\r\n\r\n            <\/div>\r\n\r\n                            <\/a>\r\n            \r\n        \r\n    <\/div>\r\n\r\n<script>\r\n(function () {\r\n    const section = document.querySelector('.rippler-hero');\r\n    if (!section) return;\r\n\r\n    const ikonTitel = section.querySelectorAll('.ikon-titel');\r\n    const ctaContainer = section.querySelector('.knapp-container');\r\n\r\n    function updateHero() {\r\n        const isMobile = window.innerWidth <= 760;\r\n\r\n        \/\/ Background\r\n        const bg = isMobile\r\n            ? section.dataset.bgMobil\r\n            : section.dataset.bgDesktop;\r\n\r\n        section.style.backgroundImage = 'url(' + bg + ')';\r\n\r\n        \/\/ Shadow\r\n        const shadow = isMobile\r\n            ? section.dataset.shadowMobil\r\n            : section.dataset.shadowDesktop;\r\n\r\n        const shadowStyle = 'rgba(0,0,0,' + shadow + ')';\r\n\r\n        ikonTitel.forEach(el => {\r\n            el.style.backgroundColor = shadowStyle;\r\n        });\r\n\r\n        if (ctaContainer) {\r\n            ctaContainer.style.backgroundColor = shadowStyle;\r\n        }\r\n    }\r\n\r\n    updateHero();\r\n    window.addEventListener('resize', updateHero);\r\n})();\r\n<\/script>\r\n\r\n<\/section>\n\n\n<div class=\"wp-block-columns is-layout-flex wp-container-core-columns-is-layout-9d6595d7 wp-block-columns-is-layout-flex\">\n<div class=\"wp-block-column has-background is-layout-flow wp-block-column-is-layout-flow\" style=\"background-color:#eef5ef\"><section class=\"block-image-and-text right white\">\n    <div class=\"main\">\n        <div class=\"main-inner\">\n            <div class=\"left-col\" style=\"background-image: url(https:\/\/dhr.se\/stockholmslan\/wp-content\/uploads\/sites\/5\/2025\/01\/IMG_20161203_140928-webben-scaled.jpg);\"><\/div>\n\n            <div class=\"right-col\">\n                <h2>Ett j\u00e4mlikt och j\u00e4mst\u00e4llt samh\u00e4lle<\/h2>\n                <p class=\"text\">V\u00e5rt m\u00e5l \u00e4r att alla m\u00e4nniskor ska k\u00e4nna sig v\u00e4lkomna och inkluderade i samh\u00e4llet. V\u00e5r vision \u00e4r ett universellt utformat samh\u00e4lle \u2013 ett j\u00e4mlikt och j\u00e4mst\u00e4llt samh\u00e4lle d\u00e4r varje m\u00e4nniska ses som en tillg\u00e5ng.<\/p>\n\n                            <\/div>\n\n        <\/div>\n    <\/div>\n<\/section><\/div>\n<\/div>\n\n\n\n<div style=\"height:100px\" aria-hidden=\"true\" class=\"wp-block-spacer\"><\/div>\n\n\n\n<div class=\"wp-block-columns is-layout-flex wp-container-core-columns-is-layout-9d6595d7 wp-block-columns-is-layout-flex\">\n<div class=\"wp-block-column has-background is-layout-flow wp-block-column-is-layout-flow\" style=\"background-color:#fafaf7\"><section class=\"rippler-block-news-calender\">\n    <div class=\"dubble-container\">\n        <div class=\"rippler-news-container\">\n            <div class=\"news-title\">\n                <h2>Nyheter<\/h2>\n            <\/div>\n            <div class=\"news-container\">\n        \n                                        \n                                <div class=\"one-post\">\n                                                                        <div class=\"right-container\">\n                                        <div class=\"text\">\n                                            <h3>Artikel inf\u00f6r partiledardebatt 20 maj<\/h3>\n                                            <!--<p class=\"date\"><\/p> -->\n                                            <p class=\"excerpt\">Text: Jonas J\u00f6nsson Samtliga partier s\u00e4ger att hj\u00e4lpmedel ska ges efter behov&#8230;<\/p>\n                                        <\/div>\n                                        <a class=\"\" href=\"https:\/\/dhr.se\/stockholmslan\/blog\/2026\/05\/11\/artikel-infor-partiledardebatt-20-maj\/\">L\u00e4s mer<\/a>\n                                    <\/div>\n                                <\/div>\n                        \n                                                \n                                <div class=\"one-post\">\n                                                                        <div class=\"right-container\">\n                                        <div class=\"text\">\n                                            <h3>\u00c5rsm\u00f6te f\u00f6r DHR Stockholmsavdelningen<\/h3>\n                                            <!--<p class=\"date\"><\/p> -->\n                                            <p class=\"excerpt\">Alexander Ojanne och DHR Stockholmavdelningens ordf\u00f6rande Per Frykman. L\u00f6rdagen den 28:e maj&#8230;<\/p>\n                                        <\/div>\n                                        <a class=\"\" href=\"https:\/\/dhr.se\/stockholmslan\/blog\/2026\/04\/08\/arsmote-for-dhr-stockholmsavdelningen\/\">L\u00e4s mer<\/a>\n                                    <\/div>\n                                <\/div>\n                        \n                                \n            <\/div>\n                        <\/div>\n        <div class=\"rippler-calender-container\">\n            <div class=\"calender-title\">\n                <h2>Aktuella aktiviteter<\/h2>\n            <\/div>\n            <div class=\"calender-container\">\n        \n                                            \n                    \n                                <a class=\"one-post\" href=\"https:\/\/dhr.se\/stockholmslan\/blog\/event\/rorelsehinderforeningarna-i-samverkan-bjuder-in-till-politikerutfragning\/\">\n                                    <div class=\"date\">\n                                        <p class=\"day title-color\">20<\/p>\n                                        <p class=\"month title-color\">maj<\/p>\n                                    <\/div>\n                                    <div class=\"text-container\">\n                                        <h3 class=\"\">R\u00f6relsehinderf\u00f6reningarna i samverkan bjuder in till politikerutfr\u00e5gning<\/h3>\n                                        <div class=\"event-info\">\n                                            <p class=\"place text-darker\"><\/p>\n                                        <\/div>\n                                    <\/div>\n                                <\/a>\n                        \n                                                    \n                    \n                                <a class=\"one-post\" href=\"https:\/\/dhr.se\/stockholmslan\/blog\/event\/inbjudan-till-digital-traff-om-fn-och-rattigheter\/\">\n                                    <div class=\"date\">\n                                        <p class=\"day title-color\">21<\/p>\n                                        <p class=\"month title-color\">maj<\/p>\n                                    <\/div>\n                                    <div class=\"text-container\">\n                                        <h3 class=\"\">Digital tr\u00e4ff om funktionsr\u00e4ttsbeskrivning<\/h3>\n                                        <div class=\"event-info\">\n                                            <p class=\"place text-darker\"><\/p>\n                                        <\/div>\n                                    <\/div>\n                                <\/a>\n                        \n                                \n            <\/div>\n                    <\/div>\n    <\/div>\n<\/section><\/div>\n<\/div>\n\n\n\n<div style=\"height:100px\" aria-hidden=\"true\" class=\"wp-block-spacer\"><\/div>\n\n\n\n<div class=\"wp-block-columns is-layout-flex wp-container-core-columns-is-layout-9d6595d7 wp-block-columns-is-layout-flex\">\n<div class=\"wp-block-column has-background is-layout-flow wp-block-column-is-layout-flow\" style=\"background-color:#eef5ef\"><section class=\"block-simple-text\">\n    <div class=\"main\">\n        <div class=\"main-inner\">\n            <div class=\"ingress text-darker\"><\/div>\n            <div class=\"content\"><h2>G\u00e5 v\u00e5r insiktsutbildning<\/h2>\n<p>DHR Region Stockholm erbjuder Insiktsutbildningar. Syftet med Insiktsutbildningarna \u00e4r att \u00f6ka kunskapen om bland annat livsvillkoren f\u00f6r personer med funktionsneds\u00e4ttning i Sverige i idag. Det g\u00f6r vi genom v\u00e5ra personliga ber\u00e4ttelser kombinerat med fakta om exempelvis tillg\u00e4nglighetskrav vid ny- eller ombyggnation. Tj\u00e4nstem\u00e4n, politik och personal har vid v\u00e5ra utbildningar haft m\u00f6jlighet att prova p\u00e5 att k\u00f6ra en manuell rullstol b\u00e5de inne och ute.<\/p>\n<p>V\u00e5r insiktsutbildning finns f\u00f6r ditt team n\u00e4r ni beh\u00f6ver utbildas.<\/p>\n<p><a href=\"https:\/\/dhr.se\/stockholmslan\/om-dhr-stockholms-lans-distrikt\/ga-var-insiktsutbildning\/\">DHR-regionens insiktsutbildning<\/a><\/p>\n<\/div>\n        <\/div>\n    <\/div>\n<\/section><\/div>\n\n\n\n<div class=\"wp-block-column has-background is-layout-flow wp-block-column-is-layout-flow\" style=\"background-color:#fafaf7\"><section class=\"block-simple-text\">\n    <div class=\"main\">\n        <div class=\"main-inner\">\n            <div class=\"ingress text-darker\"><\/div>\n            <div class=\"content\"><h2>V\u00e4rvningsbroschyr<\/h2>\n<div class=\"ingress text-darker\">\n<p><strong>Vi beh\u00f6ver bli fler \u2013 tillsammans \u00e4r vi starkare och kan l\u00e4ttare p\u00e5verka f\u00f6r ett tillg\u00e4ngligt samh\u00e4lle.<\/strong><\/p>\n<p>Sprid g\u00e4rna DHR Region Stockholms broschyr d\u00e4r du k\u00e4nner att den syns och till folk du k\u00e4nner.<\/p>\n<\/div>\n<div class=\"content\">\n<ul>\n<li>H\u00e4r kan du ladda ned Distriktsbroschyren och en talong d\u00e4r personen kan fylla i sina uppgifter.<\/li>\n<li>Du eller personen du v\u00e4rvar kan annars fylla i direkt p\u00e5\u00a0<a href=\"https:\/\/dhr.se\/medlem\/bli-medlem\/\">www.dhr.se\/blimedlem<\/a>.<\/li>\n<li>Om du inte har m\u00f6jlighet till att skriva ut den sj\u00e4lv kan du sj\u00e4lvklart h\u00f6ra av dig till oss p\u00e5 DHR-regionens kansli s\u00e5 s\u00e4nder vi dig det antal du \u00f6nskar.<\/li>\n<\/ul>\n<p><a href=\"https:\/\/dhr.se\/stockholmslan\/wp-content\/uploads\/sites\/5\/2025\/09\/Brochyr-DHR_Region_STHLM_2024-2.pdf\">V\u00e4rvningsbroschyr<\/a><\/p>\n<\/div>\n<\/div>\n        <\/div>\n    <\/div>\n<\/section><\/div>\n<\/div>\n\n\n\n<div style=\"height:100px\" aria-hidden=\"true\" class=\"wp-block-spacer\"><\/div>\n\n\n\n<div class=\"wp-block-columns is-layout-flex wp-container-core-columns-is-layout-9d6595d7 wp-block-columns-is-layout-flex\">\n<div class=\"wp-block-column has-background is-layout-flow wp-block-column-is-layout-flow\" style=\"background-color:#eef5ef\"><section class=\"rippler-bild-cta\">\n    <div class=\"bild-cta-container\">\n                <div class=\"right-container\">\n                    \n                                    <h2>Bli medlem i en avdelning inom DHR Region Stockholm<\/h2>\n                        \n                                    <div class=\"innehall\">\n                        <p>DHR beh\u00f6ver dig som medlem. Oavsett om du v\u00e4ljer att vara aktiv eller bara vill st\u00f6dja oss \u00e4r ditt medlemskap viktigt. Ju fler vi \u00e4r, desto starkare blir v\u00e5r r\u00f6st!<\/p>\n<p>Under Regionens snart 60 \u00e5r (vi fyller \u00e5r 2022) har villkoren f\u00f6r medlemmarna sj\u00e4lvklart f\u00f6rb\u00e4ttrats. Men nu b\u00f6rjar det bl\u00e5sa kallt igen, och behovet av en stark motst\u00e5ndsr\u00f6relse \u00e4r st\u00f6rre \u00e4n p\u00e5 m\u00e5nga \u00e5r. Den personliga assistansen \u00e4r i fara, parkeringstillst\u00e5nd dras in och det sn\u00e5las p\u00e5 bilst\u00f6d. Vi h\u00f6r till och med \u00e5sikter om att det borde inf\u00f6ras institutioner igen. D\u00e4rf\u00f6r beh\u00f6vs ocks\u00e5 du som medlem!<\/p>\n<p>Som medlem i DHR kan du tillsammans med andra medlemmar p\u00e5verka att samh\u00e4llet blir mer j\u00e4mlikt och j\u00e4mst\u00e4llt. Tillsammans med andra medlemmar kan du ocks\u00e5 delta i fritidsaktiviteter, kamratst\u00f6d och social gemenskap.<\/p>\n                    <\/div>\n                        \n                                        <a href=\"https:\/\/sbtdhr.mysoft.no\/modules\/blimedlem\/blimedlem.aspx\" target=\"_blank\" class=\"banner-knapp\">\n                            \n                                                            <span>Medlemsans\u00f6kan<\/span>\n                                    \n                                    \n                        <\/a>\n                        \n                    <\/div>\n    <\/div>\n<\/section><\/div>\n<\/div>\n\n\n\n<div style=\"height:26px\" aria-hidden=\"true\" class=\"wp-block-spacer\"><\/div>\n\n\n\n<p class=\"has-text-align-center has-undefined-color has-text-color has-link-color wp-elements-e38c86318d5e5092531f4e516efca451\"><a href=\"https:\/\/dhr.se\/stockholmslan\/kalender\/dataskyddspolicy-for-dhr-region-stockholms-insamlande-av-personuppgifter-vid-anmalningar-till-aktiviteter\/\" target=\"_blank\" rel=\"noreferrer noopener\">Dataskyddspolicy f\u00f6r DHR Region Stockholms insamlande av personuppgifter vid anm\u00e4lningar till aktiviteter<\/a><\/p>\n\n\n\n<div style=\"height:100px\" aria-hidden=\"true\" class=\"wp-block-spacer\"><\/div>\n","protected":false},"excerpt":{"rendered":"<p>Dataskyddspolicy f\u00f6r DHR Region Stockholms insamlande av personuppgifter vid anm\u00e4lningar till aktiviteter<\/p>\n","protected":false},"author":9,"featured_media":2936,"parent":0,"menu_order":0,"comment_status":"closed","ping_status":"closed","template":"","meta":{"_acf_changed":false,"_monsterinsights_skip_tracking":false,"_monsterinsights_sitenote_active":false,"_monsterinsights_sitenote_note":"","_monsterinsights_sitenote_category":0,"footnotes":""},"class_list":["post-754","page","type-page","status-publish","has-post-thumbnail","hentry"],"acf":[],"yoast_head":"<!-- This site is optimized with the Yoast SEO plugin v27.5 - https:\/\/yoast.com\/product\/yoast-seo-wordpress\/ -->\n<title>V\u00e4lkommen till DHR Region Stockholm - DHR - Region Stockholm<\/title>\n<meta name=\"robots\" content=\"index, follow, max-snippet:-1, max-image-preview:large, max-video-preview:-1\" \/>\n<link rel=\"canonical\" href=\"https:\/\/dhr.se\/stockholmslan\/\" \/>\n<meta property=\"og:locale\" content=\"sv_SE\" \/>\n<meta property=\"og:type\" content=\"article\" \/>\n<meta property=\"og:title\" content=\"V\u00e4lkommen till DHR Region Stockholm - DHR - Region Stockholm\" \/>\n<meta property=\"og:description\" content=\"Dataskyddspolicy f\u00f6r DHR Region Stockholms insamlande av personuppgifter vid anm\u00e4lningar till aktiviteter\" \/>\n<meta property=\"og:url\" content=\"https:\/\/dhr.se\/stockholmslan\/\" \/>\n<meta property=\"og:site_name\" content=\"DHR - Region Stockholm\" \/>\n<meta property=\"article:publisher\" content=\"https:\/\/www.facebook.com\/DHRStockholmsLan\" \/>\n<meta property=\"article:modified_time\" content=\"2026-05-11T15:21:06+00:00\" \/>\n<meta property=\"og:image\" content=\"https:\/\/dhr.se\/stockholmslan\/wp-content\/uploads\/sites\/5\/2021\/04\/icon-4873054_1280.png\" \/>\n\t<meta property=\"og:image:width\" content=\"1280\" \/>\n\t<meta property=\"og:image:height\" content=\"1280\" \/>\n\t<meta property=\"og:image:type\" content=\"image\/png\" \/>\n<meta name=\"twitter:card\" content=\"summary_large_image\" \/>\n<meta name=\"twitter:label1\" content=\"Ber\u00e4knad l\u00e4stid\" \/>\n\t<meta name=\"twitter:data1\" content=\"1 minut\" \/>\n<script type=\"application\/ld+json\" class=\"yoast-schema-graph\">{\"@context\":\"https:\\\/\\\/schema.org\",\"@graph\":[{\"@type\":\"WebPage\",\"@id\":\"https:\\\/\\\/dhr.se\\\/stockholmslan\\\/\",\"url\":\"https:\\\/\\\/dhr.se\\\/stockholmslan\\\/\",\"name\":\"V\u00e4lkommen till DHR Region Stockholm - DHR - Region Stockholm\",\"isPartOf\":{\"@id\":\"https:\\\/\\\/dhr.se\\\/stockholmslan\\\/#website\"},\"primaryImageOfPage\":{\"@id\":\"https:\\\/\\\/dhr.se\\\/stockholmslan\\\/#primaryimage\"},\"image\":{\"@id\":\"https:\\\/\\\/dhr.se\\\/stockholmslan\\\/#primaryimage\"},\"thumbnailUrl\":\"https:\\\/\\\/dhr.se\\\/stockholmslan\\\/wp-content\\\/uploads\\\/sites\\\/5\\\/2021\\\/04\\\/icon-4873054_1280.png\",\"datePublished\":\"2019-08-15T18:18:44+00:00\",\"dateModified\":\"2026-05-11T15:21:06+00:00\",\"breadcrumb\":{\"@id\":\"https:\\\/\\\/dhr.se\\\/stockholmslan\\\/#breadcrumb\"},\"inLanguage\":\"sv-SE\",\"potentialAction\":[{\"@type\":\"ReadAction\",\"target\":[\"https:\\\/\\\/dhr.se\\\/stockholmslan\\\/\"]}]},{\"@type\":\"ImageObject\",\"inLanguage\":\"sv-SE\",\"@id\":\"https:\\\/\\\/dhr.se\\\/stockholmslan\\\/#primaryimage\",\"url\":\"https:\\\/\\\/dhr.se\\\/stockholmslan\\\/wp-content\\\/uploads\\\/sites\\\/5\\\/2021\\\/04\\\/icon-4873054_1280.png\",\"contentUrl\":\"https:\\\/\\\/dhr.se\\\/stockholmslan\\\/wp-content\\\/uploads\\\/sites\\\/5\\\/2021\\\/04\\\/icon-4873054_1280.png\",\"width\":1280,\"height\":1280},{\"@type\":\"BreadcrumbList\",\"@id\":\"https:\\\/\\\/dhr.se\\\/stockholmslan\\\/#breadcrumb\",\"itemListElement\":[{\"@type\":\"ListItem\",\"position\":1,\"name\":\"Hem\",\"item\":\"https:\\\/\\\/dhr.se\\\/stockholmslan\\\/\"},{\"@type\":\"ListItem\",\"position\":2,\"name\":\"V\u00e4lkommen till DHR Region Stockholm\"}]},{\"@type\":\"WebSite\",\"@id\":\"https:\\\/\\\/dhr.se\\\/stockholmslan\\\/#website\",\"url\":\"https:\\\/\\\/dhr.se\\\/stockholmslan\\\/\",\"name\":\"DHR - Region Stockholm\",\"description\":\"Delaktighet - Handlingskraft - R\u00f6relsefrihet\",\"publisher\":{\"@id\":\"https:\\\/\\\/dhr.se\\\/stockholmslan\\\/#organization\"},\"potentialAction\":[{\"@type\":\"SearchAction\",\"target\":{\"@type\":\"EntryPoint\",\"urlTemplate\":\"https:\\\/\\\/dhr.se\\\/stockholmslan\\\/?s={search_term_string}\"},\"query-input\":{\"@type\":\"PropertyValueSpecification\",\"valueRequired\":true,\"valueName\":\"search_term_string\"}}],\"inLanguage\":\"sv-SE\"},{\"@type\":\"Organization\",\"@id\":\"https:\\\/\\\/dhr.se\\\/stockholmslan\\\/#organization\",\"name\":\"DHR Region Stockholm\",\"url\":\"https:\\\/\\\/dhr.se\\\/stockholmslan\\\/\",\"logo\":{\"@type\":\"ImageObject\",\"inLanguage\":\"sv-SE\",\"@id\":\"https:\\\/\\\/dhr.se\\\/stockholmslan\\\/#\\\/schema\\\/logo\\\/image\\\/\",\"url\":\"https:\\\/\\\/dhr.se\\\/stockholmslan\\\/wp-content\\\/uploads\\\/sites\\\/5\\\/2021\\\/12\\\/REGION-STOCKHOLM-orange-48-p.jpg\",\"contentUrl\":\"https:\\\/\\\/dhr.se\\\/stockholmslan\\\/wp-content\\\/uploads\\\/sites\\\/5\\\/2021\\\/12\\\/REGION-STOCKHOLM-orange-48-p.jpg\",\"width\":891,\"height\":694,\"caption\":\"DHR Region Stockholm\"},\"image\":{\"@id\":\"https:\\\/\\\/dhr.se\\\/stockholmslan\\\/#\\\/schema\\\/logo\\\/image\\\/\"},\"sameAs\":[\"https:\\\/\\\/www.facebook.com\\\/DHRStockholmsLan\",\"https:\\\/\\\/www.instagram.com\\\/dhr_sld\\\/\"]}]}<\/script>\n<!-- \/ Yoast SEO plugin. -->","yoast_head_json":{"title":"V\u00e4lkommen till DHR Region Stockholm - DHR - Region Stockholm","robots":{"index":"index","follow":"follow","max-snippet":"max-snippet:-1","max-image-preview":"max-image-preview:large","max-video-preview":"max-video-preview:-1"},"canonical":"https:\/\/dhr.se\/stockholmslan\/","og_locale":"sv_SE","og_type":"article","og_title":"V\u00e4lkommen till DHR Region Stockholm - DHR - Region Stockholm","og_description":"Dataskyddspolicy f\u00f6r DHR Region Stockholms insamlande av personuppgifter vid anm\u00e4lningar till aktiviteter","og_url":"https:\/\/dhr.se\/stockholmslan\/","og_site_name":"DHR - Region Stockholm","article_publisher":"https:\/\/www.facebook.com\/DHRStockholmsLan","article_modified_time":"2026-05-11T15:21:06+00:00","og_image":[{"width":1280,"height":1280,"url":"https:\/\/dhr.se\/stockholmslan\/wp-content\/uploads\/sites\/5\/2021\/04\/icon-4873054_1280.png","type":"image\/png"}],"twitter_card":"summary_large_image","twitter_misc":{"Ber\u00e4knad l\u00e4stid":"1 minut"},"schema":{"@context":"https:\/\/schema.org","@graph":[{"@type":"WebPage","@id":"https:\/\/dhr.se\/stockholmslan\/","url":"https:\/\/dhr.se\/stockholmslan\/","name":"V\u00e4lkommen till DHR Region Stockholm - DHR - Region Stockholm","isPartOf":{"@id":"https:\/\/dhr.se\/stockholmslan\/#website"},"primaryImageOfPage":{"@id":"https:\/\/dhr.se\/stockholmslan\/#primaryimage"},"image":{"@id":"https:\/\/dhr.se\/stockholmslan\/#primaryimage"},"thumbnailUrl":"https:\/\/dhr.se\/stockholmslan\/wp-content\/uploads\/sites\/5\/2021\/04\/icon-4873054_1280.png","datePublished":"2019-08-15T18:18:44+00:00","dateModified":"2026-05-11T15:21:06+00:00","breadcrumb":{"@id":"https:\/\/dhr.se\/stockholmslan\/#breadcrumb"},"inLanguage":"sv-SE","potentialAction":[{"@type":"ReadAction","target":["https:\/\/dhr.se\/stockholmslan\/"]}]},{"@type":"ImageObject","inLanguage":"sv-SE","@id":"https:\/\/dhr.se\/stockholmslan\/#primaryimage","url":"https:\/\/dhr.se\/stockholmslan\/wp-content\/uploads\/sites\/5\/2021\/04\/icon-4873054_1280.png","contentUrl":"https:\/\/dhr.se\/stockholmslan\/wp-content\/uploads\/sites\/5\/2021\/04\/icon-4873054_1280.png","width":1280,"height":1280},{"@type":"BreadcrumbList","@id":"https:\/\/dhr.se\/stockholmslan\/#breadcrumb","itemListElement":[{"@type":"ListItem","position":1,"name":"Hem","item":"https:\/\/dhr.se\/stockholmslan\/"},{"@type":"ListItem","position":2,"name":"V\u00e4lkommen till DHR Region Stockholm"}]},{"@type":"WebSite","@id":"https:\/\/dhr.se\/stockholmslan\/#website","url":"https:\/\/dhr.se\/stockholmslan\/","name":"DHR - Region Stockholm","description":"Delaktighet - Handlingskraft - R\u00f6relsefrihet","publisher":{"@id":"https:\/\/dhr.se\/stockholmslan\/#organization"},"potentialAction":[{"@type":"SearchAction","target":{"@type":"EntryPoint","urlTemplate":"https:\/\/dhr.se\/stockholmslan\/?s={search_term_string}"},"query-input":{"@type":"PropertyValueSpecification","valueRequired":true,"valueName":"search_term_string"}}],"inLanguage":"sv-SE"},{"@type":"Organization","@id":"https:\/\/dhr.se\/stockholmslan\/#organization","name":"DHR Region Stockholm","url":"https:\/\/dhr.se\/stockholmslan\/","logo":{"@type":"ImageObject","inLanguage":"sv-SE","@id":"https:\/\/dhr.se\/stockholmslan\/#\/schema\/logo\/image\/","url":"https:\/\/dhr.se\/stockholmslan\/wp-content\/uploads\/sites\/5\/2021\/12\/REGION-STOCKHOLM-orange-48-p.jpg","contentUrl":"https:\/\/dhr.se\/stockholmslan\/wp-content\/uploads\/sites\/5\/2021\/12\/REGION-STOCKHOLM-orange-48-p.jpg","width":891,"height":694,"caption":"DHR Region Stockholm"},"image":{"@id":"https:\/\/dhr.se\/stockholmslan\/#\/schema\/logo\/image\/"},"sameAs":["https:\/\/www.facebook.com\/DHRStockholmsLan","https:\/\/www.instagram.com\/dhr_sld\/"]}]}},"publishpress_future_action":{"enabled":false,"date":"2026-05-24 17:33:41","action":"change-status","newStatus":"draft","terms":[],"taxonomy":"translation_priority","extraData":[]},"publishpress_future_workflow_manual_trigger":{"enabledWorkflows":[]},"_links":{"self":[{"href":"https:\/\/dhr.se\/stockholmslan\/wp-json\/wp\/v2\/pages\/754","targetHints":{"allow":["GET"]}}],"collection":[{"href":"https:\/\/dhr.se\/stockholmslan\/wp-json\/wp\/v2\/pages"}],"about":[{"href":"https:\/\/dhr.se\/stockholmslan\/wp-json\/wp\/v2\/types\/page"}],"author":[{"embeddable":true,"href":"https:\/\/dhr.se\/stockholmslan\/wp-json\/wp\/v2\/users\/9"}],"replies":[{"embeddable":true,"href":"https:\/\/dhr.se\/stockholmslan\/wp-json\/wp\/v2\/comments?post=754"}],"version-history":[{"count":105,"href":"https:\/\/dhr.se\/stockholmslan\/wp-json\/wp\/v2\/pages\/754\/revisions"}],"predecessor-version":[{"id":7552,"href":"https:\/\/dhr.se\/stockholmslan\/wp-json\/wp\/v2\/pages\/754\/revisions\/7552"}],"wp:featuredmedia":[{"embeddable":true,"href":"https:\/\/dhr.se\/stockholmslan\/wp-json\/wp\/v2\/media\/2936"}],"wp:attachment":[{"href":"https:\/\/dhr.se\/stockholmslan\/wp-json\/wp\/v2\/media?parent=754"}],"curies":[{"name":"wp","href":"https:\/\/api.w.org\/{rel}","templated":true}]}}