{"id":2250,"date":"2024-05-22T12:17:38","date_gmt":"2024-05-22T10:17:38","guid":{"rendered":"https:\/\/dhr.se\/tyreso\/?page_id=2250"},"modified":"2025-04-16T15:20:34","modified_gmt":"2025-04-16T13:20:34","slug":"information-fran-styrelsen","status":"publish","type":"page","link":"https:\/\/dhr.se\/tyreso\/information-fran-styrelsen\/","title":{"rendered":"Information fr\u00e5n styrelsen"},"content":{"rendered":"<section class=\"block-simple-text\">\n    <div class=\"main\">\n        <div class=\"main-inner\">\n            <div class=\"ingress text-darker\"><p>H\u00e4r hittar du samlad information om v\u00e5r verksamhet.<\/p>\n<\/div>\n            <div class=\"content\"><p><strong>Information fr\u00e5n v\u00e5rt \u00e5rsm\u00f6te 22 mars 2025<\/strong><\/p>\n<p>Klicka h\u00e4r f\u00f6r att l\u00e4sa <a href=\"https:\/\/dhr.se\/tyreso\/wp-content\/uploads\/sites\/73\/2025\/04\/Arsmotesprotokoll-DHR-Tyreso-2025_justerat.pdf\">protokoll<\/a> , <a href=\"https:\/\/dhr.se\/tyreso\/wp-content\/uploads\/sites\/73\/2025\/04\/Verksamhetsberattelse-DHR-Tyreso-2024-v2-komprimerad.pdf\">verksamhetsber\u00e4ttelse<\/a> 2024 och <a href=\"https:\/\/dhr.se\/tyreso\/wp-content\/uploads\/sites\/73\/2025\/04\/Verksamhetsplan-DHR-Tyreso-2025.pdf\">verksamhetsplan<\/a> f\u00f6r 2025.<\/p>\n<p>MVH<\/p>\n<p>Styrelsen<\/p>\n<p><strong>Dialogm\u00f6te om Krisberedskap i Tyres\u00f6<\/strong><\/p>\n<p>I november hade avdelningen ett dialogm\u00f6te f\u00f6r medlemmarna, p\u00e5 temat krisberedskap ur ett funktionshinderperspektiv med kommunens beredskapssamordnare Markus Poletti.<\/p>\n<p><a href=\"https:\/\/dhr.se\/tyreso\/wp-content\/uploads\/sites\/73\/2025\/04\/Dialogmote-krisberedskap-8-nov-2024.pdf\">Klicka h\u00e4r f\u00f6r att se Markus presentation<\/a>.<\/p>\n<p>&nbsp;<\/p>\n<p><strong>Medlemslunchen p\u00e5 Notholmen<\/strong> den 30 maj 2024, blev solig och gemytlig! Vi var \u00e5tta personer totalt, spelade quiz och pratade en massa om bl a rehabresor till Teneriffa och f\u00f6rslag till aktiviteter under h\u00f6sten. Kanske en filmkv\u00e4ll, information om DHR&#8217;s app &#8221;Bort med hindren&#8221;, eller annat medlemsf\u00f6rslag.<\/p>\n<p>H\u00f6r g\u00e4rna av dig med \u00f6nskem\u00e5l om aktiviteter! Maila till tyreso@dhr.se.<\/p>\n<p>Styrelsen \u00e5terkommer med h\u00f6stprogram.<\/p>\n<p><img loading=\"lazy\" decoding=\"async\" class=\"alignnone size-medium wp-image-2258\" src=\"https:\/\/dhr.se\/tyreso\/wp-content\/uploads\/sites\/73\/2024\/06\/Notholmen-30-maj-2024_3-225x300.jpg\" alt=\"\" width=\"225\" height=\"300\" srcset=\"https:\/\/dhr.se\/tyreso\/wp-content\/uploads\/sites\/73\/2024\/06\/Notholmen-30-maj-2024_3-225x300.jpg 225w, https:\/\/dhr.se\/tyreso\/wp-content\/uploads\/sites\/73\/2024\/06\/Notholmen-30-maj-2024_3-768x1024.jpg 768w, https:\/\/dhr.se\/tyreso\/wp-content\/uploads\/sites\/73\/2024\/06\/Notholmen-30-maj-2024_3-1152x1536.jpg 1152w, https:\/\/dhr.se\/tyreso\/wp-content\/uploads\/sites\/73\/2024\/06\/Notholmen-30-maj-2024_3-50x67.jpg 50w, https:\/\/dhr.se\/tyreso\/wp-content\/uploads\/sites\/73\/2024\/06\/Notholmen-30-maj-2024_3-rotated.jpg 1512w\" sizes=\"auto, (max-width: 225px) 100vw, 225px\" \/>\u00a0 \u00a0<img loading=\"lazy\" decoding=\"async\" class=\"alignnone size-medium wp-image-2262\" src=\"https:\/\/dhr.se\/tyreso\/wp-content\/uploads\/sites\/73\/2024\/06\/20240530_Notholmen-1-225x300.jpg\" alt=\"\" width=\"225\" height=\"300\" srcset=\"https:\/\/dhr.se\/tyreso\/wp-content\/uploads\/sites\/73\/2024\/06\/20240530_Notholmen-1-225x300.jpg 225w, https:\/\/dhr.se\/tyreso\/wp-content\/uploads\/sites\/73\/2024\/06\/20240530_Notholmen-1-768x1024.jpg 768w, https:\/\/dhr.se\/tyreso\/wp-content\/uploads\/sites\/73\/2024\/06\/20240530_Notholmen-1-1152x1536.jpg 1152w, https:\/\/dhr.se\/tyreso\/wp-content\/uploads\/sites\/73\/2024\/06\/20240530_Notholmen-1-1536x2048.jpg 1536w, https:\/\/dhr.se\/tyreso\/wp-content\/uploads\/sites\/73\/2024\/06\/20240530_Notholmen-1-50x67.jpg 50w, https:\/\/dhr.se\/tyreso\/wp-content\/uploads\/sites\/73\/2024\/06\/20240530_Notholmen-1-1600x2133.jpg 1600w, https:\/\/dhr.se\/tyreso\/wp-content\/uploads\/sites\/73\/2024\/06\/20240530_Notholmen-1-scaled.jpg 1920w\" sizes=\"auto, (max-width: 225px) 100vw, 225px\" \/>\u00a0 <img loading=\"lazy\" decoding=\"async\" class=\"alignnone size-medium wp-image-2264\" src=\"https:\/\/dhr.se\/tyreso\/wp-content\/uploads\/sites\/73\/2024\/06\/Notholmen-30maj24_beachflagga-225x300.jpg\" alt=\"\" width=\"225\" height=\"300\" srcset=\"https:\/\/dhr.se\/tyreso\/wp-content\/uploads\/sites\/73\/2024\/06\/Notholmen-30maj24_beachflagga-225x300.jpg 225w, https:\/\/dhr.se\/tyreso\/wp-content\/uploads\/sites\/73\/2024\/06\/Notholmen-30maj24_beachflagga-768x1024.jpg 768w, https:\/\/dhr.se\/tyreso\/wp-content\/uploads\/sites\/73\/2024\/06\/Notholmen-30maj24_beachflagga-1152x1536.jpg 1152w, https:\/\/dhr.se\/tyreso\/wp-content\/uploads\/sites\/73\/2024\/06\/Notholmen-30maj24_beachflagga-50x67.jpg 50w, https:\/\/dhr.se\/tyreso\/wp-content\/uploads\/sites\/73\/2024\/06\/Notholmen-30maj24_beachflagga-rotated.jpg 1512w\" sizes=\"auto, (max-width: 225px) 100vw, 225px\" \/><\/p>\n<p>&nbsp;<\/p>\n<p><strong><a href=\"https:\/\/dhr.se\/tyreso\/wp-content\/uploads\/sites\/73\/2024\/05\/Brev-fran-ordforande-maj-2024.pdf\">Brev fr\u00e5n ordf\u00f6rande maj 2024.<\/a><\/strong><\/p>\n<p>&nbsp;<\/p>\n<\/div>\n        <\/div>\n    <\/div>\n<\/section>","protected":false},"excerpt":{"rendered":"","protected":false},"author":79,"featured_media":0,"parent":0,"menu_order":0,"comment_status":"closed","ping_status":"closed","template":"","meta":{"_acf_changed":false,"_monsterinsights_skip_tracking":false,"_monsterinsights_sitenote_active":false,"_monsterinsights_sitenote_note":"","_monsterinsights_sitenote_category":0,"footnotes":""},"class_list":["post-2250","page","type-page","status-publish","hentry"],"acf":[],"yoast_head":"<!-- This site is optimized with the Yoast SEO plugin v27.2 - https:\/\/yoast.com\/product\/yoast-seo-wordpress\/ -->\n<title>Information fr\u00e5n styrelsen - DHR - Tyres\u00f6<\/title>\n<meta name=\"robots\" content=\"index, follow, max-snippet:-1, max-image-preview:large, max-video-preview:-1\" \/>\n<link rel=\"canonical\" href=\"https:\/\/dhr.se\/tyreso\/information-fran-styrelsen\/\" \/>\n<meta property=\"og:locale\" content=\"sv_SE\" \/>\n<meta property=\"og:type\" content=\"article\" \/>\n<meta property=\"og:title\" content=\"Information fr\u00e5n styrelsen - DHR - Tyres\u00f6\" \/>\n<meta property=\"og:url\" content=\"https:\/\/dhr.se\/tyreso\/information-fran-styrelsen\/\" \/>\n<meta property=\"og:site_name\" content=\"DHR - Tyres\u00f6\" \/>\n<meta property=\"article:modified_time\" content=\"2025-04-16T13:20:34+00:00\" \/>\n<meta name=\"twitter:card\" content=\"summary_large_image\" \/>\n<script type=\"application\/ld+json\" class=\"yoast-schema-graph\">{\"@context\":\"https:\/\/schema.org\",\"@graph\":[{\"@type\":\"WebPage\",\"@id\":\"https:\/\/dhr.se\/tyreso\/information-fran-styrelsen\/\",\"url\":\"https:\/\/dhr.se\/tyreso\/information-fran-styrelsen\/\",\"name\":\"Information fr\u00e5n styrelsen - DHR - Tyres\u00f6\",\"isPartOf\":{\"@id\":\"https:\/\/dhr.se\/tyreso\/#website\"},\"datePublished\":\"2024-05-22T10:17:38+00:00\",\"dateModified\":\"2025-04-16T13:20:34+00:00\",\"breadcrumb\":{\"@id\":\"https:\/\/dhr.se\/tyreso\/information-fran-styrelsen\/#breadcrumb\"},\"inLanguage\":\"sv-SE\",\"potentialAction\":[{\"@type\":\"ReadAction\",\"target\":[\"https:\/\/dhr.se\/tyreso\/information-fran-styrelsen\/\"]}]},{\"@type\":\"BreadcrumbList\",\"@id\":\"https:\/\/dhr.se\/tyreso\/information-fran-styrelsen\/#breadcrumb\",\"itemListElement\":[{\"@type\":\"ListItem\",\"position\":1,\"name\":\"Hem\",\"item\":\"https:\/\/dhr.se\/tyreso\/\"},{\"@type\":\"ListItem\",\"position\":2,\"name\":\"Information fr\u00e5n styrelsen\"}]},{\"@type\":\"WebSite\",\"@id\":\"https:\/\/dhr.se\/tyreso\/#website\",\"url\":\"https:\/\/dhr.se\/tyreso\/\",\"name\":\"DHR - Tyres\u00f6\",\"description\":\"Delaktighet, r\u00f6relsefrihet och handlingskraft\",\"potentialAction\":[{\"@type\":\"SearchAction\",\"target\":{\"@type\":\"EntryPoint\",\"urlTemplate\":\"https:\/\/dhr.se\/tyreso\/?s={search_term_string}\"},\"query-input\":{\"@type\":\"PropertyValueSpecification\",\"valueRequired\":true,\"valueName\":\"search_term_string\"}}],\"inLanguage\":\"sv-SE\"}]}<\/script>\n<!-- \/ Yoast SEO plugin. -->","yoast_head_json":{"title":"Information fr\u00e5n styrelsen - DHR - Tyres\u00f6","robots":{"index":"index","follow":"follow","max-snippet":"max-snippet:-1","max-image-preview":"max-image-preview:large","max-video-preview":"max-video-preview:-1"},"canonical":"https:\/\/dhr.se\/tyreso\/information-fran-styrelsen\/","og_locale":"sv_SE","og_type":"article","og_title":"Information fr\u00e5n styrelsen - DHR - Tyres\u00f6","og_url":"https:\/\/dhr.se\/tyreso\/information-fran-styrelsen\/","og_site_name":"DHR - Tyres\u00f6","article_modified_time":"2025-04-16T13:20:34+00:00","twitter_card":"summary_large_image","schema":{"@context":"https:\/\/schema.org","@graph":[{"@type":"WebPage","@id":"https:\/\/dhr.se\/tyreso\/information-fran-styrelsen\/","url":"https:\/\/dhr.se\/tyreso\/information-fran-styrelsen\/","name":"Information fr\u00e5n styrelsen - DHR - Tyres\u00f6","isPartOf":{"@id":"https:\/\/dhr.se\/tyreso\/#website"},"datePublished":"2024-05-22T10:17:38+00:00","dateModified":"2025-04-16T13:20:34+00:00","breadcrumb":{"@id":"https:\/\/dhr.se\/tyreso\/information-fran-styrelsen\/#breadcrumb"},"inLanguage":"sv-SE","potentialAction":[{"@type":"ReadAction","target":["https:\/\/dhr.se\/tyreso\/information-fran-styrelsen\/"]}]},{"@type":"BreadcrumbList","@id":"https:\/\/dhr.se\/tyreso\/information-fran-styrelsen\/#breadcrumb","itemListElement":[{"@type":"ListItem","position":1,"name":"Hem","item":"https:\/\/dhr.se\/tyreso\/"},{"@type":"ListItem","position":2,"name":"Information fr\u00e5n styrelsen"}]},{"@type":"WebSite","@id":"https:\/\/dhr.se\/tyreso\/#website","url":"https:\/\/dhr.se\/tyreso\/","name":"DHR - Tyres\u00f6","description":"Delaktighet, r\u00f6relsefrihet och handlingskraft","potentialAction":[{"@type":"SearchAction","target":{"@type":"EntryPoint","urlTemplate":"https:\/\/dhr.se\/tyreso\/?s={search_term_string}"},"query-input":{"@type":"PropertyValueSpecification","valueRequired":true,"valueName":"search_term_string"}}],"inLanguage":"sv-SE"}]}},"publishpress_future_workflow_manual_trigger":{"enabledWorkflows":[]},"_links":{"self":[{"href":"https:\/\/dhr.se\/tyreso\/wp-json\/wp\/v2\/pages\/2250","targetHints":{"allow":["GET"]}}],"collection":[{"href":"https:\/\/dhr.se\/tyreso\/wp-json\/wp\/v2\/pages"}],"about":[{"href":"https:\/\/dhr.se\/tyreso\/wp-json\/wp\/v2\/types\/page"}],"author":[{"embeddable":true,"href":"https:\/\/dhr.se\/tyreso\/wp-json\/wp\/v2\/users\/79"}],"replies":[{"embeddable":true,"href":"https:\/\/dhr.se\/tyreso\/wp-json\/wp\/v2\/comments?post=2250"}],"version-history":[{"count":0,"href":"https:\/\/dhr.se\/tyreso\/wp-json\/wp\/v2\/pages\/2250\/revisions"}],"wp:attachment":[{"href":"https:\/\/dhr.se\/tyreso\/wp-json\/wp\/v2\/media?parent=2250"}],"curies":[{"name":"wp","href":"https:\/\/api.w.org\/{rel}","templated":true}]}}