{"id":2384,"date":"2025-04-16T17:15:03","date_gmt":"2025-04-16T15:15:03","guid":{"rendered":"https:\/\/dhr.se\/tyreso\/?page_id=2384"},"modified":"2025-04-17T13:33:04","modified_gmt":"2025-04-17T11:33:04","slug":"om-oss","status":"publish","type":"page","link":"https:\/\/dhr.se\/tyreso\/om-oss\/","title":{"rendered":"Om oss"},"content":{"rendered":"<section class=\"block-simple-text\">\n    <div class=\"main\">\n        <div class=\"main-inner\">\n            <div class=\"ingress text-darker\"><\/div>\n            <div class=\"content\"><\/div>\n        <\/div>\n    <\/div>\n<\/section>\n\n\n<p>Tyres\u00f6avdelningens styrelse 2024-2025:<\/p>\n\n\n<section class=\"block-simple-text\">\n    <div class=\"main\">\n        <div class=\"main-inner\">\n            <div class=\"ingress text-darker\"><\/div>\n            <div class=\"content\"><\/div>\n        <\/div>\n    <\/div>\n<\/section>\n\n\n<p><\/p>\n","protected":false},"excerpt":{"rendered":"<p>Tyres\u00f6avdelningens styrelse 2024-2025:<\/p>\n","protected":false},"author":79,"featured_media":0,"parent":0,"menu_order":0,"comment_status":"closed","ping_status":"closed","template":"","meta":{"_acf_changed":false,"_monsterinsights_skip_tracking":false,"_monsterinsights_sitenote_active":false,"_monsterinsights_sitenote_note":"","_monsterinsights_sitenote_category":0,"footnotes":""},"class_list":["post-2384","page","type-page","status-publish","hentry"],"acf":[],"yoast_head":"<!-- This site is optimized with the Yoast SEO plugin v27.2 - https:\/\/yoast.com\/product\/yoast-seo-wordpress\/ -->\n<title>Om oss - DHR - Tyres\u00f6<\/title>\n<meta name=\"robots\" content=\"index, follow, max-snippet:-1, max-image-preview:large, max-video-preview:-1\" \/>\n<link rel=\"canonical\" href=\"https:\/\/dhr.se\/tyreso\/om-oss\/\" \/>\n<meta property=\"og:locale\" content=\"sv_SE\" \/>\n<meta property=\"og:type\" content=\"article\" \/>\n<meta property=\"og:title\" content=\"Om oss - DHR - Tyres\u00f6\" \/>\n<meta property=\"og:description\" content=\"Tyres\u00f6avdelningens styrelse 2024-2025:\" \/>\n<meta property=\"og:url\" content=\"https:\/\/dhr.se\/tyreso\/om-oss\/\" \/>\n<meta property=\"og:site_name\" content=\"DHR - Tyres\u00f6\" \/>\n<meta property=\"article:modified_time\" content=\"2025-04-17T11:33:04+00:00\" \/>\n<meta name=\"twitter:card\" content=\"summary_large_image\" \/>\n<meta name=\"twitter:label1\" content=\"Ber\u00e4knad l\u00e4stid\" \/>\n\t<meta name=\"twitter:data1\" content=\"1 minut\" \/>\n<script type=\"application\/ld+json\" class=\"yoast-schema-graph\">{\"@context\":\"https:\/\/schema.org\",\"@graph\":[{\"@type\":\"WebPage\",\"@id\":\"https:\/\/dhr.se\/tyreso\/om-oss\/\",\"url\":\"https:\/\/dhr.se\/tyreso\/om-oss\/\",\"name\":\"Om oss - DHR - Tyres\u00f6\",\"isPartOf\":{\"@id\":\"https:\/\/dhr.se\/tyreso\/#website\"},\"datePublished\":\"2025-04-16T15:15:03+00:00\",\"dateModified\":\"2025-04-17T11:33:04+00:00\",\"breadcrumb\":{\"@id\":\"https:\/\/dhr.se\/tyreso\/om-oss\/#breadcrumb\"},\"inLanguage\":\"sv-SE\",\"potentialAction\":[{\"@type\":\"ReadAction\",\"target\":[\"https:\/\/dhr.se\/tyreso\/om-oss\/\"]}]},{\"@type\":\"BreadcrumbList\",\"@id\":\"https:\/\/dhr.se\/tyreso\/om-oss\/#breadcrumb\",\"itemListElement\":[{\"@type\":\"ListItem\",\"position\":1,\"name\":\"Hem\",\"item\":\"https:\/\/dhr.se\/tyreso\/\"},{\"@type\":\"ListItem\",\"position\":2,\"name\":\"Om oss\"}]},{\"@type\":\"WebSite\",\"@id\":\"https:\/\/dhr.se\/tyreso\/#website\",\"url\":\"https:\/\/dhr.se\/tyreso\/\",\"name\":\"DHR - Tyres\u00f6\",\"description\":\"Delaktighet, r\u00f6relsefrihet och handlingskraft\",\"potentialAction\":[{\"@type\":\"SearchAction\",\"target\":{\"@type\":\"EntryPoint\",\"urlTemplate\":\"https:\/\/dhr.se\/tyreso\/?s={search_term_string}\"},\"query-input\":{\"@type\":\"PropertyValueSpecification\",\"valueRequired\":true,\"valueName\":\"search_term_string\"}}],\"inLanguage\":\"sv-SE\"}]}<\/script>\n<!-- \/ Yoast SEO plugin. -->","yoast_head_json":{"title":"Om oss - DHR - Tyres\u00f6","robots":{"index":"index","follow":"follow","max-snippet":"max-snippet:-1","max-image-preview":"max-image-preview:large","max-video-preview":"max-video-preview:-1"},"canonical":"https:\/\/dhr.se\/tyreso\/om-oss\/","og_locale":"sv_SE","og_type":"article","og_title":"Om oss - DHR - Tyres\u00f6","og_description":"Tyres\u00f6avdelningens styrelse 2024-2025:","og_url":"https:\/\/dhr.se\/tyreso\/om-oss\/","og_site_name":"DHR - Tyres\u00f6","article_modified_time":"2025-04-17T11:33:04+00:00","twitter_card":"summary_large_image","twitter_misc":{"Ber\u00e4knad l\u00e4stid":"1 minut"},"schema":{"@context":"https:\/\/schema.org","@graph":[{"@type":"WebPage","@id":"https:\/\/dhr.se\/tyreso\/om-oss\/","url":"https:\/\/dhr.se\/tyreso\/om-oss\/","name":"Om oss - DHR - Tyres\u00f6","isPartOf":{"@id":"https:\/\/dhr.se\/tyreso\/#website"},"datePublished":"2025-04-16T15:15:03+00:00","dateModified":"2025-04-17T11:33:04+00:00","breadcrumb":{"@id":"https:\/\/dhr.se\/tyreso\/om-oss\/#breadcrumb"},"inLanguage":"sv-SE","potentialAction":[{"@type":"ReadAction","target":["https:\/\/dhr.se\/tyreso\/om-oss\/"]}]},{"@type":"BreadcrumbList","@id":"https:\/\/dhr.se\/tyreso\/om-oss\/#breadcrumb","itemListElement":[{"@type":"ListItem","position":1,"name":"Hem","item":"https:\/\/dhr.se\/tyreso\/"},{"@type":"ListItem","position":2,"name":"Om oss"}]},{"@type":"WebSite","@id":"https:\/\/dhr.se\/tyreso\/#website","url":"https:\/\/dhr.se\/tyreso\/","name":"DHR - Tyres\u00f6","description":"Delaktighet, r\u00f6relsefrihet och handlingskraft","potentialAction":[{"@type":"SearchAction","target":{"@type":"EntryPoint","urlTemplate":"https:\/\/dhr.se\/tyreso\/?s={search_term_string}"},"query-input":{"@type":"PropertyValueSpecification","valueRequired":true,"valueName":"search_term_string"}}],"inLanguage":"sv-SE"}]}},"publishpress_future_workflow_manual_trigger":{"enabledWorkflows":[]},"_links":{"self":[{"href":"https:\/\/dhr.se\/tyreso\/wp-json\/wp\/v2\/pages\/2384","targetHints":{"allow":["GET"]}}],"collection":[{"href":"https:\/\/dhr.se\/tyreso\/wp-json\/wp\/v2\/pages"}],"about":[{"href":"https:\/\/dhr.se\/tyreso\/wp-json\/wp\/v2\/types\/page"}],"author":[{"embeddable":true,"href":"https:\/\/dhr.se\/tyreso\/wp-json\/wp\/v2\/users\/79"}],"replies":[{"embeddable":true,"href":"https:\/\/dhr.se\/tyreso\/wp-json\/wp\/v2\/comments?post=2384"}],"version-history":[{"count":0,"href":"https:\/\/dhr.se\/tyreso\/wp-json\/wp\/v2\/pages\/2384\/revisions"}],"wp:attachment":[{"href":"https:\/\/dhr.se\/tyreso\/wp-json\/wp\/v2\/media?parent=2384"}],"curies":[{"name":"wp","href":"https:\/\/api.w.org\/{rel}","templated":true}]}}