{"id":1008,"date":"2019-08-19T16:50:50","date_gmt":"2019-08-19T14:50:50","guid":{"rendered":"http:\/\/dhr.se\/umea\/?page_id=1008"},"modified":"2026-04-08T17:04:48","modified_gmt":"2026-04-08T15:04:48","slug":"pa-gang","status":"publish","type":"page","link":"https:\/\/dhr.se\/umea\/pa-gang\/","title":{"rendered":"P\u00e5 g\u00e5ng"},"content":{"rendered":"<section class=\"block-chosen-events\">\n    <div class=\"main\">\n        <div class=\"main-inner\">\n            <div class=\"title\">\n                <h2>P\u00e5 g\u00e5ng<\/h2>\n            <\/div>\n            <div class=\"flex-container\">\n\n                                                                                        \n                        <a class=\"one-post bright-background\" href=\"https:\/\/dhr.se\/umea\/event\/trana-pa-gym-med-oss-varje-onsdag\/\">\n                            <div class=\"date\">\n                                <p class=\"day title-color\"><\/p>\n                                <p class=\"month title-color\">april, maj<\/p>\n                            <\/div>\n                            <div class=\"text-container\">\n                                <h3 class=\"accent-text\">Tr\u00e4na p\u00e5 gym med oss p\u00e5 onsdagar<\/h3>\n                                <div class=\"event-info\">\n                                    <p class=\"time\">01\/04\/2026, klockan 10.00 \u2013 11.00<\/p>\n                                    <p class=\"place text-darker\">Badmintonhallen<\/p>\n                                <\/div>\n                            <\/div>\n                        <\/a>\n\n                                                                        \n                        <a class=\"one-post bright-background\" href=\"https:\/\/dhr.se\/umea\/event\/manadsaktivitet-canasta\/\">\n                            <div class=\"date\">\n                                <p class=\"day title-color\"><\/p>\n                                <p class=\"month title-color\">april<\/p>\n                            <\/div>\n                            <div class=\"text-container\">\n                                <h3 class=\"accent-text\">M\u00e5nadsaktivitet Canasta<\/h3>\n                                <div class=\"event-info\">\n                                    <p class=\"time\">Vi tr\u00e4ffas tisdag j\u00e4mn vecka klockan 13.00 -17.00.<\/p>\n                                    <p class=\"place text-darker\"><\/p>\n                                <\/div>\n                            <\/div>\n                        <\/a>\n\n                                                                        \n                        <a class=\"one-post bright-background\" href=\"https:\/\/dhr.se\/umea\/event\/manadsaktivitet-bowling\/\">\n                            <div class=\"date\">\n                                <p class=\"day title-color\"><\/p>\n                                <p class=\"month title-color\">april, maj<\/p>\n                            <\/div>\n                            <div class=\"text-container\">\n                                <h3 class=\"accent-text\">M\u00e5nadsaktivitet \u2013 Bowling<\/h3>\n                                <div class=\"event-info\">\n                                    <p class=\"time\"><\/p>\n                                    <p class=\"place text-darker\"><\/p>\n                                <\/div>\n                            <\/div>\n                        <\/a>\n\n                                                                        \n                        <a class=\"one-post bright-background\" href=\"https:\/\/dhr.se\/umea\/event\/bangolf-i-bullmark\/\">\n                            <div class=\"date\">\n                                <p class=\"day title-color\"><\/p>\n                                <p class=\"month title-color\">maj<\/p>\n                            <\/div>\n                            <div class=\"text-container\">\n                                <h3 class=\"accent-text\">Bangolf i Bullmark<\/h3>\n                                <div class=\"event-info\">\n                                    <p class=\"time\"><\/p>\n                                    <p class=\"place text-darker\">Bullmark<\/p>\n                                <\/div>\n                            <\/div>\n                        <\/a>\n\n                                                                        \n                        <a class=\"one-post bright-background\" href=\"https:\/\/dhr.se\/umea\/event\/utflykt-till-klabbole-energicentrum\/\">\n                            <div class=\"date\">\n                                <p class=\"day title-color\"><\/p>\n                                <p class=\"month title-color\">juni<\/p>\n                            <\/div>\n                            <div class=\"text-container\">\n                                <h3 class=\"accent-text\">Utflykt till Klabb\u00f6le Energicentrum<\/h3>\n                                <div class=\"event-info\">\n                                    <p class=\"time\"><\/p>\n                                    <p class=\"place text-darker\">Klabb\u00f6le Energicentrum<\/p>\n                                <\/div>\n                            <\/div>\n                        <\/a>\n\n                    \n                                    \n            <\/div>\n        <\/div>\n    <\/div>\n<\/section>","protected":false},"excerpt":{"rendered":"","protected":false},"author":4,"featured_media":0,"parent":0,"menu_order":0,"comment_status":"closed","ping_status":"closed","template":"","meta":{"_acf_changed":false,"_monsterinsights_skip_tracking":false,"_monsterinsights_sitenote_active":false,"_monsterinsights_sitenote_note":"","_monsterinsights_sitenote_category":0,"footnotes":""},"class_list":["post-1008","page","type-page","status-publish","hentry"],"acf":[],"yoast_head":"<!-- This site is optimized with the Yoast SEO plugin v27.2 - https:\/\/yoast.com\/product\/yoast-seo-wordpress\/ -->\n<title>P\u00e5 g\u00e5ng - DHR -Ume\u00e5<\/title>\n<meta name=\"robots\" content=\"index, follow, max-snippet:-1, max-image-preview:large, max-video-preview:-1\" \/>\n<link rel=\"canonical\" href=\"https:\/\/dhr.se\/umea\/pa-gang\/\" \/>\n<meta property=\"og:locale\" content=\"sv_SE\" \/>\n<meta property=\"og:type\" content=\"article\" \/>\n<meta property=\"og:title\" content=\"P\u00e5 g\u00e5ng - DHR -Ume\u00e5\" \/>\n<meta property=\"og:url\" content=\"https:\/\/dhr.se\/umea\/pa-gang\/\" \/>\n<meta property=\"og:site_name\" content=\"DHR -Ume\u00e5\" \/>\n<meta property=\"article:modified_time\" content=\"2026-04-08T15:04:48+00:00\" \/>\n<meta name=\"twitter:card\" content=\"summary_large_image\" \/>\n<script type=\"application\/ld+json\" class=\"yoast-schema-graph\">{\"@context\":\"https:\/\/schema.org\",\"@graph\":[{\"@type\":\"WebPage\",\"@id\":\"https:\/\/dhr.se\/umea\/pa-gang\/\",\"url\":\"https:\/\/dhr.se\/umea\/pa-gang\/\",\"name\":\"P\u00e5 g\u00e5ng - DHR -Ume\u00e5\",\"isPartOf\":{\"@id\":\"https:\/\/dhr.se\/umea\/#website\"},\"datePublished\":\"2019-08-19T14:50:50+00:00\",\"dateModified\":\"2026-04-08T15:04:48+00:00\",\"breadcrumb\":{\"@id\":\"https:\/\/dhr.se\/umea\/pa-gang\/#breadcrumb\"},\"inLanguage\":\"sv-SE\",\"potentialAction\":[{\"@type\":\"ReadAction\",\"target\":[\"https:\/\/dhr.se\/umea\/pa-gang\/\"]}]},{\"@type\":\"BreadcrumbList\",\"@id\":\"https:\/\/dhr.se\/umea\/pa-gang\/#breadcrumb\",\"itemListElement\":[{\"@type\":\"ListItem\",\"position\":1,\"name\":\"Hem\",\"item\":\"https:\/\/dhr.se\/umea\/\"},{\"@type\":\"ListItem\",\"position\":2,\"name\":\"P\u00e5 g\u00e5ng\"}]},{\"@type\":\"WebSite\",\"@id\":\"https:\/\/dhr.se\/umea\/#website\",\"url\":\"https:\/\/dhr.se\/umea\/\",\"name\":\"DHR -Ume\u00e5\",\"description\":\"Delaktighet, r\u00f6relsefrihet och handlingskraft\",\"potentialAction\":[{\"@type\":\"SearchAction\",\"target\":{\"@type\":\"EntryPoint\",\"urlTemplate\":\"https:\/\/dhr.se\/umea\/?s={search_term_string}\"},\"query-input\":{\"@type\":\"PropertyValueSpecification\",\"valueRequired\":true,\"valueName\":\"search_term_string\"}}],\"inLanguage\":\"sv-SE\"}]}<\/script>\n<!-- \/ Yoast SEO plugin. -->","yoast_head_json":{"title":"P\u00e5 g\u00e5ng - DHR -Ume\u00e5","robots":{"index":"index","follow":"follow","max-snippet":"max-snippet:-1","max-image-preview":"max-image-preview:large","max-video-preview":"max-video-preview:-1"},"canonical":"https:\/\/dhr.se\/umea\/pa-gang\/","og_locale":"sv_SE","og_type":"article","og_title":"P\u00e5 g\u00e5ng - DHR -Ume\u00e5","og_url":"https:\/\/dhr.se\/umea\/pa-gang\/","og_site_name":"DHR -Ume\u00e5","article_modified_time":"2026-04-08T15:04:48+00:00","twitter_card":"summary_large_image","schema":{"@context":"https:\/\/schema.org","@graph":[{"@type":"WebPage","@id":"https:\/\/dhr.se\/umea\/pa-gang\/","url":"https:\/\/dhr.se\/umea\/pa-gang\/","name":"P\u00e5 g\u00e5ng - DHR -Ume\u00e5","isPartOf":{"@id":"https:\/\/dhr.se\/umea\/#website"},"datePublished":"2019-08-19T14:50:50+00:00","dateModified":"2026-04-08T15:04:48+00:00","breadcrumb":{"@id":"https:\/\/dhr.se\/umea\/pa-gang\/#breadcrumb"},"inLanguage":"sv-SE","potentialAction":[{"@type":"ReadAction","target":["https:\/\/dhr.se\/umea\/pa-gang\/"]}]},{"@type":"BreadcrumbList","@id":"https:\/\/dhr.se\/umea\/pa-gang\/#breadcrumb","itemListElement":[{"@type":"ListItem","position":1,"name":"Hem","item":"https:\/\/dhr.se\/umea\/"},{"@type":"ListItem","position":2,"name":"P\u00e5 g\u00e5ng"}]},{"@type":"WebSite","@id":"https:\/\/dhr.se\/umea\/#website","url":"https:\/\/dhr.se\/umea\/","name":"DHR -Ume\u00e5","description":"Delaktighet, r\u00f6relsefrihet och handlingskraft","potentialAction":[{"@type":"SearchAction","target":{"@type":"EntryPoint","urlTemplate":"https:\/\/dhr.se\/umea\/?s={search_term_string}"},"query-input":{"@type":"PropertyValueSpecification","valueRequired":true,"valueName":"search_term_string"}}],"inLanguage":"sv-SE"}]}},"publishpress_future_workflow_manual_trigger":{"enabledWorkflows":[]},"_links":{"self":[{"href":"https:\/\/dhr.se\/umea\/wp-json\/wp\/v2\/pages\/1008","targetHints":{"allow":["GET"]}}],"collection":[{"href":"https:\/\/dhr.se\/umea\/wp-json\/wp\/v2\/pages"}],"about":[{"href":"https:\/\/dhr.se\/umea\/wp-json\/wp\/v2\/types\/page"}],"author":[{"embeddable":true,"href":"https:\/\/dhr.se\/umea\/wp-json\/wp\/v2\/users\/4"}],"replies":[{"embeddable":true,"href":"https:\/\/dhr.se\/umea\/wp-json\/wp\/v2\/comments?post=1008"}],"version-history":[{"count":6,"href":"https:\/\/dhr.se\/umea\/wp-json\/wp\/v2\/pages\/1008\/revisions"}],"predecessor-version":[{"id":4160,"href":"https:\/\/dhr.se\/umea\/wp-json\/wp\/v2\/pages\/1008\/revisions\/4160"}],"wp:attachment":[{"href":"https:\/\/dhr.se\/umea\/wp-json\/wp\/v2\/media?parent=1008"}],"curies":[{"name":"wp","href":"https:\/\/api.w.org\/{rel}","templated":true}]}}