{"id":2512,"date":"2020-10-01T14:54:32","date_gmt":"2020-10-01T12:54:32","guid":{"rendered":"http:\/\/dhr.se\/umea\/?page_id=2512"},"modified":"2025-10-08T11:12:34","modified_gmt":"2025-10-08T09:12:34","slug":"hitta-till-oss","status":"publish","type":"page","link":"https:\/\/dhr.se\/umea\/om-oss\/hitta-till-oss\/","title":{"rendered":"Hitta till oss"},"content":{"rendered":"<section class=\"block-one-two\">\n    <div class=\"main\">\n        <div class=\"main-inner\">\n        <h2>Hitta till Funktionsr\u00e4tts lokaler d\u00e4r vi har v\u00e5ra tr\u00e4ffar<\/h2>\n\n            <div class=\"flex-container\">\n                <div class=\"col-small\">\n                    <div class=\"content\"><\/div>\n                <\/div>\n                <div class=\"col-big\">\n                    <div class=\"content\"><p><strong>Med bil fr\u00e5n j\u00e4rnv\u00e4gsstationen:<\/strong><\/p>\n<p>F\u00f6lj Bl\u00e5 v\u00e4gen\/J\u00e4rnv\u00e4gsall\u00e9n i riktning mot sjukhuset. Sv\u00e4ng v\u00e4nster till Stombergs v\u00e4g vid Maja Beskowskolan. Forts\u00e4tt p\u00e5 v\u00e4gen i ca 1,8 km tills den \u00f6verg\u00e5r i Mariehemsv\u00e4gen. K\u00f6r d\u00e4refter ca 500 m p\u00e5 Mariehemsv\u00e4gen och ta v\u00e4nster till parkeringen vid Funktionsr\u00e4tts lokaler p\u00e5 Mariehemsv\u00e4gen 7N.<\/p>\n<p>&nbsp;<\/p>\n<p><strong>Med buss\u00a0 fr\u00e5n Vasaplan:<\/strong><\/p>\n<p>Ta buss linje 1 mot \u00d6stra Ersboda. Stig av p\u00e5 h\u00e5llplats Mariehems centrum. Fr\u00e5n h\u00e5llplatsen \u00e4r det ca 100 meter till Mariehemsv\u00e4gen 7N d\u00e4r vi tr\u00e4ffas i Funktionsr\u00e4tts lokaler.<\/p>\n<\/div>\n                <\/div>\n            <\/div>\n            \n        <\/div>\n    <\/div>\n<\/section>\n\n<section class=\"block-one-two\">\n    <div class=\"main\">\n        <div class=\"main-inner\">\n        <h2>DHR:s servicekontor <\/h2>\n\n            <div class=\"flex-container\">\n                <div class=\"col-small\">\n                    <div class=\"content\"><p>Vill du komma i kontakt med Ulrika Pihl p\u00e5 DHR:s servicekontor norr?<\/p>\n<p>Ring 08-685 80 27<\/p>\n<p>M\u00e5ndag till fredag klockan 10:00-16:00<br \/>\nLunchst\u00e4ngt 12:00-13:00<\/p>\n<\/div>\n                <\/div>\n                <div class=\"col-big\">\n                    <div class=\"content\"><\/div>\n                <\/div>\n            <\/div>\n            \n        <\/div>\n    <\/div>\n<\/section>","protected":false},"excerpt":{"rendered":"","protected":false},"author":8,"featured_media":0,"parent":936,"menu_order":0,"comment_status":"closed","ping_status":"closed","template":"","meta":{"_acf_changed":false,"_monsterinsights_skip_tracking":false,"_monsterinsights_sitenote_active":false,"_monsterinsights_sitenote_note":"","_monsterinsights_sitenote_category":0,"footnotes":""},"class_list":["post-2512","page","type-page","status-publish","hentry"],"acf":[],"yoast_head":"<!-- This site is optimized with the Yoast SEO plugin v27.2 - https:\/\/yoast.com\/product\/yoast-seo-wordpress\/ -->\n<title>Hitta till oss - DHR -Ume\u00e5<\/title>\n<meta name=\"robots\" content=\"index, follow, max-snippet:-1, max-image-preview:large, max-video-preview:-1\" \/>\n<link rel=\"canonical\" href=\"https:\/\/dhr.se\/umea\/om-oss\/hitta-till-oss\/\" \/>\n<meta property=\"og:locale\" content=\"sv_SE\" \/>\n<meta property=\"og:type\" content=\"article\" \/>\n<meta property=\"og:title\" content=\"Hitta till oss - DHR -Ume\u00e5\" \/>\n<meta property=\"og:url\" content=\"https:\/\/dhr.se\/umea\/om-oss\/hitta-till-oss\/\" \/>\n<meta property=\"og:site_name\" content=\"DHR -Ume\u00e5\" \/>\n<meta property=\"article:modified_time\" content=\"2025-10-08T09:12:34+00:00\" \/>\n<meta name=\"twitter:card\" content=\"summary_large_image\" \/>\n<script type=\"application\/ld+json\" class=\"yoast-schema-graph\">{\"@context\":\"https:\/\/schema.org\",\"@graph\":[{\"@type\":\"WebPage\",\"@id\":\"https:\/\/dhr.se\/umea\/om-oss\/hitta-till-oss\/\",\"url\":\"https:\/\/dhr.se\/umea\/om-oss\/hitta-till-oss\/\",\"name\":\"Hitta till oss - DHR -Ume\u00e5\",\"isPartOf\":{\"@id\":\"https:\/\/dhr.se\/umea\/#website\"},\"datePublished\":\"2020-10-01T12:54:32+00:00\",\"dateModified\":\"2025-10-08T09:12:34+00:00\",\"breadcrumb\":{\"@id\":\"https:\/\/dhr.se\/umea\/om-oss\/hitta-till-oss\/#breadcrumb\"},\"inLanguage\":\"sv-SE\",\"potentialAction\":[{\"@type\":\"ReadAction\",\"target\":[\"https:\/\/dhr.se\/umea\/om-oss\/hitta-till-oss\/\"]}]},{\"@type\":\"BreadcrumbList\",\"@id\":\"https:\/\/dhr.se\/umea\/om-oss\/hitta-till-oss\/#breadcrumb\",\"itemListElement\":[{\"@type\":\"ListItem\",\"position\":1,\"name\":\"Hem\",\"item\":\"https:\/\/dhr.se\/umea\/\"},{\"@type\":\"ListItem\",\"position\":2,\"name\":\"Om oss\",\"item\":\"https:\/\/dhr.se\/umea\/om-oss\/\"},{\"@type\":\"ListItem\",\"position\":3,\"name\":\"Hitta till oss\"}]},{\"@type\":\"WebSite\",\"@id\":\"https:\/\/dhr.se\/umea\/#website\",\"url\":\"https:\/\/dhr.se\/umea\/\",\"name\":\"DHR -Ume\u00e5\",\"description\":\"Delaktighet, r\u00f6relsefrihet och handlingskraft\",\"potentialAction\":[{\"@type\":\"SearchAction\",\"target\":{\"@type\":\"EntryPoint\",\"urlTemplate\":\"https:\/\/dhr.se\/umea\/?s={search_term_string}\"},\"query-input\":{\"@type\":\"PropertyValueSpecification\",\"valueRequired\":true,\"valueName\":\"search_term_string\"}}],\"inLanguage\":\"sv-SE\"}]}<\/script>\n<!-- \/ Yoast SEO plugin. -->","yoast_head_json":{"title":"Hitta till oss - DHR -Ume\u00e5","robots":{"index":"index","follow":"follow","max-snippet":"max-snippet:-1","max-image-preview":"max-image-preview:large","max-video-preview":"max-video-preview:-1"},"canonical":"https:\/\/dhr.se\/umea\/om-oss\/hitta-till-oss\/","og_locale":"sv_SE","og_type":"article","og_title":"Hitta till oss - DHR -Ume\u00e5","og_url":"https:\/\/dhr.se\/umea\/om-oss\/hitta-till-oss\/","og_site_name":"DHR -Ume\u00e5","article_modified_time":"2025-10-08T09:12:34+00:00","twitter_card":"summary_large_image","schema":{"@context":"https:\/\/schema.org","@graph":[{"@type":"WebPage","@id":"https:\/\/dhr.se\/umea\/om-oss\/hitta-till-oss\/","url":"https:\/\/dhr.se\/umea\/om-oss\/hitta-till-oss\/","name":"Hitta till oss - DHR -Ume\u00e5","isPartOf":{"@id":"https:\/\/dhr.se\/umea\/#website"},"datePublished":"2020-10-01T12:54:32+00:00","dateModified":"2025-10-08T09:12:34+00:00","breadcrumb":{"@id":"https:\/\/dhr.se\/umea\/om-oss\/hitta-till-oss\/#breadcrumb"},"inLanguage":"sv-SE","potentialAction":[{"@type":"ReadAction","target":["https:\/\/dhr.se\/umea\/om-oss\/hitta-till-oss\/"]}]},{"@type":"BreadcrumbList","@id":"https:\/\/dhr.se\/umea\/om-oss\/hitta-till-oss\/#breadcrumb","itemListElement":[{"@type":"ListItem","position":1,"name":"Hem","item":"https:\/\/dhr.se\/umea\/"},{"@type":"ListItem","position":2,"name":"Om oss","item":"https:\/\/dhr.se\/umea\/om-oss\/"},{"@type":"ListItem","position":3,"name":"Hitta till oss"}]},{"@type":"WebSite","@id":"https:\/\/dhr.se\/umea\/#website","url":"https:\/\/dhr.se\/umea\/","name":"DHR -Ume\u00e5","description":"Delaktighet, r\u00f6relsefrihet och handlingskraft","potentialAction":[{"@type":"SearchAction","target":{"@type":"EntryPoint","urlTemplate":"https:\/\/dhr.se\/umea\/?s={search_term_string}"},"query-input":{"@type":"PropertyValueSpecification","valueRequired":true,"valueName":"search_term_string"}}],"inLanguage":"sv-SE"}]}},"publishpress_future_workflow_manual_trigger":{"enabledWorkflows":[]},"_links":{"self":[{"href":"https:\/\/dhr.se\/umea\/wp-json\/wp\/v2\/pages\/2512","targetHints":{"allow":["GET"]}}],"collection":[{"href":"https:\/\/dhr.se\/umea\/wp-json\/wp\/v2\/pages"}],"about":[{"href":"https:\/\/dhr.se\/umea\/wp-json\/wp\/v2\/types\/page"}],"author":[{"embeddable":true,"href":"https:\/\/dhr.se\/umea\/wp-json\/wp\/v2\/users\/8"}],"replies":[{"embeddable":true,"href":"https:\/\/dhr.se\/umea\/wp-json\/wp\/v2\/comments?post=2512"}],"version-history":[{"count":0,"href":"https:\/\/dhr.se\/umea\/wp-json\/wp\/v2\/pages\/2512\/revisions"}],"up":[{"embeddable":true,"href":"https:\/\/dhr.se\/umea\/wp-json\/wp\/v2\/pages\/936"}],"wp:attachment":[{"href":"https:\/\/dhr.se\/umea\/wp-json\/wp\/v2\/media?parent=2512"}],"curies":[{"name":"wp","href":"https:\/\/api.w.org\/{rel}","templated":true}]}}