{"id":3137,"date":"2022-04-25T10:08:24","date_gmt":"2022-04-25T08:08:24","guid":{"rendered":"https:\/\/dhr.se\/umea\/?page_id=3137"},"modified":"2025-08-22T10:55:06","modified_gmt":"2025-08-22T08:55:06","slug":"lankar-till-samhallsinformation","status":"publish","type":"page","link":"https:\/\/dhr.se\/umea\/lankar-till-samhallsinformation\/","title":{"rendered":"L\u00e4nkar till samh\u00e4llsinformation"},"content":{"rendered":"<section class=\"block-simple-text\">\n    <div class=\"main\">\n        <div class=\"main-inner\">\n            <div class=\"ingress text-darker\"><p><strong>Diskrimineringsombudsmannen<\/strong><\/p>\n<p><a href=\"https:\/\/www.do.se\/\" target=\"_blank\" rel=\"noopener\">Om diskriminering och att anm\u00e4la diskriminering<\/a><\/p>\n<p>&nbsp;<\/p>\n<p><strong>F\u00f6rs\u00e4kringskassan<\/strong><\/p>\n<p><a href=\"https:\/\/www.forsakringskassan.se\/privatperson\/vuxen-med-funktionsnedsattning\/sa-har-fungerar-merkostnadsersattning\">Merkostnadsers\u00e4ttning<\/a><\/p>\n<p><a href=\"https:\/\/www.forsakringskassan.se\/tandvarden\/for-dig-inom-tandvarden\/statligt-tandvardsstod\" target=\"_blank\" rel=\"noopener\">S\u00e4rskilt tandv\u00e5rdsbidrag<\/a><\/p>\n<p>&nbsp;<\/p>\n<p><strong>L\u00e4nsstyrelsen V\u00e4sterbotten <\/strong><\/p>\n<p><a href=\"https:\/\/www.naturkartan.se\/sv\/vasterbotten\" target=\"_blank\" rel=\"noopener\">Information om tillg\u00e4ngliga resm\u00e5l i V\u00e4sterbotten (Naturkartan)<\/a><\/p>\n<p>&nbsp;<\/p>\n<p><strong>Parasport V\u00e4sterbotten<\/strong><\/p>\n<p><a href=\"https:\/\/www.parasport.se\/Distrikt\/vasterbotten\" target=\"_blank\" rel=\"noopener\">Information om parasport i V\u00e4sterbotten<\/a><\/p>\n<p>&nbsp;<\/p>\n<p><strong>Region V\u00e4sterbotten<\/strong><\/p>\n<p><a href=\"https:\/\/www.1177.se\/Vasterbotten\/behandling--hjalpmedel\/funktionsnedsattning\/habilitering-och-rehabilitering\/\" target=\"_blank\" rel=\"noopener\">Habilitering och rehabilitering<\/a><\/p>\n<p><a href=\"https:\/\/www.1177.se\/Vasterbotten\/behandling--hjalpmedel\/hjalpmedel\/sa-far-du-ett-hjalpmedel\/\" target=\"_blank\" rel=\"noopener\">Hj\u00e4lpmedel<\/a><\/p>\n<p><a href=\"https:\/\/www.1177.se\/Vasterbotten\/sa-fungerar-varden\/lagar-och-bestammelser\/lagar-i-varden\/lagen-om-stod-och-service-till-vissa-funktionshindrade---lss\/\" target=\"_blank\" rel=\"noopener\">LSS<\/a><\/p>\n<p><a href=\"https:\/\/www.1177.se\/Vasterbotten\/hitta-vard\/kontaktkort\/Primo-Umea\/\" target=\"_blank\" rel=\"noopener\">PRIMO<\/a><\/p>\n<p><a href=\"https:\/\/www.1177.se\/Vasterbotten\/behandling--hjalpmedel\/funktionsnedsattning\/\" target=\"_blank\" rel=\"noopener\">Samlad information f\u00f6r dig med funktionsneds\u00e4ttning<\/a><\/p>\n<p><a href=\"https:\/\/www.1177.se\/Vasterbotten\/sa-fungerar-varden\/sjukresor-och-fardtjanst\/\" target=\"_blank\" rel=\"noopener\">Sjukresor och f\u00e4rdtj\u00e4nst<\/a><\/p>\n<p><a href=\"https:\/\/www.1177.se\/Vasterbotten\/sa-fungerar-varden\/kostnader-och-ersattningar\/kostnader-och-ersattningar-inom-tandvard\/tandvard-om-du-har-en-funktionsnedsattning\/\" target=\"_blank\" rel=\"noopener\">S\u00e4rskilt tandv\u00e5rdsst\u00f6d<\/a><\/p>\n<p>&nbsp;<\/p>\n<p><strong>R\u00e4ttighetscentrum V\u00e4sterbotten<\/strong><\/p>\n<p><a href=\"https:\/\/rattighetscentrumvasterbotten.se\/\" target=\"_blank\" rel=\"noopener\">R\u00e5d och st\u00f6d till dig som utsatts f\u00f6r diskriminering<\/a><\/p>\n<p>&nbsp;<\/p>\n<p><strong>Ume\u00e5 kommun<\/strong><\/p>\n<p><a href=\"https:\/\/www.umea.se\/trafikochresor\/trafikochgator\/parkering\/parkeringstillstandforrorelsehindrade\/ansokomparkeringstillstand.4.7d7d901172bb372c5d3264.html\" target=\"_blank\" rel=\"noopener\">Ans\u00f6ka om parkeringstillst\u00e5nd<\/a><\/p>\n<p><a href=\"https:\/\/www.umea.se\/omsorgochhjalp\/resortransporterochbesok\/fardtjanst.4.7d7d901172bb372c5d542.html\" target=\"_blank\" rel=\"noopener\">Ans\u00f6ka om f\u00e4rdtj\u00e4nst<\/a><\/p>\n<p><a href=\"https:\/\/www.umea.se\/byggaboochmiljo\/bygganyttandraellerriva\/olovligtbyggandeovardadtomttillsyn\/enkeltavhjalptahinder.4.27a2de8b172da059ace13f1.html\" target=\"_blank\" rel=\"noopener\">Enkelt avhj\u00e4lpta hinder<\/a><\/p>\n<p><a href=\"https:\/\/www.fritidsbanken.se\/\" target=\"_blank\" rel=\"noopener\">Fritidsbanken &#8211; l\u00e5na gratis utrustning f\u00f6r fritidsaktiviteter<\/a><\/p>\n<p><a href=\"https:\/\/www.umea.se\/omsorgochhjalp\/funktionsnedsattning.4.2bd9ced91726ea4d7b4319.html\" target=\"_blank\" rel=\"noopener\">Information f\u00f6r dig med funktionsneds\u00e4ttning (LSS, SoL med mera)<\/a><\/p>\n<p><a href=\"https:\/\/www.umea.se\/kommunochpolitik\/manskligarattigheter\/tillganglighet.4.88db09b1724ee319ca375.html\" target=\"_blank\" rel=\"noopener\">Om tillg\u00e4nglighet\u00a0<\/a><\/p>\n<p>&nbsp;<\/p>\n<p><strong>Valmyndigheten<\/strong><\/p>\n<p><a href=\"https:\/\/www.val.se\/att-rosta\/var-rostar-jag\/hjalp-vid-rostning.html\" target=\"_blank\" rel=\"noopener\">Tillg\u00e4ngliga vallokaler och hj\u00e4lp vid r\u00f6stning<\/a><\/p>\n<p>&nbsp;<\/p>\n<p>&nbsp;<\/p>\n<\/div>\n            <div class=\"content\"><\/div>\n        <\/div>\n    <\/div>\n<\/section>","protected":false},"excerpt":{"rendered":"","protected":false},"author":8,"featured_media":0,"parent":0,"menu_order":0,"comment_status":"closed","ping_status":"closed","template":"","meta":{"_acf_changed":false,"_monsterinsights_skip_tracking":false,"_monsterinsights_sitenote_active":false,"_monsterinsights_sitenote_note":"","_monsterinsights_sitenote_category":0,"footnotes":""},"class_list":["post-3137","page","type-page","status-publish","hentry"],"acf":[],"yoast_head":"<!-- This site is optimized with the Yoast SEO plugin v27.2 - https:\/\/yoast.com\/product\/yoast-seo-wordpress\/ -->\n<title>L\u00e4nkar till samh\u00e4llsinformation - DHR -Ume\u00e5<\/title>\n<meta name=\"robots\" content=\"index, follow, max-snippet:-1, max-image-preview:large, max-video-preview:-1\" \/>\n<link rel=\"canonical\" href=\"https:\/\/dhr.se\/umea\/lankar-till-samhallsinformation\/\" \/>\n<meta property=\"og:locale\" content=\"sv_SE\" \/>\n<meta property=\"og:type\" content=\"article\" \/>\n<meta property=\"og:title\" content=\"L\u00e4nkar till samh\u00e4llsinformation - DHR -Ume\u00e5\" \/>\n<meta property=\"og:url\" content=\"https:\/\/dhr.se\/umea\/lankar-till-samhallsinformation\/\" \/>\n<meta property=\"og:site_name\" content=\"DHR -Ume\u00e5\" \/>\n<meta property=\"article:modified_time\" content=\"2025-08-22T08:55:06+00:00\" \/>\n<meta name=\"twitter:card\" content=\"summary_large_image\" \/>\n<script type=\"application\/ld+json\" class=\"yoast-schema-graph\">{\"@context\":\"https:\/\/schema.org\",\"@graph\":[{\"@type\":\"WebPage\",\"@id\":\"https:\/\/dhr.se\/umea\/lankar-till-samhallsinformation\/\",\"url\":\"https:\/\/dhr.se\/umea\/lankar-till-samhallsinformation\/\",\"name\":\"L\u00e4nkar till samh\u00e4llsinformation - DHR -Ume\u00e5\",\"isPartOf\":{\"@id\":\"https:\/\/dhr.se\/umea\/#website\"},\"datePublished\":\"2022-04-25T08:08:24+00:00\",\"dateModified\":\"2025-08-22T08:55:06+00:00\",\"breadcrumb\":{\"@id\":\"https:\/\/dhr.se\/umea\/lankar-till-samhallsinformation\/#breadcrumb\"},\"inLanguage\":\"sv-SE\",\"potentialAction\":[{\"@type\":\"ReadAction\",\"target\":[\"https:\/\/dhr.se\/umea\/lankar-till-samhallsinformation\/\"]}]},{\"@type\":\"BreadcrumbList\",\"@id\":\"https:\/\/dhr.se\/umea\/lankar-till-samhallsinformation\/#breadcrumb\",\"itemListElement\":[{\"@type\":\"ListItem\",\"position\":1,\"name\":\"Hem\",\"item\":\"https:\/\/dhr.se\/umea\/\"},{\"@type\":\"ListItem\",\"position\":2,\"name\":\"L\u00e4nkar till samh\u00e4llsinformation\"}]},{\"@type\":\"WebSite\",\"@id\":\"https:\/\/dhr.se\/umea\/#website\",\"url\":\"https:\/\/dhr.se\/umea\/\",\"name\":\"DHR -Ume\u00e5\",\"description\":\"Delaktighet, r\u00f6relsefrihet och handlingskraft\",\"potentialAction\":[{\"@type\":\"SearchAction\",\"target\":{\"@type\":\"EntryPoint\",\"urlTemplate\":\"https:\/\/dhr.se\/umea\/?s={search_term_string}\"},\"query-input\":{\"@type\":\"PropertyValueSpecification\",\"valueRequired\":true,\"valueName\":\"search_term_string\"}}],\"inLanguage\":\"sv-SE\"}]}<\/script>\n<!-- \/ Yoast SEO plugin. -->","yoast_head_json":{"title":"L\u00e4nkar till samh\u00e4llsinformation - DHR -Ume\u00e5","robots":{"index":"index","follow":"follow","max-snippet":"max-snippet:-1","max-image-preview":"max-image-preview:large","max-video-preview":"max-video-preview:-1"},"canonical":"https:\/\/dhr.se\/umea\/lankar-till-samhallsinformation\/","og_locale":"sv_SE","og_type":"article","og_title":"L\u00e4nkar till samh\u00e4llsinformation - DHR -Ume\u00e5","og_url":"https:\/\/dhr.se\/umea\/lankar-till-samhallsinformation\/","og_site_name":"DHR -Ume\u00e5","article_modified_time":"2025-08-22T08:55:06+00:00","twitter_card":"summary_large_image","schema":{"@context":"https:\/\/schema.org","@graph":[{"@type":"WebPage","@id":"https:\/\/dhr.se\/umea\/lankar-till-samhallsinformation\/","url":"https:\/\/dhr.se\/umea\/lankar-till-samhallsinformation\/","name":"L\u00e4nkar till samh\u00e4llsinformation - DHR -Ume\u00e5","isPartOf":{"@id":"https:\/\/dhr.se\/umea\/#website"},"datePublished":"2022-04-25T08:08:24+00:00","dateModified":"2025-08-22T08:55:06+00:00","breadcrumb":{"@id":"https:\/\/dhr.se\/umea\/lankar-till-samhallsinformation\/#breadcrumb"},"inLanguage":"sv-SE","potentialAction":[{"@type":"ReadAction","target":["https:\/\/dhr.se\/umea\/lankar-till-samhallsinformation\/"]}]},{"@type":"BreadcrumbList","@id":"https:\/\/dhr.se\/umea\/lankar-till-samhallsinformation\/#breadcrumb","itemListElement":[{"@type":"ListItem","position":1,"name":"Hem","item":"https:\/\/dhr.se\/umea\/"},{"@type":"ListItem","position":2,"name":"L\u00e4nkar till samh\u00e4llsinformation"}]},{"@type":"WebSite","@id":"https:\/\/dhr.se\/umea\/#website","url":"https:\/\/dhr.se\/umea\/","name":"DHR -Ume\u00e5","description":"Delaktighet, r\u00f6relsefrihet och handlingskraft","potentialAction":[{"@type":"SearchAction","target":{"@type":"EntryPoint","urlTemplate":"https:\/\/dhr.se\/umea\/?s={search_term_string}"},"query-input":{"@type":"PropertyValueSpecification","valueRequired":true,"valueName":"search_term_string"}}],"inLanguage":"sv-SE"}]}},"publishpress_future_workflow_manual_trigger":{"enabledWorkflows":[]},"_links":{"self":[{"href":"https:\/\/dhr.se\/umea\/wp-json\/wp\/v2\/pages\/3137","targetHints":{"allow":["GET"]}}],"collection":[{"href":"https:\/\/dhr.se\/umea\/wp-json\/wp\/v2\/pages"}],"about":[{"href":"https:\/\/dhr.se\/umea\/wp-json\/wp\/v2\/types\/page"}],"author":[{"embeddable":true,"href":"https:\/\/dhr.se\/umea\/wp-json\/wp\/v2\/users\/8"}],"replies":[{"embeddable":true,"href":"https:\/\/dhr.se\/umea\/wp-json\/wp\/v2\/comments?post=3137"}],"version-history":[{"count":0,"href":"https:\/\/dhr.se\/umea\/wp-json\/wp\/v2\/pages\/3137\/revisions"}],"wp:attachment":[{"href":"https:\/\/dhr.se\/umea\/wp-json\/wp\/v2\/media?parent=3137"}],"curies":[{"name":"wp","href":"https:\/\/api.w.org\/{rel}","templated":true}]}}