{"id":2278,"date":"2021-04-23T21:23:52","date_gmt":"2021-04-23T19:23:52","guid":{"rendered":"https:\/\/dhr.se\/varberg\/?page_id=2278"},"modified":"2021-05-17T23:28:24","modified_gmt":"2021-05-17T21:28:24","slug":"lokalforeningen-dhr-varberg","status":"publish","type":"page","link":"https:\/\/dhr.se\/varberg\/lokalforeningen-dhr-varberg\/","title":{"rendered":"Lokalf\u00f6reningen DHR V\u00e4sterv\u00e5g"},"content":{"rendered":"<section class=\"block-simple-text\">\n    <div class=\"main\">\n        <div class=\"main-inner\">\n            <div class=\"ingress text-darker\"><\/div>\n            <div class=\"content\"><p>DHR Varberg<\/p>\n<p>Vi \u00e4r en organisation f\u00f6r personer med nedsatt r\u00f6relsef\u00f6rm\u00e5ga. V\u00e5rt m\u00e5l \u00e4r att alla m\u00e4nniskor ska k\u00e4nna sig v\u00e4lkomna och inkluderade i samh\u00e4llet. V\u00e5r vision \u00e4r ett universellt utformat samh\u00e4lle \u2013 ett j\u00e4mlikt och j\u00e4mst\u00e4llt samh\u00e4lle d\u00e4r varje m\u00e4nniska ses som en tillg\u00e5ng.<\/p>\n<p>Som medlem finns m\u00f6jlighet till\u00a0 social gemenskap i form av fritidsaktiviteter, utflykter, kurser, resor, kulturevenemang och samvaro. Som medlem i DHR f\u00e5r man garanterat nya v\u00e4nner och bra kontakter. Vi arrangerar flera tr\u00e4ffar under \u00e5ret i form av fester, grillaftnar, m.m. Programmet finns i v\u00e5r tidning <a href=\"https:\/\/dhr.se\/varberg\/vastervagaren\/\">V\u00e4sterv\u00e5garen.<\/a><\/p>\n<p>Som medlem i DHR f\u00e5r du till att b\u00f6rja med DHR:s egen tidning \u201d<a href=\"https:\/\/dhr.se\/tidskriften-funktionshinderpolitik\/\">Funktionshinderpolitik<\/a>\u201d i din brevl\u00e5da. Du f\u00e5r ocks\u00e5 tillg\u00e5ng till en rad <a href=\"https:\/\/dhr.se\/om-oss\/medlemsformaner\/\">f\u00f6rm\u00e5ner<\/a> knutna till f\u00f6rs\u00e4kringar, hotellvistelser, rabatter p\u00e5 bilink\u00f6p, \u201dsmarta produkter i vardagen\u201d,<br \/>\nm m.<\/p>\n<p>Som del i ditt medlemskap i lokalavdelningen, s\u00e5 f\u00e5r du rabatter p\u00e5 flertalet butiker, vilka \u00e4r presenterade i v\u00e5r tidning <a href=\"https:\/\/dhr.se\/varberg\/vastervagaren\/\">V\u00e4sterv\u00e5garen 2021<\/a><\/p>\n<p>Vi driver ett tillg\u00e4ngligt vandrarhem med plats f\u00f6r ca 40 g\u00e4ster.<\/p>\n<\/div>\n        <\/div>\n    <\/div>\n<\/section>","protected":false},"excerpt":{"rendered":"","protected":false},"author":33,"featured_media":0,"parent":0,"menu_order":0,"comment_status":"closed","ping_status":"closed","template":"template-side-menu.php","meta":{"_acf_changed":false,"_monsterinsights_skip_tracking":false,"_monsterinsights_sitenote_active":false,"_monsterinsights_sitenote_note":"","_monsterinsights_sitenote_category":0,"footnotes":""},"class_list":["post-2278","page","type-page","status-publish","hentry"],"acf":[],"yoast_head":"<!-- This site is optimized with the Yoast SEO plugin v27.2 - https:\/\/yoast.com\/product\/yoast-seo-wordpress\/ -->\n<title>Lokalf\u00f6reningen DHR V\u00e4sterv\u00e5g - DHR - Varberg<\/title>\n<meta name=\"robots\" content=\"index, follow, max-snippet:-1, max-image-preview:large, max-video-preview:-1\" \/>\n<link rel=\"canonical\" href=\"https:\/\/dhr.se\/varberg\/lokalforeningen-dhr-varberg\/\" \/>\n<meta property=\"og:locale\" content=\"sv_SE\" \/>\n<meta property=\"og:type\" content=\"article\" \/>\n<meta property=\"og:title\" content=\"Lokalf\u00f6reningen DHR V\u00e4sterv\u00e5g - DHR - Varberg\" \/>\n<meta property=\"og:url\" content=\"https:\/\/dhr.se\/varberg\/lokalforeningen-dhr-varberg\/\" \/>\n<meta property=\"og:site_name\" content=\"DHR - Varberg\" \/>\n<meta property=\"article:modified_time\" content=\"2021-05-17T21:28:24+00:00\" \/>\n<meta name=\"twitter:card\" content=\"summary_large_image\" \/>\n<script type=\"application\/ld+json\" class=\"yoast-schema-graph\">{\"@context\":\"https:\/\/schema.org\",\"@graph\":[{\"@type\":\"WebPage\",\"@id\":\"https:\/\/dhr.se\/varberg\/lokalforeningen-dhr-varberg\/\",\"url\":\"https:\/\/dhr.se\/varberg\/lokalforeningen-dhr-varberg\/\",\"name\":\"Lokalf\u00f6reningen DHR V\u00e4sterv\u00e5g - DHR - Varberg\",\"isPartOf\":{\"@id\":\"https:\/\/dhr.se\/varberg\/#website\"},\"datePublished\":\"2021-04-23T19:23:52+00:00\",\"dateModified\":\"2021-05-17T21:28:24+00:00\",\"breadcrumb\":{\"@id\":\"https:\/\/dhr.se\/varberg\/lokalforeningen-dhr-varberg\/#breadcrumb\"},\"inLanguage\":\"sv-SE\",\"potentialAction\":[{\"@type\":\"ReadAction\",\"target\":[\"https:\/\/dhr.se\/varberg\/lokalforeningen-dhr-varberg\/\"]}]},{\"@type\":\"BreadcrumbList\",\"@id\":\"https:\/\/dhr.se\/varberg\/lokalforeningen-dhr-varberg\/#breadcrumb\",\"itemListElement\":[{\"@type\":\"ListItem\",\"position\":1,\"name\":\"Hem\",\"item\":\"https:\/\/dhr.se\/varberg\/\"},{\"@type\":\"ListItem\",\"position\":2,\"name\":\"Lokalf\u00f6reningen DHR V\u00e4sterv\u00e5g\"}]},{\"@type\":\"WebSite\",\"@id\":\"https:\/\/dhr.se\/varberg\/#website\",\"url\":\"https:\/\/dhr.se\/varberg\/\",\"name\":\"DHR - Varberg\",\"description\":\"Delaktighet, r\u00f6relsefrihet och handlingskraft\",\"publisher\":{\"@id\":\"https:\/\/dhr.se\/varberg\/#organization\"},\"potentialAction\":[{\"@type\":\"SearchAction\",\"target\":{\"@type\":\"EntryPoint\",\"urlTemplate\":\"https:\/\/dhr.se\/varberg\/?s={search_term_string}\"},\"query-input\":{\"@type\":\"PropertyValueSpecification\",\"valueRequired\":true,\"valueName\":\"search_term_string\"}}],\"inLanguage\":\"sv-SE\"},{\"@type\":\"Organization\",\"@id\":\"https:\/\/dhr.se\/varberg\/#organization\",\"name\":\"DHR - Varberg\",\"url\":\"https:\/\/dhr.se\/varberg\/\",\"logo\":{\"@type\":\"ImageObject\",\"inLanguage\":\"sv-SE\",\"@id\":\"https:\/\/dhr.se\/varberg\/#\/schema\/logo\/image\/\",\"url\":\"https:\/\/dhr.se\/varberg\/wp-content\/uploads\/sites\/51\/2020\/05\/cropped-DHR_bla-scaled.jpg\",\"contentUrl\":\"https:\/\/dhr.se\/varberg\/wp-content\/uploads\/sites\/51\/2020\/05\/cropped-DHR_bla-scaled.jpg\",\"width\":2560,\"height\":1990,\"caption\":\"DHR - Varberg\"},\"image\":{\"@id\":\"https:\/\/dhr.se\/varberg\/#\/schema\/logo\/image\/\"}}]}<\/script>\n<!-- \/ Yoast SEO plugin. -->","yoast_head_json":{"title":"Lokalf\u00f6reningen DHR V\u00e4sterv\u00e5g - DHR - Varberg","robots":{"index":"index","follow":"follow","max-snippet":"max-snippet:-1","max-image-preview":"max-image-preview:large","max-video-preview":"max-video-preview:-1"},"canonical":"https:\/\/dhr.se\/varberg\/lokalforeningen-dhr-varberg\/","og_locale":"sv_SE","og_type":"article","og_title":"Lokalf\u00f6reningen DHR V\u00e4sterv\u00e5g - DHR - Varberg","og_url":"https:\/\/dhr.se\/varberg\/lokalforeningen-dhr-varberg\/","og_site_name":"DHR - Varberg","article_modified_time":"2021-05-17T21:28:24+00:00","twitter_card":"summary_large_image","schema":{"@context":"https:\/\/schema.org","@graph":[{"@type":"WebPage","@id":"https:\/\/dhr.se\/varberg\/lokalforeningen-dhr-varberg\/","url":"https:\/\/dhr.se\/varberg\/lokalforeningen-dhr-varberg\/","name":"Lokalf\u00f6reningen DHR V\u00e4sterv\u00e5g - DHR - Varberg","isPartOf":{"@id":"https:\/\/dhr.se\/varberg\/#website"},"datePublished":"2021-04-23T19:23:52+00:00","dateModified":"2021-05-17T21:28:24+00:00","breadcrumb":{"@id":"https:\/\/dhr.se\/varberg\/lokalforeningen-dhr-varberg\/#breadcrumb"},"inLanguage":"sv-SE","potentialAction":[{"@type":"ReadAction","target":["https:\/\/dhr.se\/varberg\/lokalforeningen-dhr-varberg\/"]}]},{"@type":"BreadcrumbList","@id":"https:\/\/dhr.se\/varberg\/lokalforeningen-dhr-varberg\/#breadcrumb","itemListElement":[{"@type":"ListItem","position":1,"name":"Hem","item":"https:\/\/dhr.se\/varberg\/"},{"@type":"ListItem","position":2,"name":"Lokalf\u00f6reningen DHR V\u00e4sterv\u00e5g"}]},{"@type":"WebSite","@id":"https:\/\/dhr.se\/varberg\/#website","url":"https:\/\/dhr.se\/varberg\/","name":"DHR - Varberg","description":"Delaktighet, r\u00f6relsefrihet och handlingskraft","publisher":{"@id":"https:\/\/dhr.se\/varberg\/#organization"},"potentialAction":[{"@type":"SearchAction","target":{"@type":"EntryPoint","urlTemplate":"https:\/\/dhr.se\/varberg\/?s={search_term_string}"},"query-input":{"@type":"PropertyValueSpecification","valueRequired":true,"valueName":"search_term_string"}}],"inLanguage":"sv-SE"},{"@type":"Organization","@id":"https:\/\/dhr.se\/varberg\/#organization","name":"DHR - Varberg","url":"https:\/\/dhr.se\/varberg\/","logo":{"@type":"ImageObject","inLanguage":"sv-SE","@id":"https:\/\/dhr.se\/varberg\/#\/schema\/logo\/image\/","url":"https:\/\/dhr.se\/varberg\/wp-content\/uploads\/sites\/51\/2020\/05\/cropped-DHR_bla-scaled.jpg","contentUrl":"https:\/\/dhr.se\/varberg\/wp-content\/uploads\/sites\/51\/2020\/05\/cropped-DHR_bla-scaled.jpg","width":2560,"height":1990,"caption":"DHR - Varberg"},"image":{"@id":"https:\/\/dhr.se\/varberg\/#\/schema\/logo\/image\/"}}]}},"publishpress_future_action":{"enabled":false,"date":"2026-04-27 02:01:33","action":"change-status","newStatus":"draft","terms":[],"taxonomy":"translation_priority","extraData":[]},"publishpress_future_workflow_manual_trigger":{"enabledWorkflows":[]},"_links":{"self":[{"href":"https:\/\/dhr.se\/varberg\/wp-json\/wp\/v2\/pages\/2278","targetHints":{"allow":["GET"]}}],"collection":[{"href":"https:\/\/dhr.se\/varberg\/wp-json\/wp\/v2\/pages"}],"about":[{"href":"https:\/\/dhr.se\/varberg\/wp-json\/wp\/v2\/types\/page"}],"author":[{"embeddable":true,"href":"https:\/\/dhr.se\/varberg\/wp-json\/wp\/v2\/users\/33"}],"replies":[{"embeddable":true,"href":"https:\/\/dhr.se\/varberg\/wp-json\/wp\/v2\/comments?post=2278"}],"version-history":[{"count":0,"href":"https:\/\/dhr.se\/varberg\/wp-json\/wp\/v2\/pages\/2278\/revisions"}],"wp:attachment":[{"href":"https:\/\/dhr.se\/varberg\/wp-json\/wp\/v2\/media?parent=2278"}],"curies":[{"name":"wp","href":"https:\/\/api.w.org\/{rel}","templated":true}]}}