{"id":2293,"date":"2021-04-24T17:34:05","date_gmt":"2021-04-24T15:34:05","guid":{"rendered":"https:\/\/dhr.se\/varberg\/?page_id=2293"},"modified":"2024-09-26T10:48:55","modified_gmt":"2024-09-26T08:48:55","slug":"aktiviteter","status":"publish","type":"page","link":"https:\/\/dhr.se\/varberg\/aktiviteter\/","title":{"rendered":"DHR Aktiviteter h\u00f6sten 2024"},"content":{"rendered":"<section class=\"block-one-two\">\n    <div class=\"main\">\n        <div class=\"main-inner\">\n        <h2>BINGO<\/h2>\n\n            <div class=\"flex-container\">\n                <div class=\"col-small\">\n                    <div class=\"content\"><p><strong>Onsdag den 18 september kl:18.00<\/strong><\/p>\n<p><strong>Onsdag den 9 oktober kl:18.00<\/strong><\/p>\n<p><strong>Onsdag den 30 oktober kl:18.00<\/strong><\/p>\n<p><strong>Anm\u00e4lan<\/strong> senast fredagen f\u00f6re till kansliet<\/p>\n<p>&nbsp;<\/p>\n<p>&nbsp;<\/p>\n<\/div>\n                <\/div>\n                <div class=\"col-big\">\n                    <div class=\"content\"><p><img loading=\"lazy\" decoding=\"async\" class=\"alignnone  wp-image-3641\" src=\"https:\/\/dhr.se\/varberg\/wp-content\/uploads\/sites\/51\/2024\/01\/BINGO-300x225.jpg\" alt=\"\" width=\"415\" height=\"311\" srcset=\"https:\/\/dhr.se\/varberg\/wp-content\/uploads\/sites\/51\/2024\/01\/BINGO-300x225.jpg 300w, https:\/\/dhr.se\/varberg\/wp-content\/uploads\/sites\/51\/2024\/01\/BINGO-768x576.jpg 768w, https:\/\/dhr.se\/varberg\/wp-content\/uploads\/sites\/51\/2024\/01\/BINGO.jpg 1024w\" sizes=\"auto, (max-width: 415px) 100vw, 415px\" \/><\/p>\n<\/div>\n                <\/div>\n            <\/div>\n            \n        <\/div>\n    <\/div>\n<\/section>\n\n<section class=\"block-one-two\">\n    <div class=\"main\">\n        <div class=\"main-inner\">\n        <h2><\/h2>\n\n            <div class=\"flex-container\">\n                <div class=\"col-small\">\n                    <div class=\"content\"><\/div>\n                <\/div>\n                <div class=\"col-big\">\n                    <div class=\"content\"><\/div>\n                <\/div>\n            <\/div>\n            \n        <\/div>\n    <\/div>\n<\/section>\n\n<section class=\"block-one-two\">\n    <div class=\"main\">\n        <div class=\"main-inner\">\n        <h2>Tipspromenader<\/h2>\n\n            <div class=\"flex-container\">\n                <div class=\"col-small\">\n                    <div class=\"content\"><p>Tag med kompisen ut, dela p\u00e5 sociala medier och var med\u00a0 och sponsra de Funktionsnedsatta, med att g\u00e5 den Tillg\u00e4ngliga promenaden!<\/p>\n<p>&nbsp;<\/p>\n<p><strong>M\u00e5ndag den 10 november kl. 11-14<\/strong><\/p>\n<p><strong>S\u00f6ndag den 17 november kl 11-14<\/strong><\/p>\n<p><strong>S\u00f6ndag den 24 november kl. 11-14<\/strong><\/p>\n<p>vuxna 40 kr barn 20 kr, fina priser<\/p>\n<p>&nbsp;<\/p>\n<\/div>\n                <\/div>\n                <div class=\"col-big\">\n                    <div class=\"content\"><p><img loading=\"lazy\" decoding=\"async\" class=\"alignnone  wp-image-3316\" src=\"https:\/\/dhr.se\/varberg\/wp-content\/uploads\/sites\/51\/2022\/02\/Tipspromenad-300x201.png\" alt=\"\" width=\"349\" height=\"234\" srcset=\"https:\/\/dhr.se\/varberg\/wp-content\/uploads\/sites\/51\/2022\/02\/Tipspromenad-300x201.png 300w, https:\/\/dhr.se\/varberg\/wp-content\/uploads\/sites\/51\/2022\/02\/Tipspromenad.png 600w\" sizes=\"auto, (max-width: 349px) 100vw, 349px\" \/><\/p>\n<\/div>\n                <\/div>\n            <\/div>\n            \n        <\/div>\n    <\/div>\n<\/section>\n\n<section class=\"block-one-two\">\n    <div class=\"main\">\n        <div class=\"main-inner\">\n        <h2>JULFEST<\/h2>\n\n            <div class=\"flex-container\">\n                <div class=\"col-small\">\n                    <div class=\"content\"><p>Julfest<br \/>\nDatum:\u00a0 \u00a0 \u00a0 \u00a013 december<br \/>\nTid:\u00a0 \u00a0 \u00a0 \u00a0 \u00a0 \u00a0 \u00a0 Kl. 18.00<br \/>\nAnm\u00e4lan:\u00a0 \u00a0 Senast den 7 december till kansliet<\/p>\n<p>Kansliet:\u00a0 \u00a0 \u00a0 \u00a00340-14580 eller E-post<\/p>\n<p>E-post:\u00a0 \u00a0 \u00a0 \u00a0 \u00a0<a href=\"vastervag@gmail.com\">vastervag@gmail.com<\/a><\/p>\n<p>Kostnad:\u00a0 \u00a0 \u00a0 Medlemmar 100 kr, icke medlem 150 kr<\/p>\n<p><strong>Alla k\u00f6per en julklapp f\u00f6r minst 40 kr\u00a0 och tar med sig<\/strong><\/p>\n<p>Massor av mat stort julbord (d\u00e4r man tar med sig starka dryckerna sj\u00e4lv)<\/p>\n<p>En h\u00e4rlig kv\u00e4ll p\u00e5 Getter\u00f6n<\/p>\n<\/div>\n                <\/div>\n                <div class=\"col-big\">\n                    <div class=\"content\"><p><img loading=\"lazy\" decoding=\"async\" class=\"alignnone  wp-image-3121\" src=\"https:\/\/dhr.se\/varberg\/wp-content\/uploads\/sites\/51\/2021\/09\/julklappar-300x200.jpg\" alt=\"\" width=\"386\" height=\"257\" srcset=\"https:\/\/dhr.se\/varberg\/wp-content\/uploads\/sites\/51\/2021\/09\/julklappar-300x200.jpg 300w, https:\/\/dhr.se\/varberg\/wp-content\/uploads\/sites\/51\/2021\/09\/julklappar.jpg 647w\" sizes=\"auto, (max-width: 386px) 100vw, 386px\" \/><\/p>\n<\/div>\n                <\/div>\n            <\/div>\n            \n        <\/div>\n    <\/div>\n<\/section>\n\n<section class=\"block-one-two\">\n    <div class=\"main\">\n        <div class=\"main-inner\">\n        <h2><\/h2>\n\n            <div class=\"flex-container\">\n                <div class=\"col-small\">\n                    <div class=\"content\"><p>&nbsp;<\/p>\n<p>&nbsp;<\/p>\n<\/div>\n                <\/div>\n                <div class=\"col-big\">\n                    <div class=\"content\"><\/div>\n                <\/div>\n            <\/div>\n            \n        <\/div>\n    <\/div>\n<\/section>\n\n<section class=\"block-one-two\">\n    <div class=\"main\">\n        <div class=\"main-inner\">\n        <h2><\/h2>\n\n            <div class=\"flex-container\">\n                <div class=\"col-small\">\n                    <div class=\"content\"><\/div>\n                <\/div>\n                <div class=\"col-big\">\n                    <div class=\"content\"><\/div>\n                <\/div>\n            <\/div>\n            \n        <\/div>\n    <\/div>\n<\/section>\n\n<section class=\"block-one-two\">\n    <div class=\"main\">\n        <div class=\"main-inner\">\n        <h2><\/h2>\n\n            <div class=\"flex-container\">\n                <div class=\"col-small\">\n                    <div class=\"content\"><\/div>\n                <\/div>\n                <div class=\"col-big\">\n                    <div class=\"content\"><\/div>\n                <\/div>\n            <\/div>\n            \n        <\/div>\n    <\/div>\n<\/section>","protected":false},"excerpt":{"rendered":"","protected":false},"author":33,"featured_media":0,"parent":0,"menu_order":0,"comment_status":"closed","ping_status":"closed","template":"","meta":{"_acf_changed":false,"_monsterinsights_skip_tracking":false,"_monsterinsights_sitenote_active":false,"_monsterinsights_sitenote_note":"","_monsterinsights_sitenote_category":0,"footnotes":""},"class_list":["post-2293","page","type-page","status-publish","hentry"],"acf":[],"yoast_head":"<!-- This site is optimized with the Yoast SEO plugin v27.2 - https:\/\/yoast.com\/product\/yoast-seo-wordpress\/ -->\n<title>DHR Aktiviteter h\u00f6sten 2024 - DHR - Varberg<\/title>\n<meta name=\"robots\" content=\"index, follow, max-snippet:-1, max-image-preview:large, max-video-preview:-1\" \/>\n<link rel=\"canonical\" href=\"https:\/\/dhr.se\/varberg\/aktiviteter\/\" \/>\n<meta property=\"og:locale\" content=\"sv_SE\" \/>\n<meta property=\"og:type\" content=\"article\" \/>\n<meta property=\"og:title\" content=\"DHR Aktiviteter h\u00f6sten 2024 - DHR - Varberg\" \/>\n<meta property=\"og:url\" content=\"https:\/\/dhr.se\/varberg\/aktiviteter\/\" \/>\n<meta property=\"og:site_name\" content=\"DHR - Varberg\" \/>\n<meta property=\"article:modified_time\" content=\"2024-09-26T08:48:55+00:00\" \/>\n<meta name=\"twitter:card\" content=\"summary_large_image\" \/>\n<script type=\"application\/ld+json\" class=\"yoast-schema-graph\">{\"@context\":\"https:\/\/schema.org\",\"@graph\":[{\"@type\":\"WebPage\",\"@id\":\"https:\/\/dhr.se\/varberg\/aktiviteter\/\",\"url\":\"https:\/\/dhr.se\/varberg\/aktiviteter\/\",\"name\":\"DHR Aktiviteter h\u00f6sten 2024 - DHR - Varberg\",\"isPartOf\":{\"@id\":\"https:\/\/dhr.se\/varberg\/#website\"},\"datePublished\":\"2021-04-24T15:34:05+00:00\",\"dateModified\":\"2024-09-26T08:48:55+00:00\",\"breadcrumb\":{\"@id\":\"https:\/\/dhr.se\/varberg\/aktiviteter\/#breadcrumb\"},\"inLanguage\":\"sv-SE\",\"potentialAction\":[{\"@type\":\"ReadAction\",\"target\":[\"https:\/\/dhr.se\/varberg\/aktiviteter\/\"]}]},{\"@type\":\"BreadcrumbList\",\"@id\":\"https:\/\/dhr.se\/varberg\/aktiviteter\/#breadcrumb\",\"itemListElement\":[{\"@type\":\"ListItem\",\"position\":1,\"name\":\"Hem\",\"item\":\"https:\/\/dhr.se\/varberg\/\"},{\"@type\":\"ListItem\",\"position\":2,\"name\":\"DHR Aktiviteter h\u00f6sten 2024\"}]},{\"@type\":\"WebSite\",\"@id\":\"https:\/\/dhr.se\/varberg\/#website\",\"url\":\"https:\/\/dhr.se\/varberg\/\",\"name\":\"DHR - Varberg\",\"description\":\"Delaktighet, r\u00f6relsefrihet och handlingskraft\",\"publisher\":{\"@id\":\"https:\/\/dhr.se\/varberg\/#organization\"},\"potentialAction\":[{\"@type\":\"SearchAction\",\"target\":{\"@type\":\"EntryPoint\",\"urlTemplate\":\"https:\/\/dhr.se\/varberg\/?s={search_term_string}\"},\"query-input\":{\"@type\":\"PropertyValueSpecification\",\"valueRequired\":true,\"valueName\":\"search_term_string\"}}],\"inLanguage\":\"sv-SE\"},{\"@type\":\"Organization\",\"@id\":\"https:\/\/dhr.se\/varberg\/#organization\",\"name\":\"DHR - Varberg\",\"url\":\"https:\/\/dhr.se\/varberg\/\",\"logo\":{\"@type\":\"ImageObject\",\"inLanguage\":\"sv-SE\",\"@id\":\"https:\/\/dhr.se\/varberg\/#\/schema\/logo\/image\/\",\"url\":\"https:\/\/dhr.se\/varberg\/wp-content\/uploads\/sites\/51\/2020\/05\/cropped-DHR_bla-scaled.jpg\",\"contentUrl\":\"https:\/\/dhr.se\/varberg\/wp-content\/uploads\/sites\/51\/2020\/05\/cropped-DHR_bla-scaled.jpg\",\"width\":2560,\"height\":1990,\"caption\":\"DHR - Varberg\"},\"image\":{\"@id\":\"https:\/\/dhr.se\/varberg\/#\/schema\/logo\/image\/\"}}]}<\/script>\n<!-- \/ Yoast SEO plugin. -->","yoast_head_json":{"title":"DHR Aktiviteter h\u00f6sten 2024 - DHR - Varberg","robots":{"index":"index","follow":"follow","max-snippet":"max-snippet:-1","max-image-preview":"max-image-preview:large","max-video-preview":"max-video-preview:-1"},"canonical":"https:\/\/dhr.se\/varberg\/aktiviteter\/","og_locale":"sv_SE","og_type":"article","og_title":"DHR Aktiviteter h\u00f6sten 2024 - DHR - Varberg","og_url":"https:\/\/dhr.se\/varberg\/aktiviteter\/","og_site_name":"DHR - Varberg","article_modified_time":"2024-09-26T08:48:55+00:00","twitter_card":"summary_large_image","schema":{"@context":"https:\/\/schema.org","@graph":[{"@type":"WebPage","@id":"https:\/\/dhr.se\/varberg\/aktiviteter\/","url":"https:\/\/dhr.se\/varberg\/aktiviteter\/","name":"DHR Aktiviteter h\u00f6sten 2024 - DHR - Varberg","isPartOf":{"@id":"https:\/\/dhr.se\/varberg\/#website"},"datePublished":"2021-04-24T15:34:05+00:00","dateModified":"2024-09-26T08:48:55+00:00","breadcrumb":{"@id":"https:\/\/dhr.se\/varberg\/aktiviteter\/#breadcrumb"},"inLanguage":"sv-SE","potentialAction":[{"@type":"ReadAction","target":["https:\/\/dhr.se\/varberg\/aktiviteter\/"]}]},{"@type":"BreadcrumbList","@id":"https:\/\/dhr.se\/varberg\/aktiviteter\/#breadcrumb","itemListElement":[{"@type":"ListItem","position":1,"name":"Hem","item":"https:\/\/dhr.se\/varberg\/"},{"@type":"ListItem","position":2,"name":"DHR Aktiviteter h\u00f6sten 2024"}]},{"@type":"WebSite","@id":"https:\/\/dhr.se\/varberg\/#website","url":"https:\/\/dhr.se\/varberg\/","name":"DHR - Varberg","description":"Delaktighet, r\u00f6relsefrihet och handlingskraft","publisher":{"@id":"https:\/\/dhr.se\/varberg\/#organization"},"potentialAction":[{"@type":"SearchAction","target":{"@type":"EntryPoint","urlTemplate":"https:\/\/dhr.se\/varberg\/?s={search_term_string}"},"query-input":{"@type":"PropertyValueSpecification","valueRequired":true,"valueName":"search_term_string"}}],"inLanguage":"sv-SE"},{"@type":"Organization","@id":"https:\/\/dhr.se\/varberg\/#organization","name":"DHR - Varberg","url":"https:\/\/dhr.se\/varberg\/","logo":{"@type":"ImageObject","inLanguage":"sv-SE","@id":"https:\/\/dhr.se\/varberg\/#\/schema\/logo\/image\/","url":"https:\/\/dhr.se\/varberg\/wp-content\/uploads\/sites\/51\/2020\/05\/cropped-DHR_bla-scaled.jpg","contentUrl":"https:\/\/dhr.se\/varberg\/wp-content\/uploads\/sites\/51\/2020\/05\/cropped-DHR_bla-scaled.jpg","width":2560,"height":1990,"caption":"DHR - Varberg"},"image":{"@id":"https:\/\/dhr.se\/varberg\/#\/schema\/logo\/image\/"}}]}},"publishpress_future_action":{"enabled":false,"date":"2026-05-03 18:56:40","action":"change-status","newStatus":"draft","terms":[],"taxonomy":"translation_priority","extraData":[]},"publishpress_future_workflow_manual_trigger":{"enabledWorkflows":[]},"_links":{"self":[{"href":"https:\/\/dhr.se\/varberg\/wp-json\/wp\/v2\/pages\/2293","targetHints":{"allow":["GET"]}}],"collection":[{"href":"https:\/\/dhr.se\/varberg\/wp-json\/wp\/v2\/pages"}],"about":[{"href":"https:\/\/dhr.se\/varberg\/wp-json\/wp\/v2\/types\/page"}],"author":[{"embeddable":true,"href":"https:\/\/dhr.se\/varberg\/wp-json\/wp\/v2\/users\/33"}],"replies":[{"embeddable":true,"href":"https:\/\/dhr.se\/varberg\/wp-json\/wp\/v2\/comments?post=2293"}],"version-history":[{"count":0,"href":"https:\/\/dhr.se\/varberg\/wp-json\/wp\/v2\/pages\/2293\/revisions"}],"wp:attachment":[{"href":"https:\/\/dhr.se\/varberg\/wp-json\/wp\/v2\/media?parent=2293"}],"curies":[{"name":"wp","href":"https:\/\/api.w.org\/{rel}","templated":true}]}}