{"id":2740,"date":"2021-05-20T14:34:43","date_gmt":"2021-05-20T12:34:43","guid":{"rendered":"https:\/\/dhr.se\/varberg\/?page_id=2740"},"modified":"2021-05-20T17:36:11","modified_gmt":"2021-05-20T15:36:11","slug":"bokning-av-rum","status":"publish","type":"page","link":"https:\/\/dhr.se\/varberg\/bokning-av-rum\/","title":{"rendered":"Bokning av rum"},"content":{"rendered":"<section class=\"block-simple-text\">\n    <div class=\"main\">\n        <div class=\"main-inner\">\n            <div class=\"ingress text-darker\"><p>Bokning av rum p\u00e5 V\u00e4sterv\u00e5g<\/p>\n<\/div>\n            <div class=\"content\"><p>F\u00f6r bokning av rum klicka p\u00e5<\/p>\n<p>&nbsp;<\/p>\n<\/div>\n        <\/div>\n    <\/div>\n<\/section>","protected":false},"excerpt":{"rendered":"","protected":false},"author":33,"featured_media":0,"parent":0,"menu_order":0,"comment_status":"closed","ping_status":"closed","template":"","meta":{"_acf_changed":false,"_monsterinsights_skip_tracking":false,"_monsterinsights_sitenote_active":false,"_monsterinsights_sitenote_note":"","_monsterinsights_sitenote_category":0,"footnotes":""},"class_list":["post-2740","page","type-page","status-publish","hentry"],"acf":[],"yoast_head":"<!-- This site is optimized with the Yoast SEO plugin v27.2 - https:\/\/yoast.com\/product\/yoast-seo-wordpress\/ -->\n<title>Bokning av rum - DHR - Varberg<\/title>\n<meta name=\"robots\" content=\"index, follow, max-snippet:-1, max-image-preview:large, max-video-preview:-1\" \/>\n<link rel=\"canonical\" href=\"https:\/\/dhr.se\/varberg\/bokning-av-rum\/\" \/>\n<meta property=\"og:locale\" content=\"sv_SE\" \/>\n<meta property=\"og:type\" content=\"article\" \/>\n<meta property=\"og:title\" content=\"Bokning av rum - DHR - Varberg\" \/>\n<meta property=\"og:url\" content=\"https:\/\/dhr.se\/varberg\/bokning-av-rum\/\" \/>\n<meta property=\"og:site_name\" content=\"DHR - Varberg\" \/>\n<meta property=\"article:modified_time\" content=\"2021-05-20T15:36:11+00:00\" \/>\n<meta name=\"twitter:card\" content=\"summary_large_image\" \/>\n<script type=\"application\/ld+json\" class=\"yoast-schema-graph\">{\"@context\":\"https:\/\/schema.org\",\"@graph\":[{\"@type\":\"WebPage\",\"@id\":\"https:\/\/dhr.se\/varberg\/bokning-av-rum\/\",\"url\":\"https:\/\/dhr.se\/varberg\/bokning-av-rum\/\",\"name\":\"Bokning av rum - DHR - Varberg\",\"isPartOf\":{\"@id\":\"https:\/\/dhr.se\/varberg\/#website\"},\"datePublished\":\"2021-05-20T12:34:43+00:00\",\"dateModified\":\"2021-05-20T15:36:11+00:00\",\"breadcrumb\":{\"@id\":\"https:\/\/dhr.se\/varberg\/bokning-av-rum\/#breadcrumb\"},\"inLanguage\":\"sv-SE\",\"potentialAction\":[{\"@type\":\"ReadAction\",\"target\":[\"https:\/\/dhr.se\/varberg\/bokning-av-rum\/\"]}]},{\"@type\":\"BreadcrumbList\",\"@id\":\"https:\/\/dhr.se\/varberg\/bokning-av-rum\/#breadcrumb\",\"itemListElement\":[{\"@type\":\"ListItem\",\"position\":1,\"name\":\"Hem\",\"item\":\"https:\/\/dhr.se\/varberg\/\"},{\"@type\":\"ListItem\",\"position\":2,\"name\":\"Bokning av rum\"}]},{\"@type\":\"WebSite\",\"@id\":\"https:\/\/dhr.se\/varberg\/#website\",\"url\":\"https:\/\/dhr.se\/varberg\/\",\"name\":\"DHR - Varberg\",\"description\":\"Delaktighet, r\u00f6relsefrihet och handlingskraft\",\"publisher\":{\"@id\":\"https:\/\/dhr.se\/varberg\/#organization\"},\"potentialAction\":[{\"@type\":\"SearchAction\",\"target\":{\"@type\":\"EntryPoint\",\"urlTemplate\":\"https:\/\/dhr.se\/varberg\/?s={search_term_string}\"},\"query-input\":{\"@type\":\"PropertyValueSpecification\",\"valueRequired\":true,\"valueName\":\"search_term_string\"}}],\"inLanguage\":\"sv-SE\"},{\"@type\":\"Organization\",\"@id\":\"https:\/\/dhr.se\/varberg\/#organization\",\"name\":\"DHR - Varberg\",\"url\":\"https:\/\/dhr.se\/varberg\/\",\"logo\":{\"@type\":\"ImageObject\",\"inLanguage\":\"sv-SE\",\"@id\":\"https:\/\/dhr.se\/varberg\/#\/schema\/logo\/image\/\",\"url\":\"https:\/\/dhr.se\/varberg\/wp-content\/uploads\/sites\/51\/2020\/05\/cropped-DHR_bla-scaled.jpg\",\"contentUrl\":\"https:\/\/dhr.se\/varberg\/wp-content\/uploads\/sites\/51\/2020\/05\/cropped-DHR_bla-scaled.jpg\",\"width\":2560,\"height\":1990,\"caption\":\"DHR - Varberg\"},\"image\":{\"@id\":\"https:\/\/dhr.se\/varberg\/#\/schema\/logo\/image\/\"}}]}<\/script>\n<!-- \/ Yoast SEO plugin. -->","yoast_head_json":{"title":"Bokning av rum - DHR - Varberg","robots":{"index":"index","follow":"follow","max-snippet":"max-snippet:-1","max-image-preview":"max-image-preview:large","max-video-preview":"max-video-preview:-1"},"canonical":"https:\/\/dhr.se\/varberg\/bokning-av-rum\/","og_locale":"sv_SE","og_type":"article","og_title":"Bokning av rum - DHR - Varberg","og_url":"https:\/\/dhr.se\/varberg\/bokning-av-rum\/","og_site_name":"DHR - Varberg","article_modified_time":"2021-05-20T15:36:11+00:00","twitter_card":"summary_large_image","schema":{"@context":"https:\/\/schema.org","@graph":[{"@type":"WebPage","@id":"https:\/\/dhr.se\/varberg\/bokning-av-rum\/","url":"https:\/\/dhr.se\/varberg\/bokning-av-rum\/","name":"Bokning av rum - DHR - Varberg","isPartOf":{"@id":"https:\/\/dhr.se\/varberg\/#website"},"datePublished":"2021-05-20T12:34:43+00:00","dateModified":"2021-05-20T15:36:11+00:00","breadcrumb":{"@id":"https:\/\/dhr.se\/varberg\/bokning-av-rum\/#breadcrumb"},"inLanguage":"sv-SE","potentialAction":[{"@type":"ReadAction","target":["https:\/\/dhr.se\/varberg\/bokning-av-rum\/"]}]},{"@type":"BreadcrumbList","@id":"https:\/\/dhr.se\/varberg\/bokning-av-rum\/#breadcrumb","itemListElement":[{"@type":"ListItem","position":1,"name":"Hem","item":"https:\/\/dhr.se\/varberg\/"},{"@type":"ListItem","position":2,"name":"Bokning av rum"}]},{"@type":"WebSite","@id":"https:\/\/dhr.se\/varberg\/#website","url":"https:\/\/dhr.se\/varberg\/","name":"DHR - Varberg","description":"Delaktighet, r\u00f6relsefrihet och handlingskraft","publisher":{"@id":"https:\/\/dhr.se\/varberg\/#organization"},"potentialAction":[{"@type":"SearchAction","target":{"@type":"EntryPoint","urlTemplate":"https:\/\/dhr.se\/varberg\/?s={search_term_string}"},"query-input":{"@type":"PropertyValueSpecification","valueRequired":true,"valueName":"search_term_string"}}],"inLanguage":"sv-SE"},{"@type":"Organization","@id":"https:\/\/dhr.se\/varberg\/#organization","name":"DHR - Varberg","url":"https:\/\/dhr.se\/varberg\/","logo":{"@type":"ImageObject","inLanguage":"sv-SE","@id":"https:\/\/dhr.se\/varberg\/#\/schema\/logo\/image\/","url":"https:\/\/dhr.se\/varberg\/wp-content\/uploads\/sites\/51\/2020\/05\/cropped-DHR_bla-scaled.jpg","contentUrl":"https:\/\/dhr.se\/varberg\/wp-content\/uploads\/sites\/51\/2020\/05\/cropped-DHR_bla-scaled.jpg","width":2560,"height":1990,"caption":"DHR - Varberg"},"image":{"@id":"https:\/\/dhr.se\/varberg\/#\/schema\/logo\/image\/"}}]}},"publishpress_future_action":{"enabled":false,"date":"2026-05-02 20:50:35","action":"change-status","newStatus":"draft","terms":[],"taxonomy":"translation_priority","extraData":[]},"publishpress_future_workflow_manual_trigger":{"enabledWorkflows":[]},"_links":{"self":[{"href":"https:\/\/dhr.se\/varberg\/wp-json\/wp\/v2\/pages\/2740","targetHints":{"allow":["GET"]}}],"collection":[{"href":"https:\/\/dhr.se\/varberg\/wp-json\/wp\/v2\/pages"}],"about":[{"href":"https:\/\/dhr.se\/varberg\/wp-json\/wp\/v2\/types\/page"}],"author":[{"embeddable":true,"href":"https:\/\/dhr.se\/varberg\/wp-json\/wp\/v2\/users\/33"}],"replies":[{"embeddable":true,"href":"https:\/\/dhr.se\/varberg\/wp-json\/wp\/v2\/comments?post=2740"}],"version-history":[{"count":0,"href":"https:\/\/dhr.se\/varberg\/wp-json\/wp\/v2\/pages\/2740\/revisions"}],"wp:attachment":[{"href":"https:\/\/dhr.se\/varberg\/wp-json\/wp\/v2\/media?parent=2740"}],"curies":[{"name":"wp","href":"https:\/\/api.w.org\/{rel}","templated":true}]}}