{"id":2961,"date":"2021-06-12T11:55:57","date_gmt":"2021-06-12T09:55:57","guid":{"rendered":"https:\/\/dhr.se\/varberg\/?page_id=2961"},"modified":"2021-06-13T11:35:01","modified_gmt":"2021-06-13T09:35:01","slug":"vara-rum-pa-vastervag","status":"publish","type":"page","link":"https:\/\/dhr.se\/varberg\/vara-rum-pa-vastervag\/","title":{"rendered":"V\u00e5ra rum p\u00e5 V\u00e4sterv\u00e5g"},"content":{"rendered":"<section class=\"block-six-boxes white\">\n    <div class=\"main\">\n        <div class=\"main-inner\">\n            <div class=\"flex-container\">\n                \n                    <div class=\"one-box\">\n                        <div class=\"col1\">\n                                                    <\/div>\n\n                        <div class=\"col2\">\n                            <p><strong class=\"stronger\">Rum Enesk\u00e4r 1<\/strong><\/p>\n                            <p><\/p>\n                        <\/div>\n\n                    <\/div>\n\n                    \n                    <div class=\"one-box\">\n                        <div class=\"col1\">\n                                                    <\/div>\n\n                        <div class=\"col2\">\n                            <p><strong class=\"stronger\">Rum Enesk\u00e4r 1<\/strong><\/p>\n                            <p><\/p>\n                        <\/div>\n\n                    <\/div>\n\n                    \n                    <div class=\"one-box\">\n                        <div class=\"col1\">\n                                                    <\/div>\n\n                        <div class=\"col2\">\n                            <p><strong class=\"stronger\">Rum Enesk\u00e4r 2<\/strong><\/p>\n                            <p><\/p>\n                        <\/div>\n\n                    <\/div>\n\n                    \n                    <div class=\"one-box\">\n                        <div class=\"col1\">\n                                                    <\/div>\n\n                        <div class=\"col2\">\n                            <p><strong class=\"stronger\">Rum Enesk\u00e4r 2<\/strong><\/p>\n                            <p><\/p>\n                        <\/div>\n\n                    <\/div>\n\n                    \n                    <div class=\"one-box\">\n                        <div class=\"col1\">\n                                                    <\/div>\n\n                        <div class=\"col2\">\n                            <p><strong class=\"stronger\">Rum Enesk\u00e4r 3<\/strong><\/p>\n                            <p><\/p>\n                        <\/div>\n\n                    <\/div>\n\n                    \n                    <div class=\"one-box\">\n                        <div class=\"col1\">\n                                                    <\/div>\n\n                        <div class=\"col2\">\n                            <p><strong class=\"stronger\">Rum Enesk\u00e4r 3<\/strong><\/p>\n                            <p><\/p>\n                        <\/div>\n\n                    <\/div>\n\n                    \n            <\/div>\n        <\/div>\n    <\/div>\n<\/section>\n\n\n<section class=\"block-six-boxes white\">\n    <div class=\"main\">\n        <div class=\"main-inner\">\n            <div class=\"flex-container\">\n                \n                    <div class=\"one-box\">\n                        <div class=\"col1\">\n                                                    <\/div>\n\n                        <div class=\"col2\">\n                            <p><strong class=\"stronger\">Rum Enesk\u00e4r 4<\/strong><\/p>\n                            <p><\/p>\n                        <\/div>\n\n                    <\/div>\n\n                    \n                    <div class=\"one-box\">\n                        <div class=\"col1\">\n                                                    <\/div>\n\n                        <div class=\"col2\">\n                            <p><strong class=\"stronger\">Rum Enesk\u00e4r 4<\/strong><\/p>\n                            <p><\/p>\n                        <\/div>\n\n                    <\/div>\n\n                    \n                    <div class=\"one-box\">\n                        <div class=\"col1\">\n                                                    <\/div>\n\n                        <div class=\"col2\">\n                            <p><strong class=\"stronger\">Enesk\u00e4r K\u00f6ksutrustning<\/strong><\/p>\n                            <p><\/p>\n                        <\/div>\n\n                    <\/div>\n\n                    \n                    <div class=\"one-box\">\n                        <div class=\"col1\">\n                                                    <\/div>\n\n                        <div class=\"col2\">\n                            <p><strong class=\"stronger\">Enesk\u00e4r k\u00f6ksutrustning<\/strong><\/p>\n                            <p><\/p>\n                        <\/div>\n\n                    <\/div>\n\n                    \n                    <div class=\"one-box\">\n                        <div class=\"col1\">\n                                                    <\/div>\n\n                        <div class=\"col2\">\n                            <p><strong class=\"stronger\"><\/strong><\/p>\n                            <p><\/p>\n                        <\/div>\n\n                    <\/div>\n\n                    \n                    <div class=\"one-box\">\n                        <div class=\"col1\">\n                                                    <\/div>\n\n                        <div class=\"col2\">\n                            <p><strong class=\"stronger\"><\/strong><\/p>\n                            <p><\/p>\n                        <\/div>\n\n                    <\/div>\n\n                    \n            <\/div>\n        <\/div>\n    <\/div>\n<\/section>\n\n\n<section class=\"block-six-boxes white\">\n    <div class=\"main\">\n        <div class=\"main-inner\">\n            <div class=\"flex-container\">\n                \n            <\/div>\n        <\/div>\n    <\/div>\n<\/section>\n\n\n<section class=\"block-six-boxes white\">\n    <div class=\"main\">\n        <div class=\"main-inner\">\n            <div class=\"flex-container\">\n                \n                    <div class=\"one-box\">\n                        <div class=\"col1\">\n                                                    <\/div>\n\n                        <div class=\"col2\">\n                            <p><strong class=\"stronger\">Rum Gubban\u00e4set 1<\/strong><\/p>\n                            <p><\/p>\n                        <\/div>\n\n                    <\/div>\n\n                    \n                    <div class=\"one-box\">\n                        <div class=\"col1\">\n                                                    <\/div>\n\n                        <div class=\"col2\">\n                            <p><strong class=\"stronger\">Rum Gubban\u00e4set 1<\/strong><\/p>\n                            <p><\/p>\n                        <\/div>\n\n                    <\/div>\n\n                    \n                    <div class=\"one-box\">\n                        <div class=\"col1\">\n                                                    <\/div>\n\n                        <div class=\"col2\">\n                            <p><strong class=\"stronger\">Rum Gubban\u00e4set 2<\/strong><\/p>\n                            <p><\/p>\n                        <\/div>\n\n                    <\/div>\n\n                    \n                    <div class=\"one-box\">\n                        <div class=\"col1\">\n                                                    <\/div>\n\n                        <div class=\"col2\">\n                            <p><strong class=\"stronger\">Rum Gubban\u00e4set 2<\/strong><\/p>\n                            <p><\/p>\n                        <\/div>\n\n                    <\/div>\n\n                    \n                    <div class=\"one-box\">\n                        <div class=\"col1\">\n                                                    <\/div>\n\n                        <div class=\"col2\">\n                            <p><strong class=\"stronger\">Rum Gubban\u00e4set 3<\/strong><\/p>\n                            <p><\/p>\n                        <\/div>\n\n                    <\/div>\n\n                    \n                    <div class=\"one-box\">\n                        <div class=\"col1\">\n                                                    <\/div>\n\n                        <div class=\"col2\">\n                            <p><strong class=\"stronger\">Rum Gubban\u00e4set 3<\/strong><\/p>\n                            <p><\/p>\n                        <\/div>\n\n                    <\/div>\n\n                    \n            <\/div>\n        <\/div>\n    <\/div>\n<\/section>\n\n\n<section class=\"block-six-boxes white\">\n    <div class=\"main\">\n        <div class=\"main-inner\">\n            <div class=\"flex-container\">\n                \n                    <div class=\"one-box\">\n                        <div class=\"col1\">\n                                                    <\/div>\n\n                        <div class=\"col2\">\n                            <p><strong class=\"stronger\">Rum Gubban\u00e4set 4<\/strong><\/p>\n                            <p><\/p>\n                        <\/div>\n\n                    <\/div>\n\n                    \n                    <div class=\"one-box\">\n                        <div class=\"col1\">\n                                                    <\/div>\n\n                        <div class=\"col2\">\n                            <p><strong class=\"stronger\">Rum Gubban\u00e4set 4<\/strong><\/p>\n                            <p><\/p>\n                        <\/div>\n\n                    <\/div>\n\n                    \n                    <div class=\"one-box\">\n                        <div class=\"col1\">\n                                                    <\/div>\n\n                        <div class=\"col2\">\n                            <p><strong class=\"stronger\">Rum Gubban\u00e4set 5<\/strong><\/p>\n                            <p><\/p>\n                        <\/div>\n\n                    <\/div>\n\n                    \n                    <div class=\"one-box\">\n                        <div class=\"col1\">\n                                                    <\/div>\n\n                        <div class=\"col2\">\n                            <p><strong class=\"stronger\">Rum Gubban\u00e4set 5<\/strong><\/p>\n                            <p><\/p>\n                        <\/div>\n\n                    <\/div>\n\n                    \n                    <div class=\"one-box\">\n                        <div class=\"col1\">\n                                                    <\/div>\n\n                        <div class=\"col2\">\n                            <p><strong class=\"stronger\">Rum Gubban\u00e4set 7<\/strong><\/p>\n                            <p><\/p>\n                        <\/div>\n\n                    <\/div>\n\n                    \n                    <div class=\"one-box\">\n                        <div class=\"col1\">\n                                                    <\/div>\n\n                        <div class=\"col2\">\n                            <p><strong class=\"stronger\">Rum Gubban\u00e4set 7<\/strong><\/p>\n                            <p><\/p>\n                        <\/div>\n\n                    <\/div>\n\n                    \n            <\/div>\n        <\/div>\n    <\/div>\n<\/section>\n\n\n<section class=\"block-six-boxes white\">\n    <div class=\"main\">\n        <div class=\"main-inner\">\n            <div class=\"flex-container\">\n                \n                    <div class=\"one-box\">\n                        <div class=\"col1\">\n                                                    <\/div>\n\n                        <div class=\"col2\">\n                            <p><strong class=\"stronger\">Rum Gubban\u00e4set 8<\/strong><\/p>\n                            <p><\/p>\n                        <\/div>\n\n                    <\/div>\n\n                    \n                    <div class=\"one-box\">\n                        <div class=\"col1\">\n                                                    <\/div>\n\n                        <div class=\"col2\">\n                            <p><strong class=\"stronger\">Rum Gubban\u00e4set 8<\/strong><\/p>\n                            <p><\/p>\n                        <\/div>\n\n                    <\/div>\n\n                    \n                    <div class=\"one-box\">\n                        <div class=\"col1\">\n                                                    <\/div>\n\n                        <div class=\"col2\">\n                            <p><strong class=\"stronger\">Rum V\u00e4sterhav 1<\/strong><\/p>\n                            <p><\/p>\n                        <\/div>\n\n                    <\/div>\n\n                    \n                    <div class=\"one-box\">\n                        <div class=\"col1\">\n                                                    <\/div>\n\n                        <div class=\"col2\">\n                            <p><strong class=\"stronger\">Rum V\u00e4sterhav 1<\/strong><\/p>\n                            <p><\/p>\n                        <\/div>\n\n                    <\/div>\n\n                    \n                    <div class=\"one-box\">\n                        <div class=\"col1\">\n                                                    <\/div>\n\n                        <div class=\"col2\">\n                            <p><strong class=\"stronger\">Rum V\u00e4sterhav 3<\/strong><\/p>\n                            <p><\/p>\n                        <\/div>\n\n                    <\/div>\n\n                    \n                    <div class=\"one-box\">\n                        <div class=\"col1\">\n                                                    <\/div>\n\n                        <div class=\"col2\">\n                            <p><strong class=\"stronger\">Rum V\u00e4sterhav 3<\/strong><\/p>\n                            <p><\/p>\n                        <\/div>\n\n                    <\/div>\n\n                    \n            <\/div>\n        <\/div>\n    <\/div>\n<\/section>\n\n\n<section class=\"block-six-boxes white\">\n    <div class=\"main\">\n        <div class=\"main-inner\">\n            <div class=\"flex-container\">\n                \n                    <div class=\"one-box\">\n                        <div class=\"col1\">\n                                                    <\/div>\n\n                        <div class=\"col2\">\n                            <p><strong class=\"stronger\">Rum V\u00e4sterhav 6<\/strong><\/p>\n                            <p><\/p>\n                        <\/div>\n\n                    <\/div>\n\n                    \n                    <div class=\"one-box\">\n                        <div class=\"col1\">\n                                                    <\/div>\n\n                        <div class=\"col2\">\n                            <p><strong class=\"stronger\">Rum V\u00e4sterhav 6<\/strong><\/p>\n                            <p><\/p>\n                        <\/div>\n\n                    <\/div>\n\n                    \n                    <div class=\"one-box\">\n                        <div class=\"col1\">\n                                                    <\/div>\n\n                        <div class=\"col2\">\n                            <p><strong class=\"stronger\"><\/strong><\/p>\n                            <p><\/p>\n                        <\/div>\n\n                    <\/div>\n\n                    \n                    <div class=\"one-box\">\n                        <div class=\"col1\">\n                                                    <\/div>\n\n                        <div class=\"col2\">\n                            <p><strong class=\"stronger\">K\u00f6k  f\u00f6r rummen Gubban\u00e4set och V\u00e4sterhav<\/strong><\/p>\n                            <p><\/p>\n                        <\/div>\n\n                    <\/div>\n\n                    \n                    <div class=\"one-box\">\n                        <div class=\"col1\">\n                                                    <\/div>\n\n                        <div class=\"col2\">\n                            <p><strong class=\"stronger\">K\u00f6k f\u00f6r rummen Gubban\u00e4set och V\u00e4sterhav<\/strong><\/p>\n                            <p><\/p>\n                        <\/div>\n\n                    <\/div>\n\n                    \n                    <div class=\"one-box\">\n                        <div class=\"col1\">\n                                                    <\/div>\n\n                        <div class=\"col2\">\n                            <p><strong class=\"stronger\">K\u00f6k f\u00f6r rummen Gubban\u00e4set och V\u00e4sterhav<\/strong><\/p>\n                            <p><\/p>\n                        <\/div>\n\n                    <\/div>\n\n                    \n            <\/div>\n        <\/div>\n    <\/div>\n<\/section>\n\n\n<section class=\"block-six-boxes white\">\n    <div class=\"main\">\n        <div class=\"main-inner\">\n            <div class=\"flex-container\">\n                \n                    <div class=\"one-box\">\n                        <div class=\"col1\">\n                                                    <\/div>\n\n                        <div class=\"col2\">\n                            <p><strong class=\"stronger\">Skafferi f\u00f6r rummen Gubban\u00e4set och V\u00e4sterhav<\/strong><\/p>\n                            <p><\/p>\n                        <\/div>\n\n                    <\/div>\n\n                    \n            <\/div>\n        <\/div>\n    <\/div>\n<\/section>\n","protected":false},"excerpt":{"rendered":"","protected":false},"author":33,"featured_media":0,"parent":0,"menu_order":0,"comment_status":"closed","ping_status":"closed","template":"","meta":{"_acf_changed":false,"_monsterinsights_skip_tracking":false,"_monsterinsights_sitenote_active":false,"_monsterinsights_sitenote_note":"","_monsterinsights_sitenote_category":0,"footnotes":""},"class_list":["post-2961","page","type-page","status-publish","hentry"],"acf":[],"yoast_head":"<!-- This site is optimized with the Yoast SEO plugin v27.2 - https:\/\/yoast.com\/product\/yoast-seo-wordpress\/ -->\n<title>V\u00e5ra rum p\u00e5 V\u00e4sterv\u00e5g - DHR - Varberg<\/title>\n<meta name=\"robots\" content=\"index, follow, max-snippet:-1, max-image-preview:large, max-video-preview:-1\" \/>\n<link rel=\"canonical\" href=\"https:\/\/dhr.se\/varberg\/vara-rum-pa-vastervag\/\" \/>\n<meta property=\"og:locale\" content=\"sv_SE\" \/>\n<meta property=\"og:type\" content=\"article\" \/>\n<meta property=\"og:title\" content=\"V\u00e5ra rum p\u00e5 V\u00e4sterv\u00e5g - DHR - Varberg\" \/>\n<meta property=\"og:url\" content=\"https:\/\/dhr.se\/varberg\/vara-rum-pa-vastervag\/\" \/>\n<meta property=\"og:site_name\" content=\"DHR - Varberg\" \/>\n<meta property=\"article:modified_time\" content=\"2021-06-13T09:35:01+00:00\" \/>\n<meta name=\"twitter:card\" content=\"summary_large_image\" \/>\n<script type=\"application\/ld+json\" class=\"yoast-schema-graph\">{\"@context\":\"https:\/\/schema.org\",\"@graph\":[{\"@type\":\"WebPage\",\"@id\":\"https:\/\/dhr.se\/varberg\/vara-rum-pa-vastervag\/\",\"url\":\"https:\/\/dhr.se\/varberg\/vara-rum-pa-vastervag\/\",\"name\":\"V\u00e5ra rum p\u00e5 V\u00e4sterv\u00e5g - DHR - Varberg\",\"isPartOf\":{\"@id\":\"https:\/\/dhr.se\/varberg\/#website\"},\"datePublished\":\"2021-06-12T09:55:57+00:00\",\"dateModified\":\"2021-06-13T09:35:01+00:00\",\"breadcrumb\":{\"@id\":\"https:\/\/dhr.se\/varberg\/vara-rum-pa-vastervag\/#breadcrumb\"},\"inLanguage\":\"sv-SE\",\"potentialAction\":[{\"@type\":\"ReadAction\",\"target\":[\"https:\/\/dhr.se\/varberg\/vara-rum-pa-vastervag\/\"]}]},{\"@type\":\"BreadcrumbList\",\"@id\":\"https:\/\/dhr.se\/varberg\/vara-rum-pa-vastervag\/#breadcrumb\",\"itemListElement\":[{\"@type\":\"ListItem\",\"position\":1,\"name\":\"Hem\",\"item\":\"https:\/\/dhr.se\/varberg\/\"},{\"@type\":\"ListItem\",\"position\":2,\"name\":\"V\u00e5ra rum p\u00e5 V\u00e4sterv\u00e5g\"}]},{\"@type\":\"WebSite\",\"@id\":\"https:\/\/dhr.se\/varberg\/#website\",\"url\":\"https:\/\/dhr.se\/varberg\/\",\"name\":\"DHR - Varberg\",\"description\":\"Delaktighet, r\u00f6relsefrihet och handlingskraft\",\"publisher\":{\"@id\":\"https:\/\/dhr.se\/varberg\/#organization\"},\"potentialAction\":[{\"@type\":\"SearchAction\",\"target\":{\"@type\":\"EntryPoint\",\"urlTemplate\":\"https:\/\/dhr.se\/varberg\/?s={search_term_string}\"},\"query-input\":{\"@type\":\"PropertyValueSpecification\",\"valueRequired\":true,\"valueName\":\"search_term_string\"}}],\"inLanguage\":\"sv-SE\"},{\"@type\":\"Organization\",\"@id\":\"https:\/\/dhr.se\/varberg\/#organization\",\"name\":\"DHR - Varberg\",\"url\":\"https:\/\/dhr.se\/varberg\/\",\"logo\":{\"@type\":\"ImageObject\",\"inLanguage\":\"sv-SE\",\"@id\":\"https:\/\/dhr.se\/varberg\/#\/schema\/logo\/image\/\",\"url\":\"https:\/\/dhr.se\/varberg\/wp-content\/uploads\/sites\/51\/2020\/05\/cropped-DHR_bla-scaled.jpg\",\"contentUrl\":\"https:\/\/dhr.se\/varberg\/wp-content\/uploads\/sites\/51\/2020\/05\/cropped-DHR_bla-scaled.jpg\",\"width\":2560,\"height\":1990,\"caption\":\"DHR - Varberg\"},\"image\":{\"@id\":\"https:\/\/dhr.se\/varberg\/#\/schema\/logo\/image\/\"}}]}<\/script>\n<!-- \/ Yoast SEO plugin. -->","yoast_head_json":{"title":"V\u00e5ra rum p\u00e5 V\u00e4sterv\u00e5g - DHR - Varberg","robots":{"index":"index","follow":"follow","max-snippet":"max-snippet:-1","max-image-preview":"max-image-preview:large","max-video-preview":"max-video-preview:-1"},"canonical":"https:\/\/dhr.se\/varberg\/vara-rum-pa-vastervag\/","og_locale":"sv_SE","og_type":"article","og_title":"V\u00e5ra rum p\u00e5 V\u00e4sterv\u00e5g - DHR - Varberg","og_url":"https:\/\/dhr.se\/varberg\/vara-rum-pa-vastervag\/","og_site_name":"DHR - Varberg","article_modified_time":"2021-06-13T09:35:01+00:00","twitter_card":"summary_large_image","schema":{"@context":"https:\/\/schema.org","@graph":[{"@type":"WebPage","@id":"https:\/\/dhr.se\/varberg\/vara-rum-pa-vastervag\/","url":"https:\/\/dhr.se\/varberg\/vara-rum-pa-vastervag\/","name":"V\u00e5ra rum p\u00e5 V\u00e4sterv\u00e5g - DHR - Varberg","isPartOf":{"@id":"https:\/\/dhr.se\/varberg\/#website"},"datePublished":"2021-06-12T09:55:57+00:00","dateModified":"2021-06-13T09:35:01+00:00","breadcrumb":{"@id":"https:\/\/dhr.se\/varberg\/vara-rum-pa-vastervag\/#breadcrumb"},"inLanguage":"sv-SE","potentialAction":[{"@type":"ReadAction","target":["https:\/\/dhr.se\/varberg\/vara-rum-pa-vastervag\/"]}]},{"@type":"BreadcrumbList","@id":"https:\/\/dhr.se\/varberg\/vara-rum-pa-vastervag\/#breadcrumb","itemListElement":[{"@type":"ListItem","position":1,"name":"Hem","item":"https:\/\/dhr.se\/varberg\/"},{"@type":"ListItem","position":2,"name":"V\u00e5ra rum p\u00e5 V\u00e4sterv\u00e5g"}]},{"@type":"WebSite","@id":"https:\/\/dhr.se\/varberg\/#website","url":"https:\/\/dhr.se\/varberg\/","name":"DHR - Varberg","description":"Delaktighet, r\u00f6relsefrihet och handlingskraft","publisher":{"@id":"https:\/\/dhr.se\/varberg\/#organization"},"potentialAction":[{"@type":"SearchAction","target":{"@type":"EntryPoint","urlTemplate":"https:\/\/dhr.se\/varberg\/?s={search_term_string}"},"query-input":{"@type":"PropertyValueSpecification","valueRequired":true,"valueName":"search_term_string"}}],"inLanguage":"sv-SE"},{"@type":"Organization","@id":"https:\/\/dhr.se\/varberg\/#organization","name":"DHR - Varberg","url":"https:\/\/dhr.se\/varberg\/","logo":{"@type":"ImageObject","inLanguage":"sv-SE","@id":"https:\/\/dhr.se\/varberg\/#\/schema\/logo\/image\/","url":"https:\/\/dhr.se\/varberg\/wp-content\/uploads\/sites\/51\/2020\/05\/cropped-DHR_bla-scaled.jpg","contentUrl":"https:\/\/dhr.se\/varberg\/wp-content\/uploads\/sites\/51\/2020\/05\/cropped-DHR_bla-scaled.jpg","width":2560,"height":1990,"caption":"DHR - Varberg"},"image":{"@id":"https:\/\/dhr.se\/varberg\/#\/schema\/logo\/image\/"}}]}},"publishpress_future_action":{"enabled":false,"date":"2026-04-28 18:00:08","action":"change-status","newStatus":"draft","terms":[],"taxonomy":"translation_priority","extraData":[]},"publishpress_future_workflow_manual_trigger":{"enabledWorkflows":[]},"_links":{"self":[{"href":"https:\/\/dhr.se\/varberg\/wp-json\/wp\/v2\/pages\/2961","targetHints":{"allow":["GET"]}}],"collection":[{"href":"https:\/\/dhr.se\/varberg\/wp-json\/wp\/v2\/pages"}],"about":[{"href":"https:\/\/dhr.se\/varberg\/wp-json\/wp\/v2\/types\/page"}],"author":[{"embeddable":true,"href":"https:\/\/dhr.se\/varberg\/wp-json\/wp\/v2\/users\/33"}],"replies":[{"embeddable":true,"href":"https:\/\/dhr.se\/varberg\/wp-json\/wp\/v2\/comments?post=2961"}],"version-history":[{"count":0,"href":"https:\/\/dhr.se\/varberg\/wp-json\/wp\/v2\/pages\/2961\/revisions"}],"wp:attachment":[{"href":"https:\/\/dhr.se\/varberg\/wp-json\/wp\/v2\/media?parent=2961"}],"curies":[{"name":"wp","href":"https:\/\/api.w.org\/{rel}","templated":true}]}}