{"id":3207,"date":"2021-12-19T11:40:24","date_gmt":"2021-12-19T10:40:24","guid":{"rendered":"https:\/\/dhr.se\/varberg\/?page_id=3207"},"modified":"2026-01-19T13:10:21","modified_gmt":"2026-01-19T12:10:21","slug":"tillganglighetsradets-referensgrupp","status":"publish","type":"page","link":"https:\/\/dhr.se\/varberg\/tillganglighetsradets-referensgrupp\/","title":{"rendered":"TILLG\u00c4NGLIGHETSR\u00c5DETS REFERENSGRUPP"},"content":{"rendered":"<section class=\"block-simple-text\">\n    <div class=\"main\">\n        <div class=\"main-inner\">\n            <div class=\"ingress text-darker\"><\/div>\n            <div class=\"content\"><\/div>\n        <\/div>\n    <\/div>\n<\/section>\n\n<section class=\"block-simple-text\">\n    <div class=\"main\">\n        <div class=\"main-inner\">\n            <div class=\"ingress text-darker\"><p>KOMMUNALA TILLG\u00c4NGLIGHETSR\u00c5DETS<br \/>\nREFERENSGRUPP I VARBERG<\/p>\n<\/div>\n            <div class=\"content\"><p><strong>INFORMATION OM KTRR<\/strong><\/p>\n<p>Referensgruppens sammans\u00e4ttning<br \/>\nKTR:s referensgrupp \u00e4r sammansatt av ett 20 tal f\u00f6reningar. Varje f\u00f6rening har en ordinarie ledamot<br \/>\noch en ers\u00e4ttare. Dessa utses av respektive f\u00f6rening. Referensgruppen v\u00e4ljer representanter till KTR.<br \/>\nInom KTR:s referensgrupp arbetar ocks\u00e5 en Tillg\u00e4nglighetsgrupp.<br \/>\nReferensgruppens uppgifter<br \/>\nReferensgruppen sammantr\u00e4der 6 g\u00e5nger per \u00e5r.<br \/>\n\u2022 Den fr\u00e4msta uppgiften f\u00f6r referensgruppen \u00e4r att g\u00f6ra kommunen till ett Varberg f\u00f6r ALLA,<br \/>\ndetta g\u00f6r vi med samarbeten och dialoger med Varbergs Kommun, Region Halland,<br \/>\nfastighets\u00e4gare och andra ber\u00f6rda.<br \/>\n\u2022 P\u00e5 tr\u00e4ffarna diskuterar f\u00f6reningarna vilka fr\u00e5gor som skall tas upp i KTR och vad<br \/>\ntillg\u00e4nglighetsgruppen arbetar med.<br \/>\n\u2022 P\u00e5verkansarbete mot kommunen och privata akt\u00f6rer om tillg\u00e4nglighet i Varberg.<br \/>\n\u2022 Sprida information om olika funktionsneds\u00e4ttningar i olika forum.<\/p>\n<p>&nbsp;<\/p>\n<p><strong>Kontaktuppgifter<\/strong><br \/>\nF\u00f6r Er som vill veta mer g\u00e5r det att kontakta:<br \/>\nOrdf\u00f6rande\u00a0 Johannes Persson Telefon: 0728-461044 E-post: <a href=\"johannes.persson@dhr.se\">Johannes Persson<\/a><\/p>\n<p><strong>Kansli<\/strong><br \/>\nMarie Johansson v\u00e5r kanslist p\u00e5 referensgruppens kansli<br \/>\nAdress Magasinsgatan 17, Folkets Hus<br \/>\n4342 45 Varberg<br \/>\nE-post: <a href=\"ktrreferensgrupp@gmail.com\">Referensgrupps kansli<\/a><br \/>\nTelefon 0340 \u2013 61 12 20<\/p>\n<\/div>\n        <\/div>\n    <\/div>\n<\/section>","protected":false},"excerpt":{"rendered":"","protected":false},"author":33,"featured_media":0,"parent":0,"menu_order":0,"comment_status":"closed","ping_status":"closed","template":"","meta":{"_acf_changed":false,"_monsterinsights_skip_tracking":false,"_monsterinsights_sitenote_active":false,"_monsterinsights_sitenote_note":"","_monsterinsights_sitenote_category":0,"footnotes":""},"class_list":["post-3207","page","type-page","status-publish","hentry"],"acf":[],"yoast_head":"<!-- This site is optimized with the Yoast SEO plugin v27.2 - https:\/\/yoast.com\/product\/yoast-seo-wordpress\/ -->\n<title>TILLG\u00c4NGLIGHETSR\u00c5DETS REFERENSGRUPP - DHR - Varberg<\/title>\n<meta name=\"robots\" content=\"index, follow, max-snippet:-1, max-image-preview:large, max-video-preview:-1\" \/>\n<link rel=\"canonical\" href=\"https:\/\/dhr.se\/varberg\/tillganglighetsradets-referensgrupp\/\" \/>\n<meta property=\"og:locale\" content=\"sv_SE\" \/>\n<meta property=\"og:type\" content=\"article\" \/>\n<meta property=\"og:title\" content=\"TILLG\u00c4NGLIGHETSR\u00c5DETS REFERENSGRUPP - DHR - Varberg\" \/>\n<meta property=\"og:url\" content=\"https:\/\/dhr.se\/varberg\/tillganglighetsradets-referensgrupp\/\" \/>\n<meta property=\"og:site_name\" content=\"DHR - Varberg\" \/>\n<meta property=\"article:modified_time\" content=\"2026-01-19T12:10:21+00:00\" \/>\n<meta name=\"twitter:card\" content=\"summary_large_image\" \/>\n<script type=\"application\/ld+json\" class=\"yoast-schema-graph\">{\"@context\":\"https:\/\/schema.org\",\"@graph\":[{\"@type\":\"WebPage\",\"@id\":\"https:\/\/dhr.se\/varberg\/tillganglighetsradets-referensgrupp\/\",\"url\":\"https:\/\/dhr.se\/varberg\/tillganglighetsradets-referensgrupp\/\",\"name\":\"TILLG\u00c4NGLIGHETSR\u00c5DETS REFERENSGRUPP - DHR - Varberg\",\"isPartOf\":{\"@id\":\"https:\/\/dhr.se\/varberg\/#website\"},\"datePublished\":\"2021-12-19T10:40:24+00:00\",\"dateModified\":\"2026-01-19T12:10:21+00:00\",\"breadcrumb\":{\"@id\":\"https:\/\/dhr.se\/varberg\/tillganglighetsradets-referensgrupp\/#breadcrumb\"},\"inLanguage\":\"sv-SE\",\"potentialAction\":[{\"@type\":\"ReadAction\",\"target\":[\"https:\/\/dhr.se\/varberg\/tillganglighetsradets-referensgrupp\/\"]}]},{\"@type\":\"BreadcrumbList\",\"@id\":\"https:\/\/dhr.se\/varberg\/tillganglighetsradets-referensgrupp\/#breadcrumb\",\"itemListElement\":[{\"@type\":\"ListItem\",\"position\":1,\"name\":\"Hem\",\"item\":\"https:\/\/dhr.se\/varberg\/\"},{\"@type\":\"ListItem\",\"position\":2,\"name\":\"TILLG\u00c4NGLIGHETSR\u00c5DETS REFERENSGRUPP\"}]},{\"@type\":\"WebSite\",\"@id\":\"https:\/\/dhr.se\/varberg\/#website\",\"url\":\"https:\/\/dhr.se\/varberg\/\",\"name\":\"DHR - Varberg\",\"description\":\"Delaktighet, r\u00f6relsefrihet och handlingskraft\",\"publisher\":{\"@id\":\"https:\/\/dhr.se\/varberg\/#organization\"},\"potentialAction\":[{\"@type\":\"SearchAction\",\"target\":{\"@type\":\"EntryPoint\",\"urlTemplate\":\"https:\/\/dhr.se\/varberg\/?s={search_term_string}\"},\"query-input\":{\"@type\":\"PropertyValueSpecification\",\"valueRequired\":true,\"valueName\":\"search_term_string\"}}],\"inLanguage\":\"sv-SE\"},{\"@type\":\"Organization\",\"@id\":\"https:\/\/dhr.se\/varberg\/#organization\",\"name\":\"DHR - Varberg\",\"url\":\"https:\/\/dhr.se\/varberg\/\",\"logo\":{\"@type\":\"ImageObject\",\"inLanguage\":\"sv-SE\",\"@id\":\"https:\/\/dhr.se\/varberg\/#\/schema\/logo\/image\/\",\"url\":\"https:\/\/dhr.se\/varberg\/wp-content\/uploads\/sites\/51\/2020\/05\/cropped-DHR_bla-scaled.jpg\",\"contentUrl\":\"https:\/\/dhr.se\/varberg\/wp-content\/uploads\/sites\/51\/2020\/05\/cropped-DHR_bla-scaled.jpg\",\"width\":2560,\"height\":1990,\"caption\":\"DHR - Varberg\"},\"image\":{\"@id\":\"https:\/\/dhr.se\/varberg\/#\/schema\/logo\/image\/\"}}]}<\/script>\n<!-- \/ Yoast SEO plugin. -->","yoast_head_json":{"title":"TILLG\u00c4NGLIGHETSR\u00c5DETS REFERENSGRUPP - DHR - Varberg","robots":{"index":"index","follow":"follow","max-snippet":"max-snippet:-1","max-image-preview":"max-image-preview:large","max-video-preview":"max-video-preview:-1"},"canonical":"https:\/\/dhr.se\/varberg\/tillganglighetsradets-referensgrupp\/","og_locale":"sv_SE","og_type":"article","og_title":"TILLG\u00c4NGLIGHETSR\u00c5DETS REFERENSGRUPP - DHR - Varberg","og_url":"https:\/\/dhr.se\/varberg\/tillganglighetsradets-referensgrupp\/","og_site_name":"DHR - Varberg","article_modified_time":"2026-01-19T12:10:21+00:00","twitter_card":"summary_large_image","schema":{"@context":"https:\/\/schema.org","@graph":[{"@type":"WebPage","@id":"https:\/\/dhr.se\/varberg\/tillganglighetsradets-referensgrupp\/","url":"https:\/\/dhr.se\/varberg\/tillganglighetsradets-referensgrupp\/","name":"TILLG\u00c4NGLIGHETSR\u00c5DETS REFERENSGRUPP - DHR - Varberg","isPartOf":{"@id":"https:\/\/dhr.se\/varberg\/#website"},"datePublished":"2021-12-19T10:40:24+00:00","dateModified":"2026-01-19T12:10:21+00:00","breadcrumb":{"@id":"https:\/\/dhr.se\/varberg\/tillganglighetsradets-referensgrupp\/#breadcrumb"},"inLanguage":"sv-SE","potentialAction":[{"@type":"ReadAction","target":["https:\/\/dhr.se\/varberg\/tillganglighetsradets-referensgrupp\/"]}]},{"@type":"BreadcrumbList","@id":"https:\/\/dhr.se\/varberg\/tillganglighetsradets-referensgrupp\/#breadcrumb","itemListElement":[{"@type":"ListItem","position":1,"name":"Hem","item":"https:\/\/dhr.se\/varberg\/"},{"@type":"ListItem","position":2,"name":"TILLG\u00c4NGLIGHETSR\u00c5DETS REFERENSGRUPP"}]},{"@type":"WebSite","@id":"https:\/\/dhr.se\/varberg\/#website","url":"https:\/\/dhr.se\/varberg\/","name":"DHR - Varberg","description":"Delaktighet, r\u00f6relsefrihet och handlingskraft","publisher":{"@id":"https:\/\/dhr.se\/varberg\/#organization"},"potentialAction":[{"@type":"SearchAction","target":{"@type":"EntryPoint","urlTemplate":"https:\/\/dhr.se\/varberg\/?s={search_term_string}"},"query-input":{"@type":"PropertyValueSpecification","valueRequired":true,"valueName":"search_term_string"}}],"inLanguage":"sv-SE"},{"@type":"Organization","@id":"https:\/\/dhr.se\/varberg\/#organization","name":"DHR - Varberg","url":"https:\/\/dhr.se\/varberg\/","logo":{"@type":"ImageObject","inLanguage":"sv-SE","@id":"https:\/\/dhr.se\/varberg\/#\/schema\/logo\/image\/","url":"https:\/\/dhr.se\/varberg\/wp-content\/uploads\/sites\/51\/2020\/05\/cropped-DHR_bla-scaled.jpg","contentUrl":"https:\/\/dhr.se\/varberg\/wp-content\/uploads\/sites\/51\/2020\/05\/cropped-DHR_bla-scaled.jpg","width":2560,"height":1990,"caption":"DHR - Varberg"},"image":{"@id":"https:\/\/dhr.se\/varberg\/#\/schema\/logo\/image\/"}}]}},"publishpress_future_action":{"enabled":false,"date":"2026-05-03 20:13:16","action":"change-status","newStatus":"draft","terms":[],"taxonomy":"translation_priority","extraData":[]},"publishpress_future_workflow_manual_trigger":{"enabledWorkflows":[]},"_links":{"self":[{"href":"https:\/\/dhr.se\/varberg\/wp-json\/wp\/v2\/pages\/3207","targetHints":{"allow":["GET"]}}],"collection":[{"href":"https:\/\/dhr.se\/varberg\/wp-json\/wp\/v2\/pages"}],"about":[{"href":"https:\/\/dhr.se\/varberg\/wp-json\/wp\/v2\/types\/page"}],"author":[{"embeddable":true,"href":"https:\/\/dhr.se\/varberg\/wp-json\/wp\/v2\/users\/33"}],"replies":[{"embeddable":true,"href":"https:\/\/dhr.se\/varberg\/wp-json\/wp\/v2\/comments?post=3207"}],"version-history":[{"count":0,"href":"https:\/\/dhr.se\/varberg\/wp-json\/wp\/v2\/pages\/3207\/revisions"}],"wp:attachment":[{"href":"https:\/\/dhr.se\/varberg\/wp-json\/wp\/v2\/media?parent=3207"}],"curies":[{"name":"wp","href":"https:\/\/api.w.org\/{rel}","templated":true}]}}