{"id":3744,"date":"2025-02-13T11:31:07","date_gmt":"2025-02-13T10:31:07","guid":{"rendered":"https:\/\/dhr.se\/varberg\/?page_id=3744"},"modified":"2025-02-15T10:59:03","modified_gmt":"2025-02-15T09:59:03","slug":"dhr-aktiviteter-varen-2025","status":"publish","type":"page","link":"https:\/\/dhr.se\/varberg\/dhr-aktiviteter-varen-2025\/","title":{"rendered":"DHR Aktiviteter v\u00e5ren 2025"},"content":{"rendered":"<section class=\"block-one-two\">\n    <div class=\"main\">\n        <div class=\"main-inner\">\n        <h2>Musik Bingo 6 mars<\/h2>\n\n            <div class=\"flex-container\">\n                <div class=\"col-small\">\n                    <div class=\"content\"><p><strong>Aktivitet:<\/strong> Musikbingo med Dick<br \/>\n<strong>Datum:<\/strong> Torsdag 6 mars<br \/>\nTid: kl 18<br \/>\n<strong>Information<\/strong>: en kv\u00e4ll med kluriga fr\u00e5gor i h\u00e4rlig atmosf\u00e4r.<\/p>\n<p>Anm\u00e4lan senast den 27\/2 till kansliet<\/p>\n<p><strong>Kansliet:\u00a0<\/strong> \u00a0 \u00a0 \u00a00340-14580 eller E-post<\/p>\n<p><strong>E-post:\u00a0<\/strong> \u00a0 \u00a0 \u00a0 \u00a0<a href=\"vastervag@gmail.com\">vastervag@gmail.com<\/a><\/p>\n<\/div>\n                <\/div>\n                <div class=\"col-big\">\n                    <div class=\"content\"><p><img loading=\"lazy\" decoding=\"async\" class=\"alignnone size-medium wp-image-3748\" src=\"https:\/\/dhr.se\/varberg\/wp-content\/uploads\/sites\/51\/2025\/02\/Musikbingo-6mars-300x212.jpg\" alt=\"\" width=\"300\" height=\"212\" srcset=\"https:\/\/dhr.se\/varberg\/wp-content\/uploads\/sites\/51\/2025\/02\/Musikbingo-6mars-300x212.jpg 300w, https:\/\/dhr.se\/varberg\/wp-content\/uploads\/sites\/51\/2025\/02\/Musikbingo-6mars-1024x724.jpg 1024w, https:\/\/dhr.se\/varberg\/wp-content\/uploads\/sites\/51\/2025\/02\/Musikbingo-6mars-768x543.jpg 768w, https:\/\/dhr.se\/varberg\/wp-content\/uploads\/sites\/51\/2025\/02\/Musikbingo-6mars-1536x1086.jpg 1536w, https:\/\/dhr.se\/varberg\/wp-content\/uploads\/sites\/51\/2025\/02\/Musikbingo-6mars-2048x1448.jpg 2048w, https:\/\/dhr.se\/varberg\/wp-content\/uploads\/sites\/51\/2025\/02\/Musikbingo-6mars-50x35.jpg 50w, https:\/\/dhr.se\/varberg\/wp-content\/uploads\/sites\/51\/2025\/02\/Musikbingo-6mars-1600x1131.jpg 1600w\" sizes=\"auto, (max-width: 300px) 100vw, 300px\" \/><\/p>\n<\/div>\n                <\/div>\n            <\/div>\n            \n        <\/div>\n    <\/div>\n<\/section>\n\n<section class=\"block-one-two\">\n    <div class=\"main\">\n        <div class=\"main-inner\">\n        <h2>\u00c5rsm\u00f6te 26 mars<\/h2>\n\n            <div class=\"flex-container\">\n                <div class=\"col-small\">\n                    <div class=\"content\"><p><strong>\u00c5rsm\u00f6te<\/strong><\/p>\n<p><strong>Datum Onsdagen den 26 mars<\/strong><\/p>\n<p><strong>Tid: Kl 18.00<\/strong><\/p>\n<p>Plats: DHR V\u00e4sterv\u00e5g Bertils Loge<\/p>\n<p><strong>Anm\u00e4lan f\u00f6r fika senast den 19 mars<\/strong><\/p>\n<p><strong>Kansliet:\u00a0<\/strong> \u00a0 \u00a0 \u00a00340-14580 eller E-post<\/p>\n<p><strong>E-post:\u00a0<\/strong> \u00a0 \u00a0 \u00a0 \u00a0<a href=\"vastervag@gmail.com\">vastervag@gmail.com<\/a><\/p>\n<\/div>\n                <\/div>\n                <div class=\"col-big\">\n                    <div class=\"content\"><p><img loading=\"lazy\" decoding=\"async\" class=\"alignnone size-medium wp-image-3301\" src=\"https:\/\/dhr.se\/varberg\/wp-content\/uploads\/sites\/51\/2022\/02\/ordforandeklubba-300x200.jpg\" alt=\"\" width=\"300\" height=\"200\" srcset=\"https:\/\/dhr.se\/varberg\/wp-content\/uploads\/sites\/51\/2022\/02\/ordforandeklubba-300x200.jpg 300w, https:\/\/dhr.se\/varberg\/wp-content\/uploads\/sites\/51\/2022\/02\/ordforandeklubba-768x512.jpg 768w, https:\/\/dhr.se\/varberg\/wp-content\/uploads\/sites\/51\/2022\/02\/ordforandeklubba.jpg 960w\" sizes=\"auto, (max-width: 300px) 100vw, 300px\" \/><\/p>\n<\/div>\n                <\/div>\n            <\/div>\n            \n        <\/div>\n    <\/div>\n<\/section>\n\n<section class=\"block-one-two\">\n    <div class=\"main\">\n        <div class=\"main-inner\">\n        <h2>Tipspromenader<\/h2>\n\n            <div class=\"flex-container\">\n                <div class=\"col-small\">\n                    <div class=\"content\"><p>TIPSPROMENADER<br \/>\nTag med kompisen ut, dela p\u00e5 sociala medier och var med och sponsra de funktionsnedsatta med att g\u00e5 den tillg\u00e4ngliga promenaden!<\/p>\n<p><strong>S\u00f6ndag 6 april kl 11-14<\/strong><\/p>\n<p><strong>S\u00f6ndag 13 april kl 11-14<\/strong><\/p>\n<p><strong>M\u00e5ndag 21 april kl 11-14<\/strong><\/p>\n<p>Vuxna 40 kr barn 20 kr, fina priser<\/p>\n<p>F\u00f6rt\u00e4ring: Kaffe\/Tee med bullar och kakor<\/p>\n<\/div>\n                <\/div>\n                <div class=\"col-big\">\n                    <div class=\"content\"><p><img loading=\"lazy\" decoding=\"async\" class=\"alignnone size-medium wp-image-3316\" src=\"https:\/\/dhr.se\/varberg\/wp-content\/uploads\/sites\/51\/2022\/02\/Tipspromenad-300x201.png\" alt=\"\" width=\"300\" height=\"201\" srcset=\"https:\/\/dhr.se\/varberg\/wp-content\/uploads\/sites\/51\/2022\/02\/Tipspromenad-300x201.png 300w, https:\/\/dhr.se\/varberg\/wp-content\/uploads\/sites\/51\/2022\/02\/Tipspromenad.png 600w\" sizes=\"auto, (max-width: 300px) 100vw, 300px\" \/><\/p>\n<\/div>\n                <\/div>\n            <\/div>\n            \n        <\/div>\n    <\/div>\n<\/section>\n\n<section class=\"block-one-two\">\n    <div class=\"main\">\n        <div class=\"main-inner\">\n        <h2>Getter\u00f6dagen 11 maj<\/h2>\n\n            <div class=\"flex-container\">\n                <div class=\"col-small\">\n                    <div class=\"content\"><p>GETTER\u00d6DAGEN s\u00f6ndag 11 maj 10-15<\/p>\n<p>HANTVERKSF\u00d6RS\u00c4LJNING\/V\u00c5RLOPPIS\/BAKLUCKELOPPIS<br \/>\nKostnad 100 kr.<br \/>\nAnm\u00e4lan (som \u00e4r bindande) g\u00f6r ni snarast d\u00e5 platserna \u00e4r begr\u00e4nsade och f\u00f6rst till kvarn g\u00e4ller.<br \/>\nSprid bland era v\u00e4nner s\u00e5 att m\u00e5nga kommer och s\u00e4ljer eller k\u00f6per saker.<\/p>\n<p>Vi har servering med kaffe &amp; v\u00e5fflor!<\/p>\n<\/div>\n                <\/div>\n                <div class=\"col-big\">\n                    <div class=\"content\"><p><img loading=\"lazy\" decoding=\"async\" class=\"alignnone size-full wp-image-3660\" src=\"https:\/\/dhr.se\/varberg\/wp-content\/uploads\/sites\/51\/2024\/01\/Bakluckeloppis-300x291-1.jpg\" alt=\"\" width=\"300\" height=\"291\" \/><\/p>\n<\/div>\n                <\/div>\n            <\/div>\n            \n        <\/div>\n    <\/div>\n<\/section>\n\n<section class=\"block-one-two\">\n    <div class=\"main\">\n        <div class=\"main-inner\">\n        <h2>V\u00e5rfest 23 maj<\/h2>\n\n            <div class=\"flex-container\">\n                <div class=\"col-small\">\n                    <div class=\"content\"><p>V\u00e5rfest den 23 maj kl 19<\/p>\n<p><strong>Meze &#8211; 16 r\u00e4tters festmeny<\/p>\n<p><\/strong>Max 30 pers. (exkl. dryck)<\/p>\n<p>Medlemmar 200 kr icke medlemmar 250 kr<\/p>\n<p>Anm\u00e4lan senast den 9 maj, T\u00e4nk p\u00e5 allergier!<\/p>\n<p><strong>Kansliet:\u00a0<\/strong> \u00a0 \u00a0 \u00a00340-14580 eller E-post<\/p>\n<p><strong>E-post:\u00a0<\/strong> \u00a0 \u00a0 \u00a0 \u00a0<a href=\"vastervag@gmail.com\">vastervag@gmail.com<\/a><\/p>\n<\/div>\n                <\/div>\n                <div class=\"col-big\">\n                    <div class=\"content\"><p><img loading=\"lazy\" decoding=\"async\" class=\"alignnone  wp-image-3766\" src=\"https:\/\/dhr.se\/varberg\/wp-content\/uploads\/sites\/51\/2025\/02\/Zorba.png\" alt=\"\" width=\"333\" height=\"111\" srcset=\"https:\/\/dhr.se\/varberg\/wp-content\/uploads\/sites\/51\/2025\/02\/Zorba.png 240w, https:\/\/dhr.se\/varberg\/wp-content\/uploads\/sites\/51\/2025\/02\/Zorba-50x17.png 50w\" sizes=\"auto, (max-width: 333px) 100vw, 333px\" \/><\/p>\n<\/div>\n                <\/div>\n            <\/div>\n            \n        <\/div>\n    <\/div>\n<\/section>\n\n<section class=\"block-one-two\">\n    <div class=\"main\">\n        <div class=\"main-inner\">\n        <h2>SILLAFEST<\/h2>\n\n            <div class=\"flex-container\">\n                <div class=\"col-small\">\n                    <div class=\"content\"><p><strong>SILLAFEST med underh\u00e5llning<\/strong><\/p>\n<p><strong>Fredag 13 juni kl 18<\/strong><\/p>\n<p>Medlemmar fritt, icke medlem 150 kr,<\/p>\n<p><strong>anm\u00e4l er senast den 5 juni till kansliet.<\/strong><\/p>\n<p><strong>Kansliet:\u00a0<\/strong> \u00a0 \u00a0 \u00a00340-14580 eller E-post<\/p>\n<p><strong>E-post:\u00a0<\/strong> \u00a0 \u00a0 \u00a0 \u00a0<a href=\"vastervag@gmail.com\">vastervag@gmail.com<\/a><\/p>\n<\/div>\n                <\/div>\n                <div class=\"col-big\">\n                    <div class=\"content\"><p><img loading=\"lazy\" decoding=\"async\" class=\"alignnone  wp-image-3669\" src=\"https:\/\/dhr.se\/varberg\/wp-content\/uploads\/sites\/51\/2024\/01\/sillfest-300x237.jpg\" alt=\"\" width=\"363\" height=\"287\" srcset=\"https:\/\/dhr.se\/varberg\/wp-content\/uploads\/sites\/51\/2024\/01\/sillfest-300x237.jpg 300w, https:\/\/dhr.se\/varberg\/wp-content\/uploads\/sites\/51\/2024\/01\/sillfest-768x607.jpg 768w, https:\/\/dhr.se\/varberg\/wp-content\/uploads\/sites\/51\/2024\/01\/sillfest.jpg 810w\" sizes=\"auto, (max-width: 363px) 100vw, 363px\" \/><\/p>\n<\/div>\n                <\/div>\n            <\/div>\n            \n        <\/div>\n    <\/div>\n<\/section>","protected":false},"excerpt":{"rendered":"","protected":false},"author":33,"featured_media":0,"parent":0,"menu_order":0,"comment_status":"closed","ping_status":"closed","template":"","meta":{"_acf_changed":false,"_monsterinsights_skip_tracking":false,"_monsterinsights_sitenote_active":false,"_monsterinsights_sitenote_note":"","_monsterinsights_sitenote_category":0,"footnotes":""},"class_list":["post-3744","page","type-page","status-publish","hentry"],"acf":[],"yoast_head":"<!-- This site is optimized with the Yoast SEO plugin v27.2 - https:\/\/yoast.com\/product\/yoast-seo-wordpress\/ -->\n<title>DHR Aktiviteter v\u00e5ren 2025 - DHR - Varberg<\/title>\n<meta name=\"robots\" content=\"index, follow, max-snippet:-1, max-image-preview:large, max-video-preview:-1\" \/>\n<link rel=\"canonical\" href=\"https:\/\/dhr.se\/varberg\/dhr-aktiviteter-varen-2025\/\" \/>\n<meta property=\"og:locale\" content=\"sv_SE\" \/>\n<meta property=\"og:type\" content=\"article\" \/>\n<meta property=\"og:title\" content=\"DHR Aktiviteter v\u00e5ren 2025 - DHR - Varberg\" \/>\n<meta property=\"og:url\" content=\"https:\/\/dhr.se\/varberg\/dhr-aktiviteter-varen-2025\/\" \/>\n<meta property=\"og:site_name\" content=\"DHR - Varberg\" \/>\n<meta property=\"article:modified_time\" content=\"2025-02-15T09:59:03+00:00\" \/>\n<meta name=\"twitter:card\" content=\"summary_large_image\" \/>\n<script type=\"application\/ld+json\" class=\"yoast-schema-graph\">{\"@context\":\"https:\/\/schema.org\",\"@graph\":[{\"@type\":\"WebPage\",\"@id\":\"https:\/\/dhr.se\/varberg\/dhr-aktiviteter-varen-2025\/\",\"url\":\"https:\/\/dhr.se\/varberg\/dhr-aktiviteter-varen-2025\/\",\"name\":\"DHR Aktiviteter v\u00e5ren 2025 - DHR - Varberg\",\"isPartOf\":{\"@id\":\"https:\/\/dhr.se\/varberg\/#website\"},\"datePublished\":\"2025-02-13T10:31:07+00:00\",\"dateModified\":\"2025-02-15T09:59:03+00:00\",\"breadcrumb\":{\"@id\":\"https:\/\/dhr.se\/varberg\/dhr-aktiviteter-varen-2025\/#breadcrumb\"},\"inLanguage\":\"sv-SE\",\"potentialAction\":[{\"@type\":\"ReadAction\",\"target\":[\"https:\/\/dhr.se\/varberg\/dhr-aktiviteter-varen-2025\/\"]}]},{\"@type\":\"BreadcrumbList\",\"@id\":\"https:\/\/dhr.se\/varberg\/dhr-aktiviteter-varen-2025\/#breadcrumb\",\"itemListElement\":[{\"@type\":\"ListItem\",\"position\":1,\"name\":\"Hem\",\"item\":\"https:\/\/dhr.se\/varberg\/\"},{\"@type\":\"ListItem\",\"position\":2,\"name\":\"DHR Aktiviteter v\u00e5ren 2025\"}]},{\"@type\":\"WebSite\",\"@id\":\"https:\/\/dhr.se\/varberg\/#website\",\"url\":\"https:\/\/dhr.se\/varberg\/\",\"name\":\"DHR - Varberg\",\"description\":\"Delaktighet, r\u00f6relsefrihet och handlingskraft\",\"publisher\":{\"@id\":\"https:\/\/dhr.se\/varberg\/#organization\"},\"potentialAction\":[{\"@type\":\"SearchAction\",\"target\":{\"@type\":\"EntryPoint\",\"urlTemplate\":\"https:\/\/dhr.se\/varberg\/?s={search_term_string}\"},\"query-input\":{\"@type\":\"PropertyValueSpecification\",\"valueRequired\":true,\"valueName\":\"search_term_string\"}}],\"inLanguage\":\"sv-SE\"},{\"@type\":\"Organization\",\"@id\":\"https:\/\/dhr.se\/varberg\/#organization\",\"name\":\"DHR - Varberg\",\"url\":\"https:\/\/dhr.se\/varberg\/\",\"logo\":{\"@type\":\"ImageObject\",\"inLanguage\":\"sv-SE\",\"@id\":\"https:\/\/dhr.se\/varberg\/#\/schema\/logo\/image\/\",\"url\":\"https:\/\/dhr.se\/varberg\/wp-content\/uploads\/sites\/51\/2020\/05\/cropped-DHR_bla-scaled.jpg\",\"contentUrl\":\"https:\/\/dhr.se\/varberg\/wp-content\/uploads\/sites\/51\/2020\/05\/cropped-DHR_bla-scaled.jpg\",\"width\":2560,\"height\":1990,\"caption\":\"DHR - Varberg\"},\"image\":{\"@id\":\"https:\/\/dhr.se\/varberg\/#\/schema\/logo\/image\/\"}}]}<\/script>\n<!-- \/ Yoast SEO plugin. -->","yoast_head_json":{"title":"DHR Aktiviteter v\u00e5ren 2025 - DHR - Varberg","robots":{"index":"index","follow":"follow","max-snippet":"max-snippet:-1","max-image-preview":"max-image-preview:large","max-video-preview":"max-video-preview:-1"},"canonical":"https:\/\/dhr.se\/varberg\/dhr-aktiviteter-varen-2025\/","og_locale":"sv_SE","og_type":"article","og_title":"DHR Aktiviteter v\u00e5ren 2025 - DHR - Varberg","og_url":"https:\/\/dhr.se\/varberg\/dhr-aktiviteter-varen-2025\/","og_site_name":"DHR - Varberg","article_modified_time":"2025-02-15T09:59:03+00:00","twitter_card":"summary_large_image","schema":{"@context":"https:\/\/schema.org","@graph":[{"@type":"WebPage","@id":"https:\/\/dhr.se\/varberg\/dhr-aktiviteter-varen-2025\/","url":"https:\/\/dhr.se\/varberg\/dhr-aktiviteter-varen-2025\/","name":"DHR Aktiviteter v\u00e5ren 2025 - DHR - Varberg","isPartOf":{"@id":"https:\/\/dhr.se\/varberg\/#website"},"datePublished":"2025-02-13T10:31:07+00:00","dateModified":"2025-02-15T09:59:03+00:00","breadcrumb":{"@id":"https:\/\/dhr.se\/varberg\/dhr-aktiviteter-varen-2025\/#breadcrumb"},"inLanguage":"sv-SE","potentialAction":[{"@type":"ReadAction","target":["https:\/\/dhr.se\/varberg\/dhr-aktiviteter-varen-2025\/"]}]},{"@type":"BreadcrumbList","@id":"https:\/\/dhr.se\/varberg\/dhr-aktiviteter-varen-2025\/#breadcrumb","itemListElement":[{"@type":"ListItem","position":1,"name":"Hem","item":"https:\/\/dhr.se\/varberg\/"},{"@type":"ListItem","position":2,"name":"DHR Aktiviteter v\u00e5ren 2025"}]},{"@type":"WebSite","@id":"https:\/\/dhr.se\/varberg\/#website","url":"https:\/\/dhr.se\/varberg\/","name":"DHR - Varberg","description":"Delaktighet, r\u00f6relsefrihet och handlingskraft","publisher":{"@id":"https:\/\/dhr.se\/varberg\/#organization"},"potentialAction":[{"@type":"SearchAction","target":{"@type":"EntryPoint","urlTemplate":"https:\/\/dhr.se\/varberg\/?s={search_term_string}"},"query-input":{"@type":"PropertyValueSpecification","valueRequired":true,"valueName":"search_term_string"}}],"inLanguage":"sv-SE"},{"@type":"Organization","@id":"https:\/\/dhr.se\/varberg\/#organization","name":"DHR - Varberg","url":"https:\/\/dhr.se\/varberg\/","logo":{"@type":"ImageObject","inLanguage":"sv-SE","@id":"https:\/\/dhr.se\/varberg\/#\/schema\/logo\/image\/","url":"https:\/\/dhr.se\/varberg\/wp-content\/uploads\/sites\/51\/2020\/05\/cropped-DHR_bla-scaled.jpg","contentUrl":"https:\/\/dhr.se\/varberg\/wp-content\/uploads\/sites\/51\/2020\/05\/cropped-DHR_bla-scaled.jpg","width":2560,"height":1990,"caption":"DHR - Varberg"},"image":{"@id":"https:\/\/dhr.se\/varberg\/#\/schema\/logo\/image\/"}}]}},"publishpress_future_action":{"enabled":false,"date":"2026-05-02 01:42:07","action":"change-status","newStatus":"draft","terms":[],"taxonomy":"translation_priority","extraData":[]},"publishpress_future_workflow_manual_trigger":{"enabledWorkflows":[]},"_links":{"self":[{"href":"https:\/\/dhr.se\/varberg\/wp-json\/wp\/v2\/pages\/3744","targetHints":{"allow":["GET"]}}],"collection":[{"href":"https:\/\/dhr.se\/varberg\/wp-json\/wp\/v2\/pages"}],"about":[{"href":"https:\/\/dhr.se\/varberg\/wp-json\/wp\/v2\/types\/page"}],"author":[{"embeddable":true,"href":"https:\/\/dhr.se\/varberg\/wp-json\/wp\/v2\/users\/33"}],"replies":[{"embeddable":true,"href":"https:\/\/dhr.se\/varberg\/wp-json\/wp\/v2\/comments?post=3744"}],"version-history":[{"count":0,"href":"https:\/\/dhr.se\/varberg\/wp-json\/wp\/v2\/pages\/3744\/revisions"}],"wp:attachment":[{"href":"https:\/\/dhr.se\/varberg\/wp-json\/wp\/v2\/media?parent=3744"}],"curies":[{"name":"wp","href":"https:\/\/api.w.org\/{rel}","templated":true}]}}