{"id":3799,"date":"2025-08-12T18:56:45","date_gmt":"2025-08-12T16:56:45","guid":{"rendered":"https:\/\/dhr.se\/varberg\/?page_id=3799"},"modified":"2025-08-18T17:58:39","modified_gmt":"2025-08-18T15:58:39","slug":"dhr-aktiviteter-varen-2025-2","status":"publish","type":"page","link":"https:\/\/dhr.se\/varberg\/dhr-aktiviteter-varen-2025-2\/","title":{"rendered":"DHR Aktiviteter h\u00f6sten 2025"},"content":{"rendered":"<section class=\"block-one-two\">\n    <div class=\"main\">\n        <div class=\"main-inner\">\n        <h2>Resa Lygnern runt med ISA B\u00e5ten<\/h2>\n\n            <div class=\"flex-container\">\n                <div class=\"col-small\">\n                    <div class=\"content\"><p>Resa Lygnern runt med ISA<br \/>\nB\u00e5ten utg\u00e5r fr\u00e5n Fj\u00e4r\u00e5s<br \/>\n<strong>Datum:<\/strong> den 27 augusti<br \/>\n<strong>Avresa<\/strong> kl 9:30 fr\u00e5n DHR<\/p>\n<p>Kostnad: Medlemmar 400 kr, icke medlem 500 kr,<br \/>\nBetalning sker p\u00e5 bussen via Swish eller kontanter.<\/p>\n<p><strong>Anm\u00e4lan:<\/strong> senast den 17 augusti, till trivselkommitten.dhr@Yahoo.com<\/p>\n<\/div>\n                <\/div>\n                <div class=\"col-big\">\n                    <div class=\"content\"><p><img loading=\"lazy\" decoding=\"async\" class=\"alignnone  wp-image-3800\" src=\"https:\/\/dhr.se\/varberg\/wp-content\/uploads\/sites\/51\/2025\/08\/Baten-ISA.jpeg\" alt=\"\" width=\"424\" height=\"269\" srcset=\"https:\/\/dhr.se\/varberg\/wp-content\/uploads\/sites\/51\/2025\/08\/Baten-ISA.jpeg 282w, https:\/\/dhr.se\/varberg\/wp-content\/uploads\/sites\/51\/2025\/08\/Baten-ISA-50x32.jpeg 50w\" sizes=\"auto, (max-width: 424px) 100vw, 424px\" \/><\/p>\n<\/div>\n                <\/div>\n            <\/div>\n            \n        <\/div>\n    <\/div>\n<\/section>\n\n<section class=\"block-one-two\">\n    <div class=\"main\">\n        <div class=\"main-inner\">\n        <h2>Sticka, virka, brodera eller bara umg\u00e5s<\/h2>\n\n            <div class=\"flex-container\">\n                <div class=\"col-small\">\n                    <div class=\"content\"><p>Sticka, virka, brodera eller bara umg\u00e5s<\/p>\n<p>Datum: Start den torsdag den 4 september<\/p>\n<p>Tider: kl. 18.00 &#8211; 20.00<\/p>\n<p>8 ggr varannan torsdag.<br \/>\nFritt att vara med, tag med din granne eller v\u00e4n och<br \/>\numg\u00e5s! Fika ing\u00e5r. Bara kom!<\/p>\n<p>Anm\u00e4les till:\u00a0 trivselkommitten.dhr@Yahoo.com<\/p>\n<p>&nbsp;<\/p>\n<\/div>\n                <\/div>\n                <div class=\"col-big\">\n                    <div class=\"content\"><p><img loading=\"lazy\" decoding=\"async\" class=\"alignnone  wp-image-3811\" src=\"https:\/\/dhr.se\/varberg\/wp-content\/uploads\/sites\/51\/2025\/08\/05110-stickning-ima89301-300x200.jpg\" alt=\"\" width=\"404\" height=\"269\" srcset=\"https:\/\/dhr.se\/varberg\/wp-content\/uploads\/sites\/51\/2025\/08\/05110-stickning-ima89301-300x200.jpg 300w, https:\/\/dhr.se\/varberg\/wp-content\/uploads\/sites\/51\/2025\/08\/05110-stickning-ima89301-1024x683.jpg 1024w, https:\/\/dhr.se\/varberg\/wp-content\/uploads\/sites\/51\/2025\/08\/05110-stickning-ima89301-768x512.jpg 768w, https:\/\/dhr.se\/varberg\/wp-content\/uploads\/sites\/51\/2025\/08\/05110-stickning-ima89301-50x33.jpg 50w, https:\/\/dhr.se\/varberg\/wp-content\/uploads\/sites\/51\/2025\/08\/05110-stickning-ima89301.jpg 1440w\" sizes=\"auto, (max-width: 404px) 100vw, 404px\" \/><\/p>\n<\/div>\n                <\/div>\n            <\/div>\n            \n        <\/div>\n    <\/div>\n<\/section>\n\n<section class=\"block-one-two\">\n    <div class=\"main\">\n        <div class=\"main-inner\">\n        <h2>\u00c5rets Kr\u00e4ftskiva<\/h2>\n\n            <div class=\"flex-container\">\n                <div class=\"col-small\">\n                    <div class=\"content\"><p><strong>\u00c5rets Kr\u00e4ftskiva<\/strong><\/p>\n<p><strong>Den<\/strong> 12 september<\/p>\n<p><strong>Tid<\/strong> 18.00<\/p>\n<p><strong>Anm\u00e4lan<\/strong>: senast den 2 september.<\/p>\n<p>Till trivselkommitten.dhr@Yahoo.com<\/p>\n<\/div>\n                <\/div>\n                <div class=\"col-big\">\n                    <div class=\"content\"><p><img loading=\"lazy\" decoding=\"async\" class=\"alignnone wp-image-3807\" src=\"https:\/\/dhr.se\/varberg\/wp-content\/uploads\/sites\/51\/2025\/08\/kraftskiva-12-sep-300x200.jpg\" alt=\"\" width=\"380\" height=\"253\" srcset=\"https:\/\/dhr.se\/varberg\/wp-content\/uploads\/sites\/51\/2025\/08\/kraftskiva-12-sep-300x200.jpg 300w, https:\/\/dhr.se\/varberg\/wp-content\/uploads\/sites\/51\/2025\/08\/kraftskiva-12-sep-768x512.jpg 768w, https:\/\/dhr.se\/varberg\/wp-content\/uploads\/sites\/51\/2025\/08\/kraftskiva-12-sep-50x33.jpg 50w, https:\/\/dhr.se\/varberg\/wp-content\/uploads\/sites\/51\/2025\/08\/kraftskiva-12-sep.jpg 901w\" sizes=\"auto, (max-width: 380px) 100vw, 380px\" \/><\/p>\n<\/div>\n                <\/div>\n            <\/div>\n            \n        <\/div>\n    <\/div>\n<\/section>\n\n<section class=\"block-one-two\">\n    <div class=\"main\">\n        <div class=\"main-inner\">\n        <h2>BINGO<\/h2>\n\n            <div class=\"flex-container\">\n                <div class=\"col-small\">\n                    <div class=\"content\"><p>BINGO<\/p>\n<p>Tidsdrag den 7 oktober\u00a0 Kl. 18.00<br \/>\noch<br \/>\nTisdagen den 21 Oktober Kl. 18.00<\/p>\n<p>Anm\u00e4lan: Anm\u00e4l er senast fredagen f\u00f6re BINGON!<\/p>\n<p>Till trivselkommitten.dhr@Yahoo.com<\/p>\n<\/div>\n                <\/div>\n                <div class=\"col-big\">\n                    <div class=\"content\"><p><img loading=\"lazy\" decoding=\"async\" class=\"alignnone  wp-image-3641\" src=\"https:\/\/dhr.se\/varberg\/wp-content\/uploads\/sites\/51\/2024\/01\/BINGO-300x225.jpg\" alt=\"\" width=\"340\" height=\"255\" srcset=\"https:\/\/dhr.se\/varberg\/wp-content\/uploads\/sites\/51\/2024\/01\/BINGO-300x225.jpg 300w, https:\/\/dhr.se\/varberg\/wp-content\/uploads\/sites\/51\/2024\/01\/BINGO-768x576.jpg 768w, https:\/\/dhr.se\/varberg\/wp-content\/uploads\/sites\/51\/2024\/01\/BINGO.jpg 1024w\" sizes=\"auto, (max-width: 340px) 100vw, 340px\" \/><\/p>\n<\/div>\n                <\/div>\n            <\/div>\n            \n        <\/div>\n    <\/div>\n<\/section>\n\n<section class=\"block-one-two\">\n    <div class=\"main\">\n        <div class=\"main-inner\">\n        <h2>TIPSPROMENADER<\/h2>\n\n            <div class=\"flex-container\">\n                <div class=\"col-small\">\n                    <div class=\"content\"><p><strong>TIPSPROMENADER<\/strong><\/p>\n<p>Tag med kompisen ut, dela p\u00e5 sociala medier och var med och st\u00f6tta<br \/>\nDHR med att g\u00e5 den tillg\u00e4ngliga promenaden!<\/p>\n<p><strong>S\u00f6ndag 19 oktober kl. 11-14<\/strong><br \/>\n<strong>S\u00f6ndag 26 oktober kl. 11-14<\/strong><br \/>\n<strong>S\u00f6ndag 2 november kl. 11-14<\/strong><\/p>\n<p>K\u00f6p er fixa hos oss efter promenaden!<\/p>\n<\/div>\n                <\/div>\n                <div class=\"col-big\">\n                    <div class=\"content\"><p><img loading=\"lazy\" decoding=\"async\" class=\"alignnone  wp-image-3316\" src=\"https:\/\/dhr.se\/varberg\/wp-content\/uploads\/sites\/51\/2022\/02\/Tipspromenad-300x201.png\" alt=\"\" width=\"361\" height=\"242\" srcset=\"https:\/\/dhr.se\/varberg\/wp-content\/uploads\/sites\/51\/2022\/02\/Tipspromenad-300x201.png 300w, https:\/\/dhr.se\/varberg\/wp-content\/uploads\/sites\/51\/2022\/02\/Tipspromenad.png 600w\" sizes=\"auto, (max-width: 361px) 100vw, 361px\" \/><\/p>\n<\/div>\n                <\/div>\n            <\/div>\n            \n        <\/div>\n    <\/div>\n<\/section>\n\n<section class=\"block-one-two\">\n    <div class=\"main\">\n        <div class=\"main-inner\">\n        <h2>Musikbingo<\/h2>\n\n            <div class=\"flex-container\">\n                <div class=\"col-small\">\n                    <div class=\"content\"><p><strong>Musikbingo med Dick<\/strong><\/p>\n<p><strong>Tisdag 4 november kl. 18<\/strong><br \/>\n<strong>Tisdag 18 november kl. 18<\/strong><\/p>\n<p>kv\u00e4llar med kluriga fr\u00e5gor i h\u00e4rlig atmosf\u00e4r.<\/p>\n<p>Anm\u00e4lan senast en vecka f\u00f6re. Fika ing\u00e5r.<\/p>\n<p>Anm\u00e4lan g\u00f6r ni till: trivselkommitten.dhr@Yahoo.com<\/p>\n<p>&nbsp;<\/p>\n<p><strong>Kostnad:<\/strong> 50 kr<\/p>\n<\/div>\n                <\/div>\n                <div class=\"col-big\">\n                    <div class=\"content\"><p><img loading=\"lazy\" decoding=\"async\" class=\"alignnone  wp-image-3821\" src=\"https:\/\/dhr.se\/varberg\/wp-content\/uploads\/sites\/51\/2025\/08\/Musikbingo.jpeg\" alt=\"\" width=\"334\" height=\"273\" srcset=\"https:\/\/dhr.se\/varberg\/wp-content\/uploads\/sites\/51\/2025\/08\/Musikbingo.jpeg 248w, https:\/\/dhr.se\/varberg\/wp-content\/uploads\/sites\/51\/2025\/08\/Musikbingo-50x41.jpeg 50w\" sizes=\"auto, (max-width: 334px) 100vw, 334px\" \/><\/p>\n<\/div>\n                <\/div>\n            <\/div>\n            \n        <\/div>\n    <\/div>\n<\/section>\n\n<section class=\"block-one-two\">\n    <div class=\"main\">\n        <div class=\"main-inner\">\n        <h2>JULFEST<\/h2>\n\n            <div class=\"flex-container\">\n                <div class=\"col-small\">\n                    <div class=\"content\"><p><strong>JULFEST<\/strong><\/p>\n<p>Fredag den 12 december kl. 18<\/p>\n<p>Info: Underh\u00e5llningen st\u00e5r vi sj\u00e4lva f\u00f6r.<\/p>\n<p>Kostnad: Medlemmar 100 kr, icke medlem 150 kr<br \/>\ndu k\u00f6per en julklapp till ett v\u00e4rde av minst 50 kronor och tar med dig.<\/p>\n<p>Massor av mat (stort julbord d\u00e4r man<br \/>\ntar med de starkare dryckerna sj\u00e4lv).<br \/>\nEn h\u00e4rlig kv\u00e4ll p\u00e5 Getter\u00f6n i f\u00f6rhoppningsvis<br \/>\nsk\u00f6n kamratskap!<\/p>\n<p><strong>Anm\u00e4l<\/strong> er senast den 5 december via\u00a0 trivselkommitten.dhr@Yahoo.com<\/p>\n<\/div>\n                <\/div>\n                <div class=\"col-big\">\n                    <div class=\"content\"><p><img loading=\"lazy\" decoding=\"async\" class=\"alignnone  wp-image-3513\" src=\"https:\/\/dhr.se\/varberg\/wp-content\/uploads\/sites\/51\/2022\/09\/griljerad_julskinka_med_apelsinsenap_och_notcrust--300x300.jpg\" alt=\"\" width=\"242\" height=\"242\" srcset=\"https:\/\/dhr.se\/varberg\/wp-content\/uploads\/sites\/51\/2022\/09\/griljerad_julskinka_med_apelsinsenap_och_notcrust--300x300.jpg 300w, https:\/\/dhr.se\/varberg\/wp-content\/uploads\/sites\/51\/2022\/09\/griljerad_julskinka_med_apelsinsenap_och_notcrust--150x150.jpg 150w, https:\/\/dhr.se\/varberg\/wp-content\/uploads\/sites\/51\/2022\/09\/griljerad_julskinka_med_apelsinsenap_och_notcrust-.jpg 580w\" sizes=\"auto, (max-width: 242px) 100vw, 242px\" \/><\/p>\n<p><img loading=\"lazy\" decoding=\"async\" class=\"alignnone  wp-image-3669\" src=\"https:\/\/dhr.se\/varberg\/wp-content\/uploads\/sites\/51\/2024\/01\/sillfest-300x237.jpg\" alt=\"\" width=\"240\" height=\"190\" srcset=\"https:\/\/dhr.se\/varberg\/wp-content\/uploads\/sites\/51\/2024\/01\/sillfest-300x237.jpg 300w, https:\/\/dhr.se\/varberg\/wp-content\/uploads\/sites\/51\/2024\/01\/sillfest-768x607.jpg 768w, https:\/\/dhr.se\/varberg\/wp-content\/uploads\/sites\/51\/2024\/01\/sillfest.jpg 810w\" sizes=\"auto, (max-width: 240px) 100vw, 240px\" \/><\/p>\n<\/div>\n                <\/div>\n            <\/div>\n            \n        <\/div>\n    <\/div>\n<\/section>","protected":false},"excerpt":{"rendered":"","protected":false},"author":33,"featured_media":0,"parent":0,"menu_order":0,"comment_status":"closed","ping_status":"closed","template":"","meta":{"_acf_changed":false,"_monsterinsights_skip_tracking":false,"_monsterinsights_sitenote_active":false,"_monsterinsights_sitenote_note":"","_monsterinsights_sitenote_category":0,"footnotes":""},"class_list":["post-3799","page","type-page","status-publish","hentry"],"acf":[],"yoast_head":"<!-- This site is optimized with the Yoast SEO plugin v27.2 - https:\/\/yoast.com\/product\/yoast-seo-wordpress\/ -->\n<title>DHR Aktiviteter h\u00f6sten 2025 - DHR - Varberg<\/title>\n<meta name=\"robots\" content=\"index, follow, max-snippet:-1, max-image-preview:large, max-video-preview:-1\" \/>\n<link rel=\"canonical\" href=\"https:\/\/dhr.se\/varberg\/dhr-aktiviteter-varen-2025-2\/\" \/>\n<meta property=\"og:locale\" content=\"sv_SE\" \/>\n<meta property=\"og:type\" content=\"article\" \/>\n<meta property=\"og:title\" content=\"DHR Aktiviteter h\u00f6sten 2025 - DHR - Varberg\" \/>\n<meta property=\"og:url\" content=\"https:\/\/dhr.se\/varberg\/dhr-aktiviteter-varen-2025-2\/\" \/>\n<meta property=\"og:site_name\" content=\"DHR - Varberg\" \/>\n<meta property=\"article:modified_time\" content=\"2025-08-18T15:58:39+00:00\" \/>\n<meta name=\"twitter:card\" content=\"summary_large_image\" \/>\n<script type=\"application\/ld+json\" class=\"yoast-schema-graph\">{\"@context\":\"https:\/\/schema.org\",\"@graph\":[{\"@type\":\"WebPage\",\"@id\":\"https:\/\/dhr.se\/varberg\/dhr-aktiviteter-varen-2025-2\/\",\"url\":\"https:\/\/dhr.se\/varberg\/dhr-aktiviteter-varen-2025-2\/\",\"name\":\"DHR Aktiviteter h\u00f6sten 2025 - DHR - Varberg\",\"isPartOf\":{\"@id\":\"https:\/\/dhr.se\/varberg\/#website\"},\"datePublished\":\"2025-08-12T16:56:45+00:00\",\"dateModified\":\"2025-08-18T15:58:39+00:00\",\"breadcrumb\":{\"@id\":\"https:\/\/dhr.se\/varberg\/dhr-aktiviteter-varen-2025-2\/#breadcrumb\"},\"inLanguage\":\"sv-SE\",\"potentialAction\":[{\"@type\":\"ReadAction\",\"target\":[\"https:\/\/dhr.se\/varberg\/dhr-aktiviteter-varen-2025-2\/\"]}]},{\"@type\":\"BreadcrumbList\",\"@id\":\"https:\/\/dhr.se\/varberg\/dhr-aktiviteter-varen-2025-2\/#breadcrumb\",\"itemListElement\":[{\"@type\":\"ListItem\",\"position\":1,\"name\":\"Hem\",\"item\":\"https:\/\/dhr.se\/varberg\/\"},{\"@type\":\"ListItem\",\"position\":2,\"name\":\"DHR Aktiviteter h\u00f6sten 2025\"}]},{\"@type\":\"WebSite\",\"@id\":\"https:\/\/dhr.se\/varberg\/#website\",\"url\":\"https:\/\/dhr.se\/varberg\/\",\"name\":\"DHR - Varberg\",\"description\":\"Delaktighet, r\u00f6relsefrihet och handlingskraft\",\"publisher\":{\"@id\":\"https:\/\/dhr.se\/varberg\/#organization\"},\"potentialAction\":[{\"@type\":\"SearchAction\",\"target\":{\"@type\":\"EntryPoint\",\"urlTemplate\":\"https:\/\/dhr.se\/varberg\/?s={search_term_string}\"},\"query-input\":{\"@type\":\"PropertyValueSpecification\",\"valueRequired\":true,\"valueName\":\"search_term_string\"}}],\"inLanguage\":\"sv-SE\"},{\"@type\":\"Organization\",\"@id\":\"https:\/\/dhr.se\/varberg\/#organization\",\"name\":\"DHR - Varberg\",\"url\":\"https:\/\/dhr.se\/varberg\/\",\"logo\":{\"@type\":\"ImageObject\",\"inLanguage\":\"sv-SE\",\"@id\":\"https:\/\/dhr.se\/varberg\/#\/schema\/logo\/image\/\",\"url\":\"https:\/\/dhr.se\/varberg\/wp-content\/uploads\/sites\/51\/2020\/05\/cropped-DHR_bla-scaled.jpg\",\"contentUrl\":\"https:\/\/dhr.se\/varberg\/wp-content\/uploads\/sites\/51\/2020\/05\/cropped-DHR_bla-scaled.jpg\",\"width\":2560,\"height\":1990,\"caption\":\"DHR - Varberg\"},\"image\":{\"@id\":\"https:\/\/dhr.se\/varberg\/#\/schema\/logo\/image\/\"}}]}<\/script>\n<!-- \/ Yoast SEO plugin. -->","yoast_head_json":{"title":"DHR Aktiviteter h\u00f6sten 2025 - DHR - Varberg","robots":{"index":"index","follow":"follow","max-snippet":"max-snippet:-1","max-image-preview":"max-image-preview:large","max-video-preview":"max-video-preview:-1"},"canonical":"https:\/\/dhr.se\/varberg\/dhr-aktiviteter-varen-2025-2\/","og_locale":"sv_SE","og_type":"article","og_title":"DHR Aktiviteter h\u00f6sten 2025 - DHR - Varberg","og_url":"https:\/\/dhr.se\/varberg\/dhr-aktiviteter-varen-2025-2\/","og_site_name":"DHR - Varberg","article_modified_time":"2025-08-18T15:58:39+00:00","twitter_card":"summary_large_image","schema":{"@context":"https:\/\/schema.org","@graph":[{"@type":"WebPage","@id":"https:\/\/dhr.se\/varberg\/dhr-aktiviteter-varen-2025-2\/","url":"https:\/\/dhr.se\/varberg\/dhr-aktiviteter-varen-2025-2\/","name":"DHR Aktiviteter h\u00f6sten 2025 - DHR - Varberg","isPartOf":{"@id":"https:\/\/dhr.se\/varberg\/#website"},"datePublished":"2025-08-12T16:56:45+00:00","dateModified":"2025-08-18T15:58:39+00:00","breadcrumb":{"@id":"https:\/\/dhr.se\/varberg\/dhr-aktiviteter-varen-2025-2\/#breadcrumb"},"inLanguage":"sv-SE","potentialAction":[{"@type":"ReadAction","target":["https:\/\/dhr.se\/varberg\/dhr-aktiviteter-varen-2025-2\/"]}]},{"@type":"BreadcrumbList","@id":"https:\/\/dhr.se\/varberg\/dhr-aktiviteter-varen-2025-2\/#breadcrumb","itemListElement":[{"@type":"ListItem","position":1,"name":"Hem","item":"https:\/\/dhr.se\/varberg\/"},{"@type":"ListItem","position":2,"name":"DHR Aktiviteter h\u00f6sten 2025"}]},{"@type":"WebSite","@id":"https:\/\/dhr.se\/varberg\/#website","url":"https:\/\/dhr.se\/varberg\/","name":"DHR - Varberg","description":"Delaktighet, r\u00f6relsefrihet och handlingskraft","publisher":{"@id":"https:\/\/dhr.se\/varberg\/#organization"},"potentialAction":[{"@type":"SearchAction","target":{"@type":"EntryPoint","urlTemplate":"https:\/\/dhr.se\/varberg\/?s={search_term_string}"},"query-input":{"@type":"PropertyValueSpecification","valueRequired":true,"valueName":"search_term_string"}}],"inLanguage":"sv-SE"},{"@type":"Organization","@id":"https:\/\/dhr.se\/varberg\/#organization","name":"DHR - Varberg","url":"https:\/\/dhr.se\/varberg\/","logo":{"@type":"ImageObject","inLanguage":"sv-SE","@id":"https:\/\/dhr.se\/varberg\/#\/schema\/logo\/image\/","url":"https:\/\/dhr.se\/varberg\/wp-content\/uploads\/sites\/51\/2020\/05\/cropped-DHR_bla-scaled.jpg","contentUrl":"https:\/\/dhr.se\/varberg\/wp-content\/uploads\/sites\/51\/2020\/05\/cropped-DHR_bla-scaled.jpg","width":2560,"height":1990,"caption":"DHR - Varberg"},"image":{"@id":"https:\/\/dhr.se\/varberg\/#\/schema\/logo\/image\/"}}]}},"publishpress_future_action":{"enabled":false,"date":"2026-05-03 20:13:15","action":"change-status","newStatus":"draft","terms":[],"taxonomy":"translation_priority","extraData":[]},"publishpress_future_workflow_manual_trigger":{"enabledWorkflows":[]},"_links":{"self":[{"href":"https:\/\/dhr.se\/varberg\/wp-json\/wp\/v2\/pages\/3799","targetHints":{"allow":["GET"]}}],"collection":[{"href":"https:\/\/dhr.se\/varberg\/wp-json\/wp\/v2\/pages"}],"about":[{"href":"https:\/\/dhr.se\/varberg\/wp-json\/wp\/v2\/types\/page"}],"author":[{"embeddable":true,"href":"https:\/\/dhr.se\/varberg\/wp-json\/wp\/v2\/users\/33"}],"replies":[{"embeddable":true,"href":"https:\/\/dhr.se\/varberg\/wp-json\/wp\/v2\/comments?post=3799"}],"version-history":[{"count":0,"href":"https:\/\/dhr.se\/varberg\/wp-json\/wp\/v2\/pages\/3799\/revisions"}],"wp:attachment":[{"href":"https:\/\/dhr.se\/varberg\/wp-json\/wp\/v2\/media?parent=3799"}],"curies":[{"name":"wp","href":"https:\/\/api.w.org\/{rel}","templated":true}]}}