{"id":3876,"date":"2026-03-05T16:47:17","date_gmt":"2026-03-05T15:47:17","guid":{"rendered":"https:\/\/dhr.se\/varberg\/?page_id=3876"},"modified":"2026-03-06T14:18:53","modified_gmt":"2026-03-06T13:18:53","slug":"dhr-aktiviteter-varen-2026","status":"publish","type":"page","link":"https:\/\/dhr.se\/varberg\/dhr-aktiviteter-varen-2026\/","title":{"rendered":"DHR Aktiviteter V\u00e5ren 2026"},"content":{"rendered":"<section class=\"block-one-two\">\n    <div class=\"main\">\n        <div class=\"main-inner\">\n        <h2>V\u00e5rfest p\u00e5 Restaurang CYRANOL<\/h2>\n\n            <div class=\"flex-container\">\n                <div class=\"col-small\">\n                    <div class=\"content\"><p>V\u00e5rfest<\/p>\n<p>Var: Restaurang Cyranol<\/p>\n<p>Datum: 20 mars<\/p>\n<p>KL 19.00<\/p>\n<p>Adress: Kungsgatan 14<\/p>\n<p>Kostnad: 100 kr f\u00f6r maten, dryck st\u00e5r ni sj\u00e4lva f\u00f6r<\/p>\n<p>Anm\u00e4lan Senast den 10 Mars till <a href=\"mailto:trivselkommitten.dhr@Yahoo.com\">trivselkommitten.dhr@Yahoo.com<\/a><\/p>\n<\/div>\n                <\/div>\n                <div class=\"col-big\">\n                    <div class=\"content\"><p><img loading=\"lazy\" decoding=\"async\" class=\"alignnone wp-image-3877\" src=\"https:\/\/dhr.se\/varberg\/wp-content\/uploads\/sites\/51\/2026\/03\/syranol.jpg\" alt=\"\" width=\"378\" height=\"265\" srcset=\"https:\/\/dhr.se\/varberg\/wp-content\/uploads\/sites\/51\/2026\/03\/syranol.jpg 228w, https:\/\/dhr.se\/varberg\/wp-content\/uploads\/sites\/51\/2026\/03\/syranol-50x35.jpg 50w\" sizes=\"auto, (max-width: 378px) 100vw, 378px\" \/><\/p>\n<\/div>\n                <\/div>\n            <\/div>\n            \n        <\/div>\n    <\/div>\n<\/section>\n\n<section class=\"block-one-two\">\n    <div class=\"main\">\n        <div class=\"main-inner\">\n        <h2>\u00c5RSM\u00d6TE<\/h2>\n\n            <div class=\"flex-container\">\n                <div class=\"col-small\">\n                    <div class=\"content\"><p><strong>\u00c5rsm\u00f6te<\/strong><\/p>\n<p>Datum: Onsdag 25 mars<\/p>\n<p>Tid: kl 18.00<\/p>\n<p>Var: DHR V\u00e4sterv\u00e5g Bertils loge<\/p>\n<p>Anm\u00e4lan senast den 23 mars f\u00f6r fika\u00a0 \u00a0till <a href=\"mailto:trivselkommitten.dhr@Yahoo.com\">trivselkommitten.dhr@Yahoo.com<\/a><\/p>\n<p>Klicka f\u00f6r dagordning<\/p>\n<p>Resten av handlingarna f\u00f6r \u00e5rsm\u00f6tet finns kommer att finnas<\/p>\n<\/div>\n                <\/div>\n                <div class=\"col-big\">\n                    <div class=\"content\"><p><img loading=\"lazy\" decoding=\"async\" class=\"alignnone wp-image-3301\" src=\"https:\/\/dhr.se\/varberg\/wp-content\/uploads\/sites\/51\/2022\/02\/ordforandeklubba-300x200.jpg\" alt=\"\" width=\"413\" height=\"275\" srcset=\"https:\/\/dhr.se\/varberg\/wp-content\/uploads\/sites\/51\/2022\/02\/ordforandeklubba-300x200.jpg 300w, https:\/\/dhr.se\/varberg\/wp-content\/uploads\/sites\/51\/2022\/02\/ordforandeklubba-768x512.jpg 768w, https:\/\/dhr.se\/varberg\/wp-content\/uploads\/sites\/51\/2022\/02\/ordforandeklubba.jpg 960w\" sizes=\"auto, (max-width: 413px) 100vw, 413px\" \/><\/p>\n<\/div>\n                <\/div>\n            <\/div>\n            \n        <\/div>\n    <\/div>\n<\/section>\n\n<section class=\"block-one-two\">\n    <div class=\"main\">\n        <div class=\"main-inner\">\n        <h2>Tipspromenader<\/h2>\n\n            <div class=\"flex-container\">\n                <div class=\"col-small\">\n                    <div class=\"content\"><p>TIPPSPROMENADER<br \/>\nTag med kompisen ut, dela p\u00e5 Sociala medier och var med och st\u00f6tta DHR med\u00a0 att g\u00e5 den tillg\u00e4ngliga promenaden!<\/p>\n<p><strong>M\u00e5ndag den 6 april\u00a0 Kl 11 &#8211; 14<\/strong><\/p>\n<p><strong>S\u00f6ndagen den12 april kl 11 . 14<\/strong><\/p>\n<p><strong>S\u00f6ndagen den 19 april kl 11 . 14<\/strong><\/p>\n<p>K\u00f6p er fika hos oss efter promenaden<\/p>\n<\/div>\n                <\/div>\n                <div class=\"col-big\">\n                    <div class=\"content\"><p><img loading=\"lazy\" decoding=\"async\" class=\"alignnone size-medium wp-image-3316\" src=\"https:\/\/dhr.se\/varberg\/wp-content\/uploads\/sites\/51\/2022\/02\/Tipspromenad-300x201.png\" alt=\"\" width=\"300\" height=\"201\" srcset=\"https:\/\/dhr.se\/varberg\/wp-content\/uploads\/sites\/51\/2022\/02\/Tipspromenad-300x201.png 300w, https:\/\/dhr.se\/varberg\/wp-content\/uploads\/sites\/51\/2022\/02\/Tipspromenad.png 600w\" sizes=\"auto, (max-width: 300px) 100vw, 300px\" \/><\/p>\n<\/div>\n                <\/div>\n            <\/div>\n            \n        <\/div>\n    <\/div>\n<\/section>\n\n<section class=\"block-one-two\">\n    <div class=\"main\">\n        <div class=\"main-inner\">\n        <h2>GETTER\u00d6DAGEN<\/h2>\n\n            <div class=\"flex-container\">\n                <div class=\"col-small\">\n                    <div class=\"content\"><p>Getter\u00f6dagen<\/p>\n<p>Datum: 10 maj<\/p>\n<p>Tid: 11 .16<\/p>\n<p>Vill ni vara med Hantverkare, konstn\u00e4rer, loppis f\u00f6rs\u00e4ljare med flera<\/p>\n<p>Anm\u00e4lan sker via mail johannes.persson@dhr.se<\/p>\n<p>Fr\u00e5gor ring 070-958 5567<\/p>\n<\/div>\n                <\/div>\n                <div class=\"col-big\">\n                    <div class=\"content\"><p><img loading=\"lazy\" decoding=\"async\" class=\"alignnone size-full wp-image-3660\" src=\"https:\/\/dhr.se\/varberg\/wp-content\/uploads\/sites\/51\/2024\/01\/Bakluckeloppis-300x291-1.jpg\" alt=\"\" width=\"300\" height=\"291\" \/><\/p>\n<\/div>\n                <\/div>\n            <\/div>\n            \n        <\/div>\n    <\/div>\n<\/section>\n\n<section class=\"block-one-two\">\n    <div class=\"main\">\n        <div class=\"main-inner\">\n        <h2>SILLAFEST<\/h2>\n\n            <div class=\"flex-container\">\n                <div class=\"col-small\">\n                    <div class=\"content\"><p>Sillafest<\/p>\n<p>Datum: Fredag 12 juni<\/p>\n<p>Tid: 18.00<\/p>\n<p>Kostnad: 100 kr , icke medlem 150 lr<\/p>\n<p>Anm\u00e4lan senast den 5 juni<\/p>\n<p>Till <a href=\"mailto:trivselkommitten.dhr@Yahoo.com\">trivselkommitten.dhr@Yahoo.com<\/a><\/p>\n<\/div>\n                <\/div>\n                <div class=\"col-big\">\n                    <div class=\"content\"><p><img loading=\"lazy\" decoding=\"async\" class=\"alignnone  wp-image-3894\" src=\"https:\/\/dhr.se\/varberg\/wp-content\/uploads\/sites\/51\/2026\/03\/sill-300x129.jpg\" alt=\"\" width=\"372\" height=\"160\" srcset=\"https:\/\/dhr.se\/varberg\/wp-content\/uploads\/sites\/51\/2026\/03\/sill-300x129.jpg 300w, https:\/\/dhr.se\/varberg\/wp-content\/uploads\/sites\/51\/2026\/03\/sill-50x21.jpg 50w, https:\/\/dhr.se\/varberg\/wp-content\/uploads\/sites\/51\/2026\/03\/sill.jpg 342w\" sizes=\"auto, (max-width: 372px) 100vw, 372px\" \/><\/p>\n<\/div>\n                <\/div>\n            <\/div>\n            \n        <\/div>\n    <\/div>\n<\/section>\n\n<section class=\"block-one-two\">\n    <div class=\"main\">\n        <div class=\"main-inner\">\n        <h2><\/h2>\n\n            <div class=\"flex-container\">\n                <div class=\"col-small\">\n                    <div class=\"content\"><\/div>\n                <\/div>\n                <div class=\"col-big\">\n                    <div class=\"content\"><\/div>\n                <\/div>\n            <\/div>\n            \n        <\/div>\n    <\/div>\n<\/section>\n\n<section class=\"block-one-two\">\n    <div class=\"main\">\n        <div class=\"main-inner\">\n        <h2>\u00c5rets Kr\u00e4ftskiva<\/h2>\n\n            <div class=\"flex-container\">\n                <div class=\"col-small\">\n                    <div class=\"content\"><p>Kr\u00e4ftskiva<\/p>\n<p>Datum: 28 augusti<\/p>\n<p>Tid: 18.00<\/p>\n<p>Anm\u00e4l er snarast, dock senast den 20 augusti<\/p>\n<p>Anm\u00e4l till <a href=\"mailto:trivselkommitten.dhr@Yahoo.com\">trivselkommitten.dhr@Yahoo.com<\/a><\/p>\n<p>Priset beror p\u00e5 dags priset av kr\u00e4ftorna<\/p>\n<p>Priset: Medlemmar halva dagspriset Icke medlemmar halva dagspriset + 100 kr<\/p>\n<p>&nbsp;<\/p>\n<\/div>\n                <\/div>\n                <div class=\"col-big\">\n                    <div class=\"content\"><p><img loading=\"lazy\" decoding=\"async\" class=\"alignnone  wp-image-3903\" src=\"https:\/\/dhr.se\/varberg\/wp-content\/uploads\/sites\/51\/2026\/03\/Havskraftor-300x166.jpg\" alt=\"\" width=\"430\" height=\"238\" srcset=\"https:\/\/dhr.se\/varberg\/wp-content\/uploads\/sites\/51\/2026\/03\/Havskraftor-300x166.jpg 300w, https:\/\/dhr.se\/varberg\/wp-content\/uploads\/sites\/51\/2026\/03\/Havskraftor-1024x565.jpg 1024w, https:\/\/dhr.se\/varberg\/wp-content\/uploads\/sites\/51\/2026\/03\/Havskraftor-768x424.jpg 768w, https:\/\/dhr.se\/varberg\/wp-content\/uploads\/sites\/51\/2026\/03\/Havskraftor-50x28.jpg 50w, https:\/\/dhr.se\/varberg\/wp-content\/uploads\/sites\/51\/2026\/03\/Havskraftor.jpg 1200w\" sizes=\"auto, (max-width: 430px) 100vw, 430px\" \/><\/p>\n<\/div>\n                <\/div>\n            <\/div>\n            \n        <\/div>\n    <\/div>\n<\/section>","protected":false},"excerpt":{"rendered":"","protected":false},"author":33,"featured_media":0,"parent":0,"menu_order":0,"comment_status":"closed","ping_status":"closed","template":"","meta":{"_acf_changed":false,"_monsterinsights_skip_tracking":false,"_monsterinsights_sitenote_active":false,"_monsterinsights_sitenote_note":"","_monsterinsights_sitenote_category":0,"footnotes":""},"class_list":["post-3876","page","type-page","status-publish","hentry"],"acf":[],"yoast_head":"<!-- This site is optimized with the Yoast SEO plugin v27.2 - https:\/\/yoast.com\/product\/yoast-seo-wordpress\/ -->\n<title>DHR Aktiviteter V\u00e5ren 2026 - DHR - Varberg<\/title>\n<meta name=\"robots\" content=\"index, follow, max-snippet:-1, max-image-preview:large, max-video-preview:-1\" \/>\n<link rel=\"canonical\" href=\"https:\/\/dhr.se\/varberg\/dhr-aktiviteter-varen-2026\/\" \/>\n<meta property=\"og:locale\" content=\"sv_SE\" \/>\n<meta property=\"og:type\" content=\"article\" \/>\n<meta property=\"og:title\" content=\"DHR Aktiviteter V\u00e5ren 2026 - DHR - Varberg\" \/>\n<meta property=\"og:url\" content=\"https:\/\/dhr.se\/varberg\/dhr-aktiviteter-varen-2026\/\" \/>\n<meta property=\"og:site_name\" content=\"DHR - Varberg\" \/>\n<meta property=\"article:modified_time\" content=\"2026-03-06T13:18:53+00:00\" \/>\n<meta name=\"twitter:card\" content=\"summary_large_image\" \/>\n<script type=\"application\/ld+json\" class=\"yoast-schema-graph\">{\"@context\":\"https:\/\/schema.org\",\"@graph\":[{\"@type\":\"WebPage\",\"@id\":\"https:\/\/dhr.se\/varberg\/dhr-aktiviteter-varen-2026\/\",\"url\":\"https:\/\/dhr.se\/varberg\/dhr-aktiviteter-varen-2026\/\",\"name\":\"DHR Aktiviteter V\u00e5ren 2026 - DHR - Varberg\",\"isPartOf\":{\"@id\":\"https:\/\/dhr.se\/varberg\/#website\"},\"datePublished\":\"2026-03-05T15:47:17+00:00\",\"dateModified\":\"2026-03-06T13:18:53+00:00\",\"breadcrumb\":{\"@id\":\"https:\/\/dhr.se\/varberg\/dhr-aktiviteter-varen-2026\/#breadcrumb\"},\"inLanguage\":\"sv-SE\",\"potentialAction\":[{\"@type\":\"ReadAction\",\"target\":[\"https:\/\/dhr.se\/varberg\/dhr-aktiviteter-varen-2026\/\"]}]},{\"@type\":\"BreadcrumbList\",\"@id\":\"https:\/\/dhr.se\/varberg\/dhr-aktiviteter-varen-2026\/#breadcrumb\",\"itemListElement\":[{\"@type\":\"ListItem\",\"position\":1,\"name\":\"Hem\",\"item\":\"https:\/\/dhr.se\/varberg\/\"},{\"@type\":\"ListItem\",\"position\":2,\"name\":\"DHR Aktiviteter V\u00e5ren 2026\"}]},{\"@type\":\"WebSite\",\"@id\":\"https:\/\/dhr.se\/varberg\/#website\",\"url\":\"https:\/\/dhr.se\/varberg\/\",\"name\":\"DHR - Varberg\",\"description\":\"Delaktighet, r\u00f6relsefrihet och handlingskraft\",\"publisher\":{\"@id\":\"https:\/\/dhr.se\/varberg\/#organization\"},\"potentialAction\":[{\"@type\":\"SearchAction\",\"target\":{\"@type\":\"EntryPoint\",\"urlTemplate\":\"https:\/\/dhr.se\/varberg\/?s={search_term_string}\"},\"query-input\":{\"@type\":\"PropertyValueSpecification\",\"valueRequired\":true,\"valueName\":\"search_term_string\"}}],\"inLanguage\":\"sv-SE\"},{\"@type\":\"Organization\",\"@id\":\"https:\/\/dhr.se\/varberg\/#organization\",\"name\":\"DHR - Varberg\",\"url\":\"https:\/\/dhr.se\/varberg\/\",\"logo\":{\"@type\":\"ImageObject\",\"inLanguage\":\"sv-SE\",\"@id\":\"https:\/\/dhr.se\/varberg\/#\/schema\/logo\/image\/\",\"url\":\"https:\/\/dhr.se\/varberg\/wp-content\/uploads\/sites\/51\/2020\/05\/cropped-DHR_bla-scaled.jpg\",\"contentUrl\":\"https:\/\/dhr.se\/varberg\/wp-content\/uploads\/sites\/51\/2020\/05\/cropped-DHR_bla-scaled.jpg\",\"width\":2560,\"height\":1990,\"caption\":\"DHR - Varberg\"},\"image\":{\"@id\":\"https:\/\/dhr.se\/varberg\/#\/schema\/logo\/image\/\"}}]}<\/script>\n<!-- \/ Yoast SEO plugin. -->","yoast_head_json":{"title":"DHR Aktiviteter V\u00e5ren 2026 - DHR - Varberg","robots":{"index":"index","follow":"follow","max-snippet":"max-snippet:-1","max-image-preview":"max-image-preview:large","max-video-preview":"max-video-preview:-1"},"canonical":"https:\/\/dhr.se\/varberg\/dhr-aktiviteter-varen-2026\/","og_locale":"sv_SE","og_type":"article","og_title":"DHR Aktiviteter V\u00e5ren 2026 - DHR - Varberg","og_url":"https:\/\/dhr.se\/varberg\/dhr-aktiviteter-varen-2026\/","og_site_name":"DHR - Varberg","article_modified_time":"2026-03-06T13:18:53+00:00","twitter_card":"summary_large_image","schema":{"@context":"https:\/\/schema.org","@graph":[{"@type":"WebPage","@id":"https:\/\/dhr.se\/varberg\/dhr-aktiviteter-varen-2026\/","url":"https:\/\/dhr.se\/varberg\/dhr-aktiviteter-varen-2026\/","name":"DHR Aktiviteter V\u00e5ren 2026 - DHR - Varberg","isPartOf":{"@id":"https:\/\/dhr.se\/varberg\/#website"},"datePublished":"2026-03-05T15:47:17+00:00","dateModified":"2026-03-06T13:18:53+00:00","breadcrumb":{"@id":"https:\/\/dhr.se\/varberg\/dhr-aktiviteter-varen-2026\/#breadcrumb"},"inLanguage":"sv-SE","potentialAction":[{"@type":"ReadAction","target":["https:\/\/dhr.se\/varberg\/dhr-aktiviteter-varen-2026\/"]}]},{"@type":"BreadcrumbList","@id":"https:\/\/dhr.se\/varberg\/dhr-aktiviteter-varen-2026\/#breadcrumb","itemListElement":[{"@type":"ListItem","position":1,"name":"Hem","item":"https:\/\/dhr.se\/varberg\/"},{"@type":"ListItem","position":2,"name":"DHR Aktiviteter V\u00e5ren 2026"}]},{"@type":"WebSite","@id":"https:\/\/dhr.se\/varberg\/#website","url":"https:\/\/dhr.se\/varberg\/","name":"DHR - Varberg","description":"Delaktighet, r\u00f6relsefrihet och handlingskraft","publisher":{"@id":"https:\/\/dhr.se\/varberg\/#organization"},"potentialAction":[{"@type":"SearchAction","target":{"@type":"EntryPoint","urlTemplate":"https:\/\/dhr.se\/varberg\/?s={search_term_string}"},"query-input":{"@type":"PropertyValueSpecification","valueRequired":true,"valueName":"search_term_string"}}],"inLanguage":"sv-SE"},{"@type":"Organization","@id":"https:\/\/dhr.se\/varberg\/#organization","name":"DHR - Varberg","url":"https:\/\/dhr.se\/varberg\/","logo":{"@type":"ImageObject","inLanguage":"sv-SE","@id":"https:\/\/dhr.se\/varberg\/#\/schema\/logo\/image\/","url":"https:\/\/dhr.se\/varberg\/wp-content\/uploads\/sites\/51\/2020\/05\/cropped-DHR_bla-scaled.jpg","contentUrl":"https:\/\/dhr.se\/varberg\/wp-content\/uploads\/sites\/51\/2020\/05\/cropped-DHR_bla-scaled.jpg","width":2560,"height":1990,"caption":"DHR - Varberg"},"image":{"@id":"https:\/\/dhr.se\/varberg\/#\/schema\/logo\/image\/"}}]}},"publishpress_future_action":{"enabled":false,"date":"2026-05-03 20:13:15","action":"change-status","newStatus":"draft","terms":[],"taxonomy":"translation_priority","extraData":[]},"publishpress_future_workflow_manual_trigger":{"enabledWorkflows":[]},"_links":{"self":[{"href":"https:\/\/dhr.se\/varberg\/wp-json\/wp\/v2\/pages\/3876","targetHints":{"allow":["GET"]}}],"collection":[{"href":"https:\/\/dhr.se\/varberg\/wp-json\/wp\/v2\/pages"}],"about":[{"href":"https:\/\/dhr.se\/varberg\/wp-json\/wp\/v2\/types\/page"}],"author":[{"embeddable":true,"href":"https:\/\/dhr.se\/varberg\/wp-json\/wp\/v2\/users\/33"}],"replies":[{"embeddable":true,"href":"https:\/\/dhr.se\/varberg\/wp-json\/wp\/v2\/comments?post=3876"}],"version-history":[{"count":10,"href":"https:\/\/dhr.se\/varberg\/wp-json\/wp\/v2\/pages\/3876\/revisions"}],"predecessor-version":[{"id":3907,"href":"https:\/\/dhr.se\/varberg\/wp-json\/wp\/v2\/pages\/3876\/revisions\/3907"}],"wp:attachment":[{"href":"https:\/\/dhr.se\/varberg\/wp-json\/wp\/v2\/media?parent=3876"}],"curies":[{"name":"wp","href":"https:\/\/api.w.org\/{rel}","templated":true}]}}