{"id":2196,"date":"2021-03-09T13:14:26","date_gmt":"2021-03-09T12:14:26","guid":{"rendered":"http:\/\/dhr.se\/vasteras\/?page_id=2196"},"modified":"2021-03-09T14:06:47","modified_gmt":"2021-03-09T13:06:47","slug":"hitta-till-lagersberg","status":"publish","type":"page","link":"https:\/\/dhr.se\/vasteras\/hitta-till-lagersberg\/","title":{"rendered":"Karta och v\u00e4gbeskrivning"},"content":{"rendered":"<section class=\"block-one-two\">\n    <div class=\"main\">\n        <div class=\"main-inner\">\n        <h2>Hitta till Lagersberg<\/h2>\n\n            <div class=\"flex-container\">\n                <div class=\"col-small\">\n                    <div class=\"content\"><p>Lagersberg ligger 2 mil sydv\u00e4st om V\u00e4ster\u00e5s, cirka 2,5 mil nordv\u00e4st om Eskilstuna och drygt 1,5 mil \u00f6ster om K\u00f6ping.<\/p>\n<p>Adress: Lagersvik 9, 725 92 V\u00e4ster\u00e5s<\/p>\n<\/div>\n                <\/div>\n                <div class=\"col-big\">\n                    <div class=\"content\"><\/div>\n                <\/div>\n            <\/div>\n            \n        <\/div>\n    <\/div>\n<\/section>","protected":false},"excerpt":{"rendered":"","protected":false},"author":8,"featured_media":0,"parent":0,"menu_order":0,"comment_status":"closed","ping_status":"closed","template":"","meta":{"_acf_changed":false,"_monsterinsights_skip_tracking":false,"_monsterinsights_sitenote_active":false,"_monsterinsights_sitenote_note":"","_monsterinsights_sitenote_category":0,"footnotes":""},"class_list":["post-2196","page","type-page","status-publish","hentry"],"acf":[],"yoast_head":"<!-- This site is optimized with the Yoast SEO plugin v27.2 - https:\/\/yoast.com\/product\/yoast-seo-wordpress\/ -->\n<title>Karta och v\u00e4gbeskrivning - DHR - V\u00e4ster\u00e5s<\/title>\n<meta name=\"robots\" content=\"index, follow, max-snippet:-1, max-image-preview:large, max-video-preview:-1\" \/>\n<link rel=\"canonical\" href=\"https:\/\/dhr.se\/vasteras\/hitta-till-lagersberg\/\" \/>\n<meta property=\"og:locale\" content=\"sv_SE\" \/>\n<meta property=\"og:type\" content=\"article\" \/>\n<meta property=\"og:title\" content=\"Karta och v\u00e4gbeskrivning - DHR - V\u00e4ster\u00e5s\" \/>\n<meta property=\"og:url\" content=\"https:\/\/dhr.se\/vasteras\/hitta-till-lagersberg\/\" \/>\n<meta property=\"og:site_name\" content=\"DHR - V\u00e4ster\u00e5s\" \/>\n<meta property=\"article:modified_time\" content=\"2021-03-09T13:06:47+00:00\" \/>\n<meta name=\"twitter:card\" content=\"summary_large_image\" \/>\n<script type=\"application\/ld+json\" class=\"yoast-schema-graph\">{\"@context\":\"https:\/\/schema.org\",\"@graph\":[{\"@type\":\"WebPage\",\"@id\":\"https:\/\/dhr.se\/vasteras\/hitta-till-lagersberg\/\",\"url\":\"https:\/\/dhr.se\/vasteras\/hitta-till-lagersberg\/\",\"name\":\"Karta och v\u00e4gbeskrivning - DHR - V\u00e4ster\u00e5s\",\"isPartOf\":{\"@id\":\"https:\/\/dhr.se\/vasteras\/#website\"},\"datePublished\":\"2021-03-09T12:14:26+00:00\",\"dateModified\":\"2021-03-09T13:06:47+00:00\",\"breadcrumb\":{\"@id\":\"https:\/\/dhr.se\/vasteras\/hitta-till-lagersberg\/#breadcrumb\"},\"inLanguage\":\"sv-SE\",\"potentialAction\":[{\"@type\":\"ReadAction\",\"target\":[\"https:\/\/dhr.se\/vasteras\/hitta-till-lagersberg\/\"]}]},{\"@type\":\"BreadcrumbList\",\"@id\":\"https:\/\/dhr.se\/vasteras\/hitta-till-lagersberg\/#breadcrumb\",\"itemListElement\":[{\"@type\":\"ListItem\",\"position\":1,\"name\":\"Hem\",\"item\":\"https:\/\/dhr.se\/vasteras\/\"},{\"@type\":\"ListItem\",\"position\":2,\"name\":\"Karta och v\u00e4gbeskrivning\"}]},{\"@type\":\"WebSite\",\"@id\":\"https:\/\/dhr.se\/vasteras\/#website\",\"url\":\"https:\/\/dhr.se\/vasteras\/\",\"name\":\"DHR - V\u00e4ster\u00e5s\",\"description\":\"Delaktighet, r\u00f6relsefrihet och handlingskraft\",\"potentialAction\":[{\"@type\":\"SearchAction\",\"target\":{\"@type\":\"EntryPoint\",\"urlTemplate\":\"https:\/\/dhr.se\/vasteras\/?s={search_term_string}\"},\"query-input\":{\"@type\":\"PropertyValueSpecification\",\"valueRequired\":true,\"valueName\":\"search_term_string\"}}],\"inLanguage\":\"sv-SE\"}]}<\/script>\n<!-- \/ Yoast SEO plugin. -->","yoast_head_json":{"title":"Karta och v\u00e4gbeskrivning - DHR - V\u00e4ster\u00e5s","robots":{"index":"index","follow":"follow","max-snippet":"max-snippet:-1","max-image-preview":"max-image-preview:large","max-video-preview":"max-video-preview:-1"},"canonical":"https:\/\/dhr.se\/vasteras\/hitta-till-lagersberg\/","og_locale":"sv_SE","og_type":"article","og_title":"Karta och v\u00e4gbeskrivning - DHR - V\u00e4ster\u00e5s","og_url":"https:\/\/dhr.se\/vasteras\/hitta-till-lagersberg\/","og_site_name":"DHR - V\u00e4ster\u00e5s","article_modified_time":"2021-03-09T13:06:47+00:00","twitter_card":"summary_large_image","schema":{"@context":"https:\/\/schema.org","@graph":[{"@type":"WebPage","@id":"https:\/\/dhr.se\/vasteras\/hitta-till-lagersberg\/","url":"https:\/\/dhr.se\/vasteras\/hitta-till-lagersberg\/","name":"Karta och v\u00e4gbeskrivning - DHR - V\u00e4ster\u00e5s","isPartOf":{"@id":"https:\/\/dhr.se\/vasteras\/#website"},"datePublished":"2021-03-09T12:14:26+00:00","dateModified":"2021-03-09T13:06:47+00:00","breadcrumb":{"@id":"https:\/\/dhr.se\/vasteras\/hitta-till-lagersberg\/#breadcrumb"},"inLanguage":"sv-SE","potentialAction":[{"@type":"ReadAction","target":["https:\/\/dhr.se\/vasteras\/hitta-till-lagersberg\/"]}]},{"@type":"BreadcrumbList","@id":"https:\/\/dhr.se\/vasteras\/hitta-till-lagersberg\/#breadcrumb","itemListElement":[{"@type":"ListItem","position":1,"name":"Hem","item":"https:\/\/dhr.se\/vasteras\/"},{"@type":"ListItem","position":2,"name":"Karta och v\u00e4gbeskrivning"}]},{"@type":"WebSite","@id":"https:\/\/dhr.se\/vasteras\/#website","url":"https:\/\/dhr.se\/vasteras\/","name":"DHR - V\u00e4ster\u00e5s","description":"Delaktighet, r\u00f6relsefrihet och handlingskraft","potentialAction":[{"@type":"SearchAction","target":{"@type":"EntryPoint","urlTemplate":"https:\/\/dhr.se\/vasteras\/?s={search_term_string}"},"query-input":{"@type":"PropertyValueSpecification","valueRequired":true,"valueName":"search_term_string"}}],"inLanguage":"sv-SE"}]}},"publishpress_future_action":{"enabled":false,"date":"2026-05-04 19:37:05","action":"change-status","newStatus":"draft","terms":[],"taxonomy":"translation_priority","extraData":[]},"publishpress_future_workflow_manual_trigger":{"enabledWorkflows":[]},"_links":{"self":[{"href":"https:\/\/dhr.se\/vasteras\/wp-json\/wp\/v2\/pages\/2196","targetHints":{"allow":["GET"]}}],"collection":[{"href":"https:\/\/dhr.se\/vasteras\/wp-json\/wp\/v2\/pages"}],"about":[{"href":"https:\/\/dhr.se\/vasteras\/wp-json\/wp\/v2\/types\/page"}],"author":[{"embeddable":true,"href":"https:\/\/dhr.se\/vasteras\/wp-json\/wp\/v2\/users\/8"}],"replies":[{"embeddable":true,"href":"https:\/\/dhr.se\/vasteras\/wp-json\/wp\/v2\/comments?post=2196"}],"version-history":[{"count":0,"href":"https:\/\/dhr.se\/vasteras\/wp-json\/wp\/v2\/pages\/2196\/revisions"}],"wp:attachment":[{"href":"https:\/\/dhr.se\/vasteras\/wp-json\/wp\/v2\/media?parent=2196"}],"curies":[{"name":"wp","href":"https:\/\/api.w.org\/{rel}","templated":true}]}}