{"id":2682,"date":"2024-09-03T10:28:17","date_gmt":"2024-09-03T08:28:17","guid":{"rendered":"https:\/\/dhr.se\/vasteras\/?page_id=2682"},"modified":"2024-09-03T10:46:48","modified_gmt":"2024-09-03T08:46:48","slug":"trivselregler-pa-lagersberg","status":"publish","type":"page","link":"https:\/\/dhr.se\/vasteras\/trivselregler-pa-lagersberg\/","title":{"rendered":"Trivselregler p\u00e5 Lagersberg"},"content":{"rendered":"<section class=\"block-textbox\" style=\"background-image:url();\">\n    <div class=\"main\">\n        <div class=\"main-inner\">\n\n                <div class=\"text-container\">\n                    <h2>Trivselregler p\u00e5 Lagersberg<\/h2>\n                    <p>F\u00f6ljande trivselregler g\u00e4ller vid vistelse p\u00e5 anl\u00e4ggningen<br \/>\r\n<br \/>\r\n\u2022\tBilar h\u00e4nvisas till parkeringsplatsen vid infarten p\u00e5 omr\u00e5det.<br \/>\r\n\u2022\tMoped- och cykel\u00e5kning \u00e4r f\u00f6rbjudet p\u00e5 hela omr\u00e5det. Det g\u00e4ller \u00e4ven bryggan. <br \/>\r\n\u2022\tLjudniv\u00e5n ska h\u00e5llas ner mellan 22.00-07.00 <br \/>\r\n\u2022\tRastning av hundar \u00e4r inte till\u00e5tet inom omr\u00e5det. <br \/>\r\n\u2022\tHundar ska vara kopplade och f\u00e5r inte vara i vattnet n\u00e4r andra g\u00e4ster badar. <br \/>\r\n\u2022\tBryggan \u00e4r ingen festplats och det \u00e4r allas ansvar att se till att alla g\u00e4ster som vill vistas d\u00e4r f\u00e5r plats. <br \/>\r\n\u2022\tVar och en tar hand om sina sopor. Soptunnor finns vid infarten.<br \/>\r\n\u2022\tL\u00e4mna omr\u00e5det st\u00e4dat och fint f\u00f6r allas trevnad.<br \/>\r\n<br \/>\r\nVill du nyttja anl\u00e4ggningen, ser vi g\u00e4rna att du blir medlem i f\u00f6reningen. L\u00e4s mer p\u00e5 www.dhr.se\/medlem <br \/>\r\n<br \/>\r\nMed v\u00e4nlig h\u00e4lsning, styrelsen f\u00f6r DHR V\u00e4ster\u00e5s<\/p>\n\n                    \n                <\/div>\n\n        <\/div>\n    <\/div>\n<\/section>","protected":false},"excerpt":{"rendered":"","protected":false},"author":47,"featured_media":0,"parent":0,"menu_order":0,"comment_status":"closed","ping_status":"closed","template":"","meta":{"_acf_changed":false,"_monsterinsights_skip_tracking":false,"_monsterinsights_sitenote_active":false,"_monsterinsights_sitenote_note":"","_monsterinsights_sitenote_category":0,"footnotes":""},"class_list":["post-2682","page","type-page","status-publish","hentry"],"acf":[],"yoast_head":"<!-- This site is optimized with the Yoast SEO plugin v27.2 - https:\/\/yoast.com\/product\/yoast-seo-wordpress\/ -->\n<title>Trivselregler p\u00e5 Lagersberg - DHR - V\u00e4ster\u00e5s<\/title>\n<meta name=\"robots\" content=\"index, follow, max-snippet:-1, max-image-preview:large, max-video-preview:-1\" \/>\n<link rel=\"canonical\" href=\"https:\/\/dhr.se\/vasteras\/trivselregler-pa-lagersberg\/\" \/>\n<meta property=\"og:locale\" content=\"sv_SE\" \/>\n<meta property=\"og:type\" content=\"article\" \/>\n<meta property=\"og:title\" content=\"Trivselregler p\u00e5 Lagersberg - DHR - V\u00e4ster\u00e5s\" \/>\n<meta property=\"og:url\" content=\"https:\/\/dhr.se\/vasteras\/trivselregler-pa-lagersberg\/\" \/>\n<meta property=\"og:site_name\" content=\"DHR - V\u00e4ster\u00e5s\" \/>\n<meta property=\"article:modified_time\" content=\"2024-09-03T08:46:48+00:00\" \/>\n<meta name=\"twitter:card\" content=\"summary_large_image\" \/>\n<script type=\"application\/ld+json\" class=\"yoast-schema-graph\">{\"@context\":\"https:\/\/schema.org\",\"@graph\":[{\"@type\":\"WebPage\",\"@id\":\"https:\/\/dhr.se\/vasteras\/trivselregler-pa-lagersberg\/\",\"url\":\"https:\/\/dhr.se\/vasteras\/trivselregler-pa-lagersberg\/\",\"name\":\"Trivselregler p\u00e5 Lagersberg - DHR - V\u00e4ster\u00e5s\",\"isPartOf\":{\"@id\":\"https:\/\/dhr.se\/vasteras\/#website\"},\"datePublished\":\"2024-09-03T08:28:17+00:00\",\"dateModified\":\"2024-09-03T08:46:48+00:00\",\"breadcrumb\":{\"@id\":\"https:\/\/dhr.se\/vasteras\/trivselregler-pa-lagersberg\/#breadcrumb\"},\"inLanguage\":\"sv-SE\",\"potentialAction\":[{\"@type\":\"ReadAction\",\"target\":[\"https:\/\/dhr.se\/vasteras\/trivselregler-pa-lagersberg\/\"]}]},{\"@type\":\"BreadcrumbList\",\"@id\":\"https:\/\/dhr.se\/vasteras\/trivselregler-pa-lagersberg\/#breadcrumb\",\"itemListElement\":[{\"@type\":\"ListItem\",\"position\":1,\"name\":\"Hem\",\"item\":\"https:\/\/dhr.se\/vasteras\/\"},{\"@type\":\"ListItem\",\"position\":2,\"name\":\"Trivselregler p\u00e5 Lagersberg\"}]},{\"@type\":\"WebSite\",\"@id\":\"https:\/\/dhr.se\/vasteras\/#website\",\"url\":\"https:\/\/dhr.se\/vasteras\/\",\"name\":\"DHR - V\u00e4ster\u00e5s\",\"description\":\"Delaktighet, r\u00f6relsefrihet och handlingskraft\",\"potentialAction\":[{\"@type\":\"SearchAction\",\"target\":{\"@type\":\"EntryPoint\",\"urlTemplate\":\"https:\/\/dhr.se\/vasteras\/?s={search_term_string}\"},\"query-input\":{\"@type\":\"PropertyValueSpecification\",\"valueRequired\":true,\"valueName\":\"search_term_string\"}}],\"inLanguage\":\"sv-SE\"}]}<\/script>\n<!-- \/ Yoast SEO plugin. -->","yoast_head_json":{"title":"Trivselregler p\u00e5 Lagersberg - DHR - V\u00e4ster\u00e5s","robots":{"index":"index","follow":"follow","max-snippet":"max-snippet:-1","max-image-preview":"max-image-preview:large","max-video-preview":"max-video-preview:-1"},"canonical":"https:\/\/dhr.se\/vasteras\/trivselregler-pa-lagersberg\/","og_locale":"sv_SE","og_type":"article","og_title":"Trivselregler p\u00e5 Lagersberg - DHR - V\u00e4ster\u00e5s","og_url":"https:\/\/dhr.se\/vasteras\/trivselregler-pa-lagersberg\/","og_site_name":"DHR - V\u00e4ster\u00e5s","article_modified_time":"2024-09-03T08:46:48+00:00","twitter_card":"summary_large_image","schema":{"@context":"https:\/\/schema.org","@graph":[{"@type":"WebPage","@id":"https:\/\/dhr.se\/vasteras\/trivselregler-pa-lagersberg\/","url":"https:\/\/dhr.se\/vasteras\/trivselregler-pa-lagersberg\/","name":"Trivselregler p\u00e5 Lagersberg - DHR - V\u00e4ster\u00e5s","isPartOf":{"@id":"https:\/\/dhr.se\/vasteras\/#website"},"datePublished":"2024-09-03T08:28:17+00:00","dateModified":"2024-09-03T08:46:48+00:00","breadcrumb":{"@id":"https:\/\/dhr.se\/vasteras\/trivselregler-pa-lagersberg\/#breadcrumb"},"inLanguage":"sv-SE","potentialAction":[{"@type":"ReadAction","target":["https:\/\/dhr.se\/vasteras\/trivselregler-pa-lagersberg\/"]}]},{"@type":"BreadcrumbList","@id":"https:\/\/dhr.se\/vasteras\/trivselregler-pa-lagersberg\/#breadcrumb","itemListElement":[{"@type":"ListItem","position":1,"name":"Hem","item":"https:\/\/dhr.se\/vasteras\/"},{"@type":"ListItem","position":2,"name":"Trivselregler p\u00e5 Lagersberg"}]},{"@type":"WebSite","@id":"https:\/\/dhr.se\/vasteras\/#website","url":"https:\/\/dhr.se\/vasteras\/","name":"DHR - V\u00e4ster\u00e5s","description":"Delaktighet, r\u00f6relsefrihet och handlingskraft","potentialAction":[{"@type":"SearchAction","target":{"@type":"EntryPoint","urlTemplate":"https:\/\/dhr.se\/vasteras\/?s={search_term_string}"},"query-input":{"@type":"PropertyValueSpecification","valueRequired":true,"valueName":"search_term_string"}}],"inLanguage":"sv-SE"}]}},"publishpress_future_action":{"enabled":false,"date":"2026-05-04 19:37:48","action":"change-status","newStatus":"draft","terms":[],"taxonomy":"translation_priority","extraData":[]},"publishpress_future_workflow_manual_trigger":{"enabledWorkflows":[]},"_links":{"self":[{"href":"https:\/\/dhr.se\/vasteras\/wp-json\/wp\/v2\/pages\/2682","targetHints":{"allow":["GET"]}}],"collection":[{"href":"https:\/\/dhr.se\/vasteras\/wp-json\/wp\/v2\/pages"}],"about":[{"href":"https:\/\/dhr.se\/vasteras\/wp-json\/wp\/v2\/types\/page"}],"author":[{"embeddable":true,"href":"https:\/\/dhr.se\/vasteras\/wp-json\/wp\/v2\/users\/47"}],"replies":[{"embeddable":true,"href":"https:\/\/dhr.se\/vasteras\/wp-json\/wp\/v2\/comments?post=2682"}],"version-history":[{"count":0,"href":"https:\/\/dhr.se\/vasteras\/wp-json\/wp\/v2\/pages\/2682\/revisions"}],"wp:attachment":[{"href":"https:\/\/dhr.se\/vasteras\/wp-json\/wp\/v2\/media?parent=2682"}],"curies":[{"name":"wp","href":"https:\/\/api.w.org\/{rel}","templated":true}]}}