{"id":2694,"date":"2024-09-29T10:14:06","date_gmt":"2024-09-29T08:14:06","guid":{"rendered":"https:\/\/dhr.se\/vasteras\/?page_id=2694"},"modified":"2024-09-29T10:14:15","modified_gmt":"2024-09-29T08:14:15","slug":"personuppgifter","status":"publish","type":"page","link":"https:\/\/dhr.se\/vasteras\/personuppgifter\/","title":{"rendered":"Personuppgifter"},"content":{"rendered":"\n<p><\/p>\n\n\n<section class=\"block-one-two\">\n    <div class=\"main\">\n        <div class=\"main-inner\">\n        <h2>Kamerabevakning<\/h2>\n\n            <div class=\"flex-container\">\n                <div class=\"col-small\">\n                    <div class=\"content\"><p><!-- wp:paragraph --><\/p>\n<p><strong>P\u00e5 anl\u00e4ggningen finns kamera\u00f6vervakning utan ljudupptagning under nattetid av brottsf\u00f6rebyggande sk\u00e4l.<\/strong><\/p>\n<p><strong><!-- \/wp:paragraph --> <!-- wp:paragraph --><\/strong><\/p>\n<p><strong>Inspelningen sparas i tre dagar.<\/strong><\/p>\n<p><strong><!-- \/wp:paragraph --> <!-- wp:paragraph --><\/strong><\/p>\n<p><strong>Materialet behandlas endast vid misstanke om brott och skickas till Polismyndigheten efter beg\u00e4ran.<\/strong><\/p>\n<p><strong><!-- \/wp:paragraph --> <!-- wp:paragraph --><\/strong><\/p>\n<p><strong>Kontakt med DHR V\u00e4ster\u00e5s kring kamera\u00f6vervakning g\u00f6rs via mail:\u00a0<a href=\"mailto:vasteras@dhr.se\">vasteras@dhr.se<\/a><\/strong><\/p>\n<p><!-- \/wp:paragraph --><\/p>\n<\/div>\n                <\/div>\n                <div class=\"col-big\">\n                    <div class=\"content\"><\/div>\n                <\/div>\n            <\/div>\n            \n        <\/div>\n    <\/div>\n<\/section>","protected":false},"excerpt":{"rendered":"","protected":false},"author":47,"featured_media":0,"parent":0,"menu_order":0,"comment_status":"closed","ping_status":"closed","template":"","meta":{"_acf_changed":false,"_monsterinsights_skip_tracking":false,"_monsterinsights_sitenote_active":false,"_monsterinsights_sitenote_note":"","_monsterinsights_sitenote_category":0,"footnotes":""},"class_list":["post-2694","page","type-page","status-publish","hentry"],"acf":[],"yoast_head":"<!-- This site is optimized with the Yoast SEO plugin v27.2 - https:\/\/yoast.com\/product\/yoast-seo-wordpress\/ -->\n<title>Personuppgifter - DHR - V\u00e4ster\u00e5s<\/title>\n<meta name=\"robots\" content=\"index, follow, max-snippet:-1, max-image-preview:large, max-video-preview:-1\" \/>\n<link rel=\"canonical\" href=\"https:\/\/dhr.se\/vasteras\/personuppgifter\/\" \/>\n<meta property=\"og:locale\" content=\"sv_SE\" \/>\n<meta property=\"og:type\" content=\"article\" \/>\n<meta property=\"og:title\" content=\"Personuppgifter - DHR - V\u00e4ster\u00e5s\" \/>\n<meta property=\"og:url\" content=\"https:\/\/dhr.se\/vasteras\/personuppgifter\/\" \/>\n<meta property=\"og:site_name\" content=\"DHR - V\u00e4ster\u00e5s\" \/>\n<meta property=\"article:modified_time\" content=\"2024-09-29T08:14:15+00:00\" \/>\n<meta name=\"twitter:card\" content=\"summary_large_image\" \/>\n<script type=\"application\/ld+json\" class=\"yoast-schema-graph\">{\"@context\":\"https:\/\/schema.org\",\"@graph\":[{\"@type\":\"WebPage\",\"@id\":\"https:\/\/dhr.se\/vasteras\/personuppgifter\/\",\"url\":\"https:\/\/dhr.se\/vasteras\/personuppgifter\/\",\"name\":\"Personuppgifter - DHR - V\u00e4ster\u00e5s\",\"isPartOf\":{\"@id\":\"https:\/\/dhr.se\/vasteras\/#website\"},\"datePublished\":\"2024-09-29T08:14:06+00:00\",\"dateModified\":\"2024-09-29T08:14:15+00:00\",\"breadcrumb\":{\"@id\":\"https:\/\/dhr.se\/vasteras\/personuppgifter\/#breadcrumb\"},\"inLanguage\":\"sv-SE\",\"potentialAction\":[{\"@type\":\"ReadAction\",\"target\":[\"https:\/\/dhr.se\/vasteras\/personuppgifter\/\"]}]},{\"@type\":\"BreadcrumbList\",\"@id\":\"https:\/\/dhr.se\/vasteras\/personuppgifter\/#breadcrumb\",\"itemListElement\":[{\"@type\":\"ListItem\",\"position\":1,\"name\":\"Hem\",\"item\":\"https:\/\/dhr.se\/vasteras\/\"},{\"@type\":\"ListItem\",\"position\":2,\"name\":\"Personuppgifter\"}]},{\"@type\":\"WebSite\",\"@id\":\"https:\/\/dhr.se\/vasteras\/#website\",\"url\":\"https:\/\/dhr.se\/vasteras\/\",\"name\":\"DHR - V\u00e4ster\u00e5s\",\"description\":\"Delaktighet, r\u00f6relsefrihet och handlingskraft\",\"potentialAction\":[{\"@type\":\"SearchAction\",\"target\":{\"@type\":\"EntryPoint\",\"urlTemplate\":\"https:\/\/dhr.se\/vasteras\/?s={search_term_string}\"},\"query-input\":{\"@type\":\"PropertyValueSpecification\",\"valueRequired\":true,\"valueName\":\"search_term_string\"}}],\"inLanguage\":\"sv-SE\"}]}<\/script>\n<!-- \/ Yoast SEO plugin. -->","yoast_head_json":{"title":"Personuppgifter - DHR - V\u00e4ster\u00e5s","robots":{"index":"index","follow":"follow","max-snippet":"max-snippet:-1","max-image-preview":"max-image-preview:large","max-video-preview":"max-video-preview:-1"},"canonical":"https:\/\/dhr.se\/vasteras\/personuppgifter\/","og_locale":"sv_SE","og_type":"article","og_title":"Personuppgifter - DHR - V\u00e4ster\u00e5s","og_url":"https:\/\/dhr.se\/vasteras\/personuppgifter\/","og_site_name":"DHR - V\u00e4ster\u00e5s","article_modified_time":"2024-09-29T08:14:15+00:00","twitter_card":"summary_large_image","schema":{"@context":"https:\/\/schema.org","@graph":[{"@type":"WebPage","@id":"https:\/\/dhr.se\/vasteras\/personuppgifter\/","url":"https:\/\/dhr.se\/vasteras\/personuppgifter\/","name":"Personuppgifter - DHR - V\u00e4ster\u00e5s","isPartOf":{"@id":"https:\/\/dhr.se\/vasteras\/#website"},"datePublished":"2024-09-29T08:14:06+00:00","dateModified":"2024-09-29T08:14:15+00:00","breadcrumb":{"@id":"https:\/\/dhr.se\/vasteras\/personuppgifter\/#breadcrumb"},"inLanguage":"sv-SE","potentialAction":[{"@type":"ReadAction","target":["https:\/\/dhr.se\/vasteras\/personuppgifter\/"]}]},{"@type":"BreadcrumbList","@id":"https:\/\/dhr.se\/vasteras\/personuppgifter\/#breadcrumb","itemListElement":[{"@type":"ListItem","position":1,"name":"Hem","item":"https:\/\/dhr.se\/vasteras\/"},{"@type":"ListItem","position":2,"name":"Personuppgifter"}]},{"@type":"WebSite","@id":"https:\/\/dhr.se\/vasteras\/#website","url":"https:\/\/dhr.se\/vasteras\/","name":"DHR - V\u00e4ster\u00e5s","description":"Delaktighet, r\u00f6relsefrihet och handlingskraft","potentialAction":[{"@type":"SearchAction","target":{"@type":"EntryPoint","urlTemplate":"https:\/\/dhr.se\/vasteras\/?s={search_term_string}"},"query-input":{"@type":"PropertyValueSpecification","valueRequired":true,"valueName":"search_term_string"}}],"inLanguage":"sv-SE"}]}},"publishpress_future_action":{"enabled":false,"date":"2026-05-04 19:31:50","action":"change-status","newStatus":"draft","terms":[],"taxonomy":"translation_priority","extraData":[]},"publishpress_future_workflow_manual_trigger":{"enabledWorkflows":[]},"_links":{"self":[{"href":"https:\/\/dhr.se\/vasteras\/wp-json\/wp\/v2\/pages\/2694","targetHints":{"allow":["GET"]}}],"collection":[{"href":"https:\/\/dhr.se\/vasteras\/wp-json\/wp\/v2\/pages"}],"about":[{"href":"https:\/\/dhr.se\/vasteras\/wp-json\/wp\/v2\/types\/page"}],"author":[{"embeddable":true,"href":"https:\/\/dhr.se\/vasteras\/wp-json\/wp\/v2\/users\/47"}],"replies":[{"embeddable":true,"href":"https:\/\/dhr.se\/vasteras\/wp-json\/wp\/v2\/comments?post=2694"}],"version-history":[{"count":0,"href":"https:\/\/dhr.se\/vasteras\/wp-json\/wp\/v2\/pages\/2694\/revisions"}],"wp:attachment":[{"href":"https:\/\/dhr.se\/vasteras\/wp-json\/wp\/v2\/media?parent=2694"}],"curies":[{"name":"wp","href":"https:\/\/api.w.org\/{rel}","templated":true}]}}