{"id":2828,"date":"2026-03-06T15:01:01","date_gmt":"2026-03-06T14:01:01","guid":{"rendered":"https:\/\/dhr.se\/vasteras\/?page_id=2828"},"modified":"2026-04-17T08:48:35","modified_gmt":"2026-04-17T06:48:35","slug":"protokoll-styrelsemoten","status":"publish","type":"page","link":"https:\/\/dhr.se\/vasteras\/detta-ar-detta-ar-en-testtsida\/protokoll-styrelsemoten\/","title":{"rendered":"Protokoll"},"content":{"rendered":"","protected":true},"excerpt":{"rendered":"","protected":true},"author":47,"featured_media":0,"parent":2788,"menu_order":0,"comment_status":"closed","ping_status":"closed","template":"","meta":{"_acf_changed":false,"_monsterinsights_skip_tracking":false,"_monsterinsights_sitenote_active":false,"_monsterinsights_sitenote_note":"","_monsterinsights_sitenote_category":0,"footnotes":""},"class_list":["post-2828","page","type-page","status-publish","post-password-required","hentry"],"acf":[],"yoast_head":"<!-- This site is optimized with the Yoast SEO plugin v27.2 - https:\/\/yoast.com\/product\/yoast-seo-wordpress\/ -->\n<title>Protokoll - DHR - V\u00e4ster\u00e5s<\/title>\n<meta name=\"robots\" content=\"index, follow, max-snippet:-1, max-image-preview:large, max-video-preview:-1\" \/>\n<link rel=\"canonical\" href=\"https:\/\/dhr.se\/vasteras\/detta-ar-detta-ar-en-testtsida\/protokoll-styrelsemoten\/\" \/>\n<meta property=\"og:locale\" content=\"sv_SE\" \/>\n<meta property=\"og:type\" content=\"article\" \/>\n<meta property=\"og:title\" content=\"Protokoll - DHR - V\u00e4ster\u00e5s\" \/>\n<meta property=\"og:description\" content=\"Det finns inget utdrag eftersom detta \u00e4r ett skyddat inl\u00e4gg.\" \/>\n<meta property=\"og:url\" content=\"https:\/\/dhr.se\/vasteras\/detta-ar-detta-ar-en-testtsida\/protokoll-styrelsemoten\/\" \/>\n<meta property=\"og:site_name\" content=\"DHR - V\u00e4ster\u00e5s\" \/>\n<meta property=\"article:modified_time\" content=\"2026-04-17T06:48:35+00:00\" \/>\n<meta name=\"twitter:card\" content=\"summary_large_image\" \/>\n<script type=\"application\/ld+json\" class=\"yoast-schema-graph\">{\"@context\":\"https:\/\/schema.org\",\"@graph\":[{\"@type\":\"WebPage\",\"@id\":\"https:\/\/dhr.se\/vasteras\/detta-ar-detta-ar-en-testtsida\/protokoll-styrelsemoten\/\",\"url\":\"https:\/\/dhr.se\/vasteras\/detta-ar-detta-ar-en-testtsida\/protokoll-styrelsemoten\/\",\"name\":\"Protokoll - DHR - V\u00e4ster\u00e5s\",\"isPartOf\":{\"@id\":\"https:\/\/dhr.se\/vasteras\/#website\"},\"datePublished\":\"2026-03-06T14:01:01+00:00\",\"dateModified\":\"2026-04-17T06:48:35+00:00\",\"breadcrumb\":{\"@id\":\"https:\/\/dhr.se\/vasteras\/detta-ar-detta-ar-en-testtsida\/protokoll-styrelsemoten\/#breadcrumb\"},\"inLanguage\":\"sv-SE\"},{\"@type\":\"WebSite\",\"@id\":\"https:\/\/dhr.se\/vasteras\/#website\",\"url\":\"https:\/\/dhr.se\/vasteras\/\",\"name\":\"DHR - V\u00e4ster\u00e5s\",\"description\":\"Delaktighet, r\u00f6relsefrihet och handlingskraft\",\"potentialAction\":[{\"@type\":\"SearchAction\",\"target\":{\"@type\":\"EntryPoint\",\"urlTemplate\":\"https:\/\/dhr.se\/vasteras\/?s={search_term_string}\"},\"query-input\":{\"@type\":\"PropertyValueSpecification\",\"valueRequired\":true,\"valueName\":\"search_term_string\"}}],\"inLanguage\":\"sv-SE\"}]}<\/script>\n<!-- \/ Yoast SEO plugin. -->","yoast_head_json":{"title":"Protokoll - DHR - V\u00e4ster\u00e5s","robots":{"index":"index","follow":"follow","max-snippet":"max-snippet:-1","max-image-preview":"max-image-preview:large","max-video-preview":"max-video-preview:-1"},"canonical":"https:\/\/dhr.se\/vasteras\/detta-ar-detta-ar-en-testtsida\/protokoll-styrelsemoten\/","og_locale":"sv_SE","og_type":"article","og_title":"Protokoll - DHR - V\u00e4ster\u00e5s","og_description":"Det finns inget utdrag eftersom detta \u00e4r ett skyddat inl\u00e4gg.","og_url":"https:\/\/dhr.se\/vasteras\/detta-ar-detta-ar-en-testtsida\/protokoll-styrelsemoten\/","og_site_name":"DHR - V\u00e4ster\u00e5s","article_modified_time":"2026-04-17T06:48:35+00:00","twitter_card":"summary_large_image","schema":{"@context":"https:\/\/schema.org","@graph":[{"@type":"WebPage","@id":"https:\/\/dhr.se\/vasteras\/detta-ar-detta-ar-en-testtsida\/protokoll-styrelsemoten\/","url":"https:\/\/dhr.se\/vasteras\/detta-ar-detta-ar-en-testtsida\/protokoll-styrelsemoten\/","name":"Protokoll - DHR - V\u00e4ster\u00e5s","isPartOf":{"@id":"https:\/\/dhr.se\/vasteras\/#website"},"datePublished":"2026-03-06T14:01:01+00:00","dateModified":"2026-04-17T06:48:35+00:00","breadcrumb":{"@id":"https:\/\/dhr.se\/vasteras\/detta-ar-detta-ar-en-testtsida\/protokoll-styrelsemoten\/#breadcrumb"},"inLanguage":"sv-SE"},{"@type":"WebSite","@id":"https:\/\/dhr.se\/vasteras\/#website","url":"https:\/\/dhr.se\/vasteras\/","name":"DHR - V\u00e4ster\u00e5s","description":"Delaktighet, r\u00f6relsefrihet och handlingskraft","potentialAction":[{"@type":"SearchAction","target":{"@type":"EntryPoint","urlTemplate":"https:\/\/dhr.se\/vasteras\/?s={search_term_string}"},"query-input":{"@type":"PropertyValueSpecification","valueRequired":true,"valueName":"search_term_string"}}],"inLanguage":"sv-SE"}]}},"publishpress_future_action":{"enabled":false,"date":"2026-05-04 19:42:28","action":"change-status","newStatus":"draft","terms":[],"taxonomy":"translation_priority","extraData":[]},"publishpress_future_workflow_manual_trigger":{"enabledWorkflows":[]},"_links":{"self":[{"href":"https:\/\/dhr.se\/vasteras\/wp-json\/wp\/v2\/pages\/2828","targetHints":{"allow":["GET"]}}],"collection":[{"href":"https:\/\/dhr.se\/vasteras\/wp-json\/wp\/v2\/pages"}],"about":[{"href":"https:\/\/dhr.se\/vasteras\/wp-json\/wp\/v2\/types\/page"}],"author":[{"embeddable":true,"href":"https:\/\/dhr.se\/vasteras\/wp-json\/wp\/v2\/users\/47"}],"replies":[{"embeddable":true,"href":"https:\/\/dhr.se\/vasteras\/wp-json\/wp\/v2\/comments?post=2828"}],"version-history":[{"count":20,"href":"https:\/\/dhr.se\/vasteras\/wp-json\/wp\/v2\/pages\/2828\/revisions"}],"predecessor-version":[{"id":2917,"href":"https:\/\/dhr.se\/vasteras\/wp-json\/wp\/v2\/pages\/2828\/revisions\/2917"}],"up":[{"embeddable":true,"href":"https:\/\/dhr.se\/vasteras\/wp-json\/wp\/v2\/pages\/2788"}],"wp:attachment":[{"href":"https:\/\/dhr.se\/vasteras\/wp-json\/wp\/v2\/media?parent=2828"}],"curies":[{"name":"wp","href":"https:\/\/api.w.org\/{rel}","templated":true}]}}