{"id":754,"date":"2019-08-15T20:18:44","date_gmt":"2019-08-15T18:18:44","guid":{"rendered":"http:\/\/dhr.se\/vasteras\/?page_id=754"},"modified":"2026-04-29T08:39:13","modified_gmt":"2026-04-29T06:39:13","slug":"dhr-vasteras","status":"publish","type":"page","link":"https:\/\/dhr.se\/vasteras\/","title":{"rendered":"DHR &#8211; V\u00e4ster\u00e5s"},"content":{"rendered":"<section class=\"block-hero\" style=\"background-image:url(https:\/\/dhr.se\/vasteras\/wp-content\/uploads\/sites\/47\/2021\/03\/4581_vasteras_lagersberg-scaled.jpg);\">\n\n<video autoplay loop playsinline muted loop>\n    <source src=\"\" type=\"video\/mp4\">\n    Your browser does not support HTML5 video.\n<\/video>\n\n<div class=\"overlay overlay-accent\"><\/div>\n    <div class=\"main\">\n        <div class=\"main-inner\">\n            <p class=\"small-title\"><\/p>\n            <h1> V\u00c4LKOMMEN TILL DHR V\u00e4ster\u00e5s<\/h1>\n            <p class=\"text\">Vi \u00e4r en organisation f\u00f6r personer med nedsatt r\u00f6relsef\u00f6rm\u00e5ga. V\u00e5rt m\u00e5l \u00e4r att alla m\u00e4nniskor ska k\u00e4nna sig v\u00e4lkomna och inkluderade i samh\u00e4llet. V\u00e5r vision \u00e4r ett universellt utformat samh\u00e4lle \u2013 ett j\u00e4mlikt och j\u00e4mst\u00e4llt samh\u00e4lle d\u00e4r varje m\u00e4nniska ses som en tillg\u00e5ng.<br \/>\r\n<br \/>\r\n<\/p>\n\n\n            \n\n\n\n        <\/div>\n    <\/div>\n<\/section>\n\n<section class=\"block-calender\">\n    <div class=\"main\">\n        <div class=\"main-inner\">\n            <div class=\"title\">\n                <h2><\/h2>\n                            <\/div>\n            <div class=\"flex-container\">\n\n                                            \n                    \n                                <a class=\"one-post bright-background\" href=\"https:\/\/dhr.se\/vasteras\/event\/valborgsmassofirande\/\">\n                                    <div class=\"date\">\n                                        <p class=\"day title-color\">30<\/p>\n                                        <p class=\"month title-color\">April<\/p>\n                                    <\/div>\n                                    <div class=\"text-container\">\n                                        <h3 class=\"accent-text\">Valborgsm\u00e4ssofirande<\/h3>\n                                        <div class=\"event-info\">\n                                            <p class=\"time\">30 april kl 18:00-21:00<\/p>\n                                            <p class=\"place text-darker\">Lagervik 9<\/p>\n                                        <\/div>\n                                    <\/div>\n                                <\/a>\n                        \n                                                    \n                    \n                                <a class=\"one-post bright-background\" href=\"https:\/\/dhr.se\/vasteras\/event\/bingo-och-grillning\/\">\n                                    <div class=\"date\">\n                                        <p class=\"day title-color\">10<\/p>\n                                        <p class=\"month title-color\">Maj<\/p>\n                                    <\/div>\n                                    <div class=\"text-container\">\n                                        <h3 class=\"accent-text\">Bingo och grillning<\/h3>\n                                        <div class=\"event-info\">\n                                            <p class=\"time\">10 maj kl 11:00 &#8211; 14:00<\/p>\n                                            <p class=\"place text-darker\"><\/p>\n                                        <\/div>\n                                    <\/div>\n                                <\/a>\n                        \n                                                    \n                    \n                                <a class=\"one-post bright-background\" href=\"https:\/\/dhr.se\/vasteras\/event\/afternoon-tea\/\">\n                                    <div class=\"date\">\n                                        <p class=\"day title-color\">24<\/p>\n                                        <p class=\"month title-color\">Maj<\/p>\n                                    <\/div>\n                                    <div class=\"text-container\">\n                                        <h3 class=\"accent-text\">Afternoon tea<\/h3>\n                                        <div class=\"event-info\">\n                                            <p class=\"time\">24 maj kl 11:00 &#8211; 14:00<\/p>\n                                            <p class=\"place text-darker\"><\/p>\n                                        <\/div>\n                                    <\/div>\n                                <\/a>\n                        \n                           \n            <\/div>\n        <\/div>\n    <\/div>\n<\/section>\n\n<section class=\"block-textbox\" style=\"background-image:url(https:\/\/dhr.se\/vasteras\/wp-content\/uploads\/sites\/47\/2020\/03\/Kvinna-med-ljust-l\u00e5ngt-h\u00e5r-tittar-in-i-kameran-Botaniska.jpg);\">\n    <div class=\"main\">\n        <div class=\"main-inner\">\n\n                <div class=\"text-container\">\n                    <h2>BLI MEDLEM I DHR<\/h2>\n                    <p>Under DHR:s 100 \u00e5r (vi fyller \u00e5r 2023) har villkoren f\u00f6r personer med nedsatt r\u00f6relsef\u00f6rm\u00e5ga sj\u00e4lvklart f\u00f6rb\u00e4ttrats. Men nu b\u00f6rjar det bl\u00e5sa kallt igen, och behovet av en stark motst\u00e5ndsr\u00f6relse \u00e4r st\u00f6rre \u00e4n p\u00e5 m\u00e5nga \u00e5r. Den personliga assistansen \u00e4r i fara, parkeringstillst\u00e5nd dras in och det sn\u00e5las p\u00e5 bilst\u00f6d. Vi h\u00f6r till och med \u00e5sikter om att det borde inf\u00f6ras institutioner igen. D\u00e4rf\u00f6r beh\u00f6vs ocks\u00e5 du som medlem!<br \/>\r\n<br \/>\r\nTillsammans med andra medlemmar kan du delta i fritidsaktiviteter, kamratst\u00f6d och social gemenskap.<br \/>\r\nSom medlem i DHR har du tillsammans med andra medlemmar m\u00f6jlighet att p\u00e5verka s\u00e5 att ditt lokalsamh\u00e4lle blir mer j\u00e4mlikt och j\u00e4mst\u00e4llt.<\/p>\n\n                                            <a class=\"button big accent\" href=\"https:\/\/sbtdhr.mysoft.no\/modules\/blimedlem\/blimedlem.aspx\" target=\"_self\">Medlemsans\u00f6kan<\/a>\n                    \n                <\/div>\n\n        <\/div>\n    <\/div>\n<\/section>","protected":false},"excerpt":{"rendered":"","protected":false},"author":8,"featured_media":0,"parent":0,"menu_order":1,"comment_status":"closed","ping_status":"closed","template":"","meta":{"_acf_changed":false,"_monsterinsights_skip_tracking":false,"_monsterinsights_sitenote_active":false,"_monsterinsights_sitenote_note":"","_monsterinsights_sitenote_category":0,"footnotes":""},"class_list":["post-754","page","type-page","status-publish","hentry"],"acf":[],"yoast_head":"<!-- This site is optimized with the Yoast SEO plugin v27.5 - https:\/\/yoast.com\/product\/yoast-seo-wordpress\/ -->\n<title>DHR - V\u00e4ster\u00e5s - DHR - V\u00e4ster\u00e5s<\/title>\n<meta name=\"robots\" content=\"index, follow, max-snippet:-1, max-image-preview:large, max-video-preview:-1\" \/>\n<link rel=\"canonical\" href=\"https:\/\/dhr.se\/vasteras\/\" \/>\n<meta property=\"og:locale\" content=\"sv_SE\" \/>\n<meta property=\"og:type\" content=\"article\" \/>\n<meta property=\"og:title\" content=\"DHR - V\u00e4ster\u00e5s - DHR - V\u00e4ster\u00e5s\" \/>\n<meta property=\"og:url\" content=\"https:\/\/dhr.se\/vasteras\/\" \/>\n<meta property=\"og:site_name\" content=\"DHR - V\u00e4ster\u00e5s\" \/>\n<meta property=\"article:modified_time\" content=\"2026-04-29T06:39:13+00:00\" \/>\n<meta name=\"twitter:card\" content=\"summary_large_image\" \/>\n<script type=\"application\/ld+json\" class=\"yoast-schema-graph\">{\"@context\":\"https:\\\/\\\/schema.org\",\"@graph\":[{\"@type\":\"WebPage\",\"@id\":\"https:\\\/\\\/dhr.se\\\/vasteras\\\/\",\"url\":\"https:\\\/\\\/dhr.se\\\/vasteras\\\/\",\"name\":\"DHR - V\u00e4ster\u00e5s - DHR - V\u00e4ster\u00e5s\",\"isPartOf\":{\"@id\":\"https:\\\/\\\/dhr.se\\\/vasteras\\\/#website\"},\"datePublished\":\"2019-08-15T18:18:44+00:00\",\"dateModified\":\"2026-04-29T06:39:13+00:00\",\"breadcrumb\":{\"@id\":\"https:\\\/\\\/dhr.se\\\/vasteras\\\/#breadcrumb\"},\"inLanguage\":\"sv-SE\",\"potentialAction\":[{\"@type\":\"ReadAction\",\"target\":[\"https:\\\/\\\/dhr.se\\\/vasteras\\\/\"]}]},{\"@type\":\"BreadcrumbList\",\"@id\":\"https:\\\/\\\/dhr.se\\\/vasteras\\\/#breadcrumb\",\"itemListElement\":[{\"@type\":\"ListItem\",\"position\":1,\"name\":\"Hem\",\"item\":\"https:\\\/\\\/dhr.se\\\/vasteras\\\/\"},{\"@type\":\"ListItem\",\"position\":2,\"name\":\"DHR &#8211; V\u00e4ster\u00e5s\"}]},{\"@type\":\"WebSite\",\"@id\":\"https:\\\/\\\/dhr.se\\\/vasteras\\\/#website\",\"url\":\"https:\\\/\\\/dhr.se\\\/vasteras\\\/\",\"name\":\"DHR - V\u00e4ster\u00e5s\",\"description\":\"Delaktighet, r\u00f6relsefrihet och handlingskraft\",\"potentialAction\":[{\"@type\":\"SearchAction\",\"target\":{\"@type\":\"EntryPoint\",\"urlTemplate\":\"https:\\\/\\\/dhr.se\\\/vasteras\\\/?s={search_term_string}\"},\"query-input\":{\"@type\":\"PropertyValueSpecification\",\"valueRequired\":true,\"valueName\":\"search_term_string\"}}],\"inLanguage\":\"sv-SE\"}]}<\/script>\n<!-- \/ Yoast SEO plugin. -->","yoast_head_json":{"title":"DHR - V\u00e4ster\u00e5s - DHR - V\u00e4ster\u00e5s","robots":{"index":"index","follow":"follow","max-snippet":"max-snippet:-1","max-image-preview":"max-image-preview:large","max-video-preview":"max-video-preview:-1"},"canonical":"https:\/\/dhr.se\/vasteras\/","og_locale":"sv_SE","og_type":"article","og_title":"DHR - V\u00e4ster\u00e5s - DHR - V\u00e4ster\u00e5s","og_url":"https:\/\/dhr.se\/vasteras\/","og_site_name":"DHR - V\u00e4ster\u00e5s","article_modified_time":"2026-04-29T06:39:13+00:00","twitter_card":"summary_large_image","schema":{"@context":"https:\/\/schema.org","@graph":[{"@type":"WebPage","@id":"https:\/\/dhr.se\/vasteras\/","url":"https:\/\/dhr.se\/vasteras\/","name":"DHR - V\u00e4ster\u00e5s - DHR - V\u00e4ster\u00e5s","isPartOf":{"@id":"https:\/\/dhr.se\/vasteras\/#website"},"datePublished":"2019-08-15T18:18:44+00:00","dateModified":"2026-04-29T06:39:13+00:00","breadcrumb":{"@id":"https:\/\/dhr.se\/vasteras\/#breadcrumb"},"inLanguage":"sv-SE","potentialAction":[{"@type":"ReadAction","target":["https:\/\/dhr.se\/vasteras\/"]}]},{"@type":"BreadcrumbList","@id":"https:\/\/dhr.se\/vasteras\/#breadcrumb","itemListElement":[{"@type":"ListItem","position":1,"name":"Hem","item":"https:\/\/dhr.se\/vasteras\/"},{"@type":"ListItem","position":2,"name":"DHR &#8211; V\u00e4ster\u00e5s"}]},{"@type":"WebSite","@id":"https:\/\/dhr.se\/vasteras\/#website","url":"https:\/\/dhr.se\/vasteras\/","name":"DHR - V\u00e4ster\u00e5s","description":"Delaktighet, r\u00f6relsefrihet och handlingskraft","potentialAction":[{"@type":"SearchAction","target":{"@type":"EntryPoint","urlTemplate":"https:\/\/dhr.se\/vasteras\/?s={search_term_string}"},"query-input":{"@type":"PropertyValueSpecification","valueRequired":true,"valueName":"search_term_string"}}],"inLanguage":"sv-SE"}]}},"publishpress_future_action":{"enabled":false,"date":"2026-05-20 00:39:37","action":"change-status","newStatus":"draft","terms":[],"taxonomy":"translation_priority","extraData":[]},"publishpress_future_workflow_manual_trigger":{"enabledWorkflows":[]},"_links":{"self":[{"href":"https:\/\/dhr.se\/vasteras\/wp-json\/wp\/v2\/pages\/754","targetHints":{"allow":["GET"]}}],"collection":[{"href":"https:\/\/dhr.se\/vasteras\/wp-json\/wp\/v2\/pages"}],"about":[{"href":"https:\/\/dhr.se\/vasteras\/wp-json\/wp\/v2\/types\/page"}],"author":[{"embeddable":true,"href":"https:\/\/dhr.se\/vasteras\/wp-json\/wp\/v2\/users\/8"}],"replies":[{"embeddable":true,"href":"https:\/\/dhr.se\/vasteras\/wp-json\/wp\/v2\/comments?post=754"}],"version-history":[{"count":10,"href":"https:\/\/dhr.se\/vasteras\/wp-json\/wp\/v2\/pages\/754\/revisions"}],"predecessor-version":[{"id":2937,"href":"https:\/\/dhr.se\/vasteras\/wp-json\/wp\/v2\/pages\/754\/revisions\/2937"}],"wp:attachment":[{"href":"https:\/\/dhr.se\/vasteras\/wp-json\/wp\/v2\/media?parent=754"}],"curies":[{"name":"wp","href":"https:\/\/api.w.org\/{rel}","templated":true}]}}