{"id":754,"date":"2019-08-15T20:18:44","date_gmt":"2019-08-15T18:18:44","guid":{"rendered":"http:\/\/dhr.se\/vasternorrland\/?page_id=754"},"modified":"2023-06-15T12:06:23","modified_gmt":"2023-06-15T10:06:23","slug":"drivhuset-stockholm","status":"publish","type":"page","link":"https:\/\/dhr.se\/vasternorrland\/","title":{"rendered":"DHR -V\u00e4sternorrland"},"content":{"rendered":"<section class=\"block-hero\" style=\"background-image:url(https:\/\/dhr.se\/vasternorrland\/wp-content\/uploads\/sites\/30\/2020\/03\/Mor-och-barn-tittar-p\u00e5-blommor-e1618470603238.jpg);\">\n\n<video autoplay loop playsinline muted loop>\n    <source src=\"\" type=\"video\/mp4\">\n    Your browser does not support HTML5 video.\n<\/video>\n\n<div class=\"overlay overlay-dark\"><\/div>\n    <div class=\"main\">\n        <div class=\"main-inner\">\n            <p class=\"small-title\"><\/p>\n            <h1> V\u00c4LKOMMEN TILL DHR V\u00e4sternorrland<\/h1>\n            <p class=\"text\">V\u00e5rt m\u00e5l \u00e4r att alla m\u00e4nniskor ska k\u00e4nna sig v\u00e4lkomna och inkluderade i samh\u00e4llet. V\u00e5r vision \u00e4r ett universellt utformat samh\u00e4lle \u2013 ett j\u00e4mlikt och j\u00e4mst\u00e4llt samh\u00e4lle d\u00e4r varje m\u00e4nniska ses som en tillg\u00e5ng.<br \/>\r\n<br \/>\r\n<\/p>\n\n\n            \n\n\n\n        <\/div>\n    <\/div>\n<\/section>\n\n<section class=\"block-image-and-text right grey\">\n    <div class=\"main\">\n        <div class=\"main-inner\">\n            <div class=\"left-col\" style=\"background-image: url(https:\/\/dhr.se\/vasternorrland\/wp-content\/uploads\/sites\/30\/2020\/03\/K\u00f6p-av-korv-Botaniska.jpg);\"><\/div>\n\n            <div class=\"right-col\">\n                <h2>Om oss<\/h2>\n                <p class=\"text\">DHR V\u00e4sternorrland distrikt jobbar p\u00e5 regional niv\u00e5 i V\u00e4sternorrland. V\u00e5rt m\u00e5l \u00e4r att samh\u00e4llet ska vara mer tillg\u00e4ngligt f\u00f6r alla och p\u00e5 s\u00e5 vis b\u00e4ttre. <br \/>\r\n<br \/>\r\nVi \u00e4r en undergren till f\u00f6rbundet DHR (delaktighet, handlingskraft, r\u00f6relsefrihet) och arbetar f\u00f6r att personer med r\u00f6relseneds\u00e4ttning ska kunna k\u00e4nna sig mer delaktiga i samh\u00e4llet. V\u00e5r organisation st\u00e5r f\u00f6r j\u00e4mst\u00e4lldhet och \u00e4r politiskt obunden. <br \/>\r\n<br \/>\r\nVi sitter bland annat med i H\u00e4lsosam Y f\u00f6r att f\u00f6ra fram v\u00e5ra intressepolitiska fr\u00e5gor. <br \/>\r\n<br \/>\r\nVill du vara med? Har du id\u00e9er om vad vi i DHR V\u00e4sternorrlands distrikt kan g\u00f6ra tillsammans och f\u00f6rb\u00e4ttra? Vill du komma i kontakt med oss? <br \/>\r\n<br \/>\r\nMejla till vasternorrlandslan@dhr.se eller ring kansliet p\u00e5 telefon 060-129150.<br \/>\r\n<br \/>\r\n<\/p>\n\n                            <\/div>\n\n        <\/div>\n    <\/div>\n<\/section>\n\n<section class=\"block-image-and-text left grey\">\n    <div class=\"main\">\n        <div class=\"main-inner\">\n            <div class=\"left-col\" style=\"background-image: url(https:\/\/dhr.se\/vasternorrland\/wp-content\/uploads\/sites\/30\/2020\/03\/Kvinna-med-ljust-l\u00e5ngt-h\u00e5r-tittar-in-i-kameran-Botaniska.jpg);\"><\/div>\n\n            <div class=\"right-col\">\n                <h2>Bli medlem i DHR<\/h2>\n                <p class=\"text\">DHR beh\u00f6ver dig som medlem. Oavsett om du v\u00e4ljer att vara aktiv eller bara vill st\u00f6dja oss \u00e4r ditt medlemskap viktigt. Ju fler vi \u00e4r, desto starkare blir v\u00e5r r\u00f6st!<br \/>\r\n<br \/>\r\nUnder DHR:s 100 \u00e5r (vi fyller \u00e5r 2023) har villkoren f\u00f6r medlemmarna sj\u00e4lvklart f\u00f6rb\u00e4ttrats. Men nu b\u00f6rjar det bl\u00e5sa kallt igen, och behovet av en stark motst\u00e5ndsr\u00f6relse \u00e4r st\u00f6rre \u00e4n p\u00e5 m\u00e5nga \u00e5r. Den personliga assistansen \u00e4r i fara, parkeringstillst\u00e5nd dras in och det sn\u00e5las p\u00e5 bilst\u00f6d. Vi h\u00f6r till och med \u00e5sikter om att det borde inf\u00f6ras institutioner igen. D\u00e4rf\u00f6r beh\u00f6vs ocks\u00e5 du som medlem!<br \/>\r\n<br \/>\r\nSom medlem i DHR kan du tillsammans med andra medlemmar p\u00e5verka att samh\u00e4llet blir mer j\u00e4mlikt och j\u00e4mst\u00e4llt. Tillsammans med andra medlemmar kan du ocks\u00e5 delta i fritidsaktiviteter, kamratst\u00f6d och social gemenskap.<\/p>\n\n                                    <a class=\"button big accent\" href=\"https:\/\/sbtdhr.mysoft.no\/modules\/blimedlem\/blimedlem.aspx\" target=\"_blank\">Medlemsans\u00f6kan<\/a>\n                            <\/div>\n\n        <\/div>\n    <\/div>\n<\/section>\n\n<section class=\"block-box-links white\">\n    <div class=\"main\">\n        <div class=\"main-inner\">\n            <div class=\"flex-container\">\n\n                                \n                    <div class=\"one-box bright-background\">\n\n                                                    <div class=\"icon icon-statistics\"><\/div>\n                        \n                        <h4>R\u00e4ttighetsikoner<\/h4>\n                        <p>DHR har gjort det m\u00e5nga sagt borde g\u00f6ras \u2013 illustrerat artiklar ur Konventionen om r\u00e4ttigheter f\u00f6r personer med funktionsneds\u00e4ttning. Vi kopplar dem till de globala m\u00e5len \u2013 inte alla utan de som har direkt b\u00e4ring p\u00e5 personer med funktionsneds\u00e4ttning. <\/p>\n\n                                                    <a class=\"small-button text-link\" href=\"https:\/\/globalarattigheter.dhr.se\/\" target=\"_blank\">Globala r\u00e4ttigheter<\/a>\n                                                \n                    <\/div>\n\n                                    \n                    <div class=\"one-box bright-background\">\n\n                                                    <div class=\"icon icon-document\"><\/div>\n                        \n                        <h4>VI G\u00d6R!<\/h4>\n                        <p>DHR:s V\u00e4sternorrlands distirikt arbetar utifr\u00e5n din vardag. Den blir v\u00e5rt r\u00e4ttighetspolitiska arbete. Vi tar fram fakta och beslutsunderlag, f\u00f6r tj\u00e4nstem\u00e4n och beslutsfattare, utifr\u00e5n de erfarenheter som m\u00e4nniskor med nedsatt r\u00f6relsef\u00f6rm\u00e5ga har.<\/p>\n\n                                                \n                    <\/div>\n\n                                    \n                    <div class=\"one-box bright-background\">\n\n                                                    <div class=\"icon icon-bulb\"><\/div>\n                        \n                        <h4>VI VILL!<\/h4>\n                        <p>Alla m\u00e4nniskor har lika v\u00e4rde! Och det oavsett k\u00f6n, k\u00f6nsidentitet eller k\u00f6nsuttryck, etnisk tillh\u00f6righet, religion eller annan trosuppfattning, funktionsneds\u00e4ttning, sexuell l\u00e4ggning eller \u00e5lder.<\/p>\n\n                                                \n                    <\/div>\n\n                    \n            <\/div>\n        <\/div>\n    <\/div>\n<\/section>\n\n\n<p><\/p>\n","protected":false},"excerpt":{"rendered":"","protected":false},"author":4,"featured_media":0,"parent":0,"menu_order":0,"comment_status":"closed","ping_status":"closed","template":"","meta":{"_acf_changed":false,"_monsterinsights_skip_tracking":false,"_monsterinsights_sitenote_active":false,"_monsterinsights_sitenote_note":"","_monsterinsights_sitenote_category":0,"footnotes":""},"class_list":["post-754","page","type-page","status-publish","hentry"],"acf":[],"yoast_head":"<!-- This site is optimized with the Yoast SEO plugin v27.2 - https:\/\/yoast.com\/product\/yoast-seo-wordpress\/ -->\n<title>DHR -V\u00e4sternorrland - DHR - V\u00e4sternorrland<\/title>\n<meta name=\"description\" content=\"Vi \u00e4r en politiskt och religi\u00f6st obunden organisation av och f\u00f6r personer med nedsatt r\u00f6relsef\u00f6rm\u00e5ga. V\u00e5r utg\u00e5ngspunkt f\u00f6r det r\u00e4ttighetspolitiska arbetet \u00e4r Konventionen om r\u00e4ttigheter f\u00f6r personer med funktionsneds\u00e4ttning.\" \/>\n<meta name=\"robots\" content=\"index, follow, max-snippet:-1, max-image-preview:large, max-video-preview:-1\" \/>\n<link rel=\"canonical\" href=\"https:\/\/dhr.se\/vasternorrland\/\" \/>\n<meta property=\"og:locale\" content=\"sv_SE\" \/>\n<meta property=\"og:type\" content=\"article\" \/>\n<meta property=\"og:title\" content=\"DHR -V\u00e4sternorrland - DHR - V\u00e4sternorrland\" \/>\n<meta property=\"og:description\" content=\"Vi \u00e4r en politiskt och religi\u00f6st obunden organisation av och f\u00f6r personer med nedsatt r\u00f6relsef\u00f6rm\u00e5ga. V\u00e5r utg\u00e5ngspunkt f\u00f6r det r\u00e4ttighetspolitiska arbetet \u00e4r Konventionen om r\u00e4ttigheter f\u00f6r personer med funktionsneds\u00e4ttning.\" \/>\n<meta property=\"og:url\" content=\"https:\/\/dhr.se\/vasternorrland\/\" \/>\n<meta property=\"og:site_name\" content=\"DHR - V\u00e4sternorrland\" \/>\n<meta property=\"article:modified_time\" content=\"2023-06-15T10:06:23+00:00\" \/>\n<meta name=\"twitter:card\" content=\"summary_large_image\" \/>\n<script type=\"application\/ld+json\" class=\"yoast-schema-graph\">{\"@context\":\"https:\/\/schema.org\",\"@graph\":[{\"@type\":\"WebPage\",\"@id\":\"https:\/\/dhr.se\/vasternorrland\/\",\"url\":\"https:\/\/dhr.se\/vasternorrland\/\",\"name\":\"DHR -V\u00e4sternorrland - DHR - V\u00e4sternorrland\",\"isPartOf\":{\"@id\":\"https:\/\/dhr.se\/vasternorrland\/#website\"},\"datePublished\":\"2019-08-15T18:18:44+00:00\",\"dateModified\":\"2023-06-15T10:06:23+00:00\",\"description\":\"Vi \u00e4r en politiskt och religi\u00f6st obunden organisation av och f\u00f6r personer med nedsatt r\u00f6relsef\u00f6rm\u00e5ga. V\u00e5r utg\u00e5ngspunkt f\u00f6r det r\u00e4ttighetspolitiska arbetet \u00e4r Konventionen om r\u00e4ttigheter f\u00f6r personer med funktionsneds\u00e4ttning.\",\"breadcrumb\":{\"@id\":\"https:\/\/dhr.se\/vasternorrland\/#breadcrumb\"},\"inLanguage\":\"sv-SE\",\"potentialAction\":[{\"@type\":\"ReadAction\",\"target\":[\"https:\/\/dhr.se\/vasternorrland\/\"]}]},{\"@type\":\"BreadcrumbList\",\"@id\":\"https:\/\/dhr.se\/vasternorrland\/#breadcrumb\",\"itemListElement\":[{\"@type\":\"ListItem\",\"position\":1,\"name\":\"Hem\",\"item\":\"https:\/\/dhr.se\/vasternorrland\/\"},{\"@type\":\"ListItem\",\"position\":2,\"name\":\"DHR -V\u00e4sternorrland\"}]},{\"@type\":\"WebSite\",\"@id\":\"https:\/\/dhr.se\/vasternorrland\/#website\",\"url\":\"https:\/\/dhr.se\/vasternorrland\/\",\"name\":\"DHR - V\u00e4sternorrland\",\"description\":\"Delaktighet, r\u00f6relsefrihet och handlingskraft\",\"potentialAction\":[{\"@type\":\"SearchAction\",\"target\":{\"@type\":\"EntryPoint\",\"urlTemplate\":\"https:\/\/dhr.se\/vasternorrland\/?s={search_term_string}\"},\"query-input\":{\"@type\":\"PropertyValueSpecification\",\"valueRequired\":true,\"valueName\":\"search_term_string\"}}],\"inLanguage\":\"sv-SE\"}]}<\/script>\n<!-- \/ Yoast SEO plugin. -->","yoast_head_json":{"title":"DHR -V\u00e4sternorrland - DHR - V\u00e4sternorrland","description":"Vi \u00e4r en politiskt och religi\u00f6st obunden organisation av och f\u00f6r personer med nedsatt r\u00f6relsef\u00f6rm\u00e5ga. V\u00e5r utg\u00e5ngspunkt f\u00f6r det r\u00e4ttighetspolitiska arbetet \u00e4r Konventionen om r\u00e4ttigheter f\u00f6r personer med funktionsneds\u00e4ttning.","robots":{"index":"index","follow":"follow","max-snippet":"max-snippet:-1","max-image-preview":"max-image-preview:large","max-video-preview":"max-video-preview:-1"},"canonical":"https:\/\/dhr.se\/vasternorrland\/","og_locale":"sv_SE","og_type":"article","og_title":"DHR -V\u00e4sternorrland - DHR - V\u00e4sternorrland","og_description":"Vi \u00e4r en politiskt och religi\u00f6st obunden organisation av och f\u00f6r personer med nedsatt r\u00f6relsef\u00f6rm\u00e5ga. V\u00e5r utg\u00e5ngspunkt f\u00f6r det r\u00e4ttighetspolitiska arbetet \u00e4r Konventionen om r\u00e4ttigheter f\u00f6r personer med funktionsneds\u00e4ttning.","og_url":"https:\/\/dhr.se\/vasternorrland\/","og_site_name":"DHR - V\u00e4sternorrland","article_modified_time":"2023-06-15T10:06:23+00:00","twitter_card":"summary_large_image","schema":{"@context":"https:\/\/schema.org","@graph":[{"@type":"WebPage","@id":"https:\/\/dhr.se\/vasternorrland\/","url":"https:\/\/dhr.se\/vasternorrland\/","name":"DHR -V\u00e4sternorrland - DHR - V\u00e4sternorrland","isPartOf":{"@id":"https:\/\/dhr.se\/vasternorrland\/#website"},"datePublished":"2019-08-15T18:18:44+00:00","dateModified":"2023-06-15T10:06:23+00:00","description":"Vi \u00e4r en politiskt och religi\u00f6st obunden organisation av och f\u00f6r personer med nedsatt r\u00f6relsef\u00f6rm\u00e5ga. V\u00e5r utg\u00e5ngspunkt f\u00f6r det r\u00e4ttighetspolitiska arbetet \u00e4r Konventionen om r\u00e4ttigheter f\u00f6r personer med funktionsneds\u00e4ttning.","breadcrumb":{"@id":"https:\/\/dhr.se\/vasternorrland\/#breadcrumb"},"inLanguage":"sv-SE","potentialAction":[{"@type":"ReadAction","target":["https:\/\/dhr.se\/vasternorrland\/"]}]},{"@type":"BreadcrumbList","@id":"https:\/\/dhr.se\/vasternorrland\/#breadcrumb","itemListElement":[{"@type":"ListItem","position":1,"name":"Hem","item":"https:\/\/dhr.se\/vasternorrland\/"},{"@type":"ListItem","position":2,"name":"DHR -V\u00e4sternorrland"}]},{"@type":"WebSite","@id":"https:\/\/dhr.se\/vasternorrland\/#website","url":"https:\/\/dhr.se\/vasternorrland\/","name":"DHR - V\u00e4sternorrland","description":"Delaktighet, r\u00f6relsefrihet och handlingskraft","potentialAction":[{"@type":"SearchAction","target":{"@type":"EntryPoint","urlTemplate":"https:\/\/dhr.se\/vasternorrland\/?s={search_term_string}"},"query-input":{"@type":"PropertyValueSpecification","valueRequired":true,"valueName":"search_term_string"}}],"inLanguage":"sv-SE"}]}},"publishpress_future_action":{"enabled":false,"date":"2026-04-22 19:32:18","action":"change-status","newStatus":"draft","terms":[],"taxonomy":"translation_priority","extraData":[]},"publishpress_future_workflow_manual_trigger":{"enabledWorkflows":[]},"_links":{"self":[{"href":"https:\/\/dhr.se\/vasternorrland\/wp-json\/wp\/v2\/pages\/754","targetHints":{"allow":["GET"]}}],"collection":[{"href":"https:\/\/dhr.se\/vasternorrland\/wp-json\/wp\/v2\/pages"}],"about":[{"href":"https:\/\/dhr.se\/vasternorrland\/wp-json\/wp\/v2\/types\/page"}],"author":[{"embeddable":true,"href":"https:\/\/dhr.se\/vasternorrland\/wp-json\/wp\/v2\/users\/4"}],"replies":[{"embeddable":true,"href":"https:\/\/dhr.se\/vasternorrland\/wp-json\/wp\/v2\/comments?post=754"}],"version-history":[{"count":0,"href":"https:\/\/dhr.se\/vasternorrland\/wp-json\/wp\/v2\/pages\/754\/revisions"}],"wp:attachment":[{"href":"https:\/\/dhr.se\/vasternorrland\/wp-json\/wp\/v2\/media?parent=754"}],"curies":[{"name":"wp","href":"https:\/\/api.w.org\/{rel}","templated":true}]}}