{"id":1008,"date":"2019-08-19T16:50:50","date_gmt":"2019-08-19T14:50:50","guid":{"rendered":"http:\/\/dhr.se\/vastragotaland\/?page_id=1008"},"modified":"2020-04-29T10:17:12","modified_gmt":"2020-04-29T08:17:12","slug":"kalender","status":"publish","type":"page","link":"https:\/\/dhr.se\/vastragotaland\/kalender\/","title":{"rendered":"Kalendarium"},"content":{"rendered":"<section class=\"block-simple-title\" >\n    <div class=\"main\">\n        <div class=\"main-inner\">\n            <h1>Kalendarium<\/h1>\n        <\/div>\n    <\/div>\n<\/section>\n\n<section class=\"block-chosen-events\">\n    <div class=\"main\">\n        <div class=\"main-inner\">\n            <div class=\"title\">\n                <h2>P\u00c5G\u00c5R UNDER EN L\u00c4NGRE TID<\/h2>\n            <\/div>\n            <div class=\"flex-container\">\n\n                \n            <\/div>\n        <\/div>\n    <\/div>\n<\/section>\n\n<section class=\"block-chosen-events\">\n    <div class=\"main\">\n        <div class=\"main-inner\">\n            <div class=\"title\">\n                <h2>September<\/h2>\n            <\/div>\n            <div class=\"flex-container\">\n\n                \n            <\/div>\n        <\/div>\n    <\/div>\n<\/section>\n\n<section class=\"block-chosen-events\">\n    <div class=\"main\">\n        <div class=\"main-inner\">\n            <div class=\"title\">\n                <h2>Oktober<\/h2>\n            <\/div>\n            <div class=\"flex-container\">\n\n                \n            <\/div>\n        <\/div>\n    <\/div>\n<\/section>","protected":false},"excerpt":{"rendered":"","protected":false},"author":4,"featured_media":0,"parent":0,"menu_order":0,"comment_status":"closed","ping_status":"closed","template":"","meta":{"_acf_changed":false,"_monsterinsights_skip_tracking":false,"_monsterinsights_sitenote_active":false,"_monsterinsights_sitenote_note":"","_monsterinsights_sitenote_category":0,"footnotes":""},"class_list":["post-1008","page","type-page","status-publish","hentry"],"acf":[],"yoast_head":"<!-- This site is optimized with the Yoast SEO plugin v27.2 - https:\/\/yoast.com\/product\/yoast-seo-wordpress\/ -->\n<title>Kalendarium - DHR - V\u00e4stra G\u00f6taland<\/title>\n<meta name=\"description\" content=\"\u00c5rsm\u00f6tet f\u00f6r DHR Region V\u00e4stra G\u00f6taland \u00e4r senarelagt till l\u00f6rdagen 13 juni\" \/>\n<meta name=\"robots\" content=\"index, follow, max-snippet:-1, max-image-preview:large, max-video-preview:-1\" \/>\n<link rel=\"canonical\" href=\"https:\/\/dhr.se\/vastragotaland\/kalender\/\" \/>\n<meta property=\"og:locale\" content=\"sv_SE\" \/>\n<meta property=\"og:type\" content=\"article\" \/>\n<meta property=\"og:title\" content=\"Kalendarium - DHR - V\u00e4stra G\u00f6taland\" \/>\n<meta property=\"og:description\" content=\"\u00c5rsm\u00f6tet f\u00f6r DHR Region V\u00e4stra G\u00f6taland \u00e4r senarelagt till l\u00f6rdagen 13 juni\" \/>\n<meta property=\"og:url\" content=\"https:\/\/dhr.se\/vastragotaland\/kalender\/\" \/>\n<meta property=\"og:site_name\" content=\"DHR - V\u00e4stra G\u00f6taland\" \/>\n<meta property=\"article:modified_time\" content=\"2020-04-29T08:17:12+00:00\" \/>\n<meta name=\"twitter:card\" content=\"summary_large_image\" \/>\n<script type=\"application\/ld+json\" class=\"yoast-schema-graph\">{\"@context\":\"https:\/\/schema.org\",\"@graph\":[{\"@type\":\"WebPage\",\"@id\":\"https:\/\/dhr.se\/vastragotaland\/kalender\/\",\"url\":\"https:\/\/dhr.se\/vastragotaland\/kalender\/\",\"name\":\"Kalendarium - DHR - V\u00e4stra G\u00f6taland\",\"isPartOf\":{\"@id\":\"https:\/\/dhr.se\/vastragotaland\/#website\"},\"datePublished\":\"2019-08-19T14:50:50+00:00\",\"dateModified\":\"2020-04-29T08:17:12+00:00\",\"description\":\"\u00c5rsm\u00f6tet f\u00f6r DHR Region V\u00e4stra G\u00f6taland \u00e4r senarelagt till l\u00f6rdagen 13 juni\",\"breadcrumb\":{\"@id\":\"https:\/\/dhr.se\/vastragotaland\/kalender\/#breadcrumb\"},\"inLanguage\":\"sv-SE\",\"potentialAction\":[{\"@type\":\"ReadAction\",\"target\":[\"https:\/\/dhr.se\/vastragotaland\/kalender\/\"]}]},{\"@type\":\"BreadcrumbList\",\"@id\":\"https:\/\/dhr.se\/vastragotaland\/kalender\/#breadcrumb\",\"itemListElement\":[{\"@type\":\"ListItem\",\"position\":1,\"name\":\"Hem\",\"item\":\"https:\/\/dhr.se\/vastragotaland\/\"},{\"@type\":\"ListItem\",\"position\":2,\"name\":\"Kalendarium\"}]},{\"@type\":\"WebSite\",\"@id\":\"https:\/\/dhr.se\/vastragotaland\/#website\",\"url\":\"https:\/\/dhr.se\/vastragotaland\/\",\"name\":\"DHR - V\u00e4stra G\u00f6taland\",\"description\":\"Delaktighet, r\u00f6relsefrihet och handlingskraft\",\"publisher\":{\"@id\":\"https:\/\/dhr.se\/vastragotaland\/#organization\"},\"potentialAction\":[{\"@type\":\"SearchAction\",\"target\":{\"@type\":\"EntryPoint\",\"urlTemplate\":\"https:\/\/dhr.se\/vastragotaland\/?s={search_term_string}\"},\"query-input\":{\"@type\":\"PropertyValueSpecification\",\"valueRequired\":true,\"valueName\":\"search_term_string\"}}],\"inLanguage\":\"sv-SE\"},{\"@type\":\"Organization\",\"@id\":\"https:\/\/dhr.se\/vastragotaland\/#organization\",\"name\":\"DHR - V\u00e4stra G\u00f6taland\",\"url\":\"https:\/\/dhr.se\/vastragotaland\/\",\"logo\":{\"@type\":\"ImageObject\",\"inLanguage\":\"sv-SE\",\"@id\":\"https:\/\/dhr.se\/vastragotaland\/#\/schema\/logo\/image\/\",\"url\":\"https:\/\/dhr.se\/vastragotaland\/wp-content\/uploads\/sites\/10\/2021\/01\/cropped-39948884_2680559575303589_6596788751240790016_n.jpg\",\"contentUrl\":\"https:\/\/dhr.se\/vastragotaland\/wp-content\/uploads\/sites\/10\/2021\/01\/cropped-39948884_2680559575303589_6596788751240790016_n.jpg\",\"width\":520,\"height\":408,\"caption\":\"DHR - V\u00e4stra G\u00f6taland\"},\"image\":{\"@id\":\"https:\/\/dhr.se\/vastragotaland\/#\/schema\/logo\/image\/\"}}]}<\/script>\n<!-- \/ Yoast SEO plugin. -->","yoast_head_json":{"title":"Kalendarium - DHR - V\u00e4stra G\u00f6taland","description":"\u00c5rsm\u00f6tet f\u00f6r DHR Region V\u00e4stra G\u00f6taland \u00e4r senarelagt till l\u00f6rdagen 13 juni","robots":{"index":"index","follow":"follow","max-snippet":"max-snippet:-1","max-image-preview":"max-image-preview:large","max-video-preview":"max-video-preview:-1"},"canonical":"https:\/\/dhr.se\/vastragotaland\/kalender\/","og_locale":"sv_SE","og_type":"article","og_title":"Kalendarium - DHR - V\u00e4stra G\u00f6taland","og_description":"\u00c5rsm\u00f6tet f\u00f6r DHR Region V\u00e4stra G\u00f6taland \u00e4r senarelagt till l\u00f6rdagen 13 juni","og_url":"https:\/\/dhr.se\/vastragotaland\/kalender\/","og_site_name":"DHR - V\u00e4stra G\u00f6taland","article_modified_time":"2020-04-29T08:17:12+00:00","twitter_card":"summary_large_image","schema":{"@context":"https:\/\/schema.org","@graph":[{"@type":"WebPage","@id":"https:\/\/dhr.se\/vastragotaland\/kalender\/","url":"https:\/\/dhr.se\/vastragotaland\/kalender\/","name":"Kalendarium - DHR - V\u00e4stra G\u00f6taland","isPartOf":{"@id":"https:\/\/dhr.se\/vastragotaland\/#website"},"datePublished":"2019-08-19T14:50:50+00:00","dateModified":"2020-04-29T08:17:12+00:00","description":"\u00c5rsm\u00f6tet f\u00f6r DHR Region V\u00e4stra G\u00f6taland \u00e4r senarelagt till l\u00f6rdagen 13 juni","breadcrumb":{"@id":"https:\/\/dhr.se\/vastragotaland\/kalender\/#breadcrumb"},"inLanguage":"sv-SE","potentialAction":[{"@type":"ReadAction","target":["https:\/\/dhr.se\/vastragotaland\/kalender\/"]}]},{"@type":"BreadcrumbList","@id":"https:\/\/dhr.se\/vastragotaland\/kalender\/#breadcrumb","itemListElement":[{"@type":"ListItem","position":1,"name":"Hem","item":"https:\/\/dhr.se\/vastragotaland\/"},{"@type":"ListItem","position":2,"name":"Kalendarium"}]},{"@type":"WebSite","@id":"https:\/\/dhr.se\/vastragotaland\/#website","url":"https:\/\/dhr.se\/vastragotaland\/","name":"DHR - V\u00e4stra G\u00f6taland","description":"Delaktighet, r\u00f6relsefrihet och handlingskraft","publisher":{"@id":"https:\/\/dhr.se\/vastragotaland\/#organization"},"potentialAction":[{"@type":"SearchAction","target":{"@type":"EntryPoint","urlTemplate":"https:\/\/dhr.se\/vastragotaland\/?s={search_term_string}"},"query-input":{"@type":"PropertyValueSpecification","valueRequired":true,"valueName":"search_term_string"}}],"inLanguage":"sv-SE"},{"@type":"Organization","@id":"https:\/\/dhr.se\/vastragotaland\/#organization","name":"DHR - V\u00e4stra G\u00f6taland","url":"https:\/\/dhr.se\/vastragotaland\/","logo":{"@type":"ImageObject","inLanguage":"sv-SE","@id":"https:\/\/dhr.se\/vastragotaland\/#\/schema\/logo\/image\/","url":"https:\/\/dhr.se\/vastragotaland\/wp-content\/uploads\/sites\/10\/2021\/01\/cropped-39948884_2680559575303589_6596788751240790016_n.jpg","contentUrl":"https:\/\/dhr.se\/vastragotaland\/wp-content\/uploads\/sites\/10\/2021\/01\/cropped-39948884_2680559575303589_6596788751240790016_n.jpg","width":520,"height":408,"caption":"DHR - V\u00e4stra G\u00f6taland"},"image":{"@id":"https:\/\/dhr.se\/vastragotaland\/#\/schema\/logo\/image\/"}}]}},"publishpress_future_workflow_manual_trigger":{"enabledWorkflows":[]},"_links":{"self":[{"href":"https:\/\/dhr.se\/vastragotaland\/wp-json\/wp\/v2\/pages\/1008","targetHints":{"allow":["GET"]}}],"collection":[{"href":"https:\/\/dhr.se\/vastragotaland\/wp-json\/wp\/v2\/pages"}],"about":[{"href":"https:\/\/dhr.se\/vastragotaland\/wp-json\/wp\/v2\/types\/page"}],"author":[{"embeddable":true,"href":"https:\/\/dhr.se\/vastragotaland\/wp-json\/wp\/v2\/users\/4"}],"replies":[{"embeddable":true,"href":"https:\/\/dhr.se\/vastragotaland\/wp-json\/wp\/v2\/comments?post=1008"}],"version-history":[{"count":0,"href":"https:\/\/dhr.se\/vastragotaland\/wp-json\/wp\/v2\/pages\/1008\/revisions"}],"wp:attachment":[{"href":"https:\/\/dhr.se\/vastragotaland\/wp-json\/wp\/v2\/media?parent=1008"}],"curies":[{"name":"wp","href":"https:\/\/api.w.org\/{rel}","templated":true}]}}