{"id":1438,"date":"2019-10-10T19:49:13","date_gmt":"2019-10-10T17:49:13","guid":{"rendered":"http:\/\/dhr.se\/vastragotaland\/?page_id=1438"},"modified":"2020-04-29T10:21:57","modified_gmt":"2020-04-29T08:21:57","slug":"regionbladet","status":"publish","type":"page","link":"https:\/\/dhr.se\/vastragotaland\/om-dhr-region-vastra-gotaland\/regionbladet\/","title":{"rendered":"Regionbladet"},"content":{"rendered":"<section class=\"block-simple-text\">\n    <div class=\"main\">\n        <div class=\"main-inner\">\n            <div class=\"ingress text-darker\"><p>Klicka p\u00e5 bilderna nedan f\u00f6r att l\u00e4sa de senaste numren av <strong>M\u00f6tesPunkt<\/strong>, v\u00e5rt medlemsblad.<\/p>\n<p>&nbsp;<\/p>\n<p>&nbsp;<\/p>\n<p>&nbsp;<\/p>\n<\/div>\n            <div class=\"content\"><p><\/p>\n<p><a href=\"https:\/\/dhrforbundet-my.sharepoint.com\/:b:\/g\/personal\/janna_olzon_dhr_se\/EWAmrJuafFlNqbrvcEv01zEBKh21gRS3zATDOrXH3IpVFw?e=eeDaTP\" data-mce-href=\"https:\/\/dhrforbundet-my.sharepoint.com\/:b:\/g\/personal\/janna_olzon_dhr_se\/EWAmrJuafFlNqbrvcEv01zEBKh21gRS3zATDOrXH3IpVFw?e=eeDaTP\"><img loading=\"lazy\" decoding=\"async\" class=\"alignnone wp-image-1890 size-medium\" src=\"http:\/\/dhr.se\/vastragotaland\/wp-content\/uploads\/sites\/10\/2020\/03\/Sk\u00e4rmklipp-M\u00f6tesPunkt-nr-1-2020-gbg-233x300.png\" alt=\"\" data-mce-src=\"http:\/\/dhr.se\/vastragotaland\/wp-content\/uploads\/sites\/10\/2020\/03\/Sk\u00e4rmklipp-M\u00f6tesPunkt-nr-1-2020-gbg-233x300.png\" width=\"233\" height=\"300\"><\/a> &nbsp;&nbsp;&nbsp;&nbsp;&nbsp;&nbsp;&nbsp; <a href=\"https:\/\/dhrforbundet-my.sharepoint.com\/:b:\/g\/personal\/janna_olzon_dhr_se\/EY_dXWKKWaJFsnRy4owBz6gB3N6nXM4kEMvXWuAe5iktKA?e=MByqdG\" data-mce-href=\"https:\/\/dhrforbundet-my.sharepoint.com\/:b:\/g\/personal\/janna_olzon_dhr_se\/EY_dXWKKWaJFsnRy4owBz6gB3N6nXM4kEMvXWuAe5iktKA?e=MByqdG\"><img loading=\"lazy\" decoding=\"async\" class=\"alignnone wp-image-1892 size-medium\" src=\"http:\/\/dhr.se\/vastragotaland\/wp-content\/uploads\/sites\/10\/2020\/03\/Sk\u00e4rmklipp-M\u00f6tesPunkt-nr-2-2020-233x300.png\" alt=\"\" data-mce-src=\"http:\/\/dhr.se\/vastragotaland\/wp-content\/uploads\/sites\/10\/2020\/03\/Sk\u00e4rmklipp-M\u00f6tesPunkt-nr-2-2020-233x300.png\" width=\"233\" height=\"300\"><\/a><br data-mce-bogus=\"1\"><\/p>\n<p><br data-mce-bogus=\"1\"><\/p><\/p>\n<\/div>\n        <\/div>\n    <\/div>\n<\/section>","protected":false},"excerpt":{"rendered":"","protected":false},"author":5,"featured_media":0,"parent":936,"menu_order":0,"comment_status":"closed","ping_status":"closed","template":"","meta":{"_acf_changed":false,"_monsterinsights_skip_tracking":false,"_monsterinsights_sitenote_active":false,"_monsterinsights_sitenote_note":"","_monsterinsights_sitenote_category":0,"footnotes":""},"class_list":["post-1438","page","type-page","status-publish","hentry"],"acf":[],"yoast_head":"<!-- This site is optimized with the Yoast SEO plugin v27.2 - https:\/\/yoast.com\/product\/yoast-seo-wordpress\/ -->\n<title>Regionbladet - DHR - V\u00e4stra G\u00f6taland<\/title>\n<meta name=\"description\" content=\"REGIONBLADET\u00e4r DHR Region V\u00e4stra G\u00f6talands Regionblad. H\u00e4r st\u00e5r om vad som skall h\u00e4nda och h\u00e4nt inom DHR i V\u00e4stra G\u00f6taland.\" \/>\n<meta name=\"robots\" content=\"index, follow, max-snippet:-1, max-image-preview:large, max-video-preview:-1\" \/>\n<link rel=\"canonical\" href=\"https:\/\/dhr.se\/vastragotaland\/om-dhr-region-vastra-gotaland\/regionbladet\/\" \/>\n<meta property=\"og:locale\" content=\"sv_SE\" \/>\n<meta property=\"og:type\" content=\"article\" \/>\n<meta property=\"og:title\" content=\"Regionbladet - DHR - V\u00e4stra G\u00f6taland\" \/>\n<meta property=\"og:description\" content=\"REGIONBLADET\u00e4r DHR Region V\u00e4stra G\u00f6talands Regionblad. H\u00e4r st\u00e5r om vad som skall h\u00e4nda och h\u00e4nt inom DHR i V\u00e4stra G\u00f6taland.\" \/>\n<meta property=\"og:url\" content=\"https:\/\/dhr.se\/vastragotaland\/om-dhr-region-vastra-gotaland\/regionbladet\/\" \/>\n<meta property=\"og:site_name\" content=\"DHR - V\u00e4stra G\u00f6taland\" \/>\n<meta property=\"article:modified_time\" content=\"2020-04-29T08:21:57+00:00\" \/>\n<meta name=\"twitter:card\" content=\"summary_large_image\" \/>\n<script type=\"application\/ld+json\" class=\"yoast-schema-graph\">{\"@context\":\"https:\/\/schema.org\",\"@graph\":[{\"@type\":\"WebPage\",\"@id\":\"https:\/\/dhr.se\/vastragotaland\/om-dhr-region-vastra-gotaland\/regionbladet\/\",\"url\":\"https:\/\/dhr.se\/vastragotaland\/om-dhr-region-vastra-gotaland\/regionbladet\/\",\"name\":\"Regionbladet - DHR - V\u00e4stra G\u00f6taland\",\"isPartOf\":{\"@id\":\"https:\/\/dhr.se\/vastragotaland\/#website\"},\"datePublished\":\"2019-10-10T17:49:13+00:00\",\"dateModified\":\"2020-04-29T08:21:57+00:00\",\"description\":\"REGIONBLADET\u00e4r DHR Region V\u00e4stra G\u00f6talands Regionblad. H\u00e4r st\u00e5r om vad som skall h\u00e4nda och h\u00e4nt inom DHR i V\u00e4stra G\u00f6taland.\",\"breadcrumb\":{\"@id\":\"https:\/\/dhr.se\/vastragotaland\/om-dhr-region-vastra-gotaland\/regionbladet\/#breadcrumb\"},\"inLanguage\":\"sv-SE\",\"potentialAction\":[{\"@type\":\"ReadAction\",\"target\":[\"https:\/\/dhr.se\/vastragotaland\/om-dhr-region-vastra-gotaland\/regionbladet\/\"]}]},{\"@type\":\"BreadcrumbList\",\"@id\":\"https:\/\/dhr.se\/vastragotaland\/om-dhr-region-vastra-gotaland\/regionbladet\/#breadcrumb\",\"itemListElement\":[{\"@type\":\"ListItem\",\"position\":1,\"name\":\"Hem\",\"item\":\"https:\/\/dhr.se\/vastragotaland\/\"},{\"@type\":\"ListItem\",\"position\":2,\"name\":\"Om DHR Region V\u00e4stra G\u00f6taland\",\"item\":\"https:\/\/dhr.se\/vastragotaland\/om-dhr-region-vastra-gotaland\/\"},{\"@type\":\"ListItem\",\"position\":3,\"name\":\"Regionbladet\"}]},{\"@type\":\"WebSite\",\"@id\":\"https:\/\/dhr.se\/vastragotaland\/#website\",\"url\":\"https:\/\/dhr.se\/vastragotaland\/\",\"name\":\"DHR - V\u00e4stra G\u00f6taland\",\"description\":\"Delaktighet, r\u00f6relsefrihet och handlingskraft\",\"publisher\":{\"@id\":\"https:\/\/dhr.se\/vastragotaland\/#organization\"},\"potentialAction\":[{\"@type\":\"SearchAction\",\"target\":{\"@type\":\"EntryPoint\",\"urlTemplate\":\"https:\/\/dhr.se\/vastragotaland\/?s={search_term_string}\"},\"query-input\":{\"@type\":\"PropertyValueSpecification\",\"valueRequired\":true,\"valueName\":\"search_term_string\"}}],\"inLanguage\":\"sv-SE\"},{\"@type\":\"Organization\",\"@id\":\"https:\/\/dhr.se\/vastragotaland\/#organization\",\"name\":\"DHR - V\u00e4stra G\u00f6taland\",\"url\":\"https:\/\/dhr.se\/vastragotaland\/\",\"logo\":{\"@type\":\"ImageObject\",\"inLanguage\":\"sv-SE\",\"@id\":\"https:\/\/dhr.se\/vastragotaland\/#\/schema\/logo\/image\/\",\"url\":\"https:\/\/dhr.se\/vastragotaland\/wp-content\/uploads\/sites\/10\/2021\/01\/cropped-39948884_2680559575303589_6596788751240790016_n.jpg\",\"contentUrl\":\"https:\/\/dhr.se\/vastragotaland\/wp-content\/uploads\/sites\/10\/2021\/01\/cropped-39948884_2680559575303589_6596788751240790016_n.jpg\",\"width\":520,\"height\":408,\"caption\":\"DHR - V\u00e4stra G\u00f6taland\"},\"image\":{\"@id\":\"https:\/\/dhr.se\/vastragotaland\/#\/schema\/logo\/image\/\"}}]}<\/script>\n<!-- \/ Yoast SEO plugin. -->","yoast_head_json":{"title":"Regionbladet - DHR - V\u00e4stra G\u00f6taland","description":"REGIONBLADET\u00e4r DHR Region V\u00e4stra G\u00f6talands Regionblad. H\u00e4r st\u00e5r om vad som skall h\u00e4nda och h\u00e4nt inom DHR i V\u00e4stra G\u00f6taland.","robots":{"index":"index","follow":"follow","max-snippet":"max-snippet:-1","max-image-preview":"max-image-preview:large","max-video-preview":"max-video-preview:-1"},"canonical":"https:\/\/dhr.se\/vastragotaland\/om-dhr-region-vastra-gotaland\/regionbladet\/","og_locale":"sv_SE","og_type":"article","og_title":"Regionbladet - DHR - V\u00e4stra G\u00f6taland","og_description":"REGIONBLADET\u00e4r DHR Region V\u00e4stra G\u00f6talands Regionblad. H\u00e4r st\u00e5r om vad som skall h\u00e4nda och h\u00e4nt inom DHR i V\u00e4stra G\u00f6taland.","og_url":"https:\/\/dhr.se\/vastragotaland\/om-dhr-region-vastra-gotaland\/regionbladet\/","og_site_name":"DHR - V\u00e4stra G\u00f6taland","article_modified_time":"2020-04-29T08:21:57+00:00","twitter_card":"summary_large_image","schema":{"@context":"https:\/\/schema.org","@graph":[{"@type":"WebPage","@id":"https:\/\/dhr.se\/vastragotaland\/om-dhr-region-vastra-gotaland\/regionbladet\/","url":"https:\/\/dhr.se\/vastragotaland\/om-dhr-region-vastra-gotaland\/regionbladet\/","name":"Regionbladet - DHR - V\u00e4stra G\u00f6taland","isPartOf":{"@id":"https:\/\/dhr.se\/vastragotaland\/#website"},"datePublished":"2019-10-10T17:49:13+00:00","dateModified":"2020-04-29T08:21:57+00:00","description":"REGIONBLADET\u00e4r DHR Region V\u00e4stra G\u00f6talands Regionblad. H\u00e4r st\u00e5r om vad som skall h\u00e4nda och h\u00e4nt inom DHR i V\u00e4stra G\u00f6taland.","breadcrumb":{"@id":"https:\/\/dhr.se\/vastragotaland\/om-dhr-region-vastra-gotaland\/regionbladet\/#breadcrumb"},"inLanguage":"sv-SE","potentialAction":[{"@type":"ReadAction","target":["https:\/\/dhr.se\/vastragotaland\/om-dhr-region-vastra-gotaland\/regionbladet\/"]}]},{"@type":"BreadcrumbList","@id":"https:\/\/dhr.se\/vastragotaland\/om-dhr-region-vastra-gotaland\/regionbladet\/#breadcrumb","itemListElement":[{"@type":"ListItem","position":1,"name":"Hem","item":"https:\/\/dhr.se\/vastragotaland\/"},{"@type":"ListItem","position":2,"name":"Om DHR Region V\u00e4stra G\u00f6taland","item":"https:\/\/dhr.se\/vastragotaland\/om-dhr-region-vastra-gotaland\/"},{"@type":"ListItem","position":3,"name":"Regionbladet"}]},{"@type":"WebSite","@id":"https:\/\/dhr.se\/vastragotaland\/#website","url":"https:\/\/dhr.se\/vastragotaland\/","name":"DHR - V\u00e4stra G\u00f6taland","description":"Delaktighet, r\u00f6relsefrihet och handlingskraft","publisher":{"@id":"https:\/\/dhr.se\/vastragotaland\/#organization"},"potentialAction":[{"@type":"SearchAction","target":{"@type":"EntryPoint","urlTemplate":"https:\/\/dhr.se\/vastragotaland\/?s={search_term_string}"},"query-input":{"@type":"PropertyValueSpecification","valueRequired":true,"valueName":"search_term_string"}}],"inLanguage":"sv-SE"},{"@type":"Organization","@id":"https:\/\/dhr.se\/vastragotaland\/#organization","name":"DHR - V\u00e4stra G\u00f6taland","url":"https:\/\/dhr.se\/vastragotaland\/","logo":{"@type":"ImageObject","inLanguage":"sv-SE","@id":"https:\/\/dhr.se\/vastragotaland\/#\/schema\/logo\/image\/","url":"https:\/\/dhr.se\/vastragotaland\/wp-content\/uploads\/sites\/10\/2021\/01\/cropped-39948884_2680559575303589_6596788751240790016_n.jpg","contentUrl":"https:\/\/dhr.se\/vastragotaland\/wp-content\/uploads\/sites\/10\/2021\/01\/cropped-39948884_2680559575303589_6596788751240790016_n.jpg","width":520,"height":408,"caption":"DHR - V\u00e4stra G\u00f6taland"},"image":{"@id":"https:\/\/dhr.se\/vastragotaland\/#\/schema\/logo\/image\/"}}]}},"publishpress_future_workflow_manual_trigger":{"enabledWorkflows":[]},"_links":{"self":[{"href":"https:\/\/dhr.se\/vastragotaland\/wp-json\/wp\/v2\/pages\/1438","targetHints":{"allow":["GET"]}}],"collection":[{"href":"https:\/\/dhr.se\/vastragotaland\/wp-json\/wp\/v2\/pages"}],"about":[{"href":"https:\/\/dhr.se\/vastragotaland\/wp-json\/wp\/v2\/types\/page"}],"author":[{"embeddable":true,"href":"https:\/\/dhr.se\/vastragotaland\/wp-json\/wp\/v2\/users\/5"}],"replies":[{"embeddable":true,"href":"https:\/\/dhr.se\/vastragotaland\/wp-json\/wp\/v2\/comments?post=1438"}],"version-history":[{"count":0,"href":"https:\/\/dhr.se\/vastragotaland\/wp-json\/wp\/v2\/pages\/1438\/revisions"}],"up":[{"embeddable":true,"href":"https:\/\/dhr.se\/vastragotaland\/wp-json\/wp\/v2\/pages\/936"}],"wp:attachment":[{"href":"https:\/\/dhr.se\/vastragotaland\/wp-json\/wp\/v2\/media?parent=1438"}],"curies":[{"name":"wp","href":"https:\/\/api.w.org\/{rel}","templated":true}]}}