{"id":1902,"date":"2020-03-25T16:53:33","date_gmt":"2020-03-25T15:53:33","guid":{"rendered":"http:\/\/dhr.se\/vastragotaland\/?page_id=1902"},"modified":"2020-04-29T10:07:43","modified_gmt":"2020-04-29T08:07:43","slug":"dhr-i-regionala-rad","status":"publish","type":"page","link":"https:\/\/dhr.se\/vastragotaland\/dhr-i-regionala-rad\/","title":{"rendered":"DHR i Regionala r\u00e5d"},"content":{"rendered":"<section class=\"block-one-two\">\n    <div class=\"main\">\n        <div class=\"main-inner\">\n        <h2>H\u00e4r  \u00e4r vi representerade<\/h2>\n\n            <div class=\"flex-container\">\n                <div class=\"col-small\">\n                    <div class=\"content\"><p><strong>Angered<\/strong><\/p>\n<p>Ordinarie<br \/>\nLinda Karlsson<br \/>\n0732-36 02 73<br \/>\n<a href=\"mailto:linda.karlsson@dhr.se\">linda.karlsson@dhr.se<\/a><\/p>\n<p>Ers\u00e4ttare<br \/>\nBobe Rahro<br \/>\n<a href=\"mailto:bobe.rahro@dhr.se\">bobe.rahro@dhr.se<\/a><\/p>\n<p><strong>Askim-Fr\u00f6lunda-H\u00f6gsbo<\/strong><\/p>\n<p>Ordinarie<br \/>\nGunnel Gewert<br \/>\n0761-04 66 61<br \/>\n<a href=\"mailto:gunnelgewert@gmail.com\">gunnelgewert@gmail.com<\/a><\/p>\n<p>Ers\u00e4ttare<br \/>\nAnnika P\u00e5lsson<br \/>\n<a href=\"mailto:ackilap@yahoo.se\">ackilap@yahoo.se<\/a><\/p>\n<p><strong>Centrum<\/strong><\/p>\n<p>Ordinarie<br \/>\nRobert Kindberg<br \/>\n0768-75 25 11<br \/>\n<a href=\"mailto:robert.kindberg@dhr.se\">robert.kindberg@dhr.se<\/a><\/p>\n<p>Ers\u00e4ttare<\/p>\n<p>Susanne Janebring<\/p>\n<\/div>\n                <\/div>\n                <div class=\"col-big\">\n                    <div class=\"content\"><p><strong>Lundby<\/strong><\/p>\n<p>Ordinarie<br \/>\nHelene Palmen\u00e4s<br \/>\n<a href=\"mailto:palmhelen@yahoo.se\">palmhelen@yahoo.se<\/a><\/p>\n<p>Ers\u00e4ttare<br \/>\nThomas Olsson<br \/>\n0739-06 04 59<br \/>\n<a href=\"mailto:thompa1983@hotmail.com\">thompa1983@hotmail.com<\/a><\/p>\n<p><strong>Majorna -Linn\u00e9<\/strong><\/p>\n<p>Ordinarie<br \/>\nAkbar Hosseini<br \/>\n0704-71 04 59<br \/>\n<a href=\"mailto:akbar.hosseini@dhr.se\">akbar.hosseini@dhr.se<\/a><\/p>\n<p>Ers\u00e4ttare<br \/>\n\u00c5ke Gustavsson<\/p>\n<p><strong>Norra Hisingen<\/strong><\/p>\n<p>Ordinarie<br \/>\nKarl-Gustav Rosborg<br \/>\n0706-79 11 48<br \/>\n<a href=\"mailto:karl-gustav.rosborg@dhr.se\">karl-gustav.rosborg@dhr.se<\/a><\/p>\n<p>Ers\u00e4ttare<br \/>\nJonas Andersson<br \/>\n031-704 60 50<br \/>\n<a href=\"mailto:jonas.andersson@dhr.se\">jonas.andersson@dhr.se<\/a><\/p>\n<\/div>\n                <\/div>\n            <\/div>\n            \n        <\/div>\n    <\/div>\n<\/section>\n\n<section class=\"block-one-two\">\n    <div class=\"main\">\n        <div class=\"main-inner\">\n        <h2><\/h2>\n\n            <div class=\"flex-container\">\n                <div class=\"col-small\">\n                    <div class=\"content\"><p><strong>V\u00e4stra G\u00f6teborg<\/strong><\/p>\n<p>Ordinarie<br \/>\nAnnkatrin (Anki) Bengtsson Lundberg<br \/>\n0736-88 93 05<br \/>\n<a href=\"mailto:ankiochpeter@hotmail.com\">ankiochpeter@hotmail.com<\/a><\/p>\n<p>Ers\u00e4ttare<\/p>\n<p>H\u00e5kan H\u00f6gberg<br \/>\n<a href=\"mailto:hakan.hogberg@dhr.se\">hakan.hogberg@dhr.se<\/a><\/p>\n<p><strong>V\u00e4stra Hisingen<\/strong><\/p>\n<p>Rebecka Broberg<\/p>\n<p>Ers\u00e4ttare<\/p>\n<p>Vakant<\/p>\n<p><strong>\u00d6rgryte-H\u00e4rlanda<\/strong><\/p>\n<p>Cecilia Solberg<br \/>\n<a href=\"mailto:ceciliasolberg@hotmail.com\">ceciliasolberg@hotmail.com<\/a><\/p>\n<p>Ers\u00e4ttare<\/p>\n<p>Carmen de los Angeles<br \/>\n0737-72 54 18<br \/>\n<a href=\"mailto:fisen566@hotmail.com\">fisen566@hotmail.com<\/a><\/p>\n<\/div>\n                <\/div>\n                <div class=\"col-big\">\n                    <div class=\"content\"><p><strong>\u00d6stra G\u00f6teborg<\/strong><\/p>\n<p>Lejla Selman<br \/>\n<a href=\"mailto:lejla.selman@gmail.com\">lejla.selman@gmail.com<\/a><\/p>\n<p>Ers\u00e4ttare<\/p>\n<p>Vakant<\/p>\n<p><strong>Centrala r\u00e5det f\u00f6r funktionshinderfr\u00e5gor<\/strong><\/p>\n<p>Robert Kindberg<br \/>\n0768-75 25 11<br \/>\n<a href=\"mailto:robert.kindberg@dhr.se\">robert.kindberg@dhr.se<\/a><\/p>\n<p>Ers\u00e4ttare<br \/>\nH\u00e5kan H\u00f6gberg<br \/>\n0760-29 76 08<br \/>\n<a href=\"mailto:hakan.hogberg@dhr.se\">hakan.hogberg@dhr.se<\/a><\/p>\n<p><strong>Partille Kommun<\/strong><br \/>\n<strong>Brukarr\u00e5det f\u00f6r \u00e4ldre och funktionshindrade<\/strong><\/p>\n<p>Marianne Enoksson<br \/>\n<a href=\"mailto:marianne.enoksson@dhr.se\">marianne.enoksson@dhr.se<\/a><\/p>\n<p>Ers\u00e4ttare<\/p>\n<p>Anneli Herpel Lindholm<br \/>\n0736-71 99 38<\/p>\n<\/div>\n                <\/div>\n            <\/div>\n            \n        <\/div>\n    <\/div>\n<\/section>","protected":false},"excerpt":{"rendered":"","protected":false},"author":1,"featured_media":0,"parent":0,"menu_order":0,"comment_status":"closed","ping_status":"closed","template":"","meta":{"_acf_changed":false,"_monsterinsights_skip_tracking":false,"_monsterinsights_sitenote_active":false,"_monsterinsights_sitenote_note":"","_monsterinsights_sitenote_category":0,"footnotes":""},"class_list":["post-1902","page","type-page","status-publish","hentry"],"acf":[],"yoast_head":"<!-- This site is optimized with the Yoast SEO plugin v27.2 - https:\/\/yoast.com\/product\/yoast-seo-wordpress\/ -->\n<title>DHR i Regionala r\u00e5d - DHR - V\u00e4stra G\u00f6taland<\/title>\n<meta name=\"description\" content=\"Funktionshinder Fr\u00e5gor Mohammed Jaber L\u00e4nsstyrelsens Regionala Friluftsr\u00e5d Mohammed Jaber Brukarr\u00e5d Habibilitering Gunilla Wallengren\" \/>\n<meta name=\"robots\" content=\"index, follow, max-snippet:-1, max-image-preview:large, max-video-preview:-1\" \/>\n<link rel=\"canonical\" href=\"https:\/\/dhr.se\/vastragotaland\/dhr-i-regionala-rad\/\" \/>\n<meta property=\"og:locale\" content=\"sv_SE\" \/>\n<meta property=\"og:type\" content=\"article\" \/>\n<meta property=\"og:title\" content=\"DHR i Regionala r\u00e5d - DHR - V\u00e4stra G\u00f6taland\" \/>\n<meta property=\"og:description\" content=\"Funktionshinder Fr\u00e5gor Mohammed Jaber L\u00e4nsstyrelsens Regionala Friluftsr\u00e5d Mohammed Jaber Brukarr\u00e5d Habibilitering Gunilla Wallengren\" \/>\n<meta property=\"og:url\" content=\"https:\/\/dhr.se\/vastragotaland\/dhr-i-regionala-rad\/\" \/>\n<meta property=\"og:site_name\" content=\"DHR - V\u00e4stra G\u00f6taland\" \/>\n<meta property=\"article:modified_time\" content=\"2020-04-29T08:07:43+00:00\" \/>\n<meta name=\"twitter:card\" content=\"summary_large_image\" \/>\n<script type=\"application\/ld+json\" class=\"yoast-schema-graph\">{\"@context\":\"https:\/\/schema.org\",\"@graph\":[{\"@type\":\"WebPage\",\"@id\":\"https:\/\/dhr.se\/vastragotaland\/dhr-i-regionala-rad\/\",\"url\":\"https:\/\/dhr.se\/vastragotaland\/dhr-i-regionala-rad\/\",\"name\":\"DHR i Regionala r\u00e5d - DHR - V\u00e4stra G\u00f6taland\",\"isPartOf\":{\"@id\":\"https:\/\/dhr.se\/vastragotaland\/#website\"},\"datePublished\":\"2020-03-25T15:53:33+00:00\",\"dateModified\":\"2020-04-29T08:07:43+00:00\",\"description\":\"Funktionshinder Fr\u00e5gor Mohammed Jaber L\u00e4nsstyrelsens Regionala Friluftsr\u00e5d Mohammed Jaber Brukarr\u00e5d Habibilitering Gunilla Wallengren\",\"breadcrumb\":{\"@id\":\"https:\/\/dhr.se\/vastragotaland\/dhr-i-regionala-rad\/#breadcrumb\"},\"inLanguage\":\"sv-SE\",\"potentialAction\":[{\"@type\":\"ReadAction\",\"target\":[\"https:\/\/dhr.se\/vastragotaland\/dhr-i-regionala-rad\/\"]}]},{\"@type\":\"BreadcrumbList\",\"@id\":\"https:\/\/dhr.se\/vastragotaland\/dhr-i-regionala-rad\/#breadcrumb\",\"itemListElement\":[{\"@type\":\"ListItem\",\"position\":1,\"name\":\"Hem\",\"item\":\"https:\/\/dhr.se\/vastragotaland\/\"},{\"@type\":\"ListItem\",\"position\":2,\"name\":\"DHR i Regionala r\u00e5d\"}]},{\"@type\":\"WebSite\",\"@id\":\"https:\/\/dhr.se\/vastragotaland\/#website\",\"url\":\"https:\/\/dhr.se\/vastragotaland\/\",\"name\":\"DHR - V\u00e4stra G\u00f6taland\",\"description\":\"Delaktighet, r\u00f6relsefrihet och handlingskraft\",\"publisher\":{\"@id\":\"https:\/\/dhr.se\/vastragotaland\/#organization\"},\"potentialAction\":[{\"@type\":\"SearchAction\",\"target\":{\"@type\":\"EntryPoint\",\"urlTemplate\":\"https:\/\/dhr.se\/vastragotaland\/?s={search_term_string}\"},\"query-input\":{\"@type\":\"PropertyValueSpecification\",\"valueRequired\":true,\"valueName\":\"search_term_string\"}}],\"inLanguage\":\"sv-SE\"},{\"@type\":\"Organization\",\"@id\":\"https:\/\/dhr.se\/vastragotaland\/#organization\",\"name\":\"DHR - V\u00e4stra G\u00f6taland\",\"url\":\"https:\/\/dhr.se\/vastragotaland\/\",\"logo\":{\"@type\":\"ImageObject\",\"inLanguage\":\"sv-SE\",\"@id\":\"https:\/\/dhr.se\/vastragotaland\/#\/schema\/logo\/image\/\",\"url\":\"https:\/\/dhr.se\/vastragotaland\/wp-content\/uploads\/sites\/10\/2021\/01\/cropped-39948884_2680559575303589_6596788751240790016_n.jpg\",\"contentUrl\":\"https:\/\/dhr.se\/vastragotaland\/wp-content\/uploads\/sites\/10\/2021\/01\/cropped-39948884_2680559575303589_6596788751240790016_n.jpg\",\"width\":520,\"height\":408,\"caption\":\"DHR - V\u00e4stra G\u00f6taland\"},\"image\":{\"@id\":\"https:\/\/dhr.se\/vastragotaland\/#\/schema\/logo\/image\/\"}}]}<\/script>\n<!-- \/ Yoast SEO plugin. -->","yoast_head_json":{"title":"DHR i Regionala r\u00e5d - DHR - V\u00e4stra G\u00f6taland","description":"Funktionshinder Fr\u00e5gor Mohammed Jaber L\u00e4nsstyrelsens Regionala Friluftsr\u00e5d Mohammed Jaber Brukarr\u00e5d Habibilitering Gunilla Wallengren","robots":{"index":"index","follow":"follow","max-snippet":"max-snippet:-1","max-image-preview":"max-image-preview:large","max-video-preview":"max-video-preview:-1"},"canonical":"https:\/\/dhr.se\/vastragotaland\/dhr-i-regionala-rad\/","og_locale":"sv_SE","og_type":"article","og_title":"DHR i Regionala r\u00e5d - DHR - V\u00e4stra G\u00f6taland","og_description":"Funktionshinder Fr\u00e5gor Mohammed Jaber L\u00e4nsstyrelsens Regionala Friluftsr\u00e5d Mohammed Jaber Brukarr\u00e5d Habibilitering Gunilla Wallengren","og_url":"https:\/\/dhr.se\/vastragotaland\/dhr-i-regionala-rad\/","og_site_name":"DHR - V\u00e4stra G\u00f6taland","article_modified_time":"2020-04-29T08:07:43+00:00","twitter_card":"summary_large_image","schema":{"@context":"https:\/\/schema.org","@graph":[{"@type":"WebPage","@id":"https:\/\/dhr.se\/vastragotaland\/dhr-i-regionala-rad\/","url":"https:\/\/dhr.se\/vastragotaland\/dhr-i-regionala-rad\/","name":"DHR i Regionala r\u00e5d - DHR - V\u00e4stra G\u00f6taland","isPartOf":{"@id":"https:\/\/dhr.se\/vastragotaland\/#website"},"datePublished":"2020-03-25T15:53:33+00:00","dateModified":"2020-04-29T08:07:43+00:00","description":"Funktionshinder Fr\u00e5gor Mohammed Jaber L\u00e4nsstyrelsens Regionala Friluftsr\u00e5d Mohammed Jaber Brukarr\u00e5d Habibilitering Gunilla Wallengren","breadcrumb":{"@id":"https:\/\/dhr.se\/vastragotaland\/dhr-i-regionala-rad\/#breadcrumb"},"inLanguage":"sv-SE","potentialAction":[{"@type":"ReadAction","target":["https:\/\/dhr.se\/vastragotaland\/dhr-i-regionala-rad\/"]}]},{"@type":"BreadcrumbList","@id":"https:\/\/dhr.se\/vastragotaland\/dhr-i-regionala-rad\/#breadcrumb","itemListElement":[{"@type":"ListItem","position":1,"name":"Hem","item":"https:\/\/dhr.se\/vastragotaland\/"},{"@type":"ListItem","position":2,"name":"DHR i Regionala r\u00e5d"}]},{"@type":"WebSite","@id":"https:\/\/dhr.se\/vastragotaland\/#website","url":"https:\/\/dhr.se\/vastragotaland\/","name":"DHR - V\u00e4stra G\u00f6taland","description":"Delaktighet, r\u00f6relsefrihet och handlingskraft","publisher":{"@id":"https:\/\/dhr.se\/vastragotaland\/#organization"},"potentialAction":[{"@type":"SearchAction","target":{"@type":"EntryPoint","urlTemplate":"https:\/\/dhr.se\/vastragotaland\/?s={search_term_string}"},"query-input":{"@type":"PropertyValueSpecification","valueRequired":true,"valueName":"search_term_string"}}],"inLanguage":"sv-SE"},{"@type":"Organization","@id":"https:\/\/dhr.se\/vastragotaland\/#organization","name":"DHR - V\u00e4stra G\u00f6taland","url":"https:\/\/dhr.se\/vastragotaland\/","logo":{"@type":"ImageObject","inLanguage":"sv-SE","@id":"https:\/\/dhr.se\/vastragotaland\/#\/schema\/logo\/image\/","url":"https:\/\/dhr.se\/vastragotaland\/wp-content\/uploads\/sites\/10\/2021\/01\/cropped-39948884_2680559575303589_6596788751240790016_n.jpg","contentUrl":"https:\/\/dhr.se\/vastragotaland\/wp-content\/uploads\/sites\/10\/2021\/01\/cropped-39948884_2680559575303589_6596788751240790016_n.jpg","width":520,"height":408,"caption":"DHR - V\u00e4stra G\u00f6taland"},"image":{"@id":"https:\/\/dhr.se\/vastragotaland\/#\/schema\/logo\/image\/"}}]}},"publishpress_future_workflow_manual_trigger":{"enabledWorkflows":[]},"_links":{"self":[{"href":"https:\/\/dhr.se\/vastragotaland\/wp-json\/wp\/v2\/pages\/1902","targetHints":{"allow":["GET"]}}],"collection":[{"href":"https:\/\/dhr.se\/vastragotaland\/wp-json\/wp\/v2\/pages"}],"about":[{"href":"https:\/\/dhr.se\/vastragotaland\/wp-json\/wp\/v2\/types\/page"}],"author":[{"embeddable":true,"href":"https:\/\/dhr.se\/vastragotaland\/wp-json\/wp\/v2\/users\/1"}],"replies":[{"embeddable":true,"href":"https:\/\/dhr.se\/vastragotaland\/wp-json\/wp\/v2\/comments?post=1902"}],"version-history":[{"count":0,"href":"https:\/\/dhr.se\/vastragotaland\/wp-json\/wp\/v2\/pages\/1902\/revisions"}],"wp:attachment":[{"href":"https:\/\/dhr.se\/vastragotaland\/wp-json\/wp\/v2\/media?parent=1902"}],"curies":[{"name":"wp","href":"https:\/\/api.w.org\/{rel}","templated":true}]}}