{"id":2116,"date":"2021-04-15T13:00:20","date_gmt":"2021-04-15T11:00:20","guid":{"rendered":"http:\/\/dhr.se\/vastragotaland\/?page_id=2116"},"modified":"2021-04-15T13:00:25","modified_gmt":"2021-04-15T11:00:25","slug":"nyheter","status":"publish","type":"page","link":"https:\/\/dhr.se\/vastragotaland\/nyheter\/","title":{"rendered":"Nyheter"},"content":{"rendered":"<section class=\"block-all-news\">\n    <div class=\"drivhuset-spinner-overlay\"><div class=\"drivhuset-spinner\"><\/div><\/div>\n    <div class=\"main\">\n        <div class=\"main-inner\">\n            <div id=\"all-news-container\" class=\"flex-container\">\n\n                                        \n                                <div class=\"one-post\">\n                                                                            <a href=\"https:\/\/dhr.se\/vastragotaland\/fardtjanstkurs\/\">\n                                            <img loading=\"lazy\" decoding=\"async\" width=\"275\" height=\"206\" src=\"https:\/\/dhr.se\/vastragotaland\/wp-content\/uploads\/sites\/10\/2023\/09\/Fardtjanstbuss.jpg\" class=\"attachment-post-thumbnail size-post-thumbnail wp-post-image\" alt=\"\" srcset=\"https:\/\/dhr.se\/vastragotaland\/wp-content\/uploads\/sites\/10\/2023\/09\/Fardtjanstbuss.jpg 275w, https:\/\/dhr.se\/vastragotaland\/wp-content\/uploads\/sites\/10\/2023\/09\/Fardtjanstbuss-50x37.jpg 50w\" sizes=\"auto, (max-width: 275px) 100vw, 275px\" \/>                                        <\/a>\n                                                                        <h3>Debatt och samtal kring F\u00e4rdtj\u00e4nst \u2013 lika villkor<\/h3>\n                                    <p class=\"excerpt\">Debatt och samtal kring F\u00e4rdtj\u00e4nst \u2013 lika villkor<\/p>\n\n                                    <a class=\"small-button text-link\" href=\"https:\/\/dhr.se\/vastragotaland\/fardtjanstkurs\/\">L\u00e4s mer<\/a>\n                                <\/div>\n                        \n                                                \n                                <div class=\"one-post\">\n                                                                            <a href=\"https:\/\/dhr.se\/vastragotaland\/att-arbeta-ar-inte-det-lite-val-overskattat\/\">\n                                            <img loading=\"lazy\" decoding=\"async\" width=\"2000\" height=\"1809\" src=\"https:\/\/dhr.se\/vastragotaland\/wp-content\/uploads\/sites\/10\/2020\/03\/Karro-Janna-poddbild-2020.jpg\" class=\"attachment-post-thumbnail size-post-thumbnail wp-post-image\" alt=\"\" srcset=\"https:\/\/dhr.se\/vastragotaland\/wp-content\/uploads\/sites\/10\/2020\/03\/Karro-Janna-poddbild-2020.jpg 2000w, https:\/\/dhr.se\/vastragotaland\/wp-content\/uploads\/sites\/10\/2020\/03\/Karro-Janna-poddbild-2020-300x271.jpg 300w, https:\/\/dhr.se\/vastragotaland\/wp-content\/uploads\/sites\/10\/2020\/03\/Karro-Janna-poddbild-2020-768x695.jpg 768w, https:\/\/dhr.se\/vastragotaland\/wp-content\/uploads\/sites\/10\/2020\/03\/Karro-Janna-poddbild-2020-1024x926.jpg 1024w\" sizes=\"auto, (max-width: 2000px) 100vw, 2000px\" \/>                                        <\/a>\n                                                                        <h3>Att arbeta \u2013 \u00e4r inte det lite v\u00e4l \u00f6verskattat?<\/h3>\n                                    <p class=\"excerpt\">Ett rykande f\u00e4rskt poddavsnitt \u00e4r nu ute. I detta avsnitt pratar Karro och Janna om att normen \u00e4r att du ska kunna jobba \u2013 det \u00e4r det enda som tycks skapa verkligt v\u00e4rde. Personer med funktionsneds\u00e4ttning kan m\u00f6tas av \u201dDu&#8230;<\/p>\n\n                                    <a class=\"small-button text-link\" href=\"https:\/\/dhr.se\/vastragotaland\/att-arbeta-ar-inte-det-lite-val-overskattat\/\">L\u00e4s mer<\/a>\n                                <\/div>\n                        \n                                                \n                                <div class=\"one-post\">\n                                                                            <a href=\"https:\/\/dhr.se\/vastragotaland\/http-www-sebroschyr-se-dhrregionvastragotaland-mailview\/\">\n                                            <img loading=\"lazy\" decoding=\"async\" width=\"300\" height=\"190\" src=\"https:\/\/dhr.se\/vastragotaland\/wp-content\/uploads\/sites\/10\/2021\/01\/vastragotaland.jpg\" class=\"attachment-post-thumbnail size-post-thumbnail wp-post-image\" alt=\"\" \/>                                        <\/a>\n                                                                        <h3>DHR Region V\u00e4stra G\u00f6taland Nya Broschyr<\/h3>\n                                    <p class=\"excerpt\"><\/p>\n\n                                    <a class=\"small-button text-link\" href=\"https:\/\/dhr.se\/vastragotaland\/http-www-sebroschyr-se-dhrregionvastragotaland-mailview\/\">L\u00e4s mer<\/a>\n                                <\/div>\n                        \n                           \n            <\/div>\n\n                        \n        <\/div>\n    <\/div>\n<\/section>\n\n<section class=\"block-all-news\">\n    <div class=\"drivhuset-spinner-overlay\"><div class=\"drivhuset-spinner\"><\/div><\/div>\n    <div class=\"main\">\n        <div class=\"main-inner\">\n            <div id=\"all-news-container\" class=\"flex-container\">\n\n                                        \n                                <div class=\"one-post\">\n                                                                            <a href=\"https:\/\/dhr.se\/vastragotaland\/fardtjanstkurs\/\">\n                                            <img loading=\"lazy\" decoding=\"async\" width=\"275\" height=\"206\" src=\"https:\/\/dhr.se\/vastragotaland\/wp-content\/uploads\/sites\/10\/2023\/09\/Fardtjanstbuss.jpg\" class=\"attachment-post-thumbnail size-post-thumbnail wp-post-image\" alt=\"\" srcset=\"https:\/\/dhr.se\/vastragotaland\/wp-content\/uploads\/sites\/10\/2023\/09\/Fardtjanstbuss.jpg 275w, https:\/\/dhr.se\/vastragotaland\/wp-content\/uploads\/sites\/10\/2023\/09\/Fardtjanstbuss-50x37.jpg 50w\" sizes=\"auto, (max-width: 275px) 100vw, 275px\" \/>                                        <\/a>\n                                                                        <h3>Debatt och samtal kring F\u00e4rdtj\u00e4nst \u2013 lika villkor<\/h3>\n                                    <p class=\"excerpt\">Debatt och samtal kring F\u00e4rdtj\u00e4nst \u2013 lika villkor<\/p>\n\n                                    <a class=\"small-button text-link\" href=\"https:\/\/dhr.se\/vastragotaland\/fardtjanstkurs\/\">L\u00e4s mer<\/a>\n                                <\/div>\n                        \n                                                \n                                <div class=\"one-post\">\n                                                                            <a href=\"https:\/\/dhr.se\/vastragotaland\/att-arbeta-ar-inte-det-lite-val-overskattat\/\">\n                                            <img loading=\"lazy\" decoding=\"async\" width=\"2000\" height=\"1809\" src=\"https:\/\/dhr.se\/vastragotaland\/wp-content\/uploads\/sites\/10\/2020\/03\/Karro-Janna-poddbild-2020.jpg\" class=\"attachment-post-thumbnail size-post-thumbnail wp-post-image\" alt=\"\" srcset=\"https:\/\/dhr.se\/vastragotaland\/wp-content\/uploads\/sites\/10\/2020\/03\/Karro-Janna-poddbild-2020.jpg 2000w, https:\/\/dhr.se\/vastragotaland\/wp-content\/uploads\/sites\/10\/2020\/03\/Karro-Janna-poddbild-2020-300x271.jpg 300w, https:\/\/dhr.se\/vastragotaland\/wp-content\/uploads\/sites\/10\/2020\/03\/Karro-Janna-poddbild-2020-768x695.jpg 768w, https:\/\/dhr.se\/vastragotaland\/wp-content\/uploads\/sites\/10\/2020\/03\/Karro-Janna-poddbild-2020-1024x926.jpg 1024w\" sizes=\"auto, (max-width: 2000px) 100vw, 2000px\" \/>                                        <\/a>\n                                                                        <h3>Att arbeta \u2013 \u00e4r inte det lite v\u00e4l \u00f6verskattat?<\/h3>\n                                    <p class=\"excerpt\">Ett rykande f\u00e4rskt poddavsnitt \u00e4r nu ute. I detta avsnitt pratar Karro och Janna om att normen \u00e4r att du ska kunna jobba \u2013 det \u00e4r det enda som tycks skapa verkligt v\u00e4rde. Personer med funktionsneds\u00e4ttning kan m\u00f6tas av \u201dDu&#8230;<\/p>\n\n                                    <a class=\"small-button text-link\" href=\"https:\/\/dhr.se\/vastragotaland\/att-arbeta-ar-inte-det-lite-val-overskattat\/\">L\u00e4s mer<\/a>\n                                <\/div>\n                        \n                                                \n                                <div class=\"one-post\">\n                                                                            <a href=\"https:\/\/dhr.se\/vastragotaland\/http-www-sebroschyr-se-dhrregionvastragotaland-mailview\/\">\n                                            <img loading=\"lazy\" decoding=\"async\" width=\"300\" height=\"190\" src=\"https:\/\/dhr.se\/vastragotaland\/wp-content\/uploads\/sites\/10\/2021\/01\/vastragotaland.jpg\" class=\"attachment-post-thumbnail size-post-thumbnail wp-post-image\" alt=\"\" \/>                                        <\/a>\n                                                                        <h3>DHR Region V\u00e4stra G\u00f6taland Nya Broschyr<\/h3>\n                                    <p class=\"excerpt\"><\/p>\n\n                                    <a class=\"small-button text-link\" href=\"https:\/\/dhr.se\/vastragotaland\/http-www-sebroschyr-se-dhrregionvastragotaland-mailview\/\">L\u00e4s mer<\/a>\n                                <\/div>\n                        \n                           \n            <\/div>\n\n                        \n        <\/div>\n    <\/div>\n<\/section>","protected":false},"excerpt":{"rendered":"","protected":false},"author":1,"featured_media":0,"parent":0,"menu_order":0,"comment_status":"closed","ping_status":"closed","template":"","meta":{"_acf_changed":false,"_monsterinsights_skip_tracking":false,"_monsterinsights_sitenote_active":false,"_monsterinsights_sitenote_note":"","_monsterinsights_sitenote_category":0,"footnotes":""},"class_list":["post-2116","page","type-page","status-publish","hentry"],"acf":[],"yoast_head":"<!-- This site is optimized with the Yoast SEO plugin v27.2 - https:\/\/yoast.com\/product\/yoast-seo-wordpress\/ -->\n<title>Nyheter - DHR - V\u00e4stra G\u00f6taland<\/title>\n<meta name=\"robots\" content=\"index, follow, max-snippet:-1, max-image-preview:large, max-video-preview:-1\" \/>\n<link rel=\"canonical\" href=\"https:\/\/dhr.se\/vastragotaland\/nyheter\/\" \/>\n<meta property=\"og:locale\" content=\"sv_SE\" \/>\n<meta property=\"og:type\" content=\"article\" \/>\n<meta property=\"og:title\" content=\"Nyheter - DHR - V\u00e4stra G\u00f6taland\" \/>\n<meta property=\"og:url\" content=\"https:\/\/dhr.se\/vastragotaland\/nyheter\/\" \/>\n<meta property=\"og:site_name\" content=\"DHR - V\u00e4stra G\u00f6taland\" \/>\n<meta property=\"article:modified_time\" content=\"2021-04-15T11:00:25+00:00\" \/>\n<meta name=\"twitter:card\" content=\"summary_large_image\" \/>\n<script type=\"application\/ld+json\" class=\"yoast-schema-graph\">{\"@context\":\"https:\/\/schema.org\",\"@graph\":[{\"@type\":\"WebPage\",\"@id\":\"https:\/\/dhr.se\/vastragotaland\/nyheter\/\",\"url\":\"https:\/\/dhr.se\/vastragotaland\/nyheter\/\",\"name\":\"Nyheter - DHR - V\u00e4stra G\u00f6taland\",\"isPartOf\":{\"@id\":\"https:\/\/dhr.se\/vastragotaland\/#website\"},\"datePublished\":\"2021-04-15T11:00:20+00:00\",\"dateModified\":\"2021-04-15T11:00:25+00:00\",\"breadcrumb\":{\"@id\":\"https:\/\/dhr.se\/vastragotaland\/nyheter\/#breadcrumb\"},\"inLanguage\":\"sv-SE\",\"potentialAction\":[{\"@type\":\"ReadAction\",\"target\":[\"https:\/\/dhr.se\/vastragotaland\/nyheter\/\"]}]},{\"@type\":\"BreadcrumbList\",\"@id\":\"https:\/\/dhr.se\/vastragotaland\/nyheter\/#breadcrumb\",\"itemListElement\":[{\"@type\":\"ListItem\",\"position\":1,\"name\":\"Hem\",\"item\":\"https:\/\/dhr.se\/vastragotaland\/\"},{\"@type\":\"ListItem\",\"position\":2,\"name\":\"Nyheter\"}]},{\"@type\":\"WebSite\",\"@id\":\"https:\/\/dhr.se\/vastragotaland\/#website\",\"url\":\"https:\/\/dhr.se\/vastragotaland\/\",\"name\":\"DHR - V\u00e4stra G\u00f6taland\",\"description\":\"Delaktighet, r\u00f6relsefrihet och handlingskraft\",\"publisher\":{\"@id\":\"https:\/\/dhr.se\/vastragotaland\/#organization\"},\"potentialAction\":[{\"@type\":\"SearchAction\",\"target\":{\"@type\":\"EntryPoint\",\"urlTemplate\":\"https:\/\/dhr.se\/vastragotaland\/?s={search_term_string}\"},\"query-input\":{\"@type\":\"PropertyValueSpecification\",\"valueRequired\":true,\"valueName\":\"search_term_string\"}}],\"inLanguage\":\"sv-SE\"},{\"@type\":\"Organization\",\"@id\":\"https:\/\/dhr.se\/vastragotaland\/#organization\",\"name\":\"DHR - V\u00e4stra G\u00f6taland\",\"url\":\"https:\/\/dhr.se\/vastragotaland\/\",\"logo\":{\"@type\":\"ImageObject\",\"inLanguage\":\"sv-SE\",\"@id\":\"https:\/\/dhr.se\/vastragotaland\/#\/schema\/logo\/image\/\",\"url\":\"https:\/\/dhr.se\/vastragotaland\/wp-content\/uploads\/sites\/10\/2021\/01\/cropped-39948884_2680559575303589_6596788751240790016_n.jpg\",\"contentUrl\":\"https:\/\/dhr.se\/vastragotaland\/wp-content\/uploads\/sites\/10\/2021\/01\/cropped-39948884_2680559575303589_6596788751240790016_n.jpg\",\"width\":520,\"height\":408,\"caption\":\"DHR - V\u00e4stra G\u00f6taland\"},\"image\":{\"@id\":\"https:\/\/dhr.se\/vastragotaland\/#\/schema\/logo\/image\/\"}}]}<\/script>\n<!-- \/ Yoast SEO plugin. -->","yoast_head_json":{"title":"Nyheter - DHR - V\u00e4stra G\u00f6taland","robots":{"index":"index","follow":"follow","max-snippet":"max-snippet:-1","max-image-preview":"max-image-preview:large","max-video-preview":"max-video-preview:-1"},"canonical":"https:\/\/dhr.se\/vastragotaland\/nyheter\/","og_locale":"sv_SE","og_type":"article","og_title":"Nyheter - DHR - V\u00e4stra G\u00f6taland","og_url":"https:\/\/dhr.se\/vastragotaland\/nyheter\/","og_site_name":"DHR - V\u00e4stra G\u00f6taland","article_modified_time":"2021-04-15T11:00:25+00:00","twitter_card":"summary_large_image","schema":{"@context":"https:\/\/schema.org","@graph":[{"@type":"WebPage","@id":"https:\/\/dhr.se\/vastragotaland\/nyheter\/","url":"https:\/\/dhr.se\/vastragotaland\/nyheter\/","name":"Nyheter - DHR - V\u00e4stra G\u00f6taland","isPartOf":{"@id":"https:\/\/dhr.se\/vastragotaland\/#website"},"datePublished":"2021-04-15T11:00:20+00:00","dateModified":"2021-04-15T11:00:25+00:00","breadcrumb":{"@id":"https:\/\/dhr.se\/vastragotaland\/nyheter\/#breadcrumb"},"inLanguage":"sv-SE","potentialAction":[{"@type":"ReadAction","target":["https:\/\/dhr.se\/vastragotaland\/nyheter\/"]}]},{"@type":"BreadcrumbList","@id":"https:\/\/dhr.se\/vastragotaland\/nyheter\/#breadcrumb","itemListElement":[{"@type":"ListItem","position":1,"name":"Hem","item":"https:\/\/dhr.se\/vastragotaland\/"},{"@type":"ListItem","position":2,"name":"Nyheter"}]},{"@type":"WebSite","@id":"https:\/\/dhr.se\/vastragotaland\/#website","url":"https:\/\/dhr.se\/vastragotaland\/","name":"DHR - V\u00e4stra G\u00f6taland","description":"Delaktighet, r\u00f6relsefrihet och handlingskraft","publisher":{"@id":"https:\/\/dhr.se\/vastragotaland\/#organization"},"potentialAction":[{"@type":"SearchAction","target":{"@type":"EntryPoint","urlTemplate":"https:\/\/dhr.se\/vastragotaland\/?s={search_term_string}"},"query-input":{"@type":"PropertyValueSpecification","valueRequired":true,"valueName":"search_term_string"}}],"inLanguage":"sv-SE"},{"@type":"Organization","@id":"https:\/\/dhr.se\/vastragotaland\/#organization","name":"DHR - V\u00e4stra G\u00f6taland","url":"https:\/\/dhr.se\/vastragotaland\/","logo":{"@type":"ImageObject","inLanguage":"sv-SE","@id":"https:\/\/dhr.se\/vastragotaland\/#\/schema\/logo\/image\/","url":"https:\/\/dhr.se\/vastragotaland\/wp-content\/uploads\/sites\/10\/2021\/01\/cropped-39948884_2680559575303589_6596788751240790016_n.jpg","contentUrl":"https:\/\/dhr.se\/vastragotaland\/wp-content\/uploads\/sites\/10\/2021\/01\/cropped-39948884_2680559575303589_6596788751240790016_n.jpg","width":520,"height":408,"caption":"DHR - V\u00e4stra G\u00f6taland"},"image":{"@id":"https:\/\/dhr.se\/vastragotaland\/#\/schema\/logo\/image\/"}}]}},"publishpress_future_workflow_manual_trigger":{"enabledWorkflows":[]},"_links":{"self":[{"href":"https:\/\/dhr.se\/vastragotaland\/wp-json\/wp\/v2\/pages\/2116","targetHints":{"allow":["GET"]}}],"collection":[{"href":"https:\/\/dhr.se\/vastragotaland\/wp-json\/wp\/v2\/pages"}],"about":[{"href":"https:\/\/dhr.se\/vastragotaland\/wp-json\/wp\/v2\/types\/page"}],"author":[{"embeddable":true,"href":"https:\/\/dhr.se\/vastragotaland\/wp-json\/wp\/v2\/users\/1"}],"replies":[{"embeddable":true,"href":"https:\/\/dhr.se\/vastragotaland\/wp-json\/wp\/v2\/comments?post=2116"}],"version-history":[{"count":0,"href":"https:\/\/dhr.se\/vastragotaland\/wp-json\/wp\/v2\/pages\/2116\/revisions"}],"wp:attachment":[{"href":"https:\/\/dhr.se\/vastragotaland\/wp-json\/wp\/v2\/media?parent=2116"}],"curies":[{"name":"wp","href":"https:\/\/api.w.org\/{rel}","templated":true}]}}