{"id":2214,"date":"2021-10-27T14:38:21","date_gmt":"2021-10-27T12:38:21","guid":{"rendered":"https:\/\/dhr.se\/vastragotaland\/?page_id=2214"},"modified":"2021-10-27T14:38:50","modified_gmt":"2021-10-27T12:38:50","slug":"pa-gang","status":"publish","type":"page","link":"https:\/\/dhr.se\/vastragotaland\/pa-gang\/","title":{"rendered":"P\u00e5 g\u00e5ng"},"content":{"rendered":"<section class=\"block-chosen-events\">\n    <div class=\"main\">\n        <div class=\"main-inner\">\n            <div class=\"title\">\n                <h2>P\u00e5 g\u00e5ng<\/h2>\n            <\/div>\n            <div class=\"flex-container\">\n\n                \n            <\/div>\n        <\/div>\n    <\/div>\n<\/section>","protected":false},"excerpt":{"rendered":"","protected":false},"author":1,"featured_media":0,"parent":0,"menu_order":0,"comment_status":"closed","ping_status":"closed","template":"","meta":{"_acf_changed":false,"_monsterinsights_skip_tracking":false,"_monsterinsights_sitenote_active":false,"_monsterinsights_sitenote_note":"","_monsterinsights_sitenote_category":0,"footnotes":""},"class_list":["post-2214","page","type-page","status-publish","hentry"],"acf":[],"yoast_head":"<!-- This site is optimized with the Yoast SEO plugin v27.2 - https:\/\/yoast.com\/product\/yoast-seo-wordpress\/ -->\n<title>P\u00e5 g\u00e5ng - DHR - V\u00e4stra G\u00f6taland<\/title>\n<meta name=\"robots\" content=\"index, follow, max-snippet:-1, max-image-preview:large, max-video-preview:-1\" \/>\n<link rel=\"canonical\" href=\"https:\/\/dhr.se\/vastragotaland\/pa-gang\/\" \/>\n<meta property=\"og:locale\" content=\"sv_SE\" \/>\n<meta property=\"og:type\" content=\"article\" \/>\n<meta property=\"og:title\" content=\"P\u00e5 g\u00e5ng - DHR - V\u00e4stra G\u00f6taland\" \/>\n<meta property=\"og:url\" content=\"https:\/\/dhr.se\/vastragotaland\/pa-gang\/\" \/>\n<meta property=\"og:site_name\" content=\"DHR - V\u00e4stra G\u00f6taland\" \/>\n<meta property=\"article:modified_time\" content=\"2021-10-27T12:38:50+00:00\" \/>\n<meta name=\"twitter:card\" content=\"summary_large_image\" \/>\n<script type=\"application\/ld+json\" class=\"yoast-schema-graph\">{\"@context\":\"https:\/\/schema.org\",\"@graph\":[{\"@type\":\"WebPage\",\"@id\":\"https:\/\/dhr.se\/vastragotaland\/pa-gang\/\",\"url\":\"https:\/\/dhr.se\/vastragotaland\/pa-gang\/\",\"name\":\"P\u00e5 g\u00e5ng - DHR - V\u00e4stra G\u00f6taland\",\"isPartOf\":{\"@id\":\"https:\/\/dhr.se\/vastragotaland\/#website\"},\"datePublished\":\"2021-10-27T12:38:21+00:00\",\"dateModified\":\"2021-10-27T12:38:50+00:00\",\"breadcrumb\":{\"@id\":\"https:\/\/dhr.se\/vastragotaland\/pa-gang\/#breadcrumb\"},\"inLanguage\":\"sv-SE\",\"potentialAction\":[{\"@type\":\"ReadAction\",\"target\":[\"https:\/\/dhr.se\/vastragotaland\/pa-gang\/\"]}]},{\"@type\":\"BreadcrumbList\",\"@id\":\"https:\/\/dhr.se\/vastragotaland\/pa-gang\/#breadcrumb\",\"itemListElement\":[{\"@type\":\"ListItem\",\"position\":1,\"name\":\"Hem\",\"item\":\"https:\/\/dhr.se\/vastragotaland\/\"},{\"@type\":\"ListItem\",\"position\":2,\"name\":\"P\u00e5 g\u00e5ng\"}]},{\"@type\":\"WebSite\",\"@id\":\"https:\/\/dhr.se\/vastragotaland\/#website\",\"url\":\"https:\/\/dhr.se\/vastragotaland\/\",\"name\":\"DHR - V\u00e4stra G\u00f6taland\",\"description\":\"Delaktighet, r\u00f6relsefrihet och handlingskraft\",\"publisher\":{\"@id\":\"https:\/\/dhr.se\/vastragotaland\/#organization\"},\"potentialAction\":[{\"@type\":\"SearchAction\",\"target\":{\"@type\":\"EntryPoint\",\"urlTemplate\":\"https:\/\/dhr.se\/vastragotaland\/?s={search_term_string}\"},\"query-input\":{\"@type\":\"PropertyValueSpecification\",\"valueRequired\":true,\"valueName\":\"search_term_string\"}}],\"inLanguage\":\"sv-SE\"},{\"@type\":\"Organization\",\"@id\":\"https:\/\/dhr.se\/vastragotaland\/#organization\",\"name\":\"DHR - V\u00e4stra G\u00f6taland\",\"url\":\"https:\/\/dhr.se\/vastragotaland\/\",\"logo\":{\"@type\":\"ImageObject\",\"inLanguage\":\"sv-SE\",\"@id\":\"https:\/\/dhr.se\/vastragotaland\/#\/schema\/logo\/image\/\",\"url\":\"https:\/\/dhr.se\/vastragotaland\/wp-content\/uploads\/sites\/10\/2021\/01\/cropped-39948884_2680559575303589_6596788751240790016_n.jpg\",\"contentUrl\":\"https:\/\/dhr.se\/vastragotaland\/wp-content\/uploads\/sites\/10\/2021\/01\/cropped-39948884_2680559575303589_6596788751240790016_n.jpg\",\"width\":520,\"height\":408,\"caption\":\"DHR - V\u00e4stra G\u00f6taland\"},\"image\":{\"@id\":\"https:\/\/dhr.se\/vastragotaland\/#\/schema\/logo\/image\/\"}}]}<\/script>\n<!-- \/ Yoast SEO plugin. -->","yoast_head_json":{"title":"P\u00e5 g\u00e5ng - DHR - V\u00e4stra G\u00f6taland","robots":{"index":"index","follow":"follow","max-snippet":"max-snippet:-1","max-image-preview":"max-image-preview:large","max-video-preview":"max-video-preview:-1"},"canonical":"https:\/\/dhr.se\/vastragotaland\/pa-gang\/","og_locale":"sv_SE","og_type":"article","og_title":"P\u00e5 g\u00e5ng - DHR - V\u00e4stra G\u00f6taland","og_url":"https:\/\/dhr.se\/vastragotaland\/pa-gang\/","og_site_name":"DHR - V\u00e4stra G\u00f6taland","article_modified_time":"2021-10-27T12:38:50+00:00","twitter_card":"summary_large_image","schema":{"@context":"https:\/\/schema.org","@graph":[{"@type":"WebPage","@id":"https:\/\/dhr.se\/vastragotaland\/pa-gang\/","url":"https:\/\/dhr.se\/vastragotaland\/pa-gang\/","name":"P\u00e5 g\u00e5ng - DHR - V\u00e4stra G\u00f6taland","isPartOf":{"@id":"https:\/\/dhr.se\/vastragotaland\/#website"},"datePublished":"2021-10-27T12:38:21+00:00","dateModified":"2021-10-27T12:38:50+00:00","breadcrumb":{"@id":"https:\/\/dhr.se\/vastragotaland\/pa-gang\/#breadcrumb"},"inLanguage":"sv-SE","potentialAction":[{"@type":"ReadAction","target":["https:\/\/dhr.se\/vastragotaland\/pa-gang\/"]}]},{"@type":"BreadcrumbList","@id":"https:\/\/dhr.se\/vastragotaland\/pa-gang\/#breadcrumb","itemListElement":[{"@type":"ListItem","position":1,"name":"Hem","item":"https:\/\/dhr.se\/vastragotaland\/"},{"@type":"ListItem","position":2,"name":"P\u00e5 g\u00e5ng"}]},{"@type":"WebSite","@id":"https:\/\/dhr.se\/vastragotaland\/#website","url":"https:\/\/dhr.se\/vastragotaland\/","name":"DHR - V\u00e4stra G\u00f6taland","description":"Delaktighet, r\u00f6relsefrihet och handlingskraft","publisher":{"@id":"https:\/\/dhr.se\/vastragotaland\/#organization"},"potentialAction":[{"@type":"SearchAction","target":{"@type":"EntryPoint","urlTemplate":"https:\/\/dhr.se\/vastragotaland\/?s={search_term_string}"},"query-input":{"@type":"PropertyValueSpecification","valueRequired":true,"valueName":"search_term_string"}}],"inLanguage":"sv-SE"},{"@type":"Organization","@id":"https:\/\/dhr.se\/vastragotaland\/#organization","name":"DHR - V\u00e4stra G\u00f6taland","url":"https:\/\/dhr.se\/vastragotaland\/","logo":{"@type":"ImageObject","inLanguage":"sv-SE","@id":"https:\/\/dhr.se\/vastragotaland\/#\/schema\/logo\/image\/","url":"https:\/\/dhr.se\/vastragotaland\/wp-content\/uploads\/sites\/10\/2021\/01\/cropped-39948884_2680559575303589_6596788751240790016_n.jpg","contentUrl":"https:\/\/dhr.se\/vastragotaland\/wp-content\/uploads\/sites\/10\/2021\/01\/cropped-39948884_2680559575303589_6596788751240790016_n.jpg","width":520,"height":408,"caption":"DHR - V\u00e4stra G\u00f6taland"},"image":{"@id":"https:\/\/dhr.se\/vastragotaland\/#\/schema\/logo\/image\/"}}]}},"publishpress_future_workflow_manual_trigger":{"enabledWorkflows":[]},"_links":{"self":[{"href":"https:\/\/dhr.se\/vastragotaland\/wp-json\/wp\/v2\/pages\/2214","targetHints":{"allow":["GET"]}}],"collection":[{"href":"https:\/\/dhr.se\/vastragotaland\/wp-json\/wp\/v2\/pages"}],"about":[{"href":"https:\/\/dhr.se\/vastragotaland\/wp-json\/wp\/v2\/types\/page"}],"author":[{"embeddable":true,"href":"https:\/\/dhr.se\/vastragotaland\/wp-json\/wp\/v2\/users\/1"}],"replies":[{"embeddable":true,"href":"https:\/\/dhr.se\/vastragotaland\/wp-json\/wp\/v2\/comments?post=2214"}],"version-history":[{"count":0,"href":"https:\/\/dhr.se\/vastragotaland\/wp-json\/wp\/v2\/pages\/2214\/revisions"}],"wp:attachment":[{"href":"https:\/\/dhr.se\/vastragotaland\/wp-json\/wp\/v2\/media?parent=2214"}],"curies":[{"name":"wp","href":"https:\/\/api.w.org\/{rel}","templated":true}]}}