{"id":2423,"date":"2022-12-19T13:34:24","date_gmt":"2022-12-19T12:34:24","guid":{"rendered":"https:\/\/dhr.se\/vastragotaland\/?page_id=2423"},"modified":"2026-03-13T06:08:15","modified_gmt":"2026-03-13T05:08:15","slug":"kursprogram-2025","status":"publish","type":"page","link":"https:\/\/dhr.se\/vastragotaland\/kursprogram-2025\/","title":{"rendered":"Kursprogram 2026"},"content":{"rendered":"<section class=\"block-simple-text\">\n    <div class=\"main\">\n        <div class=\"main-inner\">\n            <div class=\"ingress text-darker\"><\/div>\n            <div class=\"content\"><h1>DHR Region V\u00e4stra G\u00f6taland<\/h1>\n<p><strong>V\u00c5REN 2026<\/strong><\/p>\n<p><strong>Styrelsen, valberedningen och revisorer f\u00f6r DHR Region V\u00e4stra G\u00f6taland <\/strong><br \/>\n<strong>Planeringskurs f\u00f6r f\u00f6rtroendevalda<\/strong><\/p>\n<p>Datum: 6\u20137 juni<br \/>\nTid: kl. 10.30 p\u00e5 l\u00f6rdag, avslutas kl. 15.30 p\u00e5 s\u00f6ndag<br \/>\nM\u00e5lgrupp: F\u00f6rtroendevalda i DHR Region V\u00e4stra G\u00f6taland<br \/>\n\u00c4mne: Styrelsens roller och Verksamhetsplanering<br \/>\nM\u00e5l: \u00d6kad kunskap om styrelsens roller, Verksamhetsplan och kursprogram 2026<br \/>\nPlats: Vara folkh\u00f6gskola<br \/>\nAntal deltagare: 15<br \/>\nF\u00f6rel\u00e4sare: Tina Karlsson, ABF V\u00e4stra G\u00f6taland<br \/>\nKursansvarig: Max Forsstr\u00f6m\/ Marianne Enoksson<\/p>\n<p><strong>H\u00d6STEN 2026<\/strong><\/p>\n<p><strong>AI (artificiell intelligens) i verksamheten <\/strong><br \/>\nDatum: 12 september<br \/>\nTid. kl. 11.30-16.30<br \/>\nM\u00e5lgrupp: Styrelseledam\u00f6ter och intresserade Medlemmar<br \/>\n\u00c4mne: AI (artificiell intelligens) F\u00f6nsterhantering, klipp och klistra.<br \/>\nM\u00e5l: Att anv\u00e4nda AI i verksamheten.<br \/>\nPlats: Scandic M\u00f6lndal<br \/>\nAntal deltagare: 20<br \/>\nF\u00f6rel\u00e4sare: Robert Kindberg DHR RVG.<br \/>\nKursansvarig: Max Forsstr\u00f6m<\/p>\n<p><strong>Dialogkurs<\/strong><br \/>\nDatum: 10\u201311 oktober<br \/>\nTid. kl. 10.30 p\u00e5 l\u00f6rdag, avslutas kl. 15.30 p\u00e5 s\u00f6ndag<br \/>\nM\u00e5lgrupp: Styrelseledam\u00f6ter och intresserade Medlemmar<br \/>\n\u00c4mne: Dialog, framtid och AI (artificiell intelligens)<br \/>\nM\u00e5l: Kommunikation och h\u00e5lla avdelningarna i verksamhet.<br \/>\nPlats: Vara Folkh\u00f6gskola<br \/>\nAntal deltagare: 25<br \/>\nF\u00f6rel\u00e4sare: \u00c5sa Strahlemo, F\u00f6rbundsordf\u00f6rande, Robert Kindberg DHR RVG och Tina Karlsson, ABF VG<br \/>\nKursledare: Marianne Enoksson<\/p>\n<p><strong>EU-kurs<\/strong><br \/>\nDatum: 14 november<br \/>\nTid: kl. 11.30-16.30<br \/>\nM\u00e5lgrupp: Medlemmar som \u00e4r intresserade av EU.<br \/>\n\u00c4mne: EU-parlamentarikers vardag<br \/>\nM\u00e5l: M\u00e4nskliga r\u00e4ttigheter, Skapa kontakter via n\u00e4tverk.<br \/>\nP\u00e5verkansm\u00f6jligheter inom EU.<br \/>\nPlats: Scandic Europa<br \/>\nAntal deltagare: 15<br \/>\nF\u00f6rel\u00e4sare: EU-parlamentariker eller EU-tj\u00e4nstem\u00e4n.<br \/>\nKursansvarig: Marianne Enoksson<\/p>\n<p>Ev. ABF:s Funktion\u00e4rsutbildning, olika roller i styrelsen (1 eller 2 dagar)<br \/>\nEv. Digital utveckling (1 dag)<\/p>\n<p>Kursavgifter vid fysiskt deltagande:<br \/>\nHalvdagskurs 100: &#8211;<br \/>\nEndagskurs 200: &#8211;<br \/>\nTv\u00e5dagarskurs 400: &#8211;<\/p>\n<p>&nbsp;<\/p>\n<\/div>\n        <\/div>\n    <\/div>\n<\/section>","protected":false},"excerpt":{"rendered":"","protected":false},"author":7,"featured_media":0,"parent":0,"menu_order":0,"comment_status":"closed","ping_status":"closed","template":"","meta":{"_acf_changed":false,"_monsterinsights_skip_tracking":false,"_monsterinsights_sitenote_active":false,"_monsterinsights_sitenote_note":"","_monsterinsights_sitenote_category":0,"footnotes":""},"class_list":["post-2423","page","type-page","status-publish","hentry"],"acf":[],"yoast_head":"<!-- This site is optimized with the Yoast SEO plugin v27.2 - https:\/\/yoast.com\/product\/yoast-seo-wordpress\/ -->\n<title>Kursprogram 2026 - DHR - V\u00e4stra G\u00f6taland<\/title>\n<meta name=\"robots\" content=\"index, follow, max-snippet:-1, max-image-preview:large, max-video-preview:-1\" \/>\n<link rel=\"canonical\" href=\"https:\/\/dhr.se\/vastragotaland\/kursprogram-2025\/\" \/>\n<meta property=\"og:locale\" content=\"sv_SE\" \/>\n<meta property=\"og:type\" content=\"article\" \/>\n<meta property=\"og:title\" content=\"Kursprogram 2026 - DHR - V\u00e4stra G\u00f6taland\" \/>\n<meta property=\"og:url\" content=\"https:\/\/dhr.se\/vastragotaland\/kursprogram-2025\/\" \/>\n<meta property=\"og:site_name\" content=\"DHR - V\u00e4stra G\u00f6taland\" \/>\n<meta property=\"article:modified_time\" content=\"2026-03-13T05:08:15+00:00\" \/>\n<meta name=\"twitter:card\" content=\"summary_large_image\" \/>\n<script type=\"application\/ld+json\" class=\"yoast-schema-graph\">{\"@context\":\"https:\/\/schema.org\",\"@graph\":[{\"@type\":\"WebPage\",\"@id\":\"https:\/\/dhr.se\/vastragotaland\/kursprogram-2025\/\",\"url\":\"https:\/\/dhr.se\/vastragotaland\/kursprogram-2025\/\",\"name\":\"Kursprogram 2026 - DHR - V\u00e4stra G\u00f6taland\",\"isPartOf\":{\"@id\":\"https:\/\/dhr.se\/vastragotaland\/#website\"},\"datePublished\":\"2022-12-19T12:34:24+00:00\",\"dateModified\":\"2026-03-13T05:08:15+00:00\",\"breadcrumb\":{\"@id\":\"https:\/\/dhr.se\/vastragotaland\/kursprogram-2025\/#breadcrumb\"},\"inLanguage\":\"sv-SE\",\"potentialAction\":[{\"@type\":\"ReadAction\",\"target\":[\"https:\/\/dhr.se\/vastragotaland\/kursprogram-2025\/\"]}]},{\"@type\":\"BreadcrumbList\",\"@id\":\"https:\/\/dhr.se\/vastragotaland\/kursprogram-2025\/#breadcrumb\",\"itemListElement\":[{\"@type\":\"ListItem\",\"position\":1,\"name\":\"Hem\",\"item\":\"https:\/\/dhr.se\/vastragotaland\/\"},{\"@type\":\"ListItem\",\"position\":2,\"name\":\"Kursprogram 2026\"}]},{\"@type\":\"WebSite\",\"@id\":\"https:\/\/dhr.se\/vastragotaland\/#website\",\"url\":\"https:\/\/dhr.se\/vastragotaland\/\",\"name\":\"DHR - V\u00e4stra G\u00f6taland\",\"description\":\"Delaktighet, r\u00f6relsefrihet och handlingskraft\",\"publisher\":{\"@id\":\"https:\/\/dhr.se\/vastragotaland\/#organization\"},\"potentialAction\":[{\"@type\":\"SearchAction\",\"target\":{\"@type\":\"EntryPoint\",\"urlTemplate\":\"https:\/\/dhr.se\/vastragotaland\/?s={search_term_string}\"},\"query-input\":{\"@type\":\"PropertyValueSpecification\",\"valueRequired\":true,\"valueName\":\"search_term_string\"}}],\"inLanguage\":\"sv-SE\"},{\"@type\":\"Organization\",\"@id\":\"https:\/\/dhr.se\/vastragotaland\/#organization\",\"name\":\"DHR - V\u00e4stra G\u00f6taland\",\"url\":\"https:\/\/dhr.se\/vastragotaland\/\",\"logo\":{\"@type\":\"ImageObject\",\"inLanguage\":\"sv-SE\",\"@id\":\"https:\/\/dhr.se\/vastragotaland\/#\/schema\/logo\/image\/\",\"url\":\"https:\/\/dhr.se\/vastragotaland\/wp-content\/uploads\/sites\/10\/2021\/01\/cropped-39948884_2680559575303589_6596788751240790016_n.jpg\",\"contentUrl\":\"https:\/\/dhr.se\/vastragotaland\/wp-content\/uploads\/sites\/10\/2021\/01\/cropped-39948884_2680559575303589_6596788751240790016_n.jpg\",\"width\":520,\"height\":408,\"caption\":\"DHR - V\u00e4stra G\u00f6taland\"},\"image\":{\"@id\":\"https:\/\/dhr.se\/vastragotaland\/#\/schema\/logo\/image\/\"}}]}<\/script>\n<!-- \/ Yoast SEO plugin. -->","yoast_head_json":{"title":"Kursprogram 2026 - DHR - V\u00e4stra G\u00f6taland","robots":{"index":"index","follow":"follow","max-snippet":"max-snippet:-1","max-image-preview":"max-image-preview:large","max-video-preview":"max-video-preview:-1"},"canonical":"https:\/\/dhr.se\/vastragotaland\/kursprogram-2025\/","og_locale":"sv_SE","og_type":"article","og_title":"Kursprogram 2026 - DHR - V\u00e4stra G\u00f6taland","og_url":"https:\/\/dhr.se\/vastragotaland\/kursprogram-2025\/","og_site_name":"DHR - V\u00e4stra G\u00f6taland","article_modified_time":"2026-03-13T05:08:15+00:00","twitter_card":"summary_large_image","schema":{"@context":"https:\/\/schema.org","@graph":[{"@type":"WebPage","@id":"https:\/\/dhr.se\/vastragotaland\/kursprogram-2025\/","url":"https:\/\/dhr.se\/vastragotaland\/kursprogram-2025\/","name":"Kursprogram 2026 - DHR - V\u00e4stra G\u00f6taland","isPartOf":{"@id":"https:\/\/dhr.se\/vastragotaland\/#website"},"datePublished":"2022-12-19T12:34:24+00:00","dateModified":"2026-03-13T05:08:15+00:00","breadcrumb":{"@id":"https:\/\/dhr.se\/vastragotaland\/kursprogram-2025\/#breadcrumb"},"inLanguage":"sv-SE","potentialAction":[{"@type":"ReadAction","target":["https:\/\/dhr.se\/vastragotaland\/kursprogram-2025\/"]}]},{"@type":"BreadcrumbList","@id":"https:\/\/dhr.se\/vastragotaland\/kursprogram-2025\/#breadcrumb","itemListElement":[{"@type":"ListItem","position":1,"name":"Hem","item":"https:\/\/dhr.se\/vastragotaland\/"},{"@type":"ListItem","position":2,"name":"Kursprogram 2026"}]},{"@type":"WebSite","@id":"https:\/\/dhr.se\/vastragotaland\/#website","url":"https:\/\/dhr.se\/vastragotaland\/","name":"DHR - V\u00e4stra G\u00f6taland","description":"Delaktighet, r\u00f6relsefrihet och handlingskraft","publisher":{"@id":"https:\/\/dhr.se\/vastragotaland\/#organization"},"potentialAction":[{"@type":"SearchAction","target":{"@type":"EntryPoint","urlTemplate":"https:\/\/dhr.se\/vastragotaland\/?s={search_term_string}"},"query-input":{"@type":"PropertyValueSpecification","valueRequired":true,"valueName":"search_term_string"}}],"inLanguage":"sv-SE"},{"@type":"Organization","@id":"https:\/\/dhr.se\/vastragotaland\/#organization","name":"DHR - V\u00e4stra G\u00f6taland","url":"https:\/\/dhr.se\/vastragotaland\/","logo":{"@type":"ImageObject","inLanguage":"sv-SE","@id":"https:\/\/dhr.se\/vastragotaland\/#\/schema\/logo\/image\/","url":"https:\/\/dhr.se\/vastragotaland\/wp-content\/uploads\/sites\/10\/2021\/01\/cropped-39948884_2680559575303589_6596788751240790016_n.jpg","contentUrl":"https:\/\/dhr.se\/vastragotaland\/wp-content\/uploads\/sites\/10\/2021\/01\/cropped-39948884_2680559575303589_6596788751240790016_n.jpg","width":520,"height":408,"caption":"DHR - V\u00e4stra G\u00f6taland"},"image":{"@id":"https:\/\/dhr.se\/vastragotaland\/#\/schema\/logo\/image\/"}}]}},"publishpress_future_workflow_manual_trigger":{"enabledWorkflows":[]},"_links":{"self":[{"href":"https:\/\/dhr.se\/vastragotaland\/wp-json\/wp\/v2\/pages\/2423","targetHints":{"allow":["GET"]}}],"collection":[{"href":"https:\/\/dhr.se\/vastragotaland\/wp-json\/wp\/v2\/pages"}],"about":[{"href":"https:\/\/dhr.se\/vastragotaland\/wp-json\/wp\/v2\/types\/page"}],"author":[{"embeddable":true,"href":"https:\/\/dhr.se\/vastragotaland\/wp-json\/wp\/v2\/users\/7"}],"replies":[{"embeddable":true,"href":"https:\/\/dhr.se\/vastragotaland\/wp-json\/wp\/v2\/comments?post=2423"}],"version-history":[{"count":2,"href":"https:\/\/dhr.se\/vastragotaland\/wp-json\/wp\/v2\/pages\/2423\/revisions"}],"predecessor-version":[{"id":2547,"href":"https:\/\/dhr.se\/vastragotaland\/wp-json\/wp\/v2\/pages\/2423\/revisions\/2547"}],"wp:attachment":[{"href":"https:\/\/dhr.se\/vastragotaland\/wp-json\/wp\/v2\/media?parent=2423"}],"curies":[{"name":"wp","href":"https:\/\/api.w.org\/{rel}","templated":true}]}}