{"id":936,"date":"2019-08-19T11:01:18","date_gmt":"2019-08-19T09:01:18","guid":{"rendered":"http:\/\/dhr.se\/vastragotaland\/?page_id=936"},"modified":"2023-09-04T16:21:55","modified_gmt":"2023-09-04T14:21:55","slug":"om-dhr-region-vastra-gotaland","status":"publish","type":"page","link":"https:\/\/dhr.se\/vastragotaland\/om-dhr-region-vastra-gotaland\/","title":{"rendered":"Om DHR Region V\u00e4stra G\u00f6taland"},"content":{"rendered":"<section class=\"block-simple-text\">\n    <div class=\"main\">\n        <div class=\"main-inner\">\n            <div class=\"ingress text-darker\"><p>DHR Region V\u00e4stra G\u00f6taland har ca 1400 medlemmar f\u00f6rdelade p\u00e5 21 avdelningar och ett antal avdelningar bedriver ett begr\u00e4nsadverksamhet vilka \u00e4r spridda \u00f6ver hela V\u00e4stra G\u00f6taland.<\/p>\n<p>DHR Region V\u00e4stra G\u00f6taland anordnar kurser med olika teman som k\u00e4nns angel\u00e4gna f\u00f6r verksamheten och f\u00f6r medlemmarna.<\/p>\n<p>Distriktets\/regionens \u00e4ndam\u00e5l \u00e4r att, inom sitt verksamhetsomr\u00e5de, driva r\u00e4ttighetspolitik vars m\u00e5l \u00e4r att personer med nedsatt r\u00f6relsef\u00f6rm\u00e5ga ska vara j\u00e4mst\u00e4llda, j\u00e4mlika och delaktiga i samh\u00e4llet.<\/p>\n<p>Detta arbete har sin utg\u00e5ngspunkt FN:s deklaration f\u00f6r m\u00e4nskliga r\u00e4ttigheter och FN:s konvention om r\u00e4ttigheter f\u00f6r personer med funktionsneds\u00e4ttning samt av DHR:s f\u00f6rbundsm\u00f6te antagna policydokument.<\/p>\n<p>Distriktet\/regionen verkargenom att bedriva opinionsbildning och informera om fr\u00e5gor som r\u00f6r personer med nedsatt r\u00f6relsef\u00f6rm\u00e5ga samt genom att vara en m\u00f6tesplats f\u00f6r kunskapsutbyte.<\/p>\n<p>Distriktet ska st\u00f6dja samverkan mellan DHR-avdelningar inom distrikts\/regionens verksamhetsomr\u00e5de.<\/p>\n<p>All verksamhet planeras och genomf\u00f6rs s\u00e5 att varje medlem kan medverka.<\/p>\n<p>DHR Region V\u00e4stra G\u00f6talands kansli \u00e4r bel\u00e4get i G\u00f6teborg.\u00a0 kansliet \u00e4r bemannad varje m\u00e5ndag av en styrelse ledamot.<\/p>\n<\/div>\n            <div class=\"content\"><p><a href=\"https:\/\/www.sebroschyr.se\/DHRVastraGotaland\/WebView\/\">se och l\u00e4s v\u00e5r broschyr H\u00e4r<\/a><\/p>\n<p><img loading=\"lazy\" decoding=\"async\" class=\"alignnone size-full wp-image-2275\" src=\"https:\/\/dhr.se\/vastragotaland\/wp-content\/uploads\/sites\/10\/2022\/02\/frontpage-flip-2.jpg\" alt=\"\" width=\"176\" height=\"249\" \/><\/p>\n<p><strong>V\u00e4lkommen till oss!<\/strong><\/p>\n<p>Slottsskogsgatan 18<br \/>\n414 53\u00a0 G\u00d6TEBORG<br \/>\nE-post\u00a0<a href=\"mailto:vastragotaland@dhr.se\" target=\"_blank\" rel=\"noopener\">vastragotaland@dhr.se<\/a><\/p>\n<\/div>\n        <\/div>\n    <\/div>\n<\/section>","protected":false},"excerpt":{"rendered":"","protected":false},"author":4,"featured_media":0,"parent":0,"menu_order":0,"comment_status":"closed","ping_status":"closed","template":"","meta":{"_acf_changed":false,"_monsterinsights_skip_tracking":false,"_monsterinsights_sitenote_active":false,"_monsterinsights_sitenote_note":"","_monsterinsights_sitenote_category":0,"footnotes":""},"class_list":["post-936","page","type-page","status-publish","hentry"],"acf":[],"yoast_head":"<!-- This site is optimized with the Yoast SEO plugin v27.2 - https:\/\/yoast.com\/product\/yoast-seo-wordpress\/ -->\n<title>Om DHR Region V\u00e4stra G\u00f6taland - DHR - V\u00e4stra G\u00f6taland<\/title>\n<meta name=\"description\" content=\"DHR Region V\u00e4stra G\u00f6taland har ca 2300 medlemmar f\u00f6rdelade p\u00e5 27 avdelningar vilka \u00e4r spridda \u00f6ver hela V\u00e4stra G\u00f6taland.DHR Region V\u00e4stra G\u00f6taland anordnar kurser med olika teman som k\u00e4nns angel\u00e4gna f\u00f6r verksamheten och f\u00f6r medlemmarna. % %\" \/>\n<meta name=\"robots\" content=\"index, follow, max-snippet:-1, max-image-preview:large, max-video-preview:-1\" \/>\n<link rel=\"canonical\" href=\"https:\/\/dhr.se\/vastragotaland\/om-dhr-region-vastra-gotaland\/\" \/>\n<meta property=\"og:locale\" content=\"sv_SE\" \/>\n<meta property=\"og:type\" content=\"article\" \/>\n<meta property=\"og:title\" content=\"Om DHR Region V\u00e4stra G\u00f6taland - DHR - V\u00e4stra G\u00f6taland\" \/>\n<meta property=\"og:description\" content=\"DHR Region V\u00e4stra G\u00f6taland har ca 2300 medlemmar f\u00f6rdelade p\u00e5 27 avdelningar vilka \u00e4r spridda \u00f6ver hela V\u00e4stra G\u00f6taland.DHR Region V\u00e4stra G\u00f6taland anordnar kurser med olika teman som k\u00e4nns angel\u00e4gna f\u00f6r verksamheten och f\u00f6r medlemmarna. % %\" \/>\n<meta property=\"og:url\" content=\"https:\/\/dhr.se\/vastragotaland\/om-dhr-region-vastra-gotaland\/\" \/>\n<meta property=\"og:site_name\" content=\"DHR - V\u00e4stra G\u00f6taland\" \/>\n<meta property=\"article:modified_time\" content=\"2023-09-04T14:21:55+00:00\" \/>\n<meta name=\"twitter:card\" content=\"summary_large_image\" \/>\n<script type=\"application\/ld+json\" class=\"yoast-schema-graph\">{\"@context\":\"https:\/\/schema.org\",\"@graph\":[{\"@type\":\"WebPage\",\"@id\":\"https:\/\/dhr.se\/vastragotaland\/om-dhr-region-vastra-gotaland\/\",\"url\":\"https:\/\/dhr.se\/vastragotaland\/om-dhr-region-vastra-gotaland\/\",\"name\":\"Om DHR Region V\u00e4stra G\u00f6taland - DHR - V\u00e4stra G\u00f6taland\",\"isPartOf\":{\"@id\":\"https:\/\/dhr.se\/vastragotaland\/#website\"},\"datePublished\":\"2019-08-19T09:01:18+00:00\",\"dateModified\":\"2023-09-04T14:21:55+00:00\",\"description\":\"DHR Region V\u00e4stra G\u00f6taland har ca 2300 medlemmar f\u00f6rdelade p\u00e5 27 avdelningar vilka \u00e4r spridda \u00f6ver hela V\u00e4stra G\u00f6taland.DHR Region V\u00e4stra G\u00f6taland anordnar kurser med olika teman som k\u00e4nns angel\u00e4gna f\u00f6r verksamheten och f\u00f6r medlemmarna. % %\",\"breadcrumb\":{\"@id\":\"https:\/\/dhr.se\/vastragotaland\/om-dhr-region-vastra-gotaland\/#breadcrumb\"},\"inLanguage\":\"sv-SE\",\"potentialAction\":[{\"@type\":\"ReadAction\",\"target\":[\"https:\/\/dhr.se\/vastragotaland\/om-dhr-region-vastra-gotaland\/\"]}]},{\"@type\":\"BreadcrumbList\",\"@id\":\"https:\/\/dhr.se\/vastragotaland\/om-dhr-region-vastra-gotaland\/#breadcrumb\",\"itemListElement\":[{\"@type\":\"ListItem\",\"position\":1,\"name\":\"Hem\",\"item\":\"https:\/\/dhr.se\/vastragotaland\/\"},{\"@type\":\"ListItem\",\"position\":2,\"name\":\"Om DHR Region V\u00e4stra G\u00f6taland\"}]},{\"@type\":\"WebSite\",\"@id\":\"https:\/\/dhr.se\/vastragotaland\/#website\",\"url\":\"https:\/\/dhr.se\/vastragotaland\/\",\"name\":\"DHR - V\u00e4stra G\u00f6taland\",\"description\":\"Delaktighet, r\u00f6relsefrihet och handlingskraft\",\"publisher\":{\"@id\":\"https:\/\/dhr.se\/vastragotaland\/#organization\"},\"potentialAction\":[{\"@type\":\"SearchAction\",\"target\":{\"@type\":\"EntryPoint\",\"urlTemplate\":\"https:\/\/dhr.se\/vastragotaland\/?s={search_term_string}\"},\"query-input\":{\"@type\":\"PropertyValueSpecification\",\"valueRequired\":true,\"valueName\":\"search_term_string\"}}],\"inLanguage\":\"sv-SE\"},{\"@type\":\"Organization\",\"@id\":\"https:\/\/dhr.se\/vastragotaland\/#organization\",\"name\":\"DHR - V\u00e4stra G\u00f6taland\",\"url\":\"https:\/\/dhr.se\/vastragotaland\/\",\"logo\":{\"@type\":\"ImageObject\",\"inLanguage\":\"sv-SE\",\"@id\":\"https:\/\/dhr.se\/vastragotaland\/#\/schema\/logo\/image\/\",\"url\":\"https:\/\/dhr.se\/vastragotaland\/wp-content\/uploads\/sites\/10\/2021\/01\/cropped-39948884_2680559575303589_6596788751240790016_n.jpg\",\"contentUrl\":\"https:\/\/dhr.se\/vastragotaland\/wp-content\/uploads\/sites\/10\/2021\/01\/cropped-39948884_2680559575303589_6596788751240790016_n.jpg\",\"width\":520,\"height\":408,\"caption\":\"DHR - V\u00e4stra G\u00f6taland\"},\"image\":{\"@id\":\"https:\/\/dhr.se\/vastragotaland\/#\/schema\/logo\/image\/\"}}]}<\/script>\n<!-- \/ Yoast SEO plugin. -->","yoast_head_json":{"title":"Om DHR Region V\u00e4stra G\u00f6taland - DHR - V\u00e4stra G\u00f6taland","description":"DHR Region V\u00e4stra G\u00f6taland har ca 2300 medlemmar f\u00f6rdelade p\u00e5 27 avdelningar vilka \u00e4r spridda \u00f6ver hela V\u00e4stra G\u00f6taland.DHR Region V\u00e4stra G\u00f6taland anordnar kurser med olika teman som k\u00e4nns angel\u00e4gna f\u00f6r verksamheten och f\u00f6r medlemmarna. % %","robots":{"index":"index","follow":"follow","max-snippet":"max-snippet:-1","max-image-preview":"max-image-preview:large","max-video-preview":"max-video-preview:-1"},"canonical":"https:\/\/dhr.se\/vastragotaland\/om-dhr-region-vastra-gotaland\/","og_locale":"sv_SE","og_type":"article","og_title":"Om DHR Region V\u00e4stra G\u00f6taland - DHR - V\u00e4stra G\u00f6taland","og_description":"DHR Region V\u00e4stra G\u00f6taland har ca 2300 medlemmar f\u00f6rdelade p\u00e5 27 avdelningar vilka \u00e4r spridda \u00f6ver hela V\u00e4stra G\u00f6taland.DHR Region V\u00e4stra G\u00f6taland anordnar kurser med olika teman som k\u00e4nns angel\u00e4gna f\u00f6r verksamheten och f\u00f6r medlemmarna. % %","og_url":"https:\/\/dhr.se\/vastragotaland\/om-dhr-region-vastra-gotaland\/","og_site_name":"DHR - V\u00e4stra G\u00f6taland","article_modified_time":"2023-09-04T14:21:55+00:00","twitter_card":"summary_large_image","schema":{"@context":"https:\/\/schema.org","@graph":[{"@type":"WebPage","@id":"https:\/\/dhr.se\/vastragotaland\/om-dhr-region-vastra-gotaland\/","url":"https:\/\/dhr.se\/vastragotaland\/om-dhr-region-vastra-gotaland\/","name":"Om DHR Region V\u00e4stra G\u00f6taland - DHR - V\u00e4stra G\u00f6taland","isPartOf":{"@id":"https:\/\/dhr.se\/vastragotaland\/#website"},"datePublished":"2019-08-19T09:01:18+00:00","dateModified":"2023-09-04T14:21:55+00:00","description":"DHR Region V\u00e4stra G\u00f6taland har ca 2300 medlemmar f\u00f6rdelade p\u00e5 27 avdelningar vilka \u00e4r spridda \u00f6ver hela V\u00e4stra G\u00f6taland.DHR Region V\u00e4stra G\u00f6taland anordnar kurser med olika teman som k\u00e4nns angel\u00e4gna f\u00f6r verksamheten och f\u00f6r medlemmarna. % %","breadcrumb":{"@id":"https:\/\/dhr.se\/vastragotaland\/om-dhr-region-vastra-gotaland\/#breadcrumb"},"inLanguage":"sv-SE","potentialAction":[{"@type":"ReadAction","target":["https:\/\/dhr.se\/vastragotaland\/om-dhr-region-vastra-gotaland\/"]}]},{"@type":"BreadcrumbList","@id":"https:\/\/dhr.se\/vastragotaland\/om-dhr-region-vastra-gotaland\/#breadcrumb","itemListElement":[{"@type":"ListItem","position":1,"name":"Hem","item":"https:\/\/dhr.se\/vastragotaland\/"},{"@type":"ListItem","position":2,"name":"Om DHR Region V\u00e4stra G\u00f6taland"}]},{"@type":"WebSite","@id":"https:\/\/dhr.se\/vastragotaland\/#website","url":"https:\/\/dhr.se\/vastragotaland\/","name":"DHR - V\u00e4stra G\u00f6taland","description":"Delaktighet, r\u00f6relsefrihet och handlingskraft","publisher":{"@id":"https:\/\/dhr.se\/vastragotaland\/#organization"},"potentialAction":[{"@type":"SearchAction","target":{"@type":"EntryPoint","urlTemplate":"https:\/\/dhr.se\/vastragotaland\/?s={search_term_string}"},"query-input":{"@type":"PropertyValueSpecification","valueRequired":true,"valueName":"search_term_string"}}],"inLanguage":"sv-SE"},{"@type":"Organization","@id":"https:\/\/dhr.se\/vastragotaland\/#organization","name":"DHR - V\u00e4stra G\u00f6taland","url":"https:\/\/dhr.se\/vastragotaland\/","logo":{"@type":"ImageObject","inLanguage":"sv-SE","@id":"https:\/\/dhr.se\/vastragotaland\/#\/schema\/logo\/image\/","url":"https:\/\/dhr.se\/vastragotaland\/wp-content\/uploads\/sites\/10\/2021\/01\/cropped-39948884_2680559575303589_6596788751240790016_n.jpg","contentUrl":"https:\/\/dhr.se\/vastragotaland\/wp-content\/uploads\/sites\/10\/2021\/01\/cropped-39948884_2680559575303589_6596788751240790016_n.jpg","width":520,"height":408,"caption":"DHR - V\u00e4stra G\u00f6taland"},"image":{"@id":"https:\/\/dhr.se\/vastragotaland\/#\/schema\/logo\/image\/"}}]}},"publishpress_future_workflow_manual_trigger":{"enabledWorkflows":[]},"_links":{"self":[{"href":"https:\/\/dhr.se\/vastragotaland\/wp-json\/wp\/v2\/pages\/936","targetHints":{"allow":["GET"]}}],"collection":[{"href":"https:\/\/dhr.se\/vastragotaland\/wp-json\/wp\/v2\/pages"}],"about":[{"href":"https:\/\/dhr.se\/vastragotaland\/wp-json\/wp\/v2\/types\/page"}],"author":[{"embeddable":true,"href":"https:\/\/dhr.se\/vastragotaland\/wp-json\/wp\/v2\/users\/4"}],"replies":[{"embeddable":true,"href":"https:\/\/dhr.se\/vastragotaland\/wp-json\/wp\/v2\/comments?post=936"}],"version-history":[{"count":0,"href":"https:\/\/dhr.se\/vastragotaland\/wp-json\/wp\/v2\/pages\/936\/revisions"}],"wp:attachment":[{"href":"https:\/\/dhr.se\/vastragotaland\/wp-json\/wp\/v2\/media?parent=936"}],"curies":[{"name":"wp","href":"https:\/\/api.w.org\/{rel}","templated":true}]}}